{"id":10640,"date":"2025-02-07T06:53:59","date_gmt":"2025-02-07T11:53:59","guid":{"rendered":"https:\/\/byc.qc.ca\/summer-jobs\/"},"modified":"2025-03-05T05:26:33","modified_gmt":"2025-03-05T10:26:33","slug":"emplois-d-ete","status":"publish","type":"page","link":"https:\/\/byc.qc.ca\/fr\/emplois-d-ete\/","title":{"rendered":"Emplois d&#8217;\u00e9t\u00e9"},"content":{"rendered":"<div class=\"wpb-content-wrapper\">[mk_page_section bg_image=&#8221;https:\/\/byc.qc.ca\/wp-content\/uploads\/2024\/11\/byc_2024_may-sarrazin-lp-calm-harbour.jpg&#8221; bg_position=&#8221;center center&#8221; bg_repeat=&#8221;no-repeat&#8221; bg_stretch=&#8221;true&#8221; video_color_mask=&#8221;#000000&#8243; video_opacity=&#8221;0.4&#8243; min_height=&#8221;250&#8243; padding_top=&#8221;0&#8243; padding_bottom=&#8221;0&#8243; sidebar=&#8221;sidebar-1&#8243;][vc_column][mk_fancy_title size=&#8221;50&#8243; font_weight=&#8221;bold&#8221; margin_top=&#8221;70&#8243; font_family=&#8221;none&#8221;]<span style=\"color: #ffffff;\">Emplois d&#8217;\u00e9t\u00e9 au YCB<\/span>[\/mk_fancy_title][\/vc_column][\/mk_page_section][vc_row][vc_column][mk_fancy_title size=&#8221;15&#8243; font_weight=&#8221;400&#8243; margin_top=&#8221;20&#8243; margin_bottom=&#8221;&#8221; font_family=&#8221;none&#8221;]<strong><span style=\"color: #005e20;\">Emplois d&#8217;\u00e9t\u00e9 au YCB<\/span><\/strong><\/p>\n<p>Les membres du Beaconsfield Yacht Club b\u00e9n\u00e9ficient d&#8217;un pavillon historique en pierre des champs avec une terrasse couverte. Un service de restauration est propos\u00e9 tout au long de l&#8217;\u00e9t\u00e9 et \u00e0 temps partiel pendant l&#8217;hiver. Le club dispose d&#8217;une marina pour bateaux, avec un brise-lames en pierre, une digue, des services de pompage et un quai d&#8217;essence.<\/p>\n<p>Pourquoi s&#8217;inscrire \u00e0 un emploi d&#8217;\u00e9t\u00e9 dans un club nautique ?<\/p>\n<ul>\n<li><strong>Pour acqu\u00e9rir de l&#8217;exp\u00e9rience et des comp\u00e9tences :<\/strong> C&#8217;est une excellente occasion d&#8217;acqu\u00e9rir une exp\u00e9rience pratique de l&#8217;accueil et du service \u00e0 la client\u00e8le, qui sont des comp\u00e9tences pr\u00e9cieuses pour une future carri\u00e8re.<\/li>\n<li><strong>R\u00e9seautage :<\/strong> Travailler dans un yacht-club permet aux \u00e9tudiants d&#8217;entrer en contact avec des membres fortun\u00e9s qui peuvent leur offrir des opportunit\u00e9s de carri\u00e8re ou un mentorat.<\/li>\n<li><strong>Environnement pittoresque :<\/strong> Les clubs nautiques sont souvent situ\u00e9s au bord de l&#8217;eau et offrent un environnement de travail pittoresque.<br \/>\nTravail d&#8217;\u00e9quipe et responsabilit\u00e9 : Les \u00e9tudiants peuvent d\u00e9velopper des comp\u00e9tences en mati\u00e8re de travail d&#8217;\u00e9quipe et de leadership en participant \u00e0 l&#8217;entretien des bateaux et en servant les membres.<\/li>\n<li><strong>Avantages financiers :<\/strong> C&#8217;est l&#8217;occasion de gagner de l&#8217;argent pendant les vacances d&#8217;\u00e9t\u00e9, ce qui permet de payer les frais de scolarit\u00e9, les d\u00e9penses ou d&#8217;\u00e9pargner.<\/li>\n<li><strong>Exploration de carri\u00e8re :<\/strong> Ce stage peut donner un aper\u00e7u des carri\u00e8res dans l&#8217;h\u00f4tellerie, la gestion d&#8217;\u00e9v\u00e9nements ou les services maritimes.<\/li>\n<\/ul>\n[\/mk_fancy_title][mk_fancy_title size=&#8221;25&#8243; font_weight=&#8221;500&#8243; font_family=&#8221;none&#8221; align=&#8221;center&#8221;]Les d\u00e9tails complets des postes \u00e0 pourvoir seront bient\u00f4t publi\u00e9s ici.[\/mk_fancy_title][mk_fancy_title size=&#8221;30&#8243; font_weight=&#8221;bold&#8221; margin_bottom=&#8221;0&#8243; font_family=&#8221;none&#8221;]Officier du Comit\u00e9 de Course (OCC)[\/mk_fancy_title][\/vc_column][\/vc_row][vc_row][vc_column][vc_column_text css=&#8221;.vc_custom_1741170383094{margin-bottom: 0px !important;}&#8221;]<img loading=\"lazy\" decoding=\"async\" class=\"size-medium wp-image-9338 alignleft\" src=\"https:\/\/byc.qc.ca\/wp-content\/uploads\/2023\/12\/byc-rc-header-2000x1000-v2-e1741167199721-300x215.jpg\" alt=\"byc-rc-header-2000x1000-v2\" width=\"300\" height=\"215\" \/><\/p>\n<p>Le Yacht Club de Beaconsfield (BYC) est \u00e0 la recherche d&#8217;un Officier du Comit\u00e9 de Course (OCC) pour diriger et g\u00e9rer les \u00e9v\u00e9nements de courses du Club et les r\u00e9gates inter-clubs. Il s&#8217;agit d&#8217;un poste r\u00e9mun\u00e9r\u00e9. Nous recherchons une personne ayant une exp\u00e9rience pr\u00e9alable en gestion de courses de voilier.<br \/>\nLe club est responsable de la gestion de 50 % du calendrier des courses inter-clubs (\u00ab Good Neighbour Series \u00bb) du lac Saint-Louis, et des s\u00e9ries de courses pour les troph\u00e9es du Club.<\/p>\n<p>Le candidat retenu devra s&#8217;engager pour un minimum de deux saisons de courses. Les courses se d\u00e9roulent g\u00e9n\u00e9ralement le jeudi soir (Good Neighbour Series), les samedis ou les dimanches pour les courses associ\u00e9es aux troph\u00e9es du club et les r\u00e9gates.<\/p>\n<p>La r\u00e9mun\u00e9ration sera \u00e0 taux horaire et \u00e9tablie selon l&#8217;exp\u00e9rience, les qualifications et des certifications d\u00e9tenues. Le club s&#8217;engage \u00e9galement \u00e0 soutenir votre d\u00e9veloppement professionnel pour ce r\u00f4le et fournira un soutien financier si n\u00e9cessaire.<\/p>\n<p>Le processus de recrutement commencera en mars. Veuillez envoyer votre candidature \u00e0\u00a0voile(AT)byc.qc.ca.[\/vc_column_text][\/vc_column][\/vc_row]\n<\/div>","protected":false},"excerpt":{"rendered":"<p>[mk_page_section bg_image=&#8221;https:\/\/byc.qc.ca\/wp-content\/uploads\/2024\/11\/byc_2024_may-sarrazin-lp-calm-harbour.jpg&#8221; bg_position=&#8221;center center&#8221; bg_repeat=&#8221;no-repeat&#8221; bg_stretch=&#8221;true&#8221; video_color_mask=&#8221;#000000&#8243; video_opacity=&#8221;0.4&#8243; min_height=&#8221;250&#8243; padding_top=&#8221;0&#8243; padding_bottom=&#8221;0&#8243; sidebar=&#8221;sidebar-1&#8243;][vc_column][mk_fancy_title size=&#8221;50&#8243; font_weight=&#8221;bold&#8221; margin_top=&#8221;70&#8243; font_family=&#8221;none&#8221;]Emplois d&#8217;\u00e9t\u00e9 au YCB[\/mk_fancy_title][\/vc_column][\/mk_page_section][vc_row][vc_column][mk_fancy_title size=&#8221;15&#8243; font_weight=&#8221;400&#8243; margin_top=&#8221;20&#8243; margin_bottom=&#8221;&#8221; font_family=&#8221;none&#8221;]Emplois d&#8217;\u00e9t\u00e9 au YCB Les membres du Beaconsfield Yacht Club b\u00e9n\u00e9ficient d&#8217;un pavillon historique en pierre des champs avec une terrasse couverte. Un service de restauration est propos\u00e9 tout au long de [&hellip;]<\/p>\n","protected":false},"author":23,"featured_media":0,"parent":0,"menu_order":0,"comment_status":"closed","ping_status":"closed","template":"","meta":{"footnotes":""},"class_list":["post-10640","page","type-page","status-publish","hentry"],"yoast_head":"<!-- This site is optimized with the Yoast SEO plugin v27.2 - https:\/\/yoast.com\/product\/yoast-seo-wordpress\/ -->\n<title>Emplois d&#039;\u00e9t\u00e9 | Yacht Club de Beaconsfield Yacht Club<\/title>\n<meta name=\"robots\" content=\"index, follow, max-snippet:-1, max-image-preview:large, max-video-preview:-1\" \/>\n<link rel=\"canonical\" href=\"https:\/\/byc.qc.ca\/fr\/emplois-d-ete\/\" \/>\n<meta property=\"og:locale\" content=\"fr_FR\" \/>\n<meta property=\"og:type\" content=\"article\" \/>\n<meta property=\"og:title\" content=\"Emplois d&#039;\u00e9t\u00e9 | Yacht Club de Beaconsfield Yacht Club\" \/>\n<meta property=\"og:description\" content=\"[mk_page_section bg_image=&#8221;https:\/\/byc.qc.ca\/wp-content\/uploads\/2024\/11\/byc_2024_may-sarrazin-lp-calm-harbour.jpg&#8221; bg_position=&#8221;center center&#8221; bg_repeat=&#8221;no-repeat&#8221; bg_stretch=&#8221;true&#8221; video_color_mask=&#8221;#000000&#8243; video_opacity=&#8221;0.4&#8243; min_height=&#8221;250&#8243; padding_top=&#8221;0&#8243; padding_bottom=&#8221;0&#8243; sidebar=&#8221;sidebar-1&#8243;][vc_column][mk_fancy_title size=&#8221;50&#8243; font_weight=&#8221;bold&#8221; margin_top=&#8221;70&#8243; font_family=&#8221;none&#8221;]Emplois d&#8217;\u00e9t\u00e9 au YCB[\/mk_fancy_title][\/vc_column][\/mk_page_section][vc_row][vc_column][mk_fancy_title size=&#8221;15&#8243; font_weight=&#8221;400&#8243; margin_top=&#8221;20&#8243; margin_bottom=&#8221;&#8221; font_family=&#8221;none&#8221;]Emplois d&#8217;\u00e9t\u00e9 au YCB Les membres du Beaconsfield Yacht Club b\u00e9n\u00e9ficient d&#8217;un pavillon historique en pierre des champs avec une terrasse couverte. Un service de restauration est propos\u00e9 tout au long de [&hellip;]\" \/>\n<meta property=\"og:url\" content=\"https:\/\/byc.qc.ca\/fr\/emplois-d-ete\/\" \/>\n<meta property=\"og:site_name\" content=\"Yacht Club de Beaconsfield Yacht Club\" \/>\n<meta property=\"article:modified_time\" content=\"2025-03-05T10:26:33+00:00\" \/>\n<meta property=\"og:image\" content=\"https:\/\/byc.qc.ca\/wp-content\/uploads\/2023\/12\/byc-rc-header-2000x1000-v2-e1741167199721.jpg\" \/>\n\t<meta property=\"og:image:width\" content=\"1220\" \/>\n\t<meta property=\"og:image:height\" content=\"873\" \/>\n\t<meta property=\"og:image:type\" content=\"image\/jpeg\" \/>\n<meta name=\"twitter:card\" content=\"summary_large_image\" \/>\n<meta name=\"twitter:label1\" content=\"Dur\u00e9e de lecture estim\u00e9e\" \/>\n\t<meta name=\"twitter:data1\" content=\"3 minutes\" \/>\n<script type=\"application\/ld+json\" class=\"yoast-schema-graph\">{\"@context\":\"https:\/\/schema.org\",\"@graph\":[{\"@type\":\"WebPage\",\"@id\":\"https:\/\/byc.qc.ca\/fr\/emplois-d-ete\/\",\"url\":\"https:\/\/byc.qc.ca\/fr\/emplois-d-ete\/\",\"name\":\"Emplois d'\u00e9t\u00e9 | Yacht Club de Beaconsfield Yacht Club\",\"isPartOf\":{\"@id\":\"https:\/\/byc.qc.ca\/#website\"},\"primaryImageOfPage\":{\"@id\":\"https:\/\/byc.qc.ca\/fr\/emplois-d-ete\/#primaryimage\"},\"image\":{\"@id\":\"https:\/\/byc.qc.ca\/fr\/emplois-d-ete\/#primaryimage\"},\"thumbnailUrl\":\"https:\/\/byc.qc.ca\/wp-content\/uploads\/2023\/12\/byc-rc-header-2000x1000-v2-e1741167199721-300x215.jpg\",\"datePublished\":\"2025-02-07T11:53:59+00:00\",\"dateModified\":\"2025-03-05T10:26:33+00:00\",\"breadcrumb\":{\"@id\":\"https:\/\/byc.qc.ca\/fr\/emplois-d-ete\/#breadcrumb\"},\"inLanguage\":\"fr-FR\",\"potentialAction\":[{\"@type\":\"ReadAction\",\"target\":[\"https:\/\/byc.qc.ca\/fr\/emplois-d-ete\/\"]}]},{\"@type\":\"ImageObject\",\"inLanguage\":\"fr-FR\",\"@id\":\"https:\/\/byc.qc.ca\/fr\/emplois-d-ete\/#primaryimage\",\"url\":\"https:\/\/byc.qc.ca\/wp-content\/uploads\/2023\/12\/byc-rc-header-2000x1000-v2-e1741167199721-300x215.jpg\",\"contentUrl\":\"https:\/\/byc.qc.ca\/wp-content\/uploads\/2023\/12\/byc-rc-header-2000x1000-v2-e1741167199721-300x215.jpg\"},{\"@type\":\"BreadcrumbList\",\"@id\":\"https:\/\/byc.qc.ca\/fr\/emplois-d-ete\/#breadcrumb\",\"itemListElement\":[{\"@type\":\"ListItem\",\"position\":1,\"name\":\"Home\",\"item\":\"https:\/\/byc.qc.ca\/fr\/\"},{\"@type\":\"ListItem\",\"position\":2,\"name\":\"Emplois d&#8217;\u00e9t\u00e9\"}]},{\"@type\":\"WebSite\",\"@id\":\"https:\/\/byc.qc.ca\/#website\",\"url\":\"https:\/\/byc.qc.ca\/\",\"name\":\"Yacht Club de Beaconsfield Yacht Club\",\"description\":\"Beaconsfield Yacht Club - Sailing on Lake St. Louis\",\"publisher\":{\"@id\":\"https:\/\/byc.qc.ca\/#organization\"},\"potentialAction\":[{\"@type\":\"SearchAction\",\"target\":{\"@type\":\"EntryPoint\",\"urlTemplate\":\"https:\/\/byc.qc.ca\/?s={search_term_string}\"},\"query-input\":{\"@type\":\"PropertyValueSpecification\",\"valueRequired\":true,\"valueName\":\"search_term_string\"}}],\"inLanguage\":\"fr-FR\"},{\"@type\":\"Organization\",\"@id\":\"https:\/\/byc.qc.ca\/#organization\",\"name\":\"Beaconsfield Yacht Club\",\"url\":\"https:\/\/byc.qc.ca\/\",\"logo\":{\"@type\":\"ImageObject\",\"inLanguage\":\"fr-FR\",\"@id\":\"https:\/\/byc.qc.ca\/#\/schema\/logo\/image\/\",\"url\":\"https:\/\/byc.qc.ca\/wp-content\/uploads\/2022\/02\/logo-byc-300x194-1.jpg\",\"contentUrl\":\"https:\/\/byc.qc.ca\/wp-content\/uploads\/2022\/02\/logo-byc-300x194-1.jpg\",\"width\":300,\"height\":194,\"caption\":\"Beaconsfield Yacht Club\"},\"image\":{\"@id\":\"https:\/\/byc.qc.ca\/#\/schema\/logo\/image\/\"}}]}<\/script>\n<!-- \/ Yoast SEO plugin. -->","yoast_head_json":{"title":"Emplois d'\u00e9t\u00e9 | Yacht Club de Beaconsfield Yacht Club","robots":{"index":"index","follow":"follow","max-snippet":"max-snippet:-1","max-image-preview":"max-image-preview:large","max-video-preview":"max-video-preview:-1"},"canonical":"https:\/\/byc.qc.ca\/fr\/emplois-d-ete\/","og_locale":"fr_FR","og_type":"article","og_title":"Emplois d'\u00e9t\u00e9 | Yacht Club de Beaconsfield Yacht Club","og_description":"[mk_page_section bg_image=&#8221;https:\/\/byc.qc.ca\/wp-content\/uploads\/2024\/11\/byc_2024_may-sarrazin-lp-calm-harbour.jpg&#8221; bg_position=&#8221;center center&#8221; bg_repeat=&#8221;no-repeat&#8221; bg_stretch=&#8221;true&#8221; video_color_mask=&#8221;#000000&#8243; video_opacity=&#8221;0.4&#8243; min_height=&#8221;250&#8243; padding_top=&#8221;0&#8243; padding_bottom=&#8221;0&#8243; sidebar=&#8221;sidebar-1&#8243;][vc_column][mk_fancy_title size=&#8221;50&#8243; font_weight=&#8221;bold&#8221; margin_top=&#8221;70&#8243; font_family=&#8221;none&#8221;]Emplois d&#8217;\u00e9t\u00e9 au YCB[\/mk_fancy_title][\/vc_column][\/mk_page_section][vc_row][vc_column][mk_fancy_title size=&#8221;15&#8243; font_weight=&#8221;400&#8243; margin_top=&#8221;20&#8243; margin_bottom=&#8221;&#8221; font_family=&#8221;none&#8221;]Emplois d&#8217;\u00e9t\u00e9 au YCB Les membres du Beaconsfield Yacht Club b\u00e9n\u00e9ficient d&#8217;un pavillon historique en pierre des champs avec une terrasse couverte. Un service de restauration est propos\u00e9 tout au long de [&hellip;]","og_url":"https:\/\/byc.qc.ca\/fr\/emplois-d-ete\/","og_site_name":"Yacht Club de Beaconsfield Yacht Club","article_modified_time":"2025-03-05T10:26:33+00:00","og_image":[{"width":1220,"height":873,"url":"https:\/\/byc.qc.ca\/wp-content\/uploads\/2023\/12\/byc-rc-header-2000x1000-v2-e1741167199721.jpg","type":"image\/jpeg"}],"twitter_card":"summary_large_image","twitter_misc":{"Dur\u00e9e de lecture estim\u00e9e":"3 minutes"},"schema":{"@context":"https:\/\/schema.org","@graph":[{"@type":"WebPage","@id":"https:\/\/byc.qc.ca\/fr\/emplois-d-ete\/","url":"https:\/\/byc.qc.ca\/fr\/emplois-d-ete\/","name":"Emplois d'\u00e9t\u00e9 | Yacht Club de Beaconsfield Yacht Club","isPartOf":{"@id":"https:\/\/byc.qc.ca\/#website"},"primaryImageOfPage":{"@id":"https:\/\/byc.qc.ca\/fr\/emplois-d-ete\/#primaryimage"},"image":{"@id":"https:\/\/byc.qc.ca\/fr\/emplois-d-ete\/#primaryimage"},"thumbnailUrl":"https:\/\/byc.qc.ca\/wp-content\/uploads\/2023\/12\/byc-rc-header-2000x1000-v2-e1741167199721-300x215.jpg","datePublished":"2025-02-07T11:53:59+00:00","dateModified":"2025-03-05T10:26:33+00:00","breadcrumb":{"@id":"https:\/\/byc.qc.ca\/fr\/emplois-d-ete\/#breadcrumb"},"inLanguage":"fr-FR","potentialAction":[{"@type":"ReadAction","target":["https:\/\/byc.qc.ca\/fr\/emplois-d-ete\/"]}]},{"@type":"ImageObject","inLanguage":"fr-FR","@id":"https:\/\/byc.qc.ca\/fr\/emplois-d-ete\/#primaryimage","url":"https:\/\/byc.qc.ca\/wp-content\/uploads\/2023\/12\/byc-rc-header-2000x1000-v2-e1741167199721-300x215.jpg","contentUrl":"https:\/\/byc.qc.ca\/wp-content\/uploads\/2023\/12\/byc-rc-header-2000x1000-v2-e1741167199721-300x215.jpg"},{"@type":"BreadcrumbList","@id":"https:\/\/byc.qc.ca\/fr\/emplois-d-ete\/#breadcrumb","itemListElement":[{"@type":"ListItem","position":1,"name":"Home","item":"https:\/\/byc.qc.ca\/fr\/"},{"@type":"ListItem","position":2,"name":"Emplois d&#8217;\u00e9t\u00e9"}]},{"@type":"WebSite","@id":"https:\/\/byc.qc.ca\/#website","url":"https:\/\/byc.qc.ca\/","name":"Yacht Club de Beaconsfield Yacht Club","description":"Beaconsfield Yacht Club - Sailing on Lake St. Louis","publisher":{"@id":"https:\/\/byc.qc.ca\/#organization"},"potentialAction":[{"@type":"SearchAction","target":{"@type":"EntryPoint","urlTemplate":"https:\/\/byc.qc.ca\/?s={search_term_string}"},"query-input":{"@type":"PropertyValueSpecification","valueRequired":true,"valueName":"search_term_string"}}],"inLanguage":"fr-FR"},{"@type":"Organization","@id":"https:\/\/byc.qc.ca\/#organization","name":"Beaconsfield Yacht Club","url":"https:\/\/byc.qc.ca\/","logo":{"@type":"ImageObject","inLanguage":"fr-FR","@id":"https:\/\/byc.qc.ca\/#\/schema\/logo\/image\/","url":"https:\/\/byc.qc.ca\/wp-content\/uploads\/2022\/02\/logo-byc-300x194-1.jpg","contentUrl":"https:\/\/byc.qc.ca\/wp-content\/uploads\/2022\/02\/logo-byc-300x194-1.jpg","width":300,"height":194,"caption":"Beaconsfield Yacht Club"},"image":{"@id":"https:\/\/byc.qc.ca\/#\/schema\/logo\/image\/"}}]}},"_links":{"self":[{"href":"https:\/\/byc.qc.ca\/fr\/wp-json\/wp\/v2\/pages\/10640","targetHints":{"allow":["GET"]}}],"collection":[{"href":"https:\/\/byc.qc.ca\/fr\/wp-json\/wp\/v2\/pages"}],"about":[{"href":"https:\/\/byc.qc.ca\/fr\/wp-json\/wp\/v2\/types\/page"}],"author":[{"embeddable":true,"href":"https:\/\/byc.qc.ca\/fr\/wp-json\/wp\/v2\/users\/23"}],"replies":[{"embeddable":true,"href":"https:\/\/byc.qc.ca\/fr\/wp-json\/wp\/v2\/comments?post=10640"}],"version-history":[{"count":8,"href":"https:\/\/byc.qc.ca\/fr\/wp-json\/wp\/v2\/pages\/10640\/revisions"}],"predecessor-version":[{"id":10685,"href":"https:\/\/byc.qc.ca\/fr\/wp-json\/wp\/v2\/pages\/10640\/revisions\/10685"}],"wp:attachment":[{"href":"https:\/\/byc.qc.ca\/fr\/wp-json\/wp\/v2\/media?parent=10640"}],"curies":[{"name":"wp","href":"https:\/\/api.w.org\/{rel}","templated":true}]}}