{"id":11833,"date":"2026-01-24T09:55:14","date_gmt":"2026-01-24T14:55:14","guid":{"rendered":"https:\/\/byc.qc.ca\/voile\/ecole-de-voile\/school-details\/"},"modified":"2026-01-28T17:10:24","modified_gmt":"2026-01-28T22:10:24","slug":"details-ecole","status":"publish","type":"page","link":"https:\/\/byc.qc.ca\/fr\/voile\/ecole-de-voile\/details-ecole\/","title":{"rendered":"details-ecole"},"content":{"rendered":"<div class=\"wpb-content-wrapper\">[mk_page_section bg_image=&#8221;https:\/\/byc.qc.ca\/wp-content\/uploads\/2022\/01\/sailig-school-opti-1925&#215;1280-1.jpg&#8221; bg_position=&#8221;center center&#8221; bg_stretch=&#8221;true&#8221; video_color_mask=&#8221;#000000&#8243; video_opacity=&#8221;0.4&#8243; min_height=&#8221;400&#8243; sidebar=&#8221;sidebar-1&#8243;][vc_column][mk_fancy_title color=&#8221;#ffffff&#8221; size=&#8221;75&#8243; font_weight=&#8221;bold&#8221; margin_top=&#8221;120&#8243; margin_bottom=&#8221;0&#8243; font_family=&#8221;none&#8221; align=&#8221;center&#8221;]<span style=\"color: #ffffff;\">D\u00e9tails sur l&#8217;\u00e9cole de voile<br \/>\net passerelle vers l&#8217;inscription<\/span>[\/mk_fancy_title][\/vc_column][\/mk_page_section][vc_row][vc_column width=&#8221;5\/12&#8243;][mk_fancy_title color=&#8221;#000000&#8243; size=&#8221;25&#8243; font_weight=&#8221;bold&#8221; margin_top=&#8221;20&#8243; margin_bottom=&#8221;0&#8243; font_family=&#8221;none&#8221;]<em><strong><span style=\"color: #005e20;\">Cliquez sur les boutons individuels ci-dessous pour obtenir tous les d\u00e9tails sur chaque programme propos\u00e9 au Beaconsfield Yacht Club pendant l&#8217;\u00e9t\u00e9 2026.<\/span><\/strong><\/em>[\/mk_fancy_title][\/vc_column][vc_column width=&#8221;2\/12&#8243;][\/vc_column][vc_column width=&#8221;5\/12&#8243;][mk_fancy_title color=&#8221;#000000&#8243; size=&#8221;25&#8243; font_weight=&#8221;bold&#8221; margin_top=&#8221;20&#8243; margin_bottom=&#8221;0&#8243; font_family=&#8221;none&#8221;]\u9ede\u64ca\u4e0b\u65b9\u5404\u500b\u6309\u9215\uff0c\u67e5\u770b\u6bd4\u80af\u65af\u83f2\u723e\u5fb7\u904a\u8247\u4ff1\u6a02\u90e82026\u5e74\u590f\u5b63\u63d0\u4f9b\u7684\u6bcf\u500b\u9805\u76ee\u7684\u8a73\u7d30\u8cc7\u8a0a\u3002[\/mk_fancy_title][\/vc_column][\/vc_row][vc_row][vc_column][vc_column_text css=&#8221;.vc_custom_1769619427082{margin-bottom: 0px !important;border-top-width: 1px !important;border-right-width: 1px !important;border-bottom-width: 1px !important;border-left-width: 1px !important;padding-top: 15px !important;padding-right: 15px !important;padding-bottom: 15px !important;padding-left: 15px !important;background-color: #EBEBEB !important;border-left-style: solid !important;border-right-style: solid !important;border-top-style: solid !important;border-bottom-style: solid !important;border-radius: 2px !important;border-color: #000000 !important;}&#8221;]<span style=\"color: #005e20;\"><strong>Dates limites et annulations<br \/>\n<\/strong><\/span>Votre inscription sera confirm\u00e9e d\u00e8s r\u00e9ception du paiement int\u00e9gral des frais et du formulaire d&#8217;inscription d\u00fbment rempli. Apr\u00e8s le 25 mai 2026, les remboursements seront soumis \u00e0 des frais administratifs de 200 $. Aucun remboursement ne sera effectu\u00e9 apr\u00e8s le 22 juin. Aucun remboursement partiel ne sera accord\u00e9 si votre enfant abandonne ou est absent pendant une partie d&#8217;une session.<\/p>\n<p class=\"font7\"><span style=\"color: #005e20;\"><strong>\u622a\u6b62\u65e5\u671f\u548c\u53d6\u6d88<br \/>\n<\/strong><\/span>2026 \u5e74 5 \u6708 25 \u65e5\u4e4b\u540e\u7533\u8bf7\u9000\u6b3e\u5c06\u6536\u53d6 <strong>200 <\/strong><strong>\u52a0\u5143<\/strong> \u7684\u884c\u653f\u8d39\u7528\u30026 \u6708 22 \u65e5\u4e4b\u540e\u6216\u8bfe\u7a0b\u5f00\u59cb\u540e\u5c06\u4e0d\u518d\u63d0\u4f9b\u4efb\u4f55\u9000\u6b3e\u3002\u5982\u5b69\u5b50\u4e2d\u9014\u9000\u8bfe\u6216\u90e8\u5206\u7f3a\u52e4\uff0c\u6055\u4e0d\u63d0\u4f9b\u90e8\u5206\u9000\u6b3e\u3002<\/p>\n[\/vc_column_text][\/vc_column][\/vc_row][mk_page_section][vc_column width=&#8221;1\/2&#8243;][mk_fancy_title size=&#8221;25&#8243; font_weight=&#8221;bold&#8221; margin_top=&#8221;25&#8243; margin_bottom=&#8221;0&#8243; font_family=&#8221;none&#8221; align=&#8221;center&#8221;]Cours de voile pour enfants.[\/mk_fancy_title][vc_column_text css=&#8221;.vc_custom_1769622514244{margin-bottom: 0px !important;}&#8221;]Le Club de Yacht de Beaconsfield propose plusieurs programmes et cours de voiles pour enfants et adolescents.[\/vc_column_text][\/vc_column][vc_column width=&#8221;1\/2&#8243;][mk_fancy_title size=&#8221;25&#8243; font_weight=&#8221;bold&#8221; margin_top=&#8221;25&#8243; margin_bottom=&#8221;0&#8243; font_family=&#8221;none&#8221; align=&#8221;center&#8221;]Cours de voile pour Adultes.[\/mk_fancy_title][vc_column_text css=&#8221;.vc_custom_1769622556340{margin-bottom: 0px !important;}&#8221;]Le Yacht Club de Beaconsfield offre plusieurs programmes et cours pour adultes, offerts en soir\u00e9e ou les fins de semaine.[\/vc_column_text][\/vc_column][\/mk_page_section][vc_row][vc_column width=&#8221;4\/12&#8243;][vc_column_text css=&#8221;.vc_custom_1769622629629{margin-bottom: 0px !important;}&#8221;]<span style=\"color: #005e20;\"><strong>Les pieds dans l&#8217;eau<\/strong><\/span><br \/>\nJeunes \u00e2g\u00e9s de 7 \u00e0 10 ans &#8211; Aucune exp\u00e9rience n\u00e9cessaire &#8211; Excellent pour les d\u00e9butants![\/vc_column_text][\/vc_column][vc_column width=&#8221;2\/12&#8243;][mk_padding_divider size=&#8221;30&#8243;][mk_button dimension=&#8221;flat&#8221; url=&#8221;https:\/\/byc.qc.ca\/fr\/voile\/ecole-de-voile\/pieds_dans_l_eau\/&#8221; align=&#8221;center&#8221; button_custom_width=&#8221;200&#8243; bg_color=&#8221;#005e20&#8243; btn_hover_bg=&#8221;#eeee22&#8243; btn_hover_txt_color=&#8221;#000000&#8243;]Les pieds dans l&#8217;eau[\/mk_button][\/vc_column][vc_column width=&#8221;4\/12&#8243;][vc_column_text css=&#8221;.vc_custom_1769622653845{margin-bottom: 0px !important;}&#8221;]<span style=\"color: #005e20;\"><strong>\u00a0Base en d\u00e9riveur<\/strong><\/span><br \/>\nOuvert aux adultes de plus de 18 ans &#8211; aucune exp\u00e9rience n\u00e9cessaire &#8211; LE MEILLEUR ENDROIT POUR COMMENCER ! Cliquez sur le bouton pour en savoir plus.[\/vc_column_text][\/vc_column][vc_column width=&#8221;2\/12&#8243;][mk_padding_divider size=&#8221;30&#8243;][mk_button dimension=&#8221;flat&#8221; url=&#8221;https:\/\/byc.qc.ca\/fr\/voile\/ecole-de-voile\/bases_du_deriveur\/&#8221; align=&#8221;center&#8221; button_custom_width=&#8221;200&#8243; bg_color=&#8221;#005e20&#8243; btn_hover_bg=&#8221;#eeee22&#8243; btn_hover_txt_color=&#8221;#000000&#8243;]\u00a0Base en d\u00e9riveur[\/mk_button][\/vc_column][\/vc_row][vc_row][vc_column][vc_separator border_width=&#8221;3&#8243; css=&#8221;&#8221;][\/vc_column][\/vc_row][vc_row][vc_column width=&#8221;4\/12&#8243;][vc_column_text css=&#8221;.vc_custom_1769622679444{margin-bottom: 0px !important;}&#8221;]<strong>VoileCAN 1 &amp; 2<\/strong><br \/>\nJeunes de 10 \u00e0 14 ans avec peu ou pas d&#8217;exp\u00e9rience &#8211; Apprentissage de la voile.[\/vc_column_text][\/vc_column][vc_column width=&#8221;2\/12&#8243;][mk_padding_divider size=&#8221;30&#8243;][mk_button dimension=&#8221;flat&#8221; url=&#8221;https:\/\/byc.qc.ca\/fr\/voile\/ecole-de-voile\/voilecan-1-2\/&#8221; align=&#8221;center&#8221; button_custom_width=&#8221;200&#8243; bg_color=&#8221;#005e20&#8243; btn_hover_bg=&#8221;#eeee22&#8243; btn_hover_txt_color=&#8221;#000000&#8243;]VoileCAN 1 &amp; 2[\/mk_button][\/vc_column][vc_column width=&#8221;4\/12&#8243;][vc_column_text css=&#8221;.vc_custom_1769622706749{margin-bottom: 0px !important;}&#8221;]<span style=\"color: #005e20;\"><strong>Focus sur les quillards<\/strong><\/span><br \/>\nOuvert aux adultes de plus de 18 ans. Cliquez sur le bouton pour en savoir plus.[\/vc_column_text][\/vc_column][vc_column width=&#8221;2\/12&#8243;][mk_padding_divider size=&#8221;30&#8243;][mk_button dimension=&#8221;flat&#8221; url=&#8221;https:\/\/byc.qc.ca\/fr\/voile\/ecole-de-voile\/introduction-au-quillard\/&#8221; align=&#8221;center&#8221; button_custom_width=&#8221;200&#8243; bg_color=&#8221;#005e20&#8243; btn_hover_bg=&#8221;#eeee22&#8243; btn_hover_txt_color=&#8221;#000000&#8243;]Focus sur les quillards[\/mk_button][\/vc_column][\/vc_row][vc_row][vc_column width=&#8221;6\/12&#8243;][\/vc_column][vc_column width=&#8221;3\/12&#8243;][mk_button dimension=&#8221;flat&#8221; url=&#8221;https:\/\/byc.qc.ca\/fr\/voile\/ecole-de-voile\/base_en_quillard\/&#8221; align=&#8221;center&#8221; button_custom_width=&#8221;200&#8243; bg_color=&#8221;#81d742&#8243; btn_hover_bg=&#8221;#eeee22&#8243; text_color=&#8221;dark&#8221; btn_hover_txt_color=&#8221;#000000&#8243;]LES BASES DU KEELBOAT[\/mk_button][\/vc_column][vc_column width=&#8221;3\/12&#8243;][mk_button dimension=&#8221;flat&#8221; url=&#8221;https:\/\/byc.qc.ca\/fr\/voile\/ecole-de-voile\/croisiere_elementaire\/&#8221; align=&#8221;center&#8221; button_custom_width=&#8221;200&#8243; bg_color=&#8221;#81d742&#8243; btn_hover_bg=&#8221;#eeee22&#8243; text_color=&#8221;dark&#8221; btn_hover_txt_color=&#8221;#000000&#8243;]APPRENDRE \u00c0 NAVIGUER[\/mk_button][\/vc_column][\/vc_row][vc_row][vc_column width=&#8221;4\/12&#8243;][vc_column_text css=&#8221;.vc_custom_1769622762548{margin-bottom: 0px !important;}&#8221;]<span style=\"color: #005e20;\"><strong>Voile CAN 3 &amp; 4<\/strong><\/span><br \/>\nMarins ayant r\u00e9ussi Voile CAN 1&amp;2 &#8211; Poursuite de l\u2019apprentissage.[\/vc_column_text][\/vc_column][vc_column width=&#8221;2\/12&#8243;][mk_padding_divider size=&#8221;30&#8243;][mk_button dimension=&#8221;flat&#8221; url=&#8221;https:\/\/byc.qc.ca\/fr\/voile\/ecole-de-voile\/voilecan-3-4\/&#8221; align=&#8221;center&#8221; button_custom_width=&#8221;200&#8243; bg_color=&#8221;#005e20&#8243; btn_hover_bg=&#8221;#eeee22&#8243; btn_hover_txt_color=&#8221;#000000&#8243;]Voile CAN 3 &amp; 4[\/mk_button][\/vc_column][vc_column width=&#8221;4\/12&#8243;][vc_column_text css=&#8221;.vc_custom_1769622789053{margin-bottom: 0px !important;}&#8221;]<span style=\"color: #005e20;\"><strong>Programme de course<\/strong><\/span><br \/>\nMarins ayant r\u00e9ussi VoileCAN 3&amp;4 &#8211; Permet de se joindre \u00e0 l&#8217;\u00e9quipe de course de YCB.[\/vc_column_text][\/vc_column][vc_column width=&#8221;2\/12&#8243;][mk_padding_divider size=&#8221;30&#8243;][mk_button dimension=&#8221;flat&#8221; url=&#8221;https:\/\/byc.qc.ca\/fr\/voile\/ecole-de-voile\/programme_course\/&#8221; align=&#8221;center&#8221; button_custom_width=&#8221;200&#8243; bg_color=&#8221;#005e20&#8243; btn_hover_bg=&#8221;#eeee22&#8243; btn_hover_txt_color=&#8221;#000000&#8243;]Programme de course[\/mk_button][\/vc_column][\/vc_row][vc_row][vc_column width=&#8221;1\/3&#8243;][\/vc_column][vc_column width=&#8221;1\/3&#8243;][vc_single_image image=&#8221;10382&#8243; img_size=&#8221;full&#8221; alignment=&#8221;center&#8221; onclick=&#8221;custom_link&#8221; css=&#8221;.vc_custom_1731612333462{margin-left: 10px !important;}&#8221; link=&#8221;https:\/\/byc.qc.ca&#8221;][\/vc_column][vc_column width=&#8221;1\/3&#8243;][\/vc_column][\/vc_row][mk_page_section padding_top=&#8221;-100&#8243; sidebar=&#8221;sidebar-1&#8243;][vc_column width=&#8221;1\/3&#8243;][mk_image_switch src_first=&#8221;https:\/\/byc.qc.ca\/wp-content\/uploads\/2022\/01\/byc-learn-to-sail-400&#215;400-1.jpg&#8221; src_second=&#8221;https:\/\/byc.qc.ca\/wp-content\/uploads\/2022\/01\/bys-kids-happy-400&#215;400-1.jpg&#8221; image_width=&#8221;400&#8243; image_height=&#8221;400&#8243; align=&#8221;center&#8221; margin_bottom=&#8221;-50&#8243; link=&#8221;url:http%3A%2F%2Fbyc2022.com%2Fsailing%2Fsailing-school%2F&#8221;][\/vc_column][vc_column width=&#8221;2\/3&#8243;][mk_fancy_title size=&#8221;48&#8243; margin_bottom=&#8221;0&#8243; font_family=&#8221;none&#8221; align=&#8221;center&#8221;]Apprenez \u00e0 naviguer au BYC[\/mk_fancy_title][vc_column_text css=&#8221;.vc_custom_1769637144572{margin-bottom: 0px !important;}&#8221;]Situ\u00e9 dans l&#8217;ouest de l&#8217;\u00eele, notre club se consacre \u00e0 tous les aspects de la voile. Nous proposons des programmes prim\u00e9s d&#8217;initiation \u00e0 la voile pendant l&#8217;\u00e9t\u00e9, tant pour les enfants que pour les adultes. Nos membres participent \u00e0 des courses et \u00e0 des croisi\u00e8res. Les installations et les activit\u00e9s sociales du BYC sont parmi les meilleures \u00e0 Montr\u00e9al. Le club soutient la municipalit\u00e9 en proposant des cours de voile aux jeunes ; chaque \u00e9t\u00e9, environ 150 jeunes s&#8217;inscrivent \u00e0 ces cours. Le club propose \u00e9galement, deux fois par semaine, des cours de voile pour adultes.<\/p>\n<p>Notre \u00e9cole de voile vous ouvre les portes d&#8217;une vie de navigation ! Instructeurs certifi\u00e9s au niveau national. Programmes d&#8217;\u00e9t\u00e9 pour enfants et adultes.[\/vc_column_text][vc_separator css=&#8221;&#8221;][vc_column_text css=&#8221;.vc_custom_1769286145085{margin-bottom: 0px !important;}&#8221;]\u6211\u4eec\u4f4d\u4e8e\u897f\u5c9b\uff08West Island\uff09\uff0c\u4e13\u6ce8\u4e8e\u5e06\u8239\u8fd0\u52a8\u7684\u5404\u4e2a\u65b9\u9762\u3002\u590f\u5b63\u6211\u4eec\u4e3a\u513f\u7ae5\u548c\u6210\u4eba\u63d0\u4f9b\u5c61\u83b7\u6b8a\u8363\u7684\u201c\u5b66\u4e60\u5e06\u8239\uff08Learn to Sail\uff09\u201d\u8bfe\u7a0b\u3002\u4ff1\u4e50\u90e8\u4f1a\u5458\u65e2\u53c2\u4e0e\u7ade\u8d5b\u5e06\u8239\uff0c\u4e5f\u53c2\u4e0e\u4f11\u95f2\u5de1\u822a\u3002\u6bd4\u80af\u65af\u83f2\u5c14\u5fb7\u6e38\u8247\u4ff1\u4e50\u90e8\uff08BYC\uff09\u7684\u8bbe\u65bd\u548c\u793e\u4ea4\u6d3b\u52a8\u5728\u8499\u7279\u5229\u5c14\u9996\u5c48\u4e00\u6307\u3002\u4ff1\u4e50\u90e8\u8fd8\u652f\u6301\u5e02\u653f\u5e9c\u4e3a\u9752\u5c11\u5e74\u5f00\u8bbe\u7684\u5e06\u8239\u8bfe\u7a0b\uff1b\u6bcf\u5e74\u590f\u5929\u5927\u7ea6\u6709150\u540d\u9752\u5c11\u5e74\u62a5\u540d\u53c2\u52a0\u8fd9\u4e9b\u8bfe\u7a0b\u3002\u6b64\u5916\uff0c\u4ff1\u4e50\u90e8\u6bcf\u5468\u8fd8\u4e3a\u6210\u4eba\u63d0\u4f9b\u4e24\u6b21\u5e06\u8239\u8bfe\u7a0b\u3002<\/p>\n<p>\u6211\u4eec\u7684\u5e06\u8239\u5b66\u6821\u4e3a\u60a8\u5f00\u542f\u4e00\u751f\u7684\u822a\u6d77\u4e4b\u95e8\uff01\u8bfe\u7a0b\u7531\u56fd\u5bb6\u8ba4\u8bc1\u7684\u6559\u7ec3\u6267\u6559\uff0c\u5e76\u5728\u590f\u5b63\u4e3a\u513f\u7ae5\u548c\u6210\u4eba\u63d0\u4f9b\u591a\u6837\u5316\u7684\u5b66\u4e60\u9879\u76ee\u3002[\/vc_column_text][\/vc_column][\/mk_page_section]\n<\/div>","protected":false},"excerpt":{"rendered":"<p>[mk_page_section bg_image=&#8221;https:\/\/byc.qc.ca\/wp-content\/uploads\/2022\/01\/sailig-school-opti-1925&#215;1280-1.jpg&#8221; bg_position=&#8221;center center&#8221; bg_stretch=&#8221;true&#8221; video_color_mask=&#8221;#000000&#8243; video_opacity=&#8221;0.4&#8243; min_height=&#8221;400&#8243; sidebar=&#8221;sidebar-1&#8243;][vc_column][mk_fancy_title color=&#8221;#ffffff&#8221; size=&#8221;75&#8243; font_weight=&#8221;bold&#8221; margin_top=&#8221;120&#8243; margin_bottom=&#8221;0&#8243; font_family=&#8221;none&#8221; align=&#8221;center&#8221;]D\u00e9tails sur l&#8217;\u00e9cole de voile et passerelle vers l&#8217;inscription[\/mk_fancy_title][\/vc_column][\/mk_page_section][vc_row][vc_column width=&#8221;5\/12&#8243;][mk_fancy_title color=&#8221;#000000&#8243; size=&#8221;25&#8243; font_weight=&#8221;bold&#8221; margin_top=&#8221;20&#8243; margin_bottom=&#8221;0&#8243; font_family=&#8221;none&#8221;]Cliquez sur les boutons individuels ci-dessous pour obtenir tous les d\u00e9tails sur chaque programme propos\u00e9 au Beaconsfield Yacht Club pendant l&#8217;\u00e9t\u00e9 2026.[\/mk_fancy_title][\/vc_column][vc_column width=&#8221;2\/12&#8243;][\/vc_column][vc_column width=&#8221;5\/12&#8243;][mk_fancy_title color=&#8221;#000000&#8243; [&hellip;]<\/p>\n","protected":false},"author":23,"featured_media":0,"parent":6381,"menu_order":0,"comment_status":"closed","ping_status":"closed","template":"","meta":{"footnotes":""},"class_list":["post-11833","page","type-page","status-publish","hentry"],"yoast_head":"<!-- This site is optimized with the Yoast SEO plugin v27.2 - https:\/\/yoast.com\/product\/yoast-seo-wordpress\/ -->\n<title>details-ecole | Yacht Club de Beaconsfield Yacht Club<\/title>\n<meta name=\"robots\" content=\"noindex, nofollow\" \/>\n<meta property=\"og:locale\" content=\"fr_FR\" \/>\n<meta property=\"og:type\" content=\"article\" \/>\n<meta property=\"og:title\" content=\"details-ecole | Yacht Club de Beaconsfield Yacht Club\" \/>\n<meta property=\"og:description\" content=\"[mk_page_section bg_image=&#8221;https:\/\/byc.qc.ca\/wp-content\/uploads\/2022\/01\/sailig-school-opti-1925&#215;1280-1.jpg&#8221; bg_position=&#8221;center center&#8221; bg_stretch=&#8221;true&#8221; video_color_mask=&#8221;#000000&#8243; video_opacity=&#8221;0.4&#8243; min_height=&#8221;400&#8243; sidebar=&#8221;sidebar-1&#8243;][vc_column][mk_fancy_title color=&#8221;#ffffff&#8221; size=&#8221;75&#8243; font_weight=&#8221;bold&#8221; margin_top=&#8221;120&#8243; margin_bottom=&#8221;0&#8243; font_family=&#8221;none&#8221; align=&#8221;center&#8221;]D\u00e9tails sur l&#8217;\u00e9cole de voile et passerelle vers l&#8217;inscription[\/mk_fancy_title][\/vc_column][\/mk_page_section][vc_row][vc_column width=&#8221;5\/12&#8243;][mk_fancy_title color=&#8221;#000000&#8243; size=&#8221;25&#8243; font_weight=&#8221;bold&#8221; margin_top=&#8221;20&#8243; margin_bottom=&#8221;0&#8243; font_family=&#8221;none&#8221;]Cliquez sur les boutons individuels ci-dessous pour obtenir tous les d\u00e9tails sur chaque programme propos\u00e9 au Beaconsfield Yacht Club pendant l&#8217;\u00e9t\u00e9 2026.[\/mk_fancy_title][\/vc_column][vc_column width=&#8221;2\/12&#8243;][\/vc_column][vc_column width=&#8221;5\/12&#8243;][mk_fancy_title color=&#8221;#000000&#8243; [&hellip;]\" \/>\n<meta property=\"og:url\" content=\"https:\/\/byc.qc.ca\/fr\/voile\/ecole-de-voile\/details-ecole\/\" \/>\n<meta property=\"og:site_name\" content=\"Yacht Club de Beaconsfield Yacht Club\" \/>\n<meta property=\"article:modified_time\" content=\"2026-01-28T22:10:24+00:00\" \/>\n<meta name=\"twitter:card\" content=\"summary_large_image\" \/>\n<meta name=\"twitter:label1\" content=\"Dur\u00e9e de lecture estim\u00e9e\" \/>\n\t<meta name=\"twitter:data1\" content=\"3 minutes\" \/>\n<script type=\"application\/ld+json\" class=\"yoast-schema-graph\">{\"@context\":\"https:\/\/schema.org\",\"@graph\":[{\"@type\":\"WebPage\",\"@id\":\"https:\/\/byc.qc.ca\/fr\/voile\/ecole-de-voile\/details-ecole\/\",\"url\":\"https:\/\/byc.qc.ca\/fr\/voile\/ecole-de-voile\/details-ecole\/\",\"name\":\"details-ecole | Yacht Club de Beaconsfield Yacht Club\",\"isPartOf\":{\"@id\":\"https:\/\/byc.qc.ca\/#website\"},\"datePublished\":\"2026-01-24T14:55:14+00:00\",\"dateModified\":\"2026-01-28T22:10:24+00:00\",\"breadcrumb\":{\"@id\":\"https:\/\/byc.qc.ca\/fr\/voile\/ecole-de-voile\/details-ecole\/#breadcrumb\"},\"inLanguage\":\"fr-FR\",\"potentialAction\":[{\"@type\":\"ReadAction\",\"target\":[\"https:\/\/byc.qc.ca\/fr\/voile\/ecole-de-voile\/details-ecole\/\"]}]},{\"@type\":\"BreadcrumbList\",\"@id\":\"https:\/\/byc.qc.ca\/fr\/voile\/ecole-de-voile\/details-ecole\/#breadcrumb\",\"itemListElement\":[{\"@type\":\"ListItem\",\"position\":1,\"name\":\"Home\",\"item\":\"https:\/\/byc.qc.ca\/fr\/\"},{\"@type\":\"ListItem\",\"position\":2,\"name\":\"Voile\",\"item\":\"https:\/\/byc.qc.ca\/fr\/voile\/\"},{\"@type\":\"ListItem\",\"position\":3,\"name\":\"\u00c9cole de voile\",\"item\":\"https:\/\/byc.qc.ca\/fr\/voile\/ecole-de-voile\/\"},{\"@type\":\"ListItem\",\"position\":4,\"name\":\"details-ecole\"}]},{\"@type\":\"WebSite\",\"@id\":\"https:\/\/byc.qc.ca\/#website\",\"url\":\"https:\/\/byc.qc.ca\/\",\"name\":\"Yacht Club de Beaconsfield Yacht Club\",\"description\":\"Beaconsfield Yacht Club - Sailing on Lake St. Louis\",\"publisher\":{\"@id\":\"https:\/\/byc.qc.ca\/#organization\"},\"potentialAction\":[{\"@type\":\"SearchAction\",\"target\":{\"@type\":\"EntryPoint\",\"urlTemplate\":\"https:\/\/byc.qc.ca\/?s={search_term_string}\"},\"query-input\":{\"@type\":\"PropertyValueSpecification\",\"valueRequired\":true,\"valueName\":\"search_term_string\"}}],\"inLanguage\":\"fr-FR\"},{\"@type\":\"Organization\",\"@id\":\"https:\/\/byc.qc.ca\/#organization\",\"name\":\"Beaconsfield Yacht Club\",\"url\":\"https:\/\/byc.qc.ca\/\",\"logo\":{\"@type\":\"ImageObject\",\"inLanguage\":\"fr-FR\",\"@id\":\"https:\/\/byc.qc.ca\/#\/schema\/logo\/image\/\",\"url\":\"https:\/\/byc.qc.ca\/wp-content\/uploads\/2022\/02\/logo-byc-300x194-1.jpg\",\"contentUrl\":\"https:\/\/byc.qc.ca\/wp-content\/uploads\/2022\/02\/logo-byc-300x194-1.jpg\",\"width\":300,\"height\":194,\"caption\":\"Beaconsfield Yacht Club\"},\"image\":{\"@id\":\"https:\/\/byc.qc.ca\/#\/schema\/logo\/image\/\"}}]}<\/script>\n<!-- \/ Yoast SEO plugin. -->","yoast_head_json":{"title":"details-ecole | Yacht Club de Beaconsfield Yacht Club","robots":{"index":"noindex","follow":"nofollow"},"og_locale":"fr_FR","og_type":"article","og_title":"details-ecole | Yacht Club de Beaconsfield Yacht Club","og_description":"[mk_page_section bg_image=&#8221;https:\/\/byc.qc.ca\/wp-content\/uploads\/2022\/01\/sailig-school-opti-1925&#215;1280-1.jpg&#8221; bg_position=&#8221;center center&#8221; bg_stretch=&#8221;true&#8221; video_color_mask=&#8221;#000000&#8243; video_opacity=&#8221;0.4&#8243; min_height=&#8221;400&#8243; sidebar=&#8221;sidebar-1&#8243;][vc_column][mk_fancy_title color=&#8221;#ffffff&#8221; size=&#8221;75&#8243; font_weight=&#8221;bold&#8221; margin_top=&#8221;120&#8243; margin_bottom=&#8221;0&#8243; font_family=&#8221;none&#8221; align=&#8221;center&#8221;]D\u00e9tails sur l&#8217;\u00e9cole de voile et passerelle vers l&#8217;inscription[\/mk_fancy_title][\/vc_column][\/mk_page_section][vc_row][vc_column width=&#8221;5\/12&#8243;][mk_fancy_title color=&#8221;#000000&#8243; size=&#8221;25&#8243; font_weight=&#8221;bold&#8221; margin_top=&#8221;20&#8243; margin_bottom=&#8221;0&#8243; font_family=&#8221;none&#8221;]Cliquez sur les boutons individuels ci-dessous pour obtenir tous les d\u00e9tails sur chaque programme propos\u00e9 au Beaconsfield Yacht Club pendant l&#8217;\u00e9t\u00e9 2026.[\/mk_fancy_title][\/vc_column][vc_column width=&#8221;2\/12&#8243;][\/vc_column][vc_column width=&#8221;5\/12&#8243;][mk_fancy_title color=&#8221;#000000&#8243; [&hellip;]","og_url":"https:\/\/byc.qc.ca\/fr\/voile\/ecole-de-voile\/details-ecole\/","og_site_name":"Yacht Club de Beaconsfield Yacht Club","article_modified_time":"2026-01-28T22:10:24+00:00","twitter_card":"summary_large_image","twitter_misc":{"Dur\u00e9e de lecture estim\u00e9e":"3 minutes"},"schema":{"@context":"https:\/\/schema.org","@graph":[{"@type":"WebPage","@id":"https:\/\/byc.qc.ca\/fr\/voile\/ecole-de-voile\/details-ecole\/","url":"https:\/\/byc.qc.ca\/fr\/voile\/ecole-de-voile\/details-ecole\/","name":"details-ecole | Yacht Club de Beaconsfield Yacht Club","isPartOf":{"@id":"https:\/\/byc.qc.ca\/#website"},"datePublished":"2026-01-24T14:55:14+00:00","dateModified":"2026-01-28T22:10:24+00:00","breadcrumb":{"@id":"https:\/\/byc.qc.ca\/fr\/voile\/ecole-de-voile\/details-ecole\/#breadcrumb"},"inLanguage":"fr-FR","potentialAction":[{"@type":"ReadAction","target":["https:\/\/byc.qc.ca\/fr\/voile\/ecole-de-voile\/details-ecole\/"]}]},{"@type":"BreadcrumbList","@id":"https:\/\/byc.qc.ca\/fr\/voile\/ecole-de-voile\/details-ecole\/#breadcrumb","itemListElement":[{"@type":"ListItem","position":1,"name":"Home","item":"https:\/\/byc.qc.ca\/fr\/"},{"@type":"ListItem","position":2,"name":"Voile","item":"https:\/\/byc.qc.ca\/fr\/voile\/"},{"@type":"ListItem","position":3,"name":"\u00c9cole de voile","item":"https:\/\/byc.qc.ca\/fr\/voile\/ecole-de-voile\/"},{"@type":"ListItem","position":4,"name":"details-ecole"}]},{"@type":"WebSite","@id":"https:\/\/byc.qc.ca\/#website","url":"https:\/\/byc.qc.ca\/","name":"Yacht Club de Beaconsfield Yacht Club","description":"Beaconsfield Yacht Club - Sailing on Lake St. Louis","publisher":{"@id":"https:\/\/byc.qc.ca\/#organization"},"potentialAction":[{"@type":"SearchAction","target":{"@type":"EntryPoint","urlTemplate":"https:\/\/byc.qc.ca\/?s={search_term_string}"},"query-input":{"@type":"PropertyValueSpecification","valueRequired":true,"valueName":"search_term_string"}}],"inLanguage":"fr-FR"},{"@type":"Organization","@id":"https:\/\/byc.qc.ca\/#organization","name":"Beaconsfield Yacht Club","url":"https:\/\/byc.qc.ca\/","logo":{"@type":"ImageObject","inLanguage":"fr-FR","@id":"https:\/\/byc.qc.ca\/#\/schema\/logo\/image\/","url":"https:\/\/byc.qc.ca\/wp-content\/uploads\/2022\/02\/logo-byc-300x194-1.jpg","contentUrl":"https:\/\/byc.qc.ca\/wp-content\/uploads\/2022\/02\/logo-byc-300x194-1.jpg","width":300,"height":194,"caption":"Beaconsfield Yacht Club"},"image":{"@id":"https:\/\/byc.qc.ca\/#\/schema\/logo\/image\/"}}]}},"_links":{"self":[{"href":"https:\/\/byc.qc.ca\/fr\/wp-json\/wp\/v2\/pages\/11833","targetHints":{"allow":["GET"]}}],"collection":[{"href":"https:\/\/byc.qc.ca\/fr\/wp-json\/wp\/v2\/pages"}],"about":[{"href":"https:\/\/byc.qc.ca\/fr\/wp-json\/wp\/v2\/types\/page"}],"author":[{"embeddable":true,"href":"https:\/\/byc.qc.ca\/fr\/wp-json\/wp\/v2\/users\/23"}],"replies":[{"embeddable":true,"href":"https:\/\/byc.qc.ca\/fr\/wp-json\/wp\/v2\/comments?post=11833"}],"version-history":[{"count":18,"href":"https:\/\/byc.qc.ca\/fr\/wp-json\/wp\/v2\/pages\/11833\/revisions"}],"predecessor-version":[{"id":12121,"href":"https:\/\/byc.qc.ca\/fr\/wp-json\/wp\/v2\/pages\/11833\/revisions\/12121"}],"up":[{"embeddable":true,"href":"https:\/\/byc.qc.ca\/fr\/wp-json\/wp\/v2\/pages\/6381"}],"wp:attachment":[{"href":"https:\/\/byc.qc.ca\/fr\/wp-json\/wp\/v2\/media?parent=11833"}],"curies":[{"name":"wp","href":"https:\/\/api.w.org\/{rel}","templated":true}]}}