{"id":5673,"date":"2022-01-29T13:38:22","date_gmt":"2022-01-29T18:38:22","guid":{"rendered":"http:\/\/byc2022.com\/sailing\/"},"modified":"2022-04-01T22:10:19","modified_gmt":"2022-04-02T02:10:19","slug":"voile","status":"publish","type":"page","link":"https:\/\/byc.qc.ca\/fr\/voile\/","title":{"rendered":"Voile"},"content":{"rendered":"<div class=\"wpb-content-wrapper\">[mk_page_section bg_image=&#8221;https:\/\/byc.qc.ca\/wp-content\/uploads\/2022\/01\/byc-membership-1000&#215;246-1.jpg&#8221; bg_position=&#8221;center center&#8221; bg_stretch=&#8221;true&#8221; video_color_mask=&#8221;#000000&#8243; video_opacity=&#8221;0.4&#8243; min_height=&#8221;250&#8243; sidebar=&#8221;sidebar-1&#8243;][vc_column][mk_fancy_title tag_name=&#8221;h1&#8243; size=&#8221;50&#8243; font_weight=&#8221;bold&#8221; margin_top=&#8221;70&#8243; font_family=&#8221;none&#8221;]<span style=\"color: #ffffff;\">Voile au YCB<\/span>[\/mk_fancy_title][\/vc_column][\/mk_page_section][mk_page_section][vc_column][mk_fancy_title size=&#8221;20&#8243; margin_top=&#8221;10&#8243; margin_bottom=&#8221;0&#8243; font_family=&#8221;none&#8221;]La voile au Beaconsfield Yacht Club tombe g\u00e9n\u00e9ralement dans l&#8217;une des trois cat\u00e9gories. Cliquez sur les boutons sous les images pour en savoir plus sur notre \u00e9cole de voile (pour enfants et adultes), les courses au BYC et notre groupe de croisi\u00e8re.[\/mk_fancy_title][vc_row_inner][vc_column_inner width=&#8221;1\/3&#8243;][mk_button dimension=&#8221;flat&#8221; corner_style=&#8221;rounded&#8221; url=&#8221;https:\/\/byc.qc.ca\/fr\/voile\/ecole-de-voile\/&#8221; align=&#8221;center&#8221; button_custom_width=&#8221;200&#8243; bg_color=&#8221;#005e20&#8243; btn_hover_bg=&#8221;#eeee22&#8243; btn_hover_txt_color=&#8221;#000000&#8243;]\u00e9cole de voile[\/mk_button][\/vc_column_inner][vc_column_inner width=&#8221;1\/3&#8243;][mk_button dimension=&#8221;flat&#8221; corner_style=&#8221;rounded&#8221; url=&#8221;https:\/\/byc.qc.ca\/fr\/voile\/courses\/&#8221; align=&#8221;center&#8221; button_custom_width=&#8221;200&#8243; bg_color=&#8221;#005e20&#8243; btn_hover_bg=&#8221;#eeee22&#8243; btn_hover_txt_color=&#8221;#000000&#8243;]Courses[\/mk_button][\/vc_column_inner][vc_column_inner width=&#8221;1\/3&#8243;][mk_button dimension=&#8221;flat&#8221; corner_style=&#8221;rounded&#8221; url=&#8221;https:\/\/byc.qc.ca\/fr\/voile\/croisiere\/&#8221; align=&#8221;center&#8221; button_custom_width=&#8221;200&#8243; bg_color=&#8221;#005e20&#8243; btn_hover_bg=&#8221;#eeee22&#8243; btn_hover_txt_color=&#8221;#000000&#8243;]Croisi\u00e8re[\/mk_button][\/vc_column_inner][\/vc_row_inner][\/vc_column][\/mk_page_section][mk_page_section][vc_column width=&#8221;1\/3&#8243;][mk_image_switch src_first=&#8221;https:\/\/byc.qc.ca\/wp-content\/uploads\/2022\/01\/byc-learn-to-sail-400&#215;400-1.jpg&#8221; src_second=&#8221;https:\/\/byc.qc.ca\/wp-content\/uploads\/2022\/01\/bys-kids-happy-400&#215;400-1.jpg&#8221; image_width=&#8221;400&#8243; image_height=&#8221;400&#8243; align=&#8221;center&#8221; link=&#8221;url:https%3A%2F%2Fwww.byc.qc.ca%2Ffr%2Fvoile%2Fecole-de-voile%2F&#8221;][mk_button dimension=&#8221;flat&#8221; corner_style=&#8221;rounded&#8221; url=&#8221;https:\/\/byc.qc.ca\/fr\/voile\/ecole-de-voile\/&#8221; align=&#8221;center&#8221; button_custom_width=&#8221;200&#8243; bg_color=&#8221;#005e20&#8243; btn_hover_bg=&#8221;#eeee22&#8243; btn_hover_txt_color=&#8221;#000000&#8243;]\u00e9cole de voile[\/mk_button][\/vc_column][vc_column width=&#8221;1\/3&#8243;][mk_image_switch src_first=&#8221;https:\/\/byc.qc.ca\/wp-content\/uploads\/2022\/01\/byc-sharks-racing-400&#215;400-1.jpg&#8221; src_second=&#8221;https:\/\/byc.qc.ca\/wp-content\/uploads\/2022\/01\/byc-lasers-racing-400&#215;400-1.jpg&#8221; image_width=&#8221;400&#8243; image_height=&#8221;400&#8243; align=&#8221;center&#8221; link=&#8221;url:https%3A%2F%2Fwww.byc.qc.ca%2Ffr%2Fvoile%2Fcourses%2F&#8221;][mk_button dimension=&#8221;flat&#8221; corner_style=&#8221;rounded&#8221; url=&#8221;https:\/\/byc.qc.ca\/fr\/voile\/courses\/&#8221; align=&#8221;center&#8221; button_custom_width=&#8221;200&#8243; bg_color=&#8221;#005e20&#8243; btn_hover_bg=&#8221;#eeee22&#8243; btn_hover_txt_color=&#8221;#000000&#8243;]Courses[\/mk_button][\/vc_column][vc_column width=&#8221;1\/3&#8243;][mk_image_switch src_first=&#8221;https:\/\/byc.qc.ca\/wp-content\/uploads\/2022\/01\/byc-cruising-400&#215;400-1.jpg&#8221; src_second=&#8221;https:\/\/byc.qc.ca\/wp-content\/uploads\/2022\/02\/byc-sailing-400&#215;400-1.jpg&#8221; image_width=&#8221;400&#8243; image_height=&#8221;400&#8243; link=&#8221;url:https%3A%2F%2Fwww.byc.qc.ca%2Ffr%2Fvoile%2Fcroisiere%2F&#8221;][mk_button dimension=&#8221;flat&#8221; corner_style=&#8221;rounded&#8221; url=&#8221;https:\/\/byc.qc.ca\/fr\/voile\/croisiere\/&#8221; align=&#8221;center&#8221; button_custom_width=&#8221;200&#8243; bg_color=&#8221;#005e20&#8243; btn_hover_bg=&#8221;#eeee22&#8243; btn_hover_txt_color=&#8221;#000000&#8243;]Croisi\u00e8re[\/mk_button][\/vc_column][\/mk_page_section][mk_page_section][vc_column][\/vc_column][\/mk_page_section][vc_row][vc_column][\/vc_column][\/vc_row]\n<\/div>","protected":false},"excerpt":{"rendered":"<p>[mk_page_section bg_image=&#8221;https:\/\/byc.qc.ca\/wp-content\/uploads\/2022\/01\/byc-membership-1000&#215;246-1.jpg&#8221; bg_position=&#8221;center center&#8221; bg_stretch=&#8221;true&#8221; video_color_mask=&#8221;#000000&#8243; video_opacity=&#8221;0.4&#8243; min_height=&#8221;250&#8243; sidebar=&#8221;sidebar-1&#8243;][vc_column][mk_fancy_title tag_name=&#8221;h1&#8243; size=&#8221;50&#8243; font_weight=&#8221;bold&#8221; margin_top=&#8221;70&#8243; font_family=&#8221;none&#8221;]Voile au YCB[\/mk_fancy_title][\/vc_column][\/mk_page_section][mk_page_section][vc_column][mk_fancy_title size=&#8221;20&#8243; margin_top=&#8221;10&#8243; margin_bottom=&#8221;0&#8243; font_family=&#8221;none&#8221;]La voile au Beaconsfield Yacht Club tombe g\u00e9n\u00e9ralement dans l&#8217;une des trois cat\u00e9gories. Cliquez sur les boutons sous les images pour en savoir plus sur notre \u00e9cole de voile (pour enfants et adultes), les courses au [&hellip;]<\/p>\n","protected":false},"author":1,"featured_media":0,"parent":0,"menu_order":0,"comment_status":"closed","ping_status":"closed","template":"","meta":{"footnotes":""},"class_list":["post-5673","page","type-page","status-publish","hentry"],"yoast_head":"<!-- This site is optimized with the Yoast SEO plugin v27.2 - https:\/\/yoast.com\/product\/yoast-seo-wordpress\/ -->\n<title>Voile | Yacht Club de Beaconsfield Yacht Club<\/title>\n<meta name=\"robots\" content=\"index, follow, max-snippet:-1, max-image-preview:large, max-video-preview:-1\" \/>\n<link rel=\"canonical\" href=\"https:\/\/byc.qc.ca\/fr\/voile\/\" \/>\n<meta property=\"og:locale\" content=\"fr_FR\" \/>\n<meta property=\"og:type\" content=\"article\" \/>\n<meta property=\"og:title\" content=\"Voile | Yacht Club de Beaconsfield Yacht Club\" \/>\n<meta property=\"og:description\" content=\"[mk_page_section bg_image=&#8221;https:\/\/byc.qc.ca\/wp-content\/uploads\/2022\/01\/byc-membership-1000&#215;246-1.jpg&#8221; bg_position=&#8221;center center&#8221; bg_stretch=&#8221;true&#8221; video_color_mask=&#8221;#000000&#8243; video_opacity=&#8221;0.4&#8243; min_height=&#8221;250&#8243; sidebar=&#8221;sidebar-1&#8243;][vc_column][mk_fancy_title tag_name=&#8221;h1&#8243; size=&#8221;50&#8243; font_weight=&#8221;bold&#8221; margin_top=&#8221;70&#8243; font_family=&#8221;none&#8221;]Voile au YCB[\/mk_fancy_title][\/vc_column][\/mk_page_section][mk_page_section][vc_column][mk_fancy_title size=&#8221;20&#8243; margin_top=&#8221;10&#8243; margin_bottom=&#8221;0&#8243; font_family=&#8221;none&#8221;]La voile au Beaconsfield Yacht Club tombe g\u00e9n\u00e9ralement dans l&#8217;une des trois cat\u00e9gories. Cliquez sur les boutons sous les images pour en savoir plus sur notre \u00e9cole de voile (pour enfants et adultes), les courses au [&hellip;]\" \/>\n<meta property=\"og:url\" content=\"https:\/\/byc.qc.ca\/fr\/voile\/\" \/>\n<meta property=\"og:site_name\" content=\"Yacht Club de Beaconsfield Yacht Club\" \/>\n<meta property=\"article:modified_time\" content=\"2022-04-02T02:10:19+00:00\" \/>\n<meta name=\"twitter:card\" content=\"summary_large_image\" \/>\n<meta name=\"twitter:label1\" content=\"Dur\u00e9e de lecture estim\u00e9e\" \/>\n\t<meta name=\"twitter:data1\" content=\"1 minute\" \/>\n<script type=\"application\/ld+json\" class=\"yoast-schema-graph\">{\"@context\":\"https:\/\/schema.org\",\"@graph\":[{\"@type\":\"WebPage\",\"@id\":\"https:\/\/byc.qc.ca\/fr\/voile\/\",\"url\":\"https:\/\/byc.qc.ca\/fr\/voile\/\",\"name\":\"Voile | Yacht Club de Beaconsfield Yacht Club\",\"isPartOf\":{\"@id\":\"https:\/\/byc.qc.ca\/#website\"},\"datePublished\":\"2022-01-29T18:38:22+00:00\",\"dateModified\":\"2022-04-02T02:10:19+00:00\",\"breadcrumb\":{\"@id\":\"https:\/\/byc.qc.ca\/fr\/voile\/#breadcrumb\"},\"inLanguage\":\"fr-FR\",\"potentialAction\":[{\"@type\":\"ReadAction\",\"target\":[\"https:\/\/byc.qc.ca\/fr\/voile\/\"]}]},{\"@type\":\"BreadcrumbList\",\"@id\":\"https:\/\/byc.qc.ca\/fr\/voile\/#breadcrumb\",\"itemListElement\":[{\"@type\":\"ListItem\",\"position\":1,\"name\":\"Home\",\"item\":\"https:\/\/byc.qc.ca\/fr\/\"},{\"@type\":\"ListItem\",\"position\":2,\"name\":\"Voile\"}]},{\"@type\":\"WebSite\",\"@id\":\"https:\/\/byc.qc.ca\/#website\",\"url\":\"https:\/\/byc.qc.ca\/\",\"name\":\"Yacht Club de Beaconsfield Yacht Club\",\"description\":\"Beaconsfield Yacht Club - Sailing on Lake St. Louis\",\"publisher\":{\"@id\":\"https:\/\/byc.qc.ca\/#organization\"},\"potentialAction\":[{\"@type\":\"SearchAction\",\"target\":{\"@type\":\"EntryPoint\",\"urlTemplate\":\"https:\/\/byc.qc.ca\/?s={search_term_string}\"},\"query-input\":{\"@type\":\"PropertyValueSpecification\",\"valueRequired\":true,\"valueName\":\"search_term_string\"}}],\"inLanguage\":\"fr-FR\"},{\"@type\":\"Organization\",\"@id\":\"https:\/\/byc.qc.ca\/#organization\",\"name\":\"Beaconsfield Yacht Club\",\"url\":\"https:\/\/byc.qc.ca\/\",\"logo\":{\"@type\":\"ImageObject\",\"inLanguage\":\"fr-FR\",\"@id\":\"https:\/\/byc.qc.ca\/#\/schema\/logo\/image\/\",\"url\":\"https:\/\/byc.qc.ca\/wp-content\/uploads\/2022\/02\/logo-byc-300x194-1.jpg\",\"contentUrl\":\"https:\/\/byc.qc.ca\/wp-content\/uploads\/2022\/02\/logo-byc-300x194-1.jpg\",\"width\":300,\"height\":194,\"caption\":\"Beaconsfield Yacht Club\"},\"image\":{\"@id\":\"https:\/\/byc.qc.ca\/#\/schema\/logo\/image\/\"}}]}<\/script>\n<!-- \/ Yoast SEO plugin. -->","yoast_head_json":{"title":"Voile | Yacht Club de Beaconsfield Yacht Club","robots":{"index":"index","follow":"follow","max-snippet":"max-snippet:-1","max-image-preview":"max-image-preview:large","max-video-preview":"max-video-preview:-1"},"canonical":"https:\/\/byc.qc.ca\/fr\/voile\/","og_locale":"fr_FR","og_type":"article","og_title":"Voile | Yacht Club de Beaconsfield Yacht Club","og_description":"[mk_page_section bg_image=&#8221;https:\/\/byc.qc.ca\/wp-content\/uploads\/2022\/01\/byc-membership-1000&#215;246-1.jpg&#8221; bg_position=&#8221;center center&#8221; bg_stretch=&#8221;true&#8221; video_color_mask=&#8221;#000000&#8243; video_opacity=&#8221;0.4&#8243; min_height=&#8221;250&#8243; sidebar=&#8221;sidebar-1&#8243;][vc_column][mk_fancy_title tag_name=&#8221;h1&#8243; size=&#8221;50&#8243; font_weight=&#8221;bold&#8221; margin_top=&#8221;70&#8243; font_family=&#8221;none&#8221;]Voile au YCB[\/mk_fancy_title][\/vc_column][\/mk_page_section][mk_page_section][vc_column][mk_fancy_title size=&#8221;20&#8243; margin_top=&#8221;10&#8243; margin_bottom=&#8221;0&#8243; font_family=&#8221;none&#8221;]La voile au Beaconsfield Yacht Club tombe g\u00e9n\u00e9ralement dans l&#8217;une des trois cat\u00e9gories. Cliquez sur les boutons sous les images pour en savoir plus sur notre \u00e9cole de voile (pour enfants et adultes), les courses au [&hellip;]","og_url":"https:\/\/byc.qc.ca\/fr\/voile\/","og_site_name":"Yacht Club de Beaconsfield Yacht Club","article_modified_time":"2022-04-02T02:10:19+00:00","twitter_card":"summary_large_image","twitter_misc":{"Dur\u00e9e de lecture estim\u00e9e":"1 minute"},"schema":{"@context":"https:\/\/schema.org","@graph":[{"@type":"WebPage","@id":"https:\/\/byc.qc.ca\/fr\/voile\/","url":"https:\/\/byc.qc.ca\/fr\/voile\/","name":"Voile | Yacht Club de Beaconsfield Yacht Club","isPartOf":{"@id":"https:\/\/byc.qc.ca\/#website"},"datePublished":"2022-01-29T18:38:22+00:00","dateModified":"2022-04-02T02:10:19+00:00","breadcrumb":{"@id":"https:\/\/byc.qc.ca\/fr\/voile\/#breadcrumb"},"inLanguage":"fr-FR","potentialAction":[{"@type":"ReadAction","target":["https:\/\/byc.qc.ca\/fr\/voile\/"]}]},{"@type":"BreadcrumbList","@id":"https:\/\/byc.qc.ca\/fr\/voile\/#breadcrumb","itemListElement":[{"@type":"ListItem","position":1,"name":"Home","item":"https:\/\/byc.qc.ca\/fr\/"},{"@type":"ListItem","position":2,"name":"Voile"}]},{"@type":"WebSite","@id":"https:\/\/byc.qc.ca\/#website","url":"https:\/\/byc.qc.ca\/","name":"Yacht Club de Beaconsfield Yacht Club","description":"Beaconsfield Yacht Club - Sailing on Lake St. Louis","publisher":{"@id":"https:\/\/byc.qc.ca\/#organization"},"potentialAction":[{"@type":"SearchAction","target":{"@type":"EntryPoint","urlTemplate":"https:\/\/byc.qc.ca\/?s={search_term_string}"},"query-input":{"@type":"PropertyValueSpecification","valueRequired":true,"valueName":"search_term_string"}}],"inLanguage":"fr-FR"},{"@type":"Organization","@id":"https:\/\/byc.qc.ca\/#organization","name":"Beaconsfield Yacht Club","url":"https:\/\/byc.qc.ca\/","logo":{"@type":"ImageObject","inLanguage":"fr-FR","@id":"https:\/\/byc.qc.ca\/#\/schema\/logo\/image\/","url":"https:\/\/byc.qc.ca\/wp-content\/uploads\/2022\/02\/logo-byc-300x194-1.jpg","contentUrl":"https:\/\/byc.qc.ca\/wp-content\/uploads\/2022\/02\/logo-byc-300x194-1.jpg","width":300,"height":194,"caption":"Beaconsfield Yacht Club"},"image":{"@id":"https:\/\/byc.qc.ca\/#\/schema\/logo\/image\/"}}]}},"_links":{"self":[{"href":"https:\/\/byc.qc.ca\/fr\/wp-json\/wp\/v2\/pages\/5673","targetHints":{"allow":["GET"]}}],"collection":[{"href":"https:\/\/byc.qc.ca\/fr\/wp-json\/wp\/v2\/pages"}],"about":[{"href":"https:\/\/byc.qc.ca\/fr\/wp-json\/wp\/v2\/types\/page"}],"author":[{"embeddable":true,"href":"https:\/\/byc.qc.ca\/fr\/wp-json\/wp\/v2\/users\/1"}],"replies":[{"embeddable":true,"href":"https:\/\/byc.qc.ca\/fr\/wp-json\/wp\/v2\/comments?post=5673"}],"version-history":[{"count":26,"href":"https:\/\/byc.qc.ca\/fr\/wp-json\/wp\/v2\/pages\/5673\/revisions"}],"predecessor-version":[{"id":7193,"href":"https:\/\/byc.qc.ca\/fr\/wp-json\/wp\/v2\/pages\/5673\/revisions\/7193"}],"wp:attachment":[{"href":"https:\/\/byc.qc.ca\/fr\/wp-json\/wp\/v2\/media?parent=5673"}],"curies":[{"name":"wp","href":"https:\/\/api.w.org\/{rel}","templated":true}]}}