{"id":5751,"date":"2022-01-30T17:55:22","date_gmt":"2022-01-30T22:55:22","guid":{"rendered":"http:\/\/byc2022.com\/about-us\/"},"modified":"2025-01-06T09:44:44","modified_gmt":"2025-01-06T14:44:44","slug":"about-us","status":"publish","type":"page","link":"https:\/\/byc.qc.ca\/fr\/about-us\/","title":{"rendered":"About Us"},"content":{"rendered":"<div class=\"wpb-content-wrapper\">[mk_page_section bg_image=&#8221;https:\/\/byc.qc.ca\/wp-content\/uploads\/2023\/12\/byc-harbour-2000&#215;800-1.jpg&#8221; attachment=&#8221;fixed&#8221; bg_position=&#8221;center center&#8221; bg_repeat=&#8221;no-repeat&#8221; bg_stretch=&#8221;true&#8221; video_color_mask=&#8221;#000000&#8243; video_opacity=&#8221;0.3&#8243; min_height=&#8221;300&#8243; full_width=&#8221;true&#8221; sidebar=&#8221;sidebar-1&#8243;][vc_column width=&#8221;1\/3&#8243;][mk_padding_divider size=&#8221;50&#8243;][\/vc_column][vc_column width=&#8221;1\/3&#8243;][\/vc_column][vc_column width=&#8221;1\/3&#8243;][mk_padding_divider size=&#8221;50&#8243;][\/vc_column][\/mk_page_section][mk_page_section][vc_column][vc_row_inner][vc_column_inner width=&#8221;1\/6&#8243;][mk_padding_divider][mk_button dimension=&#8221;flat&#8221; corner_style=&#8221;rounded&#8221; url=&#8221;https:\/\/byc.qc.ca\/fr\/services\/nourriture-boissons\/evenements\/&#8221; align=&#8221;center&#8221; button_custom_width=&#8221;250&#8243; bg_color=&#8221;#005e20&#8243; btn_hover_bg=&#8221;#eeee22&#8243; btn_hover_txt_color=&#8221;#000000&#8243;]\u00c9V\u00c9NEMENTS[\/mk_button][vc_single_image image=&#8221;6697&#8243; img_size=&#8221;medium&#8221; alignment=&#8221;center&#8221;][\/vc_column_inner][vc_column_inner width=&#8221;4\/6&#8243;][mk_fancy_title size=&#8221;40&#8243; font_weight=&#8221;bold&#8221; margin_bottom=&#8221;0&#8243; font_family=&#8221;none&#8221; align=&#8221;center&#8221;]<span style=\"color: #005e20;\">Bienvenue au <\/span><br \/>\n<span style=\"color: #005e20;\">Yacht Club de Beaconsfield<\/span>[\/mk_fancy_title][vc_column_text css=&#8221;.vc_custom_1690815037967{margin-bottom: 0px !important;}&#8221;]<span style=\"font-weight: 400;\">Le Yacht Club de Beaconsfield offre une vue imprenable sur le lac Saint-Louis. Un port pour 160 bateaux, dont l\u2019entr\u00e9e est d\u2019une bonne profondeur, et une cale s\u00e8che qui peut en abriter 80 est \u00e0 l\u2019usage de ses 240 membres. Bien int\u00e9gr\u00e9 dans sa communaut\u00e9, le Club offre chaque \u00e9t\u00e9 des camps de voile auxquels environ 150 jeunes participent. Les adultes peuvent aussi s\u2019initier \u00e0 cette fantastique activit\u00e9 gr\u00e2ce aux cours qui leur sont offerts deux fois par semaine.<\/span>[\/vc_column_text][mk_button dimension=&#8221;flat&#8221; corner_style=&#8221;rounded&#8221; url=&#8221;https:\/\/byc.qc.ca\/fr\/about-us\/executif-administratif\/&#8221; align=&#8221;center&#8221; button_custom_width=&#8221;300&#8243; bg_color=&#8221;#005e20&#8243; btn_hover_bg=&#8221;#eeee22&#8243; btn_hover_txt_color=&#8221;#000000&#8243;]L\u2019ex\u00e9cutif et l\u2019administration[\/mk_button][vc_separator][\/vc_column_inner][vc_column_inner width=&#8221;1\/6&#8243;][mk_padding_divider][mk_button dimension=&#8221;flat&#8221; corner_style=&#8221;rounded&#8221; size=&#8221;medium&#8221; url=&#8221;https:\/\/byc.qc.ca\/wp-content\/uploads\/2024\/04\/2024byc_calendar_french_final.pdf&#8221; target=&#8221;_blank&#8221; align=&#8221;center&#8221; button_custom_width=&#8221;250&#8243; bg_color=&#8221;#005e20&#8243; btn_hover_bg=&#8221;#eeee22&#8243; btn_hover_txt_color=&#8221;#000000&#8243;]2024 CALENDRIER[\/mk_button][mk_padding_divider size=&#8221;10&#8243;][mk_button dimension=&#8221;flat&#8221; corner_style=&#8221;rounded&#8221; url=&#8221;https:\/\/byc.qc.ca\/fr\/reciprocity\/&#8221; align=&#8221;center&#8221; button_custom_width=&#8221;250&#8243; margin_bottom=&#8221;0&#8243; margin_right=&#8221;0&#8243; bg_color=&#8221;#005e20&#8243; btn_hover_bg=&#8221;#eeee22&#8243; btn_hover_txt_color=&#8221;#000000&#8243;]Privil\u00e8ges r\u00e9ciproques des clubs[\/mk_button][vc_single_image image=&#8221;5939&#8243; img_size=&#8221;medium&#8221; alignment=&#8221;center&#8221;][\/vc_column_inner][\/vc_row_inner][vc_row_inner][vc_column_inner width=&#8221;1\/3&#8243;][mk_fancy_title size=&#8221;30&#8243; font_weight=&#8221;bold&#8221; margin_bottom=&#8221;0&#8243; font_family=&#8221;none&#8221; align=&#8221;center&#8221;]<span style=\"color: #005e20;\">\u00c9cole de Voile<\/span>[\/mk_fancy_title][mk_image_switch src_first=&#8221;https:\/\/byc.qc.ca\/wp-content\/uploads\/2022\/01\/byc-learn-to-sail-400&#215;400-1.jpg&#8221; src_second=&#8221;https:\/\/byc.qc.ca\/wp-content\/uploads\/2022\/01\/bys-kids-happy-400&#215;400-1.jpg&#8221; image_width=&#8221;400&#8243; image_height=&#8221;400&#8243; align=&#8221;center&#8221; margin_bottom=&#8221;-50&#8243; link=&#8221;url:https%3A%2F%2Fwww.byc.qc.ca%2Ffr%2Fvoile%2Fecole-de-voile%2F&#8221;][vc_column_text css=&#8221;.vc_custom_1690815581233{margin-bottom: 0px !important;}&#8221;]<span style=\"font-weight: 400;\">Notre \u00e9cole est une fen\u00eatre ouverte sur le monde passionnant de la voile. Notre organisation \u00e0 but non lucratif offre le programme de formation de Voile Canada, VoileCAN, aux jeunes et aux adultes.<\/span>[\/vc_column_text][\/vc_column_inner][vc_column_inner width=&#8221;1\/3&#8243;][mk_fancy_title size=&#8221;30&#8243; font_weight=&#8221;bold&#8221; margin_bottom=&#8221;0&#8243; font_family=&#8221;none&#8221; align=&#8221;center&#8221;]<span style=\"color: #005e20;\">Naviguer \u00e0 CYB<\/span>[\/mk_fancy_title][mk_image_switch src_first=&#8221;https:\/\/byc.qc.ca\/wp-content\/uploads\/2022\/01\/byc-cruising-400&#215;400-1.jpg&#8221; src_second=&#8221;https:\/\/byc.qc.ca\/wp-content\/uploads\/2022\/01\/byc-enfants-cruising-400&#215;400-1.jpg&#8221; image_width=&#8221;400&#8243; image_height=&#8221;400&#8243; align=&#8221;center&#8221; margin_bottom=&#8221;-50&#8243; link=&#8221;url:https%3A%2F%2Fwww.byc.qc.ca%2Ffr%2Fvoile%2F&#8221;][vc_column_text css=&#8221;.vc_custom_1690815910964{margin-bottom: 0px !important;}&#8221;]<span style=\"font-weight: 400;\">Les marins du Yacht Club de Beaconsfield peuvent g\u00e9n\u00e9ralement \u00eatre class\u00e9s dans une ou plusieurs de ces trois cat\u00e9gories: les \u00e9l\u00e8ves de l\u2019\u00e9cole de voile, les comp\u00e9titeurs, et les croiseurs. <\/span>[\/vc_column_text][\/vc_column_inner][vc_column_inner width=&#8221;1\/3&#8243;][mk_fancy_title size=&#8221;30&#8243; font_weight=&#8221;bold&#8221; margin_bottom=&#8221;0&#8243; font_family=&#8221;none&#8221; align=&#8221;center&#8221;]<span style=\"color: #005e20;\">Social(e)<\/span>[\/mk_fancy_title][mk_image_switch src_first=&#8221;https:\/\/byc.qc.ca\/wp-content\/uploads\/2022\/02\/byc-lobster-boil-400&#215;400-1.jpg&#8221; src_second=&#8221;https:\/\/byc.qc.ca\/wp-content\/uploads\/2022\/02\/byc-dance-400&#215;400-1.jpg&#8221; image_width=&#8221;400&#8243; image_height=&#8221;400&#8243; align=&#8221;center&#8221; margin_bottom=&#8221;-50&#8243; link=&#8221;url:https%3A%2F%2Fwww.byc.qc.ca%2Ffr%2Fservices%2F&#8221;][vc_column_text css=&#8221;.vc_custom_1690816774360{margin-bottom: 0px !important;}&#8221;]<span style=\"font-weight: 400;\">La socialisation fait partie int\u00e9grante de la voile. Nos membres ont l\u2019occasion de se rencontrer et d\u2019\u00e9changer dans notre club-house patrimonial ainsi qu\u2019\u00e0 la Marini\u00e8re, le bar avec terrasse nouvellement construit directement sur le port.<\/span>[\/vc_column_text][\/vc_column_inner][\/vc_row_inner][vc_row_inner][vc_column_inner css=&#8221;.vc_custom_1665425332882{background-color: #ebebeb !important;}&#8221;][mk_fancy_title size=&#8221;50&#8243; font_weight=&#8221;bold&#8221; font_family=&#8221;none&#8221;]\n<p style=\"text-align: center;\">Nos commanditaires \/ 2023 \/ Sponsors<\/p>\n[\/mk_fancy_title][vc_column_text css=&#8221;.vc_custom_1690816851006{margin-bottom: 0px !important;}&#8221;]Un grand merci \u00e0 tous nos commanditaires qui nous appuient lors de nos \u00e9v\u00e9nements de collecte de fonds.[\/vc_column_text][\/vc_column_inner][\/vc_row_inner][\/vc_column][\/mk_page_section][mk_page_section attachment=&#8221;fixed&#8221; bg_position=&#8221;center center&#8221; bg_repeat=&#8221;no-repeat&#8221; video_opacity=&#8221;0.4&#8243; full_width=&#8221;true&#8221; padding_top=&#8221;120&#8243; padding_bottom=&#8221;120&#8243; sidebar=&#8221;sidebar-1&#8243;][vc_column][vc_empty_space height=&#8221;300px&#8221; el_class=&#8221;ps-sliding-logo-banner&#8221; css=&#8221;.vc_custom_1703690407256{background-image: url(https:\/\/byc.qc.ca\/wp-content\/uploads\/2023\/12\/sponsor-banner-3000&#215;300-1-scaled.jpg?id=9349) !important;}&#8221;][\/vc_column][\/mk_page_section][vc_row][vc_column][vc_row_inner][vc_column_inner width=&#8221;1\/6&#8243;][\/vc_column_inner][vc_column_inner width=&#8221;4\/6&#8243;][mk_fancy_title size=&#8221;48&#8243; margin_top=&#8221;20&#8243; margin_bottom=&#8221;0&#8243; font_family=&#8221;none&#8221; align=&#8221;center&#8221;]<span style=\"color: #005e20;\">Que se passe-t-il au YCB ?<\/span>[\/mk_fancy_title][vc_column_text css=&#8221;.vc_custom_1690817144454{margin-bottom: 0px !important;}&#8221;]Tous les aspects de la voile sont importants au YCB. Nous proposons des programmes prim\u00e9s \u201cApprendre \u00e0 naviguer\u201d en \u00e9t\u00e9 pour les enfants et les adultes. Nos membres participent \u00e0 la fois aux courses et \u00e0 la croisi\u00e8re. Les installations et les aspects sociaux du YCB sont parmi les meilleurs \u00e0 Montr\u00e9al.[\/vc_column_text][\/vc_column_inner][vc_column_inner width=&#8221;1\/6&#8243;][\/vc_column_inner][\/vc_row_inner][\/vc_column][\/vc_row][mk_page_section bg_image=&#8221;https:\/\/byc.qc.ca\/wp-content\/uploads\/2022\/04\/promo-byc-site-2022-eng.jpg&#8221; attachment=&#8221;fixed&#8221; bg_position=&#8221;center center&#8221; bg_stretch=&#8221;true&#8221; video_color_mask=&#8221;rgba(0,0,0,0.7)&#8221; video_opacity=&#8221;0.4&#8243; min_height=&#8221;300&#8243; full_width=&#8221;true&#8221; padding_top=&#8221;120&#8243; padding_bottom=&#8221;120&#8243; sidebar=&#8221;sidebar-1&#8243;][vc_column width=&#8221;1\/5&#8243;][\/vc_column][vc_column width=&#8221;3\/5&#8243;][\/vc_column][vc_column width=&#8221;1\/5&#8243;][\/vc_column][\/mk_page_section][mk_page_section][vc_column][vc_row_inner][vc_column_inner width=&#8221;1\/3&#8243; offset=&#8221;vc_hidden-lg vc_hidden-md vc_hidden-sm&#8221;][mk_button dimension=&#8221;flat&#8221; corner_style=&#8221;rounded&#8221; url=&#8221;tel:5146951272&#8243; button_custom_width=&#8221;200&#8243; bg_color=&#8221;#eeee22&#8243; btn_hover_bg=&#8221;#005e20&#8243; text_color=&#8221;dark&#8221; btn_hover_txt_color=&#8221;#000000&#8243;]APPELEZ-NOUS[\/mk_button][\/vc_column_inner][vc_column_inner width=&#8221;1\/3&#8243; offset=&#8221;vc_hidden-lg vc_hidden-md vc_hidden-sm&#8221;][mk_button dimension=&#8221;flat&#8221; corner_style=&#8221;rounded&#8221; url=&#8221;https:\/\/byc.qc.ca\/fr\/contactez-nous\/&#8221; button_custom_width=&#8221;200&#8243; bg_color=&#8221;#eeee22&#8243; btn_hover_bg=&#8221;#005e20&#8243; text_color=&#8221;dark&#8221; btn_hover_txt_color=&#8221;#000000&#8243;]CONTACTEZ-NOUS[\/mk_button][\/vc_column_inner][vc_column_inner width=&#8221;1\/3&#8243; offset=&#8221;vc_hidden-lg vc_hidden-md vc_hidden-sm&#8221;][mk_button dimension=&#8221;flat&#8221; corner_style=&#8221;rounded&#8221; url=&#8221;https:\/\/goo.gl\/maps\/376EvBxZSzHnWscj6&#8243; target=&#8221;_blank&#8221; button_custom_width=&#8221;200&#8243; bg_color=&#8221;#eeee22&#8243; btn_hover_bg=&#8221;#005e20&#8243; text_color=&#8221;dark&#8221; btn_hover_txt_color=&#8221;#000000&#8243;]TROUVE NOUS[\/mk_button][\/vc_column_inner][\/vc_row_inner][\/vc_column][\/mk_page_section]\n<\/div>","protected":false},"excerpt":{"rendered":"<p>[mk_page_section bg_image=&#8221;https:\/\/byc.qc.ca\/wp-content\/uploads\/2023\/12\/byc-harbour-2000&#215;800-1.jpg&#8221; attachment=&#8221;fixed&#8221; bg_position=&#8221;center center&#8221; bg_repeat=&#8221;no-repeat&#8221; bg_stretch=&#8221;true&#8221; video_color_mask=&#8221;#000000&#8243; video_opacity=&#8221;0.3&#8243; min_height=&#8221;300&#8243; full_width=&#8221;true&#8221; sidebar=&#8221;sidebar-1&#8243;][vc_column width=&#8221;1\/3&#8243;][mk_padding_divider size=&#8221;50&#8243;][\/vc_column][vc_column width=&#8221;1\/3&#8243;][\/vc_column][vc_column width=&#8221;1\/3&#8243;][mk_padding_divider size=&#8221;50&#8243;][\/vc_column][\/mk_page_section][mk_page_section][vc_column][vc_row_inner][vc_column_inner width=&#8221;1\/6&#8243;][mk_padding_divider][mk_button dimension=&#8221;flat&#8221; corner_style=&#8221;rounded&#8221; url=&#8221;https:\/\/byc.qc.ca\/fr\/services\/nourriture-boissons\/evenements\/&#8221; align=&#8221;center&#8221; button_custom_width=&#8221;250&#8243; bg_color=&#8221;#005e20&#8243; btn_hover_bg=&#8221;#eeee22&#8243; btn_hover_txt_color=&#8221;#000000&#8243;]\u00c9V\u00c9NEMENTS[\/mk_button][vc_single_image image=&#8221;6697&#8243; img_size=&#8221;medium&#8221; alignment=&#8221;center&#8221;][\/vc_column_inner][vc_column_inner width=&#8221;4\/6&#8243;][mk_fancy_title size=&#8221;40&#8243; font_weight=&#8221;bold&#8221; margin_bottom=&#8221;0&#8243; font_family=&#8221;none&#8221; align=&#8221;center&#8221;]Bienvenue au Yacht Club de Beaconsfield[\/mk_fancy_title][vc_column_text css=&#8221;.vc_custom_1690815037967{margin-bottom: 0px !important;}&#8221;]Le Yacht Club de Beaconsfield offre une vue imprenable sur le lac Saint-Louis. [&hellip;]<\/p>\n","protected":false},"author":1,"featured_media":0,"parent":0,"menu_order":0,"comment_status":"closed","ping_status":"closed","template":"","meta":{"footnotes":""},"class_list":["post-5751","page","type-page","status-publish","hentry"],"yoast_head":"<!-- This site is optimized with the Yoast SEO plugin v27.2 - https:\/\/yoast.com\/product\/yoast-seo-wordpress\/ -->\n<title>About Us | Yacht Club de Beaconsfield Yacht Club<\/title>\n<meta name=\"robots\" content=\"index, follow, max-snippet:-1, max-image-preview:large, max-video-preview:-1\" \/>\n<link rel=\"canonical\" href=\"https:\/\/byc.qc.ca\/fr\/\" \/>\n<meta property=\"og:locale\" content=\"fr_FR\" \/>\n<meta property=\"og:type\" content=\"article\" \/>\n<meta property=\"og:title\" content=\"About Us | Yacht Club de Beaconsfield Yacht Club\" \/>\n<meta property=\"og:description\" content=\"[mk_page_section bg_image=&#8221;https:\/\/byc.qc.ca\/wp-content\/uploads\/2023\/12\/byc-harbour-2000&#215;800-1.jpg&#8221; attachment=&#8221;fixed&#8221; bg_position=&#8221;center center&#8221; bg_repeat=&#8221;no-repeat&#8221; bg_stretch=&#8221;true&#8221; video_color_mask=&#8221;#000000&#8243; video_opacity=&#8221;0.3&#8243; min_height=&#8221;300&#8243; full_width=&#8221;true&#8221; sidebar=&#8221;sidebar-1&#8243;][vc_column width=&#8221;1\/3&#8243;][mk_padding_divider size=&#8221;50&#8243;][\/vc_column][vc_column width=&#8221;1\/3&#8243;][\/vc_column][vc_column width=&#8221;1\/3&#8243;][mk_padding_divider size=&#8221;50&#8243;][\/vc_column][\/mk_page_section][mk_page_section][vc_column][vc_row_inner][vc_column_inner width=&#8221;1\/6&#8243;][mk_padding_divider][mk_button dimension=&#8221;flat&#8221; corner_style=&#8221;rounded&#8221; url=&#8221;https:\/\/byc.qc.ca\/fr\/services\/nourriture-boissons\/evenements\/&#8221; align=&#8221;center&#8221; button_custom_width=&#8221;250&#8243; bg_color=&#8221;#005e20&#8243; btn_hover_bg=&#8221;#eeee22&#8243; btn_hover_txt_color=&#8221;#000000&#8243;]\u00c9V\u00c9NEMENTS[\/mk_button][vc_single_image image=&#8221;6697&#8243; img_size=&#8221;medium&#8221; alignment=&#8221;center&#8221;][\/vc_column_inner][vc_column_inner width=&#8221;4\/6&#8243;][mk_fancy_title size=&#8221;40&#8243; font_weight=&#8221;bold&#8221; margin_bottom=&#8221;0&#8243; font_family=&#8221;none&#8221; align=&#8221;center&#8221;]Bienvenue au Yacht Club de Beaconsfield[\/mk_fancy_title][vc_column_text css=&#8221;.vc_custom_1690815037967{margin-bottom: 0px !important;}&#8221;]Le Yacht Club de Beaconsfield offre une vue imprenable sur le lac Saint-Louis. [&hellip;]\" \/>\n<meta property=\"og:url\" content=\"https:\/\/byc.qc.ca\/fr\/\" \/>\n<meta property=\"og:site_name\" content=\"Yacht Club de Beaconsfield Yacht Club\" \/>\n<meta property=\"article:modified_time\" content=\"2025-01-06T14:44:44+00:00\" \/>\n<meta name=\"twitter:card\" content=\"summary_large_image\" \/>\n<meta name=\"twitter:label1\" content=\"Dur\u00e9e de lecture estim\u00e9e\" \/>\n\t<meta name=\"twitter:data1\" content=\"3 minutes\" \/>\n<script type=\"application\/ld+json\" class=\"yoast-schema-graph\">{\"@context\":\"https:\/\/schema.org\",\"@graph\":[{\"@type\":\"WebPage\",\"@id\":\"https:\/\/byc.qc.ca\/fr\/\",\"url\":\"https:\/\/byc.qc.ca\/fr\/\",\"name\":\"About Us | Yacht Club de Beaconsfield Yacht Club\",\"isPartOf\":{\"@id\":\"https:\/\/byc.qc.ca\/#website\"},\"datePublished\":\"2022-01-30T22:55:22+00:00\",\"dateModified\":\"2025-01-06T14:44:44+00:00\",\"breadcrumb\":{\"@id\":\"https:\/\/byc.qc.ca\/fr\/#breadcrumb\"},\"inLanguage\":\"fr-FR\",\"potentialAction\":[{\"@type\":\"ReadAction\",\"target\":[\"https:\/\/byc.qc.ca\/fr\/\"]}]},{\"@type\":\"BreadcrumbList\",\"@id\":\"https:\/\/byc.qc.ca\/fr\/#breadcrumb\",\"itemListElement\":[{\"@type\":\"ListItem\",\"position\":1,\"name\":\"Home\",\"item\":\"https:\/\/byc.qc.ca\/fr\/\"},{\"@type\":\"ListItem\",\"position\":2,\"name\":\"About Us\"}]},{\"@type\":\"WebSite\",\"@id\":\"https:\/\/byc.qc.ca\/#website\",\"url\":\"https:\/\/byc.qc.ca\/\",\"name\":\"Yacht Club de Beaconsfield Yacht Club\",\"description\":\"Beaconsfield Yacht Club - Sailing on Lake St. Louis\",\"publisher\":{\"@id\":\"https:\/\/byc.qc.ca\/#organization\"},\"potentialAction\":[{\"@type\":\"SearchAction\",\"target\":{\"@type\":\"EntryPoint\",\"urlTemplate\":\"https:\/\/byc.qc.ca\/?s={search_term_string}\"},\"query-input\":{\"@type\":\"PropertyValueSpecification\",\"valueRequired\":true,\"valueName\":\"search_term_string\"}}],\"inLanguage\":\"fr-FR\"},{\"@type\":\"Organization\",\"@id\":\"https:\/\/byc.qc.ca\/#organization\",\"name\":\"Beaconsfield Yacht Club\",\"url\":\"https:\/\/byc.qc.ca\/\",\"logo\":{\"@type\":\"ImageObject\",\"inLanguage\":\"fr-FR\",\"@id\":\"https:\/\/byc.qc.ca\/#\/schema\/logo\/image\/\",\"url\":\"https:\/\/byc.qc.ca\/wp-content\/uploads\/2022\/02\/logo-byc-300x194-1.jpg\",\"contentUrl\":\"https:\/\/byc.qc.ca\/wp-content\/uploads\/2022\/02\/logo-byc-300x194-1.jpg\",\"width\":300,\"height\":194,\"caption\":\"Beaconsfield Yacht Club\"},\"image\":{\"@id\":\"https:\/\/byc.qc.ca\/#\/schema\/logo\/image\/\"}}]}<\/script>\n<!-- \/ Yoast SEO plugin. -->","yoast_head_json":{"title":"About Us | Yacht Club de Beaconsfield Yacht Club","robots":{"index":"index","follow":"follow","max-snippet":"max-snippet:-1","max-image-preview":"max-image-preview:large","max-video-preview":"max-video-preview:-1"},"canonical":"https:\/\/byc.qc.ca\/fr\/","og_locale":"fr_FR","og_type":"article","og_title":"About Us | Yacht Club de Beaconsfield Yacht Club","og_description":"[mk_page_section bg_image=&#8221;https:\/\/byc.qc.ca\/wp-content\/uploads\/2023\/12\/byc-harbour-2000&#215;800-1.jpg&#8221; attachment=&#8221;fixed&#8221; bg_position=&#8221;center center&#8221; bg_repeat=&#8221;no-repeat&#8221; bg_stretch=&#8221;true&#8221; video_color_mask=&#8221;#000000&#8243; video_opacity=&#8221;0.3&#8243; min_height=&#8221;300&#8243; full_width=&#8221;true&#8221; sidebar=&#8221;sidebar-1&#8243;][vc_column width=&#8221;1\/3&#8243;][mk_padding_divider size=&#8221;50&#8243;][\/vc_column][vc_column width=&#8221;1\/3&#8243;][\/vc_column][vc_column width=&#8221;1\/3&#8243;][mk_padding_divider size=&#8221;50&#8243;][\/vc_column][\/mk_page_section][mk_page_section][vc_column][vc_row_inner][vc_column_inner width=&#8221;1\/6&#8243;][mk_padding_divider][mk_button dimension=&#8221;flat&#8221; corner_style=&#8221;rounded&#8221; url=&#8221;https:\/\/byc.qc.ca\/fr\/services\/nourriture-boissons\/evenements\/&#8221; align=&#8221;center&#8221; button_custom_width=&#8221;250&#8243; bg_color=&#8221;#005e20&#8243; btn_hover_bg=&#8221;#eeee22&#8243; btn_hover_txt_color=&#8221;#000000&#8243;]\u00c9V\u00c9NEMENTS[\/mk_button][vc_single_image image=&#8221;6697&#8243; img_size=&#8221;medium&#8221; alignment=&#8221;center&#8221;][\/vc_column_inner][vc_column_inner width=&#8221;4\/6&#8243;][mk_fancy_title size=&#8221;40&#8243; font_weight=&#8221;bold&#8221; margin_bottom=&#8221;0&#8243; font_family=&#8221;none&#8221; align=&#8221;center&#8221;]Bienvenue au Yacht Club de Beaconsfield[\/mk_fancy_title][vc_column_text css=&#8221;.vc_custom_1690815037967{margin-bottom: 0px !important;}&#8221;]Le Yacht Club de Beaconsfield offre une vue imprenable sur le lac Saint-Louis. [&hellip;]","og_url":"https:\/\/byc.qc.ca\/fr\/","og_site_name":"Yacht Club de Beaconsfield Yacht Club","article_modified_time":"2025-01-06T14:44:44+00:00","twitter_card":"summary_large_image","twitter_misc":{"Dur\u00e9e de lecture estim\u00e9e":"3 minutes"},"schema":{"@context":"https:\/\/schema.org","@graph":[{"@type":"WebPage","@id":"https:\/\/byc.qc.ca\/fr\/","url":"https:\/\/byc.qc.ca\/fr\/","name":"About Us | Yacht Club de Beaconsfield Yacht Club","isPartOf":{"@id":"https:\/\/byc.qc.ca\/#website"},"datePublished":"2022-01-30T22:55:22+00:00","dateModified":"2025-01-06T14:44:44+00:00","breadcrumb":{"@id":"https:\/\/byc.qc.ca\/fr\/#breadcrumb"},"inLanguage":"fr-FR","potentialAction":[{"@type":"ReadAction","target":["https:\/\/byc.qc.ca\/fr\/"]}]},{"@type":"BreadcrumbList","@id":"https:\/\/byc.qc.ca\/fr\/#breadcrumb","itemListElement":[{"@type":"ListItem","position":1,"name":"Home","item":"https:\/\/byc.qc.ca\/fr\/"},{"@type":"ListItem","position":2,"name":"About Us"}]},{"@type":"WebSite","@id":"https:\/\/byc.qc.ca\/#website","url":"https:\/\/byc.qc.ca\/","name":"Yacht Club de Beaconsfield Yacht Club","description":"Beaconsfield Yacht Club - Sailing on Lake St. Louis","publisher":{"@id":"https:\/\/byc.qc.ca\/#organization"},"potentialAction":[{"@type":"SearchAction","target":{"@type":"EntryPoint","urlTemplate":"https:\/\/byc.qc.ca\/?s={search_term_string}"},"query-input":{"@type":"PropertyValueSpecification","valueRequired":true,"valueName":"search_term_string"}}],"inLanguage":"fr-FR"},{"@type":"Organization","@id":"https:\/\/byc.qc.ca\/#organization","name":"Beaconsfield Yacht Club","url":"https:\/\/byc.qc.ca\/","logo":{"@type":"ImageObject","inLanguage":"fr-FR","@id":"https:\/\/byc.qc.ca\/#\/schema\/logo\/image\/","url":"https:\/\/byc.qc.ca\/wp-content\/uploads\/2022\/02\/logo-byc-300x194-1.jpg","contentUrl":"https:\/\/byc.qc.ca\/wp-content\/uploads\/2022\/02\/logo-byc-300x194-1.jpg","width":300,"height":194,"caption":"Beaconsfield Yacht Club"},"image":{"@id":"https:\/\/byc.qc.ca\/#\/schema\/logo\/image\/"}}]}},"_links":{"self":[{"href":"https:\/\/byc.qc.ca\/fr\/wp-json\/wp\/v2\/pages\/5751","targetHints":{"allow":["GET"]}}],"collection":[{"href":"https:\/\/byc.qc.ca\/fr\/wp-json\/wp\/v2\/pages"}],"about":[{"href":"https:\/\/byc.qc.ca\/fr\/wp-json\/wp\/v2\/types\/page"}],"author":[{"embeddable":true,"href":"https:\/\/byc.qc.ca\/fr\/wp-json\/wp\/v2\/users\/1"}],"replies":[{"embeddable":true,"href":"https:\/\/byc.qc.ca\/fr\/wp-json\/wp\/v2\/comments?post=5751"}],"version-history":[{"count":209,"href":"https:\/\/byc.qc.ca\/fr\/wp-json\/wp\/v2\/pages\/5751\/revisions"}],"predecessor-version":[{"id":10481,"href":"https:\/\/byc.qc.ca\/fr\/wp-json\/wp\/v2\/pages\/5751\/revisions\/10481"}],"wp:attachment":[{"href":"https:\/\/byc.qc.ca\/fr\/wp-json\/wp\/v2\/media?parent=5751"}],"curies":[{"name":"wp","href":"https:\/\/api.w.org\/{rel}","templated":true}]}}