{"id":6381,"date":"2022-01-31T14:41:33","date_gmt":"2022-01-31T19:41:33","guid":{"rendered":"http:\/\/byc2022.com\/voile\/sailing-school\/"},"modified":"2026-01-28T17:24:51","modified_gmt":"2026-01-28T22:24:51","slug":"ecole-de-voile","status":"publish","type":"page","link":"https:\/\/byc.qc.ca\/fr\/voile\/ecole-de-voile\/","title":{"rendered":"\u00c9cole de voile"},"content":{"rendered":"<div class=\"wpb-content-wrapper\">[mk_page_section bg_image=&#8221;https:\/\/byc.qc.ca\/wp-content\/uploads\/2022\/01\/learn-to-sail-733&#215;524-1.jpg&#8221; bg_position=&#8221;center center&#8221; bg_stretch=&#8221;true&#8221; video_color_mask=&#8221;#000000&#8243; video_opacity=&#8221;0.4&#8243; min_height=&#8221;250&#8243; sidebar=&#8221;sidebar-1&#8243;][vc_column][mk_fancy_title tag_name=&#8221;h1&#8243; size=&#8221;50&#8243; font_weight=&#8221;bold&#8221; margin_top=&#8221;70&#8243; font_family=&#8221;none&#8221;]<span style=\"color: #ffffff;\">\u00c9cole de voile au YCB<\/span>[\/mk_fancy_title][\/vc_column][\/mk_page_section][vc_row][vc_column][mk_fancy_title size=&#8221;20&#8243; margin_top=&#8221;20&#8243; font_family=&#8221;none&#8221;]Notre \u00e9cole est une fen\u00eatre ouverte sur le monde passionant de la navigation \u00e0 voile. Notre organisation, \u00e0 but non-lucratif, offre un programme d&#8217;apprentissage certifi\u00e9 par Voile Canada pour les jeunes et les adultes. En plus d&#8217;apprendre \u00e0 naviguer dans un environement s\u00e9curitaire, un s\u00e9jour dans un de nos programmes permet d&#8217;\u00e9tablir des amiti\u00e9s durables, et de d\u00e9velopper ses aptitudes pour les activit\u00e9s de groupe. Lac, bateaux, instructeurs, tout y est pour passer du bon temps en pratiquant un des sports les plus excitants !<\/p>\n<p>Le Club de Yacht de Beaconsfield propose plusieurs programmes et cours de voile<span style=\"text-decoration: line-through;\">s<\/span> pour enfants et adolescents.[\/mk_fancy_title][vc_row_inner][vc_column_inner width=&#8221;5\/12&#8243;][vc_column_text css=&#8221;.vc_custom_1769620463472{margin-bottom: 0px !important;border-top-width: 1px !important;border-right-width: 1px !important;border-bottom-width: 1px !important;border-left-width: 1px !important;padding-top: 15px !important;padding-right: 15px !important;padding-bottom: 15px !important;padding-left: 15px !important;background-color: #EBEBEB !important;border-left-style: solid !important;border-right-style: solid !important;border-top-style: solid !important;border-bottom-style: solid !important;border-radius: 2px !important;border-color: #000000 !important;}&#8221;]<em><strong>Comment fonctionne l&#8217;\u00e9cole de voile.<br \/>\n<\/strong><\/em>Vous trouverez ci-dessous un lien vers le \u00ab Guide des parents pour l&#8217;\u00e9cole de voile \u00bb 2026.<br \/>\nCe guide a \u00e9t\u00e9 cr\u00e9\u00e9 afin d&#8217;assurer la s\u00e9curit\u00e9 et le plaisir de vos enfants. Veuillez prendre le temps de cliquer sur l&#8217;ic\u00f4ne .PDF et de t\u00e9l\u00e9charger la version compl\u00e8te, puis de prendre le temps de passer en revue les d\u00e9tails avec votre enfant.[\/vc_column_text][\/vc_column_inner][vc_column_inner width=&#8221;2\/12&#8243;][\/vc_column_inner][vc_column_inner width=&#8221;5\/12&#8243;][vc_column_text css=&#8221;.vc_custom_1769620102760{margin-bottom: 0px !important;border-top-width: 1px !important;border-right-width: 1px !important;border-bottom-width: 1px !important;border-left-width: 1px !important;padding-top: 15px !important;padding-right: 15px !important;padding-bottom: 15px !important;padding-left: 15px !important;background-color: #EBEBEB !important;border-left-style: solid !important;border-right-style: solid !important;border-top-style: solid !important;border-bottom-style: solid !important;border-radius: 2px !important;border-color: #000000 !important;}&#8221;]<span style=\"color: #005e20;\"><strong>\u5e06\u8239\u5b66\u6821\u7684\u8fd0\u4f5c\u7ba1\u7406<\/strong><\/span><\/p>\n<p>\u4ee5\u4e0b\u662f\u00a0<strong>2026 \u5e74\u7248\u300a\u5e06\u8239\u5b66\u6821\u5bb6\u957f\u6307\u5357\u300b<\/strong>\u00a0\u7684\u94fe\u63a5\u3002<\/p>\n<p>\u672c\u6307\u5357\u65e8\u5728\u786e\u4fdd\u60a8\u7684\u5b69\u5b50\u7684<strong>\u5b89\u5168\u548c\u4e50\u8da3<\/strong>\u3002<br \/>\n\u8bf7\u60a8\u70b9\u51fb\u00a0<strong>PDF \u56fe\u6807<\/strong>\u00a0\u6765\u4e0b\u8f7d\u5b8c\u6574\u7248\u672c\uff0c\u5e76\u4e0e\u60a8\u7684\u5b69\u5b50\u4e00\u8d77\u4ed4\u7ec6\u9605\u8bfb\u5176\u4e2d\u7684\u5185\u5bb9\u3002[\/vc_column_text][\/vc_column_inner][\/vc_row_inner][vc_row_inner][vc_column_inner width=&#8221;1\/2&#8243;][mk_padding_divider size=&#8221;25&#8243;][vc_column_text css=&#8221;.vc_custom_1769620721656{margin-bottom: 0px !important;}&#8221;]<span style=\"color: #005e20;\"><strong>Dates limites et annulations<\/strong><\/span><\/p>\n<p>Votre inscription sera confirm\u00e9e d\u00e8s r\u00e9ception du paiement int\u00e9gral des frais et du formulaire d&#8217;inscription d\u00fbment rempli. Apr\u00e8s le 25 mai 2026, les remboursements seront soumis \u00e0 des frais administratifs de 200 $. Aucun remboursement ne sera effectu\u00e9 apr\u00e8s le 24 juin. Aucun remboursement partiel ne sera accord\u00e9 si votre enfant abandonne ou est absent pendant une partie d&#8217;une session.[\/vc_column_text][\/vc_column_inner][vc_column_inner width=&#8221;1\/2&#8243;][mk_padding_divider size=&#8221;25&#8243;][vc_column_text css=&#8221;.vc_custom_1769620766678{margin-bottom: 0px !important;}&#8221;]\n<p class=\"font7\"><span style=\"color: #005e20;\"><strong>\u622a\u6b62\u65e5\u671f\u548c\u53d6\u6d88<\/strong><\/span><\/p>\n<p>2026 \u5e74 5 \u6708 25 \u65e5\u4e4b\u540e\u7533\u8bf7\u9000\u6b3e\u5c06\u6536\u53d6 <strong>200 <\/strong><strong>\u52a0\u5143<\/strong> \u7684\u884c\u653f\u8d39\u7528\u30026 \u6708 22 \u65e5\u4e4b\u540e\u6216\u8bfe\u7a0b\u5f00\u59cb\u540e\u5c06\u4e0d\u518d\u63d0\u4f9b\u4efb\u4f55\u9000\u6b3e\u3002\u5982\u5b69\u5b50\u4e2d\u9014\u9000\u8bfe\u6216\u90e8\u5206\u7f3a\u52e4\uff0c\u6055\u4e0d\u63d0\u4f9b\u90e8\u5206\u9000\u6b3e\u3002[\/vc_column_text][\/vc_column_inner][\/vc_row_inner][vc_row_inner][vc_column_inner width=&#8221;1\/2&#8243;][mk_padding_divider size=&#8221;25&#8243;][vc_column_text align=&#8221;center&#8221; css=&#8221;.vc_custom_1769621622342{margin-bottom: 0px !important;}&#8221;]\n<p style=\"text-align: center;\"><a href=\"https:\/\/byc.qc.ca\/wp-content\/uploads\/2026\/01\/byc_2026-parents-guide-fr_final.pdf\" target=\"_blank\" rel=\"noopener\"><strong>Guide des parents pour l&#8217;\u00e9cole de voile<\/strong><\/a><\/p>\n[\/vc_column_text][vc_single_image image=&#8221;6503&#8243; img_size=&#8221;200&#215;200&#8243; alignment=&#8221;center&#8221; onclick=&#8221;custom_link&#8221; img_link_target=&#8221;_blank&#8221; css=&#8221;&#8221; link=&#8221;https:\/\/byc.qc.ca\/wp-content\/uploads\/2026\/01\/byc_2026-parents-guide-fr_final.pdf&#8221;][vc_column_text css=&#8221;.vc_custom_1769622016334{margin-bottom: 0px !important;}&#8221;]<span style=\"color: #005e20;\"><strong> Ce qu&#8217;il faut envoyer avec chaque \u00e9l\u00e8ve<\/strong><\/span><br \/>\nPour garantir \u00e0 votre marin une exp\u00e9rience s\u00fbre et confortable, un certain \u00e9quipement et une certaine pr\u00e9paration sont n\u00e9cessaires. Tous les \u00e9l\u00e8ves doivent apporter les articles suivants : Gilet de sauvetage de taille appropri\u00e9e, approuv\u00e9 au Canada. Des v\u00eatements adapt\u00e9s aux pr\u00e9visions m\u00e9t\u00e9orologiques (veste, imperm\u00e9able si n\u00e9cessaire) Des v\u00eatements de rechange secs (au cas o\u00f9) Maillot de bain, serviette, chapeau, cr\u00e8me solaire, lunettes de soleil. Des chaussures adapt\u00e9es (chaussures ferm\u00e9es pouvant \u00eatre mouill\u00e9es) Pour des raisons de s\u00e9curit\u00e9, les tongs ne sont pas autoris\u00e9es. Une bouteille d&#8217;eau.[\/vc_column_text][vc_column_text css=&#8221;.vc_custom_1769621942686{margin-bottom: 0px !important;}&#8221;]<span style=\"color: #005e20;\"><strong>\u6bcf\u4f4d\u5b66\u5458\u9700\u643a\u5e26\u7684\u7269\u54c1<\/strong><\/span><br \/>\n\u4e3a\u786e\u4fdd\u60a8\u7684\u5b69\u5b50\u7ecf\u5386\u4e00\u4e2a\u5b89\u5168\u548c\u8212\u9002\u7684\u5e06\u8239\u57f9\u8bad\u8fc7\u7a0b\uff0c\u5bb6\u957f\u4eec\u9700\u8981\u505a\u597d\u76f8\u5e94\u7684\u51c6\u5907\u5de5\u4f5c\u3002\u6240\u6709\u5b66\u5458\u5fc5\u987b\u643a\u5e26\u4ee5\u4e0b\u7269\u54c1\uff1a<\/p>\n<ul>\n<li>\u9002\u5f53\u5c3a\u5bf8\u3001\u7b26\u5408\u52a0\u62ff\u5927\u8ba4\u8bc1\u6807\u51c6\u7684\u6551\u751f\u8863<\/li>\n<li>\u6839\u636e\u5929\u6c14\u9884\u62a5\u51c6\u5907\u9002\u5f53\u7684\u8863\u7269\uff08\u5916\u5957\u3001\u96e8\u5177\u5982\u6709\u9700\u8981\uff09<\/li>\n<li>\u4e00\u5957\u5e72\u51c0\u7684\u66ff\u6362\u8863\u7269\uff08\u4ee5\u5907\u4e0d\u65f6\u4e4b\u9700\uff09<\/li>\n<li>\u6cf3\u8863\u3001\u6d74\u5dfe\u3001\u592a\u9633\u5e3d<\/li>\n<li>\u9632\u6652\u971c\u3001\u592a\u9633\u955c<\/li>\n<li>\u9002\u5f53\u7684\u978b\u5b50\uff08\u5305\u5934\u4e0d\u6f0f\u811a\u8dbe\u3001\u9632\u6c34\u6216\u53ef\u88ab\u6253\u6e7f\u7684\u978b\uff09<\/li>\n<\/ul>\n<p><em>\u51fa\u4e8e\u5b89\u5168\u539f\u56e0\uff0c\u4e0d\u5141\u8bb8\u7a7f\u4eba\u5b57\u62d6\u978b<\/em><\/p>\n<ul>\n<li>\u6c34\u58f6<\/li>\n<\/ul>\n[\/vc_column_text][\/vc_column_inner][vc_column_inner width=&#8221;1\/2&#8243;][mk_padding_divider size=&#8221;25&#8243;][vc_column_text css=&#8221;.vc_custom_1769621319247{margin-bottom: 0px !important;}&#8221;]\n<p style=\"text-align: center;\"><strong><a href=\"https:\/\/byc.qc.ca\/wp-content\/uploads\/2026\/01\/byc_2026-parents-guide-chinese_final.pdf\" target=\"_blank\" rel=\"noopener\"><span style=\"color: #005e20;\">\u5bb6\u9577\u822a\u6d77\u5b78\u6821\u6307\u5357<\/span><\/a><\/strong><\/p>\n[\/vc_column_text][vc_single_image image=&#8221;6503&#8243; img_size=&#8221;200&#215;200&#8243; alignment=&#8221;center&#8221; onclick=&#8221;custom_link&#8221; img_link_target=&#8221;_blank&#8221; css=&#8221;&#8221; link=&#8221;https:\/\/byc.qc.ca\/wp-content\/uploads\/2026\/01\/byc_2026-parents-guide-chinese_final.pdf&#8221;][vc_column_text css=&#8221;.vc_custom_1769622060117{margin-bottom: 0px !important;}&#8221;]<span style=\"color: #005e20;\"><strong> Code de conduite des marins<\/strong><\/span><br \/>\nLe Beaconsfield Yacht Club s&#8217;engage \u00e0 offrir les meilleurs programmes de formation possibles. En contrepartie, les membres et la direction du BYC attendent un engagement de la part de tous les \u00e9tudiants participants. Chaque \u00e9tudiant est tenu de traiter le mat\u00e9riel et les biens du club avec soin, comme s&#8217;ils lui appartenaient, et d&#8217;adopter en permanence un comportement appropri\u00e9. Le BYC se r\u00e9serve le droit de refuser l&#8217;inscription d&#8217;\u00e9tudiants dont la participation perturberait le cours et nuirait \u00e0 l&#8217;enseignement des autres \u00e9tudiants. Pour des raisons de s\u00e9curit\u00e9, les \u00e9tudiants ne doivent pas quitter les locaux du club. Les \u00e9tudiants s&#8217;exposent \u00e0 une expulsion (sans remboursement) s&#8217;ils refusent de respecter cette r\u00e8gle sp\u00e9cifique.[\/vc_column_text][vc_column_text css=&#8221;.vc_custom_1769621968285{margin-bottom: 0px !important;}&#8221;]<span style=\"color: #005e20;\"><strong>\u5b66\u5458\u884c\u4e3a\u5b88\u5219<\/strong><\/span><br \/>\nBeaconsfield\u5e06\u8239\u4ff1\u4e50\u90e8 \uff08BYC\uff09\u81f4\u529b\u4e8e\u63d0\u4f9b\u6700\u4f18\u8d28\u7684\u57f9\u8bad\u8bfe\u7a0b\u3002BYC \u7684\u4f1a\u5458\u53ca\u7ba1\u7406\u5c42\u4e5f\u540c\u65f6\u671f\u671b\u6240\u6709\u5b66\u5458\u7684\u8ba4\u771f\u534f\u4f5c\u548c\u627f\u8bfa\u3002\u6bcf\u4f4d\u5b66\u5458\u90fd\u5e94\u50cf\u5bf9\u5f85\u81ea\u5df1\u7684\u7269\u54c1\u4e00\u6837\u7231\u62a4\u4ff1\u4e50\u90e8\u7684\u8bbe\u5907\u548c\u8d22\u4ea7\uff0c\u5e76\u59cb\u7ec8\u4fdd\u6301\u826f\u597d\u3001\u6070\u5f53\u7684\u884c\u4e3a\u4e3e\u6b62\u3002BYC \u4fdd\u7559\u6211\u4eec\u7684\u6743\u5229\u62d2\u7edd\u63a5\u6536\u6211\u4eec\u8ba4\u4e3a\u53ef\u80fd\u6270\u4e71\u8bfe\u7a0b\u79e9\u5e8f\u6216\u5f71\u54cd\u5176\u4ed6\u5b66\u5458\u5b66\u4e60\u7684\u5b66\u751f\u3002\u51fa\u4e8e\u5b89\u5168\u539f\u56e0\uff0c\u5b66\u5458\u4e0d\u5f97\u64c5\u81ea\u79bb\u5f00\u4ff1\u4e50\u90e8\u573a\u5730\u3002\u5982\u8fdd\u53cd\u6b64\u89c4\u5b9a\uff0c\u5b66\u5458\u53ef\u80fd\u88ab\u53d6\u6d88\u8d44\u683c\u5e76\u88ab\u9063\u8fd4\uff0c\u4e14\u4e0d\u4e88\u9000\u6b3e\u3002[\/vc_column_text][\/vc_column_inner][vc_column_inner][\/vc_column_inner][vc_column_inner][mk_button dimension=&#8221;flat&#8221; corner_style=&#8221;rounded&#8221; size=&#8221;large&#8221; url=&#8221;https:\/\/byc.qc.ca\/fr\/voile\/ecole-de-voile\/details-ecole\/&#8221; align=&#8221;center&#8221; button_custom_width=&#8221;400&#8243; bg_color=&#8221;#005e20&#8243; btn_hover_bg=&#8221;#eeee22&#8243;]Choisissez votre cours et acc\u00e9dez \u00e0 l&#8217;inscription[\/mk_button][\/vc_column_inner][\/vc_row_inner][vc_separator border_width=&#8221;2&#8243; css=&#8221;&#8221;][vc_row_inner][vc_column_inner width=&#8221;2\/12&#8243;][\/vc_column_inner][vc_column_inner width=&#8221;4\/12&#8243;][\/vc_column_inner][vc_column_inner width=&#8221;2\/12&#8243;][\/vc_column_inner][\/vc_row_inner][vc_row_inner][vc_column_inner width=&#8221;4\/12&#8243;][\/vc_column_inner][vc_column_inner width=&#8221;2\/12&#8243;][\/vc_column_inner][vc_column_inner width=&#8221;4\/12&#8243;][\/vc_column_inner][\/vc_row_inner][vc_row_inner][vc_column_inner width=&#8221;4\/12&#8243;][\/vc_column_inner][vc_column_inner width=&#8221;2\/12&#8243;][\/vc_column_inner][vc_column_inner width=&#8221;4\/12&#8243;][\/vc_column_inner][vc_column_inner width=&#8221;2\/12&#8243;][\/vc_column_inner][\/vc_row_inner][vc_row_inner][vc_column_inner width=&#8221;4\/12&#8243;][\/vc_column_inner][vc_column_inner width=&#8221;2\/12&#8243;][\/vc_column_inner][vc_column_inner width=&#8221;4\/12&#8243;][\/vc_column_inner][vc_column_inner width=&#8221;2\/12&#8243;][\/vc_column_inner][\/vc_row_inner][\/vc_column][\/vc_row][vc_row][vc_column][\/vc_column][\/vc_row]\n<\/div>","protected":false},"excerpt":{"rendered":"<p>[mk_page_section bg_image=&#8221;https:\/\/byc.qc.ca\/wp-content\/uploads\/2022\/01\/learn-to-sail-733&#215;524-1.jpg&#8221; bg_position=&#8221;center center&#8221; bg_stretch=&#8221;true&#8221; video_color_mask=&#8221;#000000&#8243; video_opacity=&#8221;0.4&#8243; min_height=&#8221;250&#8243; sidebar=&#8221;sidebar-1&#8243;][vc_column][mk_fancy_title tag_name=&#8221;h1&#8243; size=&#8221;50&#8243; font_weight=&#8221;bold&#8221; margin_top=&#8221;70&#8243; font_family=&#8221;none&#8221;]\u00c9cole de voile au YCB[\/mk_fancy_title][\/vc_column][\/mk_page_section][vc_row][vc_column][mk_fancy_title size=&#8221;20&#8243; margin_top=&#8221;20&#8243; font_family=&#8221;none&#8221;]Notre \u00e9cole est une fen\u00eatre ouverte sur le monde passionant de la navigation \u00e0 voile. Notre organisation, \u00e0 but non-lucratif, offre un programme d&#8217;apprentissage certifi\u00e9 par Voile Canada pour les jeunes et les adultes. En [&hellip;]<\/p>\n","protected":false},"author":1,"featured_media":0,"parent":5673,"menu_order":0,"comment_status":"closed","ping_status":"closed","template":"","meta":{"footnotes":""},"class_list":["post-6381","page","type-page","status-publish","hentry"],"yoast_head":"<!-- This site is optimized with the Yoast SEO plugin v27.2 - https:\/\/yoast.com\/product\/yoast-seo-wordpress\/ -->\n<title>\u00c9cole de voile | Yacht Club de Beaconsfield Yacht Club<\/title>\n<meta name=\"robots\" content=\"index, follow, max-snippet:-1, max-image-preview:large, max-video-preview:-1\" \/>\n<link rel=\"canonical\" href=\"https:\/\/byc.qc.ca\/fr\/voile\/ecole-de-voile\/\" \/>\n<meta property=\"og:locale\" content=\"fr_FR\" \/>\n<meta property=\"og:type\" content=\"article\" \/>\n<meta property=\"og:title\" content=\"\u00c9cole de voile | Yacht Club de Beaconsfield Yacht Club\" \/>\n<meta property=\"og:description\" content=\"[mk_page_section bg_image=&#8221;https:\/\/byc.qc.ca\/wp-content\/uploads\/2022\/01\/learn-to-sail-733&#215;524-1.jpg&#8221; bg_position=&#8221;center center&#8221; bg_stretch=&#8221;true&#8221; video_color_mask=&#8221;#000000&#8243; video_opacity=&#8221;0.4&#8243; min_height=&#8221;250&#8243; sidebar=&#8221;sidebar-1&#8243;][vc_column][mk_fancy_title tag_name=&#8221;h1&#8243; size=&#8221;50&#8243; font_weight=&#8221;bold&#8221; margin_top=&#8221;70&#8243; font_family=&#8221;none&#8221;]\u00c9cole de voile au YCB[\/mk_fancy_title][\/vc_column][\/mk_page_section][vc_row][vc_column][mk_fancy_title size=&#8221;20&#8243; margin_top=&#8221;20&#8243; font_family=&#8221;none&#8221;]Notre \u00e9cole est une fen\u00eatre ouverte sur le monde passionant de la navigation \u00e0 voile. Notre organisation, \u00e0 but non-lucratif, offre un programme d&#8217;apprentissage certifi\u00e9 par Voile Canada pour les jeunes et les adultes. En [&hellip;]\" \/>\n<meta property=\"og:url\" content=\"https:\/\/byc.qc.ca\/fr\/voile\/ecole-de-voile\/\" \/>\n<meta property=\"og:site_name\" content=\"Yacht Club de Beaconsfield Yacht Club\" \/>\n<meta property=\"article:modified_time\" content=\"2026-01-28T22:24:51+00:00\" \/>\n<meta name=\"twitter:card\" content=\"summary_large_image\" \/>\n<meta name=\"twitter:label1\" content=\"Dur\u00e9e de lecture estim\u00e9e\" \/>\n\t<meta name=\"twitter:data1\" content=\"4 minutes\" \/>\n<script type=\"application\/ld+json\" class=\"yoast-schema-graph\">{\"@context\":\"https:\/\/schema.org\",\"@graph\":[{\"@type\":\"WebPage\",\"@id\":\"https:\/\/byc.qc.ca\/fr\/voile\/ecole-de-voile\/\",\"url\":\"https:\/\/byc.qc.ca\/fr\/voile\/ecole-de-voile\/\",\"name\":\"\u00c9cole de voile | Yacht Club de Beaconsfield Yacht Club\",\"isPartOf\":{\"@id\":\"https:\/\/byc.qc.ca\/#website\"},\"datePublished\":\"2022-01-31T19:41:33+00:00\",\"dateModified\":\"2026-01-28T22:24:51+00:00\",\"breadcrumb\":{\"@id\":\"https:\/\/byc.qc.ca\/fr\/voile\/ecole-de-voile\/#breadcrumb\"},\"inLanguage\":\"fr-FR\",\"potentialAction\":[{\"@type\":\"ReadAction\",\"target\":[\"https:\/\/byc.qc.ca\/fr\/voile\/ecole-de-voile\/\"]}]},{\"@type\":\"BreadcrumbList\",\"@id\":\"https:\/\/byc.qc.ca\/fr\/voile\/ecole-de-voile\/#breadcrumb\",\"itemListElement\":[{\"@type\":\"ListItem\",\"position\":1,\"name\":\"Home\",\"item\":\"https:\/\/byc.qc.ca\/fr\/\"},{\"@type\":\"ListItem\",\"position\":2,\"name\":\"Voile\",\"item\":\"https:\/\/byc.qc.ca\/fr\/voile\/\"},{\"@type\":\"ListItem\",\"position\":3,\"name\":\"\u00c9cole de voile\"}]},{\"@type\":\"WebSite\",\"@id\":\"https:\/\/byc.qc.ca\/#website\",\"url\":\"https:\/\/byc.qc.ca\/\",\"name\":\"Yacht Club de Beaconsfield Yacht Club\",\"description\":\"Beaconsfield Yacht Club - Sailing on Lake St. Louis\",\"publisher\":{\"@id\":\"https:\/\/byc.qc.ca\/#organization\"},\"potentialAction\":[{\"@type\":\"SearchAction\",\"target\":{\"@type\":\"EntryPoint\",\"urlTemplate\":\"https:\/\/byc.qc.ca\/?s={search_term_string}\"},\"query-input\":{\"@type\":\"PropertyValueSpecification\",\"valueRequired\":true,\"valueName\":\"search_term_string\"}}],\"inLanguage\":\"fr-FR\"},{\"@type\":\"Organization\",\"@id\":\"https:\/\/byc.qc.ca\/#organization\",\"name\":\"Beaconsfield Yacht Club\",\"url\":\"https:\/\/byc.qc.ca\/\",\"logo\":{\"@type\":\"ImageObject\",\"inLanguage\":\"fr-FR\",\"@id\":\"https:\/\/byc.qc.ca\/#\/schema\/logo\/image\/\",\"url\":\"https:\/\/byc.qc.ca\/wp-content\/uploads\/2022\/02\/logo-byc-300x194-1.jpg\",\"contentUrl\":\"https:\/\/byc.qc.ca\/wp-content\/uploads\/2022\/02\/logo-byc-300x194-1.jpg\",\"width\":300,\"height\":194,\"caption\":\"Beaconsfield Yacht Club\"},\"image\":{\"@id\":\"https:\/\/byc.qc.ca\/#\/schema\/logo\/image\/\"}}]}<\/script>\n<!-- \/ Yoast SEO plugin. -->","yoast_head_json":{"title":"\u00c9cole de voile | Yacht Club de Beaconsfield Yacht Club","robots":{"index":"index","follow":"follow","max-snippet":"max-snippet:-1","max-image-preview":"max-image-preview:large","max-video-preview":"max-video-preview:-1"},"canonical":"https:\/\/byc.qc.ca\/fr\/voile\/ecole-de-voile\/","og_locale":"fr_FR","og_type":"article","og_title":"\u00c9cole de voile | Yacht Club de Beaconsfield Yacht Club","og_description":"[mk_page_section bg_image=&#8221;https:\/\/byc.qc.ca\/wp-content\/uploads\/2022\/01\/learn-to-sail-733&#215;524-1.jpg&#8221; bg_position=&#8221;center center&#8221; bg_stretch=&#8221;true&#8221; video_color_mask=&#8221;#000000&#8243; video_opacity=&#8221;0.4&#8243; min_height=&#8221;250&#8243; sidebar=&#8221;sidebar-1&#8243;][vc_column][mk_fancy_title tag_name=&#8221;h1&#8243; size=&#8221;50&#8243; font_weight=&#8221;bold&#8221; margin_top=&#8221;70&#8243; font_family=&#8221;none&#8221;]\u00c9cole de voile au YCB[\/mk_fancy_title][\/vc_column][\/mk_page_section][vc_row][vc_column][mk_fancy_title size=&#8221;20&#8243; margin_top=&#8221;20&#8243; font_family=&#8221;none&#8221;]Notre \u00e9cole est une fen\u00eatre ouverte sur le monde passionant de la navigation \u00e0 voile. Notre organisation, \u00e0 but non-lucratif, offre un programme d&#8217;apprentissage certifi\u00e9 par Voile Canada pour les jeunes et les adultes. En [&hellip;]","og_url":"https:\/\/byc.qc.ca\/fr\/voile\/ecole-de-voile\/","og_site_name":"Yacht Club de Beaconsfield Yacht Club","article_modified_time":"2026-01-28T22:24:51+00:00","twitter_card":"summary_large_image","twitter_misc":{"Dur\u00e9e de lecture estim\u00e9e":"4 minutes"},"schema":{"@context":"https:\/\/schema.org","@graph":[{"@type":"WebPage","@id":"https:\/\/byc.qc.ca\/fr\/voile\/ecole-de-voile\/","url":"https:\/\/byc.qc.ca\/fr\/voile\/ecole-de-voile\/","name":"\u00c9cole de voile | Yacht Club de Beaconsfield Yacht Club","isPartOf":{"@id":"https:\/\/byc.qc.ca\/#website"},"datePublished":"2022-01-31T19:41:33+00:00","dateModified":"2026-01-28T22:24:51+00:00","breadcrumb":{"@id":"https:\/\/byc.qc.ca\/fr\/voile\/ecole-de-voile\/#breadcrumb"},"inLanguage":"fr-FR","potentialAction":[{"@type":"ReadAction","target":["https:\/\/byc.qc.ca\/fr\/voile\/ecole-de-voile\/"]}]},{"@type":"BreadcrumbList","@id":"https:\/\/byc.qc.ca\/fr\/voile\/ecole-de-voile\/#breadcrumb","itemListElement":[{"@type":"ListItem","position":1,"name":"Home","item":"https:\/\/byc.qc.ca\/fr\/"},{"@type":"ListItem","position":2,"name":"Voile","item":"https:\/\/byc.qc.ca\/fr\/voile\/"},{"@type":"ListItem","position":3,"name":"\u00c9cole de voile"}]},{"@type":"WebSite","@id":"https:\/\/byc.qc.ca\/#website","url":"https:\/\/byc.qc.ca\/","name":"Yacht Club de Beaconsfield Yacht Club","description":"Beaconsfield Yacht Club - Sailing on Lake St. Louis","publisher":{"@id":"https:\/\/byc.qc.ca\/#organization"},"potentialAction":[{"@type":"SearchAction","target":{"@type":"EntryPoint","urlTemplate":"https:\/\/byc.qc.ca\/?s={search_term_string}"},"query-input":{"@type":"PropertyValueSpecification","valueRequired":true,"valueName":"search_term_string"}}],"inLanguage":"fr-FR"},{"@type":"Organization","@id":"https:\/\/byc.qc.ca\/#organization","name":"Beaconsfield Yacht Club","url":"https:\/\/byc.qc.ca\/","logo":{"@type":"ImageObject","inLanguage":"fr-FR","@id":"https:\/\/byc.qc.ca\/#\/schema\/logo\/image\/","url":"https:\/\/byc.qc.ca\/wp-content\/uploads\/2022\/02\/logo-byc-300x194-1.jpg","contentUrl":"https:\/\/byc.qc.ca\/wp-content\/uploads\/2022\/02\/logo-byc-300x194-1.jpg","width":300,"height":194,"caption":"Beaconsfield Yacht Club"},"image":{"@id":"https:\/\/byc.qc.ca\/#\/schema\/logo\/image\/"}}]}},"_links":{"self":[{"href":"https:\/\/byc.qc.ca\/fr\/wp-json\/wp\/v2\/pages\/6381","targetHints":{"allow":["GET"]}}],"collection":[{"href":"https:\/\/byc.qc.ca\/fr\/wp-json\/wp\/v2\/pages"}],"about":[{"href":"https:\/\/byc.qc.ca\/fr\/wp-json\/wp\/v2\/types\/page"}],"author":[{"embeddable":true,"href":"https:\/\/byc.qc.ca\/fr\/wp-json\/wp\/v2\/users\/1"}],"replies":[{"embeddable":true,"href":"https:\/\/byc.qc.ca\/fr\/wp-json\/wp\/v2\/comments?post=6381"}],"version-history":[{"count":74,"href":"https:\/\/byc.qc.ca\/fr\/wp-json\/wp\/v2\/pages\/6381\/revisions"}],"predecessor-version":[{"id":12133,"href":"https:\/\/byc.qc.ca\/fr\/wp-json\/wp\/v2\/pages\/6381\/revisions\/12133"}],"up":[{"embeddable":true,"href":"https:\/\/byc.qc.ca\/fr\/wp-json\/wp\/v2\/pages\/5673"}],"wp:attachment":[{"href":"https:\/\/byc.qc.ca\/fr\/wp-json\/wp\/v2\/media?parent=6381"}],"curies":[{"name":"wp","href":"https:\/\/api.w.org\/{rel}","templated":true}]}}