{"id":6406,"date":"2022-01-30T16:32:03","date_gmt":"2022-01-30T21:32:03","guid":{"rendered":"http:\/\/byc2022.com\/membership\/"},"modified":"2026-01-10T09:36:22","modified_gmt":"2026-01-10T14:36:22","slug":"adhesion","status":"publish","type":"page","link":"https:\/\/byc.qc.ca\/fr\/adhesion\/","title":{"rendered":"ADH\u00c9SION"},"content":{"rendered":"<div class=\"wpb-content-wrapper\">[mk_page_section bg_image=&#8221;https:\/\/byc.qc.ca\/wp-content\/uploads\/2022\/01\/byc-membership-1000&#215;246-1.jpg&#8221; bg_position=&#8221;center center&#8221; bg_stretch=&#8221;true&#8221; video_color_mask=&#8221;#000000&#8243; video_opacity=&#8221;0.4&#8243; min_height=&#8221;250&#8243; sidebar=&#8221;sidebar-1&#8243;][vc_column][mk_fancy_title size=&#8221;50&#8243; font_weight=&#8221;bold&#8221; margin_top=&#8221;70&#8243; font_family=&#8221;none&#8221;]<span style=\"color: #ffffff;\">Joignez-vous au Yacht Club de Beaconsfield &#8211; 2025<\/span>[\/mk_fancy_title][\/vc_column][\/mk_page_section][vc_row][vc_column][vc_row_inner][vc_column_inner width=&#8221;3\/4&#8243;][mk_fancy_title tag_name=&#8221;h1&#8243; size=&#8221;20&#8243; font_weight=&#8221;bold&#8221; margin_top=&#8221;20&#8243; margin_bottom=&#8221;0&#8243; font_family=&#8221;none&#8221;]<span style=\"color: #005e20;\">Adh\u00e9sion au Yacht Club de Beaconsfield<\/span>[\/mk_fancy_title][vc_column_text css=&#8221;.vc_custom_1690818819293{margin-bottom: 0px !important;}&#8221;]<span style=\"font-weight: 400;\">Le club est un endroit accueillant et s\u00e9curitaire pour tous ses membres, tant pour les novices que pour les marins plus exp\u00e9riment\u00e9s. Le club compte environ 160 membres seniors et 50 membres associ\u00e9s et juniors. Que vous poss\u00e9diez un bateau ou non, il est possible de devenir membre. L\u2019adh\u00e9sion vous donne acc\u00e8s aux d\u00e9riveurs du club hors des heures de cours et l\u2019opportunit\u00e9, si la course vous int\u00e9resse, de vous joindre \u00e0 un \u00e9quipage pour participer \u00e0 nos r\u00e9gates.<\/span>[\/vc_column_text][\/vc_column_inner][vc_column_inner width=&#8221;1\/4&#8243;][mk_padding_divider size=&#8221;45&#8243;][mk_button dimension=&#8221;flat&#8221; url=&#8221;https:\/\/byc.qc.ca\/fr\/enregistrer\/&#8221; align=&#8221;center&#8221; button_custom_width=&#8221;250&#8243; bg_color=&#8221;#005e20&#8243; btn_hover_bg=&#8221;#eeee22&#8243; btn_hover_txt_color=&#8221;#000000&#8243;]ENREGISTREMENT[\/mk_button][mk_fancy_title size=&#8221;15&#8243; margin_bottom=&#8221;0&#8243; font_family=&#8221;none&#8221; align=&#8221;center&#8221;]Pour consulter la section<br \/>\n<span style=\"color: #005e20;\"><strong>R\u00c9SERV\u00c9 AUX MEMBRES<\/strong><\/span><br \/>\nvous devez d&#8217;abord vous enregistrer.[\/mk_fancy_title][\/vc_column_inner][\/vc_row_inner][\/vc_column][\/vc_row][vc_row][vc_column width=&#8221;1\/6&#8243;][vc_single_image image=&#8221;5885&#8243; img_size=&#8221;full&#8221; alignment=&#8221;center&#8221;][\/vc_column][vc_column width=&#8221;4\/6&#8243;][vc_column_text css=&#8221;.vc_custom_1690819162066{margin-bottom: 0px !important;}&#8221;]\n<h3><span style=\"color: #005e20;\"><strong>Qu&#8217;est-ce qu&#8217;un membre s\u00e9nior?<\/strong><\/span><\/h3>\n<p><span style=\"font-weight: 400;\">Les membres s\u00e9niors sont les propri\u00e9taires d\u2019embarcation dont la demande d\u2019adh\u00e9sion a \u00e9t\u00e9 approuv\u00e9e par le Comit\u00e9 de s\u00e9lection et dont les comptes ne sont pas en souffrance. Est consid\u00e9r\u00e9 comme propri\u00e9taire d\u2019embarcation un individu qui paye une cotisation annuelle pour un mouillage, une place \u00e0 quai ou pour une embarcation remis\u00e9e \u00e0 sec.<\/span>[\/vc_column_text][\/vc_column][vc_column width=&#8221;1\/6&#8243;][mk_padding_divider size=&#8221;45&#8243;][mk_button dimension=&#8221;flat&#8221; corner_style=&#8221;rounded&#8221; size=&#8221;medium&#8221; url=&#8221;https:\/\/byc.qc.ca\/wp-content\/uploads\/2026\/01\/byc_2026_senior-fr.pdf&#8221; target=&#8221;_blank&#8221; align=&#8221;center&#8221; button_custom_width=&#8221;200&#8243; bg_color=&#8221;#005e20&#8243; btn_hover_bg=&#8221;#eeee22&#8243; btn_hover_txt_color=&#8221;#000000&#8243;]Formulaire de candidature s\u00e9nior 2026[\/mk_button][\/vc_column][\/vc_row][vc_row][vc_column width=&#8221;1\/6&#8243;][vc_single_image image=&#8221;6257&#8243; img_size=&#8221;full&#8221; alignment=&#8221;center&#8221;][\/vc_column][vc_column width=&#8221;4\/6&#8243;][vc_column_text css=&#8221;.vc_custom_1690820266079{margin-bottom: 0px !important;}&#8221;]\n<h3><b>Membre associ\u00e9(e)<\/b><\/h3>\n<p><span style=\"font-weight: 400;\">Est membre associ\u00e9 un individu qui n\u2019est pas propri\u00e9taire d\u2019un bateau dont la demande d\u2019adh\u00e9sion a \u00e9t\u00e9 approuv\u00e9e par le Comit\u00e9 de s\u00e9lection et dont les frais de cotisation ne sont pas en souffrance. Pour \u00eatre membre associ\u00e9, l\u2019individu doit \u00eatre \u00e2g\u00e9 de 30 ans ou plus le 1er janvier de l\u2019ann\u00e9e de sa demande d\u2019adh\u00e9sion. Un membre associ\u00e9 b\u00e9n\u00e9ficie de tous les privil\u00e8ges d\u2019un membre s\u00e9nior sauf le droit de vote. Les conjoints ou conjointes des membres associ\u00e9s ainsi que leurs enfants \u00e2g\u00e9s de moins de 21 ans r\u00e9sidant chez eux b\u00e9n\u00e9ficient des m\u00eames privil\u00e8ges que ceux accord\u00e9s aux membres. Cliquez pour obtenir les frais de cotisation et la demande d\u2019adh\u00e9sion de membre associ\u00e9.<\/span>[\/vc_column_text][\/vc_column][vc_column width=&#8221;1\/6&#8243;][mk_padding_divider size=&#8221;55&#8243;][mk_button dimension=&#8221;flat&#8221; corner_style=&#8221;rounded&#8221; size=&#8221;medium&#8221; url=&#8221;https:\/\/byc.qc.ca\/wp-content\/uploads\/2026\/01\/byc_2026_assoc-fr.pdf&#8221; target=&#8221;_blank&#8221; align=&#8221;center&#8221; button_custom_width=&#8221;200&#8243; bg_color=&#8221;#005e20&#8243; btn_hover_bg=&#8221;#eeee22&#8243; btn_hover_txt_color=&#8221;#000000&#8243;]Formulaire de candidature d&#8217;associ\u00e9 2026[\/mk_button][\/vc_column][\/vc_row][vc_row][vc_column width=&#8221;1\/6&#8243;][vc_single_image image=&#8221;6255&#8243; img_size=&#8221;full&#8221; alignment=&#8221;center&#8221;][\/vc_column][vc_column width=&#8221;4\/6&#8243;][vc_column_text css=&#8221;.vc_custom_1690820389427{margin-bottom: 0px !important;}&#8221;]\n<h3><b>Membre interm\u00e9diaire<\/b><\/h3>\n<p><span style=\"font-weight: 400;\">Est membre interm\u00e9diaire un individu dont la demande d\u2019adh\u00e9sion a \u00e9t\u00e9 approuv\u00e9e par le Comit\u00e9 de s\u00e9lection et dont les frais de cotisation ne sont pas en souffrance. Un membre interm\u00e9diaire doit avoir entre 19 ans et 30 ans le 1er janvier de l\u2019ann\u00e9e de sa demande d\u2019adh\u00e9sion. Un membre interm\u00e9diaire b\u00e9n\u00e9ficie de tous les privil\u00e8ges d\u2019un membre s\u00e9nior sauf le droit de vote. Les conjoints ou conjointes de membres interm\u00e9diaires ainsi que leurs enfants \u00e2g\u00e9s de moins de 21 ans r\u00e9sidant chez eux b\u00e9n\u00e9ficient des m\u00eames privil\u00e8ges que ceux accord\u00e9s \u00e0 aux membres. Cliquez pour obtenir les frais de cotisation et la demande d\u2019adh\u00e9sion de membre interm\u00e9diaire.<\/span>[\/vc_column_text][\/vc_column][vc_column width=&#8221;1\/6&#8243;][mk_padding_divider size=&#8221;55&#8243;][mk_button dimension=&#8221;flat&#8221; corner_style=&#8221;rounded&#8221; size=&#8221;medium&#8221; url=&#8221;https:\/\/byc.qc.ca\/wp-content\/uploads\/2026\/01\/byc_2026_intermediate-fr.pdf&#8221; target=&#8221;_blank&#8221; align=&#8221;center&#8221; button_custom_width=&#8221;200&#8243; bg_color=&#8221;#005e20&#8243; btn_hover_bg=&#8221;#eeee22&#8243; btn_hover_txt_color=&#8221;#000000&#8243;]Formulaire de candidature interm\u00e9diaire 2026[\/mk_button][\/vc_column][\/vc_row][vc_row][vc_column width=&#8221;1\/6&#8243;][vc_single_image image=&#8221;6545&#8243; img_size=&#8221;full&#8221; alignment=&#8221;center&#8221;][\/vc_column][vc_column width=&#8221;4\/6&#8243;][vc_column_text css=&#8221;.vc_custom_1690820475872{margin-bottom: 0px !important;}&#8221;]\n<h3><b>Membre junior<\/b><\/h3>\n<p><span style=\"font-weight: 400;\">Est membre junior un individu dont la demande d\u2019adh\u00e9sion a \u00e9t\u00e9 approuv\u00e9e par le Comit\u00e9 de s\u00e9lection et dont les frais de cotisation ne sont pas en souffrance. Un membre junior doit \u00eatre \u00e2g\u00e9 moins de 19 ans le 1er janvier de l\u2019ann\u00e9e de sa demande d\u2019adh\u00e9sion. Un membre junior b\u00e9n\u00e9ficie de tous les privil\u00e8ges d\u2019un membre s\u00e9nior sauf le droit de vote. S\u2019il est propri\u00e9taire d\u2019un bateau, celui-ci doit \u00eatre un bateau remis\u00e9 \u00e0 sec. La famille du membre junior ne b\u00e9n\u00e9ficie pas des privil\u00e8ges accord\u00e9s au membre. Cliquez pour obtenir les frais de cotisation et la demande d\u2019adh\u00e9sion de membre junior.<\/span><\/p>\n<h3><\/h3>\n[\/vc_column_text][\/vc_column][vc_column width=&#8221;1\/6&#8243;][mk_padding_divider size=&#8221;55&#8243;][mk_button dimension=&#8221;flat&#8221; corner_style=&#8221;rounded&#8221; size=&#8221;medium&#8221; url=&#8221;https:\/\/byc.qc.ca\/wp-content\/uploads\/2026\/01\/byc_2026_junior-en-fr-1.pdf&#8221; target=&#8221;_blank&#8221; align=&#8221;center&#8221; button_custom_width=&#8221;200&#8243; bg_color=&#8221;#005e20&#8243; btn_hover_bg=&#8221;#eeee22&#8243; btn_hover_txt_color=&#8221;#000000&#8243;]Formulaire de candidature junior 2026[\/mk_button][\/vc_column][\/vc_row]\n<\/div>","protected":false},"excerpt":{"rendered":"<p>[mk_page_section bg_image=&#8221;https:\/\/byc.qc.ca\/wp-content\/uploads\/2022\/01\/byc-membership-1000&#215;246-1.jpg&#8221; bg_position=&#8221;center center&#8221; bg_stretch=&#8221;true&#8221; video_color_mask=&#8221;#000000&#8243; video_opacity=&#8221;0.4&#8243; min_height=&#8221;250&#8243; sidebar=&#8221;sidebar-1&#8243;][vc_column][mk_fancy_title size=&#8221;50&#8243; font_weight=&#8221;bold&#8221; margin_top=&#8221;70&#8243; font_family=&#8221;none&#8221;]Joignez-vous au Yacht Club de Beaconsfield &#8211; 2025[\/mk_fancy_title][\/vc_column][\/mk_page_section][vc_row][vc_column][vc_row_inner][vc_column_inner width=&#8221;3\/4&#8243;][mk_fancy_title tag_name=&#8221;h1&#8243; size=&#8221;20&#8243; font_weight=&#8221;bold&#8221; margin_top=&#8221;20&#8243; margin_bottom=&#8221;0&#8243; font_family=&#8221;none&#8221;]Adh\u00e9sion au Yacht Club de Beaconsfield[\/mk_fancy_title][vc_column_text css=&#8221;.vc_custom_1690818819293{margin-bottom: 0px !important;}&#8221;]Le club est un endroit accueillant et s\u00e9curitaire pour tous ses membres, tant pour les novices que pour les marins plus [&hellip;]<\/p>\n","protected":false},"author":1,"featured_media":0,"parent":0,"menu_order":0,"comment_status":"closed","ping_status":"closed","template":"","meta":{"footnotes":""},"class_list":["post-6406","page","type-page","status-publish","hentry"],"yoast_head":"<!-- This site is optimized with the Yoast SEO plugin v27.2 - https:\/\/yoast.com\/product\/yoast-seo-wordpress\/ -->\n<title>ADH\u00c9SION | Yacht Club de Beaconsfield Yacht Club<\/title>\n<meta name=\"robots\" content=\"index, follow, max-snippet:-1, max-image-preview:large, max-video-preview:-1\" \/>\n<link rel=\"canonical\" href=\"https:\/\/byc.qc.ca\/fr\/adhesion\/\" \/>\n<meta property=\"og:locale\" content=\"fr_FR\" \/>\n<meta property=\"og:type\" content=\"article\" \/>\n<meta property=\"og:title\" content=\"ADH\u00c9SION | Yacht Club de Beaconsfield Yacht Club\" \/>\n<meta property=\"og:description\" content=\"[mk_page_section bg_image=&#8221;https:\/\/byc.qc.ca\/wp-content\/uploads\/2022\/01\/byc-membership-1000&#215;246-1.jpg&#8221; bg_position=&#8221;center center&#8221; bg_stretch=&#8221;true&#8221; video_color_mask=&#8221;#000000&#8243; video_opacity=&#8221;0.4&#8243; min_height=&#8221;250&#8243; sidebar=&#8221;sidebar-1&#8243;][vc_column][mk_fancy_title size=&#8221;50&#8243; font_weight=&#8221;bold&#8221; margin_top=&#8221;70&#8243; font_family=&#8221;none&#8221;]Joignez-vous au Yacht Club de Beaconsfield &#8211; 2025[\/mk_fancy_title][\/vc_column][\/mk_page_section][vc_row][vc_column][vc_row_inner][vc_column_inner width=&#8221;3\/4&#8243;][mk_fancy_title tag_name=&#8221;h1&#8243; size=&#8221;20&#8243; font_weight=&#8221;bold&#8221; margin_top=&#8221;20&#8243; margin_bottom=&#8221;0&#8243; font_family=&#8221;none&#8221;]Adh\u00e9sion au Yacht Club de Beaconsfield[\/mk_fancy_title][vc_column_text css=&#8221;.vc_custom_1690818819293{margin-bottom: 0px !important;}&#8221;]Le club est un endroit accueillant et s\u00e9curitaire pour tous ses membres, tant pour les novices que pour les marins plus [&hellip;]\" \/>\n<meta property=\"og:url\" content=\"https:\/\/byc.qc.ca\/fr\/adhesion\/\" \/>\n<meta property=\"og:site_name\" content=\"Yacht Club de Beaconsfield Yacht Club\" \/>\n<meta property=\"article:modified_time\" content=\"2026-01-10T14:36:22+00:00\" \/>\n<meta name=\"twitter:card\" content=\"summary_large_image\" \/>\n<meta name=\"twitter:label1\" content=\"Dur\u00e9e de lecture estim\u00e9e\" \/>\n\t<meta name=\"twitter:data1\" content=\"4 minutes\" \/>\n<script type=\"application\/ld+json\" class=\"yoast-schema-graph\">{\"@context\":\"https:\/\/schema.org\",\"@graph\":[{\"@type\":\"WebPage\",\"@id\":\"https:\/\/byc.qc.ca\/fr\/adhesion\/\",\"url\":\"https:\/\/byc.qc.ca\/fr\/adhesion\/\",\"name\":\"ADH\u00c9SION | Yacht Club de Beaconsfield Yacht Club\",\"isPartOf\":{\"@id\":\"https:\/\/byc.qc.ca\/#website\"},\"datePublished\":\"2022-01-30T21:32:03+00:00\",\"dateModified\":\"2026-01-10T14:36:22+00:00\",\"breadcrumb\":{\"@id\":\"https:\/\/byc.qc.ca\/fr\/adhesion\/#breadcrumb\"},\"inLanguage\":\"fr-FR\",\"potentialAction\":[{\"@type\":\"ReadAction\",\"target\":[\"https:\/\/byc.qc.ca\/fr\/adhesion\/\"]}]},{\"@type\":\"BreadcrumbList\",\"@id\":\"https:\/\/byc.qc.ca\/fr\/adhesion\/#breadcrumb\",\"itemListElement\":[{\"@type\":\"ListItem\",\"position\":1,\"name\":\"Home\",\"item\":\"https:\/\/byc.qc.ca\/fr\/\"},{\"@type\":\"ListItem\",\"position\":2,\"name\":\"ADH\u00c9SION\"}]},{\"@type\":\"WebSite\",\"@id\":\"https:\/\/byc.qc.ca\/#website\",\"url\":\"https:\/\/byc.qc.ca\/\",\"name\":\"Yacht Club de Beaconsfield Yacht Club\",\"description\":\"Beaconsfield Yacht Club - Sailing on Lake St. Louis\",\"publisher\":{\"@id\":\"https:\/\/byc.qc.ca\/#organization\"},\"potentialAction\":[{\"@type\":\"SearchAction\",\"target\":{\"@type\":\"EntryPoint\",\"urlTemplate\":\"https:\/\/byc.qc.ca\/?s={search_term_string}\"},\"query-input\":{\"@type\":\"PropertyValueSpecification\",\"valueRequired\":true,\"valueName\":\"search_term_string\"}}],\"inLanguage\":\"fr-FR\"},{\"@type\":\"Organization\",\"@id\":\"https:\/\/byc.qc.ca\/#organization\",\"name\":\"Beaconsfield Yacht Club\",\"url\":\"https:\/\/byc.qc.ca\/\",\"logo\":{\"@type\":\"ImageObject\",\"inLanguage\":\"fr-FR\",\"@id\":\"https:\/\/byc.qc.ca\/#\/schema\/logo\/image\/\",\"url\":\"https:\/\/byc.qc.ca\/wp-content\/uploads\/2022\/02\/logo-byc-300x194-1.jpg\",\"contentUrl\":\"https:\/\/byc.qc.ca\/wp-content\/uploads\/2022\/02\/logo-byc-300x194-1.jpg\",\"width\":300,\"height\":194,\"caption\":\"Beaconsfield Yacht Club\"},\"image\":{\"@id\":\"https:\/\/byc.qc.ca\/#\/schema\/logo\/image\/\"}}]}<\/script>\n<!-- \/ Yoast SEO plugin. -->","yoast_head_json":{"title":"ADH\u00c9SION | Yacht Club de Beaconsfield Yacht Club","robots":{"index":"index","follow":"follow","max-snippet":"max-snippet:-1","max-image-preview":"max-image-preview:large","max-video-preview":"max-video-preview:-1"},"canonical":"https:\/\/byc.qc.ca\/fr\/adhesion\/","og_locale":"fr_FR","og_type":"article","og_title":"ADH\u00c9SION | Yacht Club de Beaconsfield Yacht Club","og_description":"[mk_page_section bg_image=&#8221;https:\/\/byc.qc.ca\/wp-content\/uploads\/2022\/01\/byc-membership-1000&#215;246-1.jpg&#8221; bg_position=&#8221;center center&#8221; bg_stretch=&#8221;true&#8221; video_color_mask=&#8221;#000000&#8243; video_opacity=&#8221;0.4&#8243; min_height=&#8221;250&#8243; sidebar=&#8221;sidebar-1&#8243;][vc_column][mk_fancy_title size=&#8221;50&#8243; font_weight=&#8221;bold&#8221; margin_top=&#8221;70&#8243; font_family=&#8221;none&#8221;]Joignez-vous au Yacht Club de Beaconsfield &#8211; 2025[\/mk_fancy_title][\/vc_column][\/mk_page_section][vc_row][vc_column][vc_row_inner][vc_column_inner width=&#8221;3\/4&#8243;][mk_fancy_title tag_name=&#8221;h1&#8243; size=&#8221;20&#8243; font_weight=&#8221;bold&#8221; margin_top=&#8221;20&#8243; margin_bottom=&#8221;0&#8243; font_family=&#8221;none&#8221;]Adh\u00e9sion au Yacht Club de Beaconsfield[\/mk_fancy_title][vc_column_text css=&#8221;.vc_custom_1690818819293{margin-bottom: 0px !important;}&#8221;]Le club est un endroit accueillant et s\u00e9curitaire pour tous ses membres, tant pour les novices que pour les marins plus [&hellip;]","og_url":"https:\/\/byc.qc.ca\/fr\/adhesion\/","og_site_name":"Yacht Club de Beaconsfield Yacht Club","article_modified_time":"2026-01-10T14:36:22+00:00","twitter_card":"summary_large_image","twitter_misc":{"Dur\u00e9e de lecture estim\u00e9e":"4 minutes"},"schema":{"@context":"https:\/\/schema.org","@graph":[{"@type":"WebPage","@id":"https:\/\/byc.qc.ca\/fr\/adhesion\/","url":"https:\/\/byc.qc.ca\/fr\/adhesion\/","name":"ADH\u00c9SION | Yacht Club de Beaconsfield Yacht Club","isPartOf":{"@id":"https:\/\/byc.qc.ca\/#website"},"datePublished":"2022-01-30T21:32:03+00:00","dateModified":"2026-01-10T14:36:22+00:00","breadcrumb":{"@id":"https:\/\/byc.qc.ca\/fr\/adhesion\/#breadcrumb"},"inLanguage":"fr-FR","potentialAction":[{"@type":"ReadAction","target":["https:\/\/byc.qc.ca\/fr\/adhesion\/"]}]},{"@type":"BreadcrumbList","@id":"https:\/\/byc.qc.ca\/fr\/adhesion\/#breadcrumb","itemListElement":[{"@type":"ListItem","position":1,"name":"Home","item":"https:\/\/byc.qc.ca\/fr\/"},{"@type":"ListItem","position":2,"name":"ADH\u00c9SION"}]},{"@type":"WebSite","@id":"https:\/\/byc.qc.ca\/#website","url":"https:\/\/byc.qc.ca\/","name":"Yacht Club de Beaconsfield Yacht Club","description":"Beaconsfield Yacht Club - Sailing on Lake St. Louis","publisher":{"@id":"https:\/\/byc.qc.ca\/#organization"},"potentialAction":[{"@type":"SearchAction","target":{"@type":"EntryPoint","urlTemplate":"https:\/\/byc.qc.ca\/?s={search_term_string}"},"query-input":{"@type":"PropertyValueSpecification","valueRequired":true,"valueName":"search_term_string"}}],"inLanguage":"fr-FR"},{"@type":"Organization","@id":"https:\/\/byc.qc.ca\/#organization","name":"Beaconsfield Yacht Club","url":"https:\/\/byc.qc.ca\/","logo":{"@type":"ImageObject","inLanguage":"fr-FR","@id":"https:\/\/byc.qc.ca\/#\/schema\/logo\/image\/","url":"https:\/\/byc.qc.ca\/wp-content\/uploads\/2022\/02\/logo-byc-300x194-1.jpg","contentUrl":"https:\/\/byc.qc.ca\/wp-content\/uploads\/2022\/02\/logo-byc-300x194-1.jpg","width":300,"height":194,"caption":"Beaconsfield Yacht Club"},"image":{"@id":"https:\/\/byc.qc.ca\/#\/schema\/logo\/image\/"}}]}},"_links":{"self":[{"href":"https:\/\/byc.qc.ca\/fr\/wp-json\/wp\/v2\/pages\/6406","targetHints":{"allow":["GET"]}}],"collection":[{"href":"https:\/\/byc.qc.ca\/fr\/wp-json\/wp\/v2\/pages"}],"about":[{"href":"https:\/\/byc.qc.ca\/fr\/wp-json\/wp\/v2\/types\/page"}],"author":[{"embeddable":true,"href":"https:\/\/byc.qc.ca\/fr\/wp-json\/wp\/v2\/users\/1"}],"replies":[{"embeddable":true,"href":"https:\/\/byc.qc.ca\/fr\/wp-json\/wp\/v2\/comments?post=6406"}],"version-history":[{"count":51,"href":"https:\/\/byc.qc.ca\/fr\/wp-json\/wp\/v2\/pages\/6406\/revisions"}],"predecessor-version":[{"id":11815,"href":"https:\/\/byc.qc.ca\/fr\/wp-json\/wp\/v2\/pages\/6406\/revisions\/11815"}],"wp:attachment":[{"href":"https:\/\/byc.qc.ca\/fr\/wp-json\/wp\/v2\/media?parent=6406"}],"curies":[{"name":"wp","href":"https:\/\/api.w.org\/{rel}","templated":true}]}}