{"id":6588,"date":"2022-01-31T16:38:50","date_gmt":"2022-01-31T21:38:50","guid":{"rendered":"http:\/\/byc2022.com\/services\/boat-facilities\/"},"modified":"2022-03-01T19:28:16","modified_gmt":"2022-03-02T00:28:16","slug":"installations-pour-bateaux","status":"publish","type":"page","link":"https:\/\/byc.qc.ca\/fr\/services\/installations-pour-bateaux\/","title":{"rendered":"Installations pour Bateaux"},"content":{"rendered":"<div class=\"wpb-content-wrapper\">[mk_page_section bg_image=&#8221;https:\/\/byc.qc.ca\/wp-content\/uploads\/2022\/01\/byc-installations-1925&#215;1280-1.jpg&#8221; bg_position=&#8221;center center&#8221; bg_stretch=&#8221;true&#8221; video_color_mask=&#8221;#000000&#8243; video_opacity=&#8221;0.4&#8243; min_height=&#8221;250&#8243; sidebar=&#8221;sidebar-1&#8243;][vc_column][mk_fancy_title tag_name=&#8221;h1&#8243; size=&#8221;50&#8243; font_weight=&#8221;bold&#8221; margin_top=&#8221;70&#8243; font_family=&#8221;none&#8221;]<span style=\"color: #ffffff;\">Installations et services nautiques au YCB<\/span>[\/mk_fancy_title][\/vc_column][\/mk_page_section][vc_row][vc_column][mk_fancy_title size=&#8221;20&#8243; font_weight=&#8221;600&#8243; margin_top=&#8221;20&#8243; margin_bottom=&#8221;0&#8243; font_family=&#8221;none&#8221;]Installations et services nautiques au YCB[\/mk_fancy_title][vc_row_inner][vc_column_inner width=&#8221;1\/5&#8243;][mk_button dimension=&#8221;flat&#8221; corner_style=&#8221;rounded&#8221; url=&#8221;https:\/\/byc.qc.ca\/fr\/services\/lancement-bateau\/&#8221; align=&#8221;center&#8221; button_custom_width=&#8221;200&#8243; bg_color=&#8221;#005e20&#8243; btn_hover_bg=&#8221;#eeee22&#8243; btn_hover_txt_color=&#8221;#000000&#8243;]LANCEMENT BATEAUX[\/mk_button][\/vc_column_inner][vc_column_inner width=&#8221;1\/5&#8243;][\/vc_column_inner][vc_column_inner width=&#8221;1\/5&#8243;][mk_button dimension=&#8221;flat&#8221; corner_style=&#8221;rounded&#8221; url=&#8221;https:\/\/byc.qc.ca\/fr\/services\/plan-de-port\/&#8221; align=&#8221;center&#8221; button_custom_width=&#8221;200&#8243; bg_color=&#8221;#005e20&#8243; btn_hover_bg=&#8221;#eeee22&#8243; btn_hover_txt_color=&#8221;#000000&#8243;]CARTE DU PORT[\/mk_button][\/vc_column_inner][vc_column_inner width=&#8221;1\/5&#8243;][\/vc_column_inner][vc_column_inner width=&#8221;1\/5&#8243;][mk_button dimension=&#8221;flat&#8221; corner_style=&#8221;rounded&#8221; url=&#8221;https:\/\/byc.qc.ca\/fr\/services\/periode-de-sortie\/&#8221; align=&#8221;center&#8221; button_custom_width=&#8221;200&#8243; bg_color=&#8221;#005e20&#8243; btn_hover_bg=&#8221;#eeee22&#8243; btn_hover_txt_color=&#8221;#000000&#8243;]P\u00c9RIODE de SORTIE[\/mk_button][\/vc_column_inner][\/vc_row_inner][\/vc_column][\/vc_row][vc_row][vc_column][mk_fancy_title size=&#8221;15&#8243; margin_top=&#8221;15&#8243; margin_bottom=&#8221;0&#8243; font_family=&#8221;none&#8221;]\n<div id=\"comp-j0pkp6e4\" class=\"txtNew\" data-packed=\"false\">\n<p class=\"font_7\"><span style=\"color: #005e20;\"><strong>Ravitaillement en essence et aires de travail<\/strong><\/span><br \/>\nLe responsable du club poss\u00e8de une solide expertise en s\u00e9curit\u00e9 aquatique et en navigation. n\u2019h\u00e9sitez pas \u00e0 le contacter au besoin.<\/p>\n<p><strong style=\"color: #005e20;\">Les installations comprennent:<\/strong><\/p>\n<\/div>\n<div id=\"comp-j0pkp6f5\" class=\"txtNew\" data-packed=\"false\">\n<ul>\n<li>AU D\u00c9BUT DU PRINTEMPS, LES POMPES a essence SONT MISES EN FONCTION. L\u2019ESSENCE ET LE DIESEL SONT DISPONIBLES.<\/li>\n<li>SERVICE DE VIDANGE de R\u00c9SERVOIR;<\/li>\n<li>GLACE EN CUBE ET EN MORCEAUX;<\/li>\n<li>CHARGEUR POUR\u00a0BATTERIES.<\/li>\n<li>LA PLUPART DES BATEAUX PEUVENT \u00caTRE SORTIS DE L&#8217;EAU POUR EFFECTUER DES R\u00c9PARATIONS. SVP CONTACTER LE G\u00c9RANT DU CLUB POUR PLANIFIER.<\/li>\n<li>168 ESPACES AUX QUAIS SONT DISPONIBLES AVEC ACC\u00c8S \u00c0 L\u2019\u00c9LECTRICIT\u00c9 (15A) ET \u00c0 DE L\u2019EAU POTABLE;<\/li>\n<li>AIRES DE TRANSIT EN EAU PROFONDE SOUVENT DISPONIBLES<strong>.<\/strong><\/li>\n<\/ul>\n<\/div>\n[\/mk_fancy_title][mk_fancy_title size=&#8221;15&#8243; margin_bottom=&#8221;0&#8243; font_family=&#8221;none&#8221;]\n<div id=\"comp-j0pkp6fn\" class=\"txtNew\" data-packed=\"false\">\n<p><strong><span style=\"color: #005e20;\">Grue<\/span><br \/>\n<\/strong>Une grue fixe est disponible pour la mise \u00e0 l\u2019eau, et pour m\u00e2tage ou r\u00e9paration<\/p>\n<\/div>\n[\/mk_fancy_title][mk_fancy_title size=&#8221;15&#8243; margin_bottom=&#8221;0&#8243; font_family=&#8221;none&#8221;]\n<div id=\"comp-j0pkp6h2\" class=\"txtNew\" data-packed=\"false\">\n<p><strong><span style=\"color: #005e20;\">Soudure<\/span><br \/>\n<\/strong>Le soudage \u00e0 l\u2019arc, le soudage \u00e0 l\u2019oxyg\u00e8ne ac\u00e9tyl\u00e8ne et le brasage sur la plupart des m\u00e9taux ferreux sont disponibles. Les membres peuvent obtenir du g\u00e9rant du club une estimation des co\u00fbts pour tout type de travaux.<\/p>\n<\/div>\n[\/mk_fancy_title][mk_fancy_title size=&#8221;15&#8243; margin_bottom=&#8221;0&#8243; font_family=&#8221;none&#8221;]\n<div id=\"comp-j0pkp6hr\" class=\"txtNew\" data-packed=\"false\">\n<p><strong><span style=\"color: #005e20;\">Aire de travail<\/span><br \/>\n<\/strong>L\u2019aire de travail d\u00e9sign\u00e9e se trouve sous la grue fixe, Des prises \u00e9lectriques et des robinets d\u2019eau y sont disponibles. Cependant, \u00e0 la fin des travaux ou des r\u00e9parations, le propri\u00e9taire doit nettoyer et ramener son bateau \u00e0 son quai.<\/p>\n<\/div>\n[\/mk_fancy_title][mk_fancy_title size=&#8221;15&#8243; margin_bottom=&#8221;0&#8243; font_family=&#8221;none&#8221;]\n<div id=\"comp-j0pkp6ge\" class=\"txtNew\" data-packed=\"false\">\n<p><span style=\"color: #005e20;\"><strong>Personnel de soutien<\/strong><\/span><br \/>\nDu personnel additionnel est embauch\u00e9 pendant la saison de voile pour aider les membres \u00e0 faire le plein d\u2019essence, \u00e0 vidanger les embarcations, ainsi que leur fournir de l\u2019aide sur les quais. L&#8217;assistance n\u00e9cessaire pour la mise et sortie de l\u2019eau des bateaux est \u00e9galement offerte. Ce m\u00eame personnel contribue aussi \u00e0 l\u2019entretien du club et au service au restaurant. L&#8217;aide aux quais est disponible lorsque les conditions le permettent.<\/p>\n<\/div>\n[\/mk_fancy_title][mk_fancy_title size=&#8221;15&#8243; margin_bottom=&#8221;0&#8243; font_family=&#8221;none&#8221;]<span style=\"color: #005e20;\"><strong>Casiers<\/strong><\/span><br \/>\nPour avoir acc\u00e8s \u00e0 un casier, simplement contacter l\u2019administration du club. Si vous \u00eates d\u00e9j\u00e0 d\u00e9tenteur d\u2019un casier et que vous ne pr\u00e9voyez pas le renouveler l\u2019ann\u00e9e suivante, SVP indiquez-le rapidement. La facturation n&#8217;est pas r\u00e9versible apr\u00e8s le 1er ao\u00fbt de la saison courante.[\/mk_fancy_title][mk_padding_divider][\/vc_column][\/vc_row]\n<\/div>","protected":false},"excerpt":{"rendered":"<p>[mk_page_section bg_image=&#8221;https:\/\/byc.qc.ca\/wp-content\/uploads\/2022\/01\/byc-installations-1925&#215;1280-1.jpg&#8221; bg_position=&#8221;center center&#8221; bg_stretch=&#8221;true&#8221; video_color_mask=&#8221;#000000&#8243; video_opacity=&#8221;0.4&#8243; min_height=&#8221;250&#8243; sidebar=&#8221;sidebar-1&#8243;][vc_column][mk_fancy_title tag_name=&#8221;h1&#8243; size=&#8221;50&#8243; font_weight=&#8221;bold&#8221; margin_top=&#8221;70&#8243; font_family=&#8221;none&#8221;]Installations et services nautiques au YCB[\/mk_fancy_title][\/vc_column][\/mk_page_section][vc_row][vc_column][mk_fancy_title size=&#8221;20&#8243; font_weight=&#8221;600&#8243; margin_top=&#8221;20&#8243; margin_bottom=&#8221;0&#8243; font_family=&#8221;none&#8221;]Installations et services nautiques au YCB[\/mk_fancy_title][vc_row_inner][vc_column_inner width=&#8221;1\/5&#8243;][mk_button dimension=&#8221;flat&#8221; corner_style=&#8221;rounded&#8221; url=&#8221;https:\/\/byc.qc.ca\/fr\/services\/lancement-bateau\/&#8221; align=&#8221;center&#8221; button_custom_width=&#8221;200&#8243; bg_color=&#8221;#005e20&#8243; btn_hover_bg=&#8221;#eeee22&#8243; btn_hover_txt_color=&#8221;#000000&#8243;]LANCEMENT BATEAUX[\/mk_button][\/vc_column_inner][vc_column_inner width=&#8221;1\/5&#8243;][\/vc_column_inner][vc_column_inner width=&#8221;1\/5&#8243;][mk_button dimension=&#8221;flat&#8221; corner_style=&#8221;rounded&#8221; url=&#8221;https:\/\/byc.qc.ca\/fr\/services\/plan-de-port\/&#8221; align=&#8221;center&#8221; button_custom_width=&#8221;200&#8243; bg_color=&#8221;#005e20&#8243; btn_hover_bg=&#8221;#eeee22&#8243; btn_hover_txt_color=&#8221;#000000&#8243;]CARTE DU PORT[\/mk_button][\/vc_column_inner][vc_column_inner width=&#8221;1\/5&#8243;][\/vc_column_inner][vc_column_inner width=&#8221;1\/5&#8243;][mk_button dimension=&#8221;flat&#8221; corner_style=&#8221;rounded&#8221; [&hellip;]<\/p>\n","protected":false},"author":1,"featured_media":0,"parent":6393,"menu_order":0,"comment_status":"closed","ping_status":"closed","template":"","meta":{"footnotes":""},"class_list":["post-6588","page","type-page","status-publish","hentry"],"yoast_head":"<!-- This site is optimized with the Yoast SEO plugin v27.2 - https:\/\/yoast.com\/product\/yoast-seo-wordpress\/ -->\n<title>Installations pour Bateaux | Yacht Club de Beaconsfield Yacht Club<\/title>\n<meta name=\"robots\" content=\"index, follow, max-snippet:-1, max-image-preview:large, max-video-preview:-1\" \/>\n<link rel=\"canonical\" href=\"https:\/\/byc.qc.ca\/fr\/services\/installations-pour-bateaux\/\" \/>\n<meta property=\"og:locale\" content=\"fr_FR\" \/>\n<meta property=\"og:type\" content=\"article\" \/>\n<meta property=\"og:title\" content=\"Installations pour Bateaux | Yacht Club de Beaconsfield Yacht Club\" \/>\n<meta property=\"og:description\" content=\"[mk_page_section bg_image=&#8221;https:\/\/byc.qc.ca\/wp-content\/uploads\/2022\/01\/byc-installations-1925&#215;1280-1.jpg&#8221; bg_position=&#8221;center center&#8221; bg_stretch=&#8221;true&#8221; video_color_mask=&#8221;#000000&#8243; video_opacity=&#8221;0.4&#8243; min_height=&#8221;250&#8243; sidebar=&#8221;sidebar-1&#8243;][vc_column][mk_fancy_title tag_name=&#8221;h1&#8243; size=&#8221;50&#8243; font_weight=&#8221;bold&#8221; margin_top=&#8221;70&#8243; font_family=&#8221;none&#8221;]Installations et services nautiques au YCB[\/mk_fancy_title][\/vc_column][\/mk_page_section][vc_row][vc_column][mk_fancy_title size=&#8221;20&#8243; font_weight=&#8221;600&#8243; margin_top=&#8221;20&#8243; margin_bottom=&#8221;0&#8243; font_family=&#8221;none&#8221;]Installations et services nautiques au YCB[\/mk_fancy_title][vc_row_inner][vc_column_inner width=&#8221;1\/5&#8243;][mk_button dimension=&#8221;flat&#8221; corner_style=&#8221;rounded&#8221; url=&#8221;https:\/\/byc.qc.ca\/fr\/services\/lancement-bateau\/&#8221; align=&#8221;center&#8221; button_custom_width=&#8221;200&#8243; bg_color=&#8221;#005e20&#8243; btn_hover_bg=&#8221;#eeee22&#8243; btn_hover_txt_color=&#8221;#000000&#8243;]LANCEMENT BATEAUX[\/mk_button][\/vc_column_inner][vc_column_inner width=&#8221;1\/5&#8243;][\/vc_column_inner][vc_column_inner width=&#8221;1\/5&#8243;][mk_button dimension=&#8221;flat&#8221; corner_style=&#8221;rounded&#8221; url=&#8221;https:\/\/byc.qc.ca\/fr\/services\/plan-de-port\/&#8221; align=&#8221;center&#8221; button_custom_width=&#8221;200&#8243; bg_color=&#8221;#005e20&#8243; btn_hover_bg=&#8221;#eeee22&#8243; btn_hover_txt_color=&#8221;#000000&#8243;]CARTE DU PORT[\/mk_button][\/vc_column_inner][vc_column_inner width=&#8221;1\/5&#8243;][\/vc_column_inner][vc_column_inner width=&#8221;1\/5&#8243;][mk_button dimension=&#8221;flat&#8221; corner_style=&#8221;rounded&#8221; [&hellip;]\" \/>\n<meta property=\"og:url\" content=\"https:\/\/byc.qc.ca\/fr\/services\/installations-pour-bateaux\/\" \/>\n<meta property=\"og:site_name\" content=\"Yacht Club de Beaconsfield Yacht Club\" \/>\n<meta property=\"article:modified_time\" content=\"2022-03-02T00:28:16+00:00\" \/>\n<meta name=\"twitter:card\" content=\"summary_large_image\" \/>\n<meta name=\"twitter:label1\" content=\"Dur\u00e9e de lecture estim\u00e9e\" \/>\n\t<meta name=\"twitter:data1\" content=\"3 minutes\" \/>\n<script type=\"application\/ld+json\" class=\"yoast-schema-graph\">{\"@context\":\"https:\/\/schema.org\",\"@graph\":[{\"@type\":\"WebPage\",\"@id\":\"https:\/\/byc.qc.ca\/fr\/services\/installations-pour-bateaux\/\",\"url\":\"https:\/\/byc.qc.ca\/fr\/services\/installations-pour-bateaux\/\",\"name\":\"Installations pour Bateaux | Yacht Club de Beaconsfield Yacht Club\",\"isPartOf\":{\"@id\":\"https:\/\/byc.qc.ca\/#website\"},\"datePublished\":\"2022-01-31T21:38:50+00:00\",\"dateModified\":\"2022-03-02T00:28:16+00:00\",\"breadcrumb\":{\"@id\":\"https:\/\/byc.qc.ca\/fr\/services\/installations-pour-bateaux\/#breadcrumb\"},\"inLanguage\":\"fr-FR\",\"potentialAction\":[{\"@type\":\"ReadAction\",\"target\":[\"https:\/\/byc.qc.ca\/fr\/services\/installations-pour-bateaux\/\"]}]},{\"@type\":\"BreadcrumbList\",\"@id\":\"https:\/\/byc.qc.ca\/fr\/services\/installations-pour-bateaux\/#breadcrumb\",\"itemListElement\":[{\"@type\":\"ListItem\",\"position\":1,\"name\":\"Home\",\"item\":\"https:\/\/byc.qc.ca\/fr\/\"},{\"@type\":\"ListItem\",\"position\":2,\"name\":\"SERVICES\",\"item\":\"https:\/\/byc.qc.ca\/fr\/services\/\"},{\"@type\":\"ListItem\",\"position\":3,\"name\":\"Installations pour Bateaux\"}]},{\"@type\":\"WebSite\",\"@id\":\"https:\/\/byc.qc.ca\/#website\",\"url\":\"https:\/\/byc.qc.ca\/\",\"name\":\"Yacht Club de Beaconsfield Yacht Club\",\"description\":\"Beaconsfield Yacht Club - Sailing on Lake St. Louis\",\"publisher\":{\"@id\":\"https:\/\/byc.qc.ca\/#organization\"},\"potentialAction\":[{\"@type\":\"SearchAction\",\"target\":{\"@type\":\"EntryPoint\",\"urlTemplate\":\"https:\/\/byc.qc.ca\/?s={search_term_string}\"},\"query-input\":{\"@type\":\"PropertyValueSpecification\",\"valueRequired\":true,\"valueName\":\"search_term_string\"}}],\"inLanguage\":\"fr-FR\"},{\"@type\":\"Organization\",\"@id\":\"https:\/\/byc.qc.ca\/#organization\",\"name\":\"Beaconsfield Yacht Club\",\"url\":\"https:\/\/byc.qc.ca\/\",\"logo\":{\"@type\":\"ImageObject\",\"inLanguage\":\"fr-FR\",\"@id\":\"https:\/\/byc.qc.ca\/#\/schema\/logo\/image\/\",\"url\":\"https:\/\/byc.qc.ca\/wp-content\/uploads\/2022\/02\/logo-byc-300x194-1.jpg\",\"contentUrl\":\"https:\/\/byc.qc.ca\/wp-content\/uploads\/2022\/02\/logo-byc-300x194-1.jpg\",\"width\":300,\"height\":194,\"caption\":\"Beaconsfield Yacht Club\"},\"image\":{\"@id\":\"https:\/\/byc.qc.ca\/#\/schema\/logo\/image\/\"}}]}<\/script>\n<!-- \/ Yoast SEO plugin. -->","yoast_head_json":{"title":"Installations pour Bateaux | Yacht Club de Beaconsfield Yacht Club","robots":{"index":"index","follow":"follow","max-snippet":"max-snippet:-1","max-image-preview":"max-image-preview:large","max-video-preview":"max-video-preview:-1"},"canonical":"https:\/\/byc.qc.ca\/fr\/services\/installations-pour-bateaux\/","og_locale":"fr_FR","og_type":"article","og_title":"Installations pour Bateaux | Yacht Club de Beaconsfield Yacht Club","og_description":"[mk_page_section bg_image=&#8221;https:\/\/byc.qc.ca\/wp-content\/uploads\/2022\/01\/byc-installations-1925&#215;1280-1.jpg&#8221; bg_position=&#8221;center center&#8221; bg_stretch=&#8221;true&#8221; video_color_mask=&#8221;#000000&#8243; video_opacity=&#8221;0.4&#8243; min_height=&#8221;250&#8243; sidebar=&#8221;sidebar-1&#8243;][vc_column][mk_fancy_title tag_name=&#8221;h1&#8243; size=&#8221;50&#8243; font_weight=&#8221;bold&#8221; margin_top=&#8221;70&#8243; font_family=&#8221;none&#8221;]Installations et services nautiques au YCB[\/mk_fancy_title][\/vc_column][\/mk_page_section][vc_row][vc_column][mk_fancy_title size=&#8221;20&#8243; font_weight=&#8221;600&#8243; margin_top=&#8221;20&#8243; margin_bottom=&#8221;0&#8243; font_family=&#8221;none&#8221;]Installations et services nautiques au YCB[\/mk_fancy_title][vc_row_inner][vc_column_inner width=&#8221;1\/5&#8243;][mk_button dimension=&#8221;flat&#8221; corner_style=&#8221;rounded&#8221; url=&#8221;https:\/\/byc.qc.ca\/fr\/services\/lancement-bateau\/&#8221; align=&#8221;center&#8221; button_custom_width=&#8221;200&#8243; bg_color=&#8221;#005e20&#8243; btn_hover_bg=&#8221;#eeee22&#8243; btn_hover_txt_color=&#8221;#000000&#8243;]LANCEMENT BATEAUX[\/mk_button][\/vc_column_inner][vc_column_inner width=&#8221;1\/5&#8243;][\/vc_column_inner][vc_column_inner width=&#8221;1\/5&#8243;][mk_button dimension=&#8221;flat&#8221; corner_style=&#8221;rounded&#8221; url=&#8221;https:\/\/byc.qc.ca\/fr\/services\/plan-de-port\/&#8221; align=&#8221;center&#8221; button_custom_width=&#8221;200&#8243; bg_color=&#8221;#005e20&#8243; btn_hover_bg=&#8221;#eeee22&#8243; btn_hover_txt_color=&#8221;#000000&#8243;]CARTE DU PORT[\/mk_button][\/vc_column_inner][vc_column_inner width=&#8221;1\/5&#8243;][\/vc_column_inner][vc_column_inner width=&#8221;1\/5&#8243;][mk_button dimension=&#8221;flat&#8221; corner_style=&#8221;rounded&#8221; [&hellip;]","og_url":"https:\/\/byc.qc.ca\/fr\/services\/installations-pour-bateaux\/","og_site_name":"Yacht Club de Beaconsfield Yacht Club","article_modified_time":"2022-03-02T00:28:16+00:00","twitter_card":"summary_large_image","twitter_misc":{"Dur\u00e9e de lecture estim\u00e9e":"3 minutes"},"schema":{"@context":"https:\/\/schema.org","@graph":[{"@type":"WebPage","@id":"https:\/\/byc.qc.ca\/fr\/services\/installations-pour-bateaux\/","url":"https:\/\/byc.qc.ca\/fr\/services\/installations-pour-bateaux\/","name":"Installations pour Bateaux | Yacht Club de Beaconsfield Yacht Club","isPartOf":{"@id":"https:\/\/byc.qc.ca\/#website"},"datePublished":"2022-01-31T21:38:50+00:00","dateModified":"2022-03-02T00:28:16+00:00","breadcrumb":{"@id":"https:\/\/byc.qc.ca\/fr\/services\/installations-pour-bateaux\/#breadcrumb"},"inLanguage":"fr-FR","potentialAction":[{"@type":"ReadAction","target":["https:\/\/byc.qc.ca\/fr\/services\/installations-pour-bateaux\/"]}]},{"@type":"BreadcrumbList","@id":"https:\/\/byc.qc.ca\/fr\/services\/installations-pour-bateaux\/#breadcrumb","itemListElement":[{"@type":"ListItem","position":1,"name":"Home","item":"https:\/\/byc.qc.ca\/fr\/"},{"@type":"ListItem","position":2,"name":"SERVICES","item":"https:\/\/byc.qc.ca\/fr\/services\/"},{"@type":"ListItem","position":3,"name":"Installations pour Bateaux"}]},{"@type":"WebSite","@id":"https:\/\/byc.qc.ca\/#website","url":"https:\/\/byc.qc.ca\/","name":"Yacht Club de Beaconsfield Yacht Club","description":"Beaconsfield Yacht Club - Sailing on Lake St. Louis","publisher":{"@id":"https:\/\/byc.qc.ca\/#organization"},"potentialAction":[{"@type":"SearchAction","target":{"@type":"EntryPoint","urlTemplate":"https:\/\/byc.qc.ca\/?s={search_term_string}"},"query-input":{"@type":"PropertyValueSpecification","valueRequired":true,"valueName":"search_term_string"}}],"inLanguage":"fr-FR"},{"@type":"Organization","@id":"https:\/\/byc.qc.ca\/#organization","name":"Beaconsfield Yacht Club","url":"https:\/\/byc.qc.ca\/","logo":{"@type":"ImageObject","inLanguage":"fr-FR","@id":"https:\/\/byc.qc.ca\/#\/schema\/logo\/image\/","url":"https:\/\/byc.qc.ca\/wp-content\/uploads\/2022\/02\/logo-byc-300x194-1.jpg","contentUrl":"https:\/\/byc.qc.ca\/wp-content\/uploads\/2022\/02\/logo-byc-300x194-1.jpg","width":300,"height":194,"caption":"Beaconsfield Yacht Club"},"image":{"@id":"https:\/\/byc.qc.ca\/#\/schema\/logo\/image\/"}}]}},"_links":{"self":[{"href":"https:\/\/byc.qc.ca\/fr\/wp-json\/wp\/v2\/pages\/6588","targetHints":{"allow":["GET"]}}],"collection":[{"href":"https:\/\/byc.qc.ca\/fr\/wp-json\/wp\/v2\/pages"}],"about":[{"href":"https:\/\/byc.qc.ca\/fr\/wp-json\/wp\/v2\/types\/page"}],"author":[{"embeddable":true,"href":"https:\/\/byc.qc.ca\/fr\/wp-json\/wp\/v2\/users\/1"}],"replies":[{"embeddable":true,"href":"https:\/\/byc.qc.ca\/fr\/wp-json\/wp\/v2\/comments?post=6588"}],"version-history":[{"count":16,"href":"https:\/\/byc.qc.ca\/fr\/wp-json\/wp\/v2\/pages\/6588\/revisions"}],"predecessor-version":[{"id":7006,"href":"https:\/\/byc.qc.ca\/fr\/wp-json\/wp\/v2\/pages\/6588\/revisions\/7006"}],"up":[{"embeddable":true,"href":"https:\/\/byc.qc.ca\/fr\/wp-json\/wp\/v2\/pages\/6393"}],"wp:attachment":[{"href":"https:\/\/byc.qc.ca\/fr\/wp-json\/wp\/v2\/media?parent=6588"}],"curies":[{"name":"wp","href":"https:\/\/api.w.org\/{rel}","templated":true}]}}