{"id":6634,"date":"2022-02-02T18:19:22","date_gmt":"2022-02-02T23:19:22","guid":{"rendered":"http:\/\/byc2022.com\/voile\/eole-de-voile\/wet-feet\/"},"modified":"2026-02-02T13:35:26","modified_gmt":"2026-02-02T18:35:26","slug":"pieds_dans_l_eau","status":"publish","type":"page","link":"https:\/\/byc.qc.ca\/fr\/voile\/ecole-de-voile\/pieds_dans_l_eau\/","title":{"rendered":"Les pieds dans l&#8217;eau"},"content":{"rendered":"<div class=\"wpb-content-wrapper\">[mk_page_section bg_image=&#8221;https:\/\/byc.qc.ca\/wp-content\/uploads\/2022\/01\/learn-to-sail-733&#215;524-1.jpg&#8221; bg_position=&#8221;center center&#8221; bg_stretch=&#8221;true&#8221; video_color_mask=&#8221;#000000&#8243; video_opacity=&#8221;0.4&#8243; min_height=&#8221;250&#8243; sidebar=&#8221;sidebar-1&#8243;][vc_column][mk_fancy_title tag_name=&#8221;h1&#8243; size=&#8221;50&#8243; font_weight=&#8221;bold&#8221; margin_top=&#8221;70&#8243; font_family=&#8221;none&#8221;]<span style=\"color: #ffffff;\">Les pieds dans l&#8217;eau au YCB<\/span>[\/mk_fancy_title][\/vc_column][\/mk_page_section][vc_row][vc_column][mk_fancy_title size=&#8221;20&#8243; font_weight=&#8221;500&#8243; margin_top=&#8221;20&#8243; font_family=&#8221;none&#8221;]<span style=\"color: #005e20;\">Les pieds dans l&#8217;eau au YCB<\/span>[\/mk_fancy_title][\/vc_column][\/vc_row][vc_row][vc_column][vc_column_text css=&#8221;.vc_custom_1644941735984{margin-bottom: 0px !important;}&#8221;]Ce programme est con\u00e7u pour enseigner les rudiments de la voile aux jeunes dans un environnement s\u00e9curitaire et festif. Dirig\u00e9 par nos instructeurs certifi\u00e9s les marins en herbe passeront la majorit\u00e9 de leur journ\u00e9e sur l\u2019eau, \u00e0 bord de petits d\u00e9riveurs. Lorsque les conditions sont moins cl\u00e9mentes, des jeux, de l\u2019artisanats et des activit\u00e9s sportives viendront renforcer leur confiance sur l\u2019eau et dans un environnement nautique. Ils y apprendront les termes de la voile, le maniement d\u2019une embarcation, les noeuds et d\u00e9couvriront le plaisir de jouer sur l\u2019eau.[\/vc_column_text][vc_separator color=&#8221;custom&#8221; el_width=&#8221;60&#8243; accent_color=&#8221;#005e20&#8243;][vc_column_text css=&#8221;.vc_custom_1769637294596{margin-bottom: 0px !important;border-top-width: 1px !important;border-right-width: 1px !important;border-bottom-width: 1px !important;border-left-width: 1px !important;padding-top: 15px !important;padding-right: 15px !important;padding-bottom: 15px !important;padding-left: 15px !important;background-color: #EBEBEB !important;border-left-style: solid !important;border-right-style: solid !important;border-top-style: solid !important;border-bottom-style: solid !important;border-radius: 2px !important;border-color: #000000 !important;}&#8221;]<span style=\"color: #005e20;\"><strong>Dates limites et annulations<br \/>\n<\/strong><\/span>Votre inscription sera confirm\u00e9e d\u00e8s r\u00e9ception du paiement int\u00e9gral des frais et du formulaire d&#8217;inscription d\u00fbment rempli. Apr\u00e8s le 25 mai 2026, les remboursements seront soumis \u00e0 des frais administratifs de 200 $. Aucun remboursement ne sera effectu\u00e9 apr\u00e8s le 22 juin. Aucun remboursement partiel ne sera accord\u00e9 si votre enfant abandonne ou est absent pendant une partie d&#8217;une session.<\/p>\n<p class=\"font7\"><span style=\"color: #005e20;\"><strong>\u622a\u6b62\u65e5\u671f\u548c\u53d6\u6d88<br \/>\n<\/strong><\/span>2026 \u5e74 5 \u6708 25 \u65e5\u4e4b\u540e\u7533\u8bf7\u9000\u6b3e\u5c06\u6536\u53d6 <strong>200 <\/strong><strong>\u52a0\u5143<\/strong> \u7684\u884c\u653f\u8d39\u7528\u30026 \u6708 22 \u65e5\u4e4b\u540e\u6216\u8bfe\u7a0b\u5f00\u59cb\u540e\u5c06\u4e0d\u518d\u63d0\u4f9b\u4efb\u4f55\u9000\u6b3e\u3002\u5982\u5b69\u5b50\u4e2d\u9014\u9000\u8bfe\u6216\u90e8\u5206\u7f3a\u52e4\uff0c\u6055\u4e0d\u63d0\u4f9b\u90e8\u5206\u9000\u6b3e\u3002<\/p>\n[\/vc_column_text][vc_row_inner][vc_column_inner][mk_fancy_title size=&#8221;25&#8243; font_weight=&#8221;bold&#8221; margin_top=&#8221;20&#8243; margin_bottom=&#8221;0&#8243; font_family=&#8221;none&#8221;]<span style=\"color: #005e20;\">NOUVELLES 2026<\/span>[\/mk_fancy_title][mk_fancy_title size=&#8221;20&#8243; font_weight=&#8221;600&#8243; margin_bottom=&#8221;0&#8243; font_family=&#8221;none&#8221;]Les informations sur les prix et les dates d\u2019inscription arriveront bient\u00f4t ![\/mk_fancy_title][\/vc_column_inner][\/vc_row_inner][vc_row_inner][vc_column_inner width=&#8221;1\/4&#8243;][vc_single_image image=&#8221;5864&#8243; img_size=&#8221;medium&#8221; alignment=&#8221;center&#8221;][\/vc_column_inner][vc_column_inner width=&#8221;1\/2&#8243;][vc_column_text css=&#8221;.vc_custom_1769532246986{margin-bottom: 0px !important;}&#8221;]programme de 2 semaines &#8211;<\/p>\n<ul>\n<li class=\"font_7\">June 24\u00a0 \u2013 July 3<\/li>\n<li class=\"font_7\">\u00a0July 6 &#8211;\u00a0 July 17<\/li>\n<li class=\"font_7\">\u00a0July 20 &#8211; July 31<\/li>\n<li class=\"font_7\">\u00a0August 3 &#8211;\u00a0 August 14<\/li>\n<\/ul>\n[\/vc_column_text][\/vc_column_inner][vc_column_inner width=&#8221;1\/4&#8243;][mk_button dimension=&#8221;flat&#8221; corner_style=&#8221;rounded&#8221; url=&#8221;https:\/\/beaconsfieldyachtclub.checklick.com\/&#8221; target=&#8221;_blank&#8221; align=&#8221;center&#8221; button_custom_width=&#8221;200&#8243; bg_color=&#8221;#005e20&#8243; btn_hover_bg=&#8221;#eeee22&#8243; btn_hover_txt_color=&#8221;#000000&#8243;][\/mk_button][mk_padding_divider size=&#8221;20&#8243;][vc_single_image image=&#8221;6498&#8243; img_size=&#8221;full&#8221; alignment=&#8221;center&#8221; onclick=&#8221;custom_link&#8221; img_link_target=&#8221;_blank&#8221; css=&#8221;&#8221; link=&#8221;https:\/\/byc.qc.ca\/wp-content\/uploads\/2026\/02\/squadron-2026-fr.pdf&#8221;][mk_fancy_title size=&#8221;15&#8243; font_weight=&#8221;600&#8243; margin_bottom=&#8221;0&#8243; font_family=&#8221;none&#8221; align=&#8221;center&#8221;]<span style=\"color: #005e20;\">Cliquez sur le logo .PDF ci-dessus pour t\u00e9l\u00e9charger le formulaire d&#8217;inscription.<\/span>[\/mk_fancy_title][\/vc_column_inner][\/vc_row_inner][\/vc_column][\/vc_row][vc_row][vc_column][mk_padding_divider][\/vc_column][\/vc_row][mk_page_section bg_image=&#8221;https:\/\/byc.qc.ca\/wp-content\/uploads\/2022\/02\/byc-sailing-school-dock-800&#215;450-1.jpg&#8221; attachment=&#8221;fixed&#8221; bg_position=&#8221;center center&#8221; bg_stretch=&#8221;true&#8221; video_color_mask=&#8221;rgba(0,0,0,0.7)&#8221; video_opacity=&#8221;0.4&#8243; min_height=&#8221;450&#8243; sidebar=&#8221;sidebar-1&#8243;][vc_column][\/vc_column][\/mk_page_section][vc_row][vc_column][\/vc_column][\/vc_row]\n<\/div>","protected":false},"excerpt":{"rendered":"<p>[mk_page_section bg_image=&#8221;https:\/\/byc.qc.ca\/wp-content\/uploads\/2022\/01\/learn-to-sail-733&#215;524-1.jpg&#8221; bg_position=&#8221;center center&#8221; bg_stretch=&#8221;true&#8221; video_color_mask=&#8221;#000000&#8243; video_opacity=&#8221;0.4&#8243; min_height=&#8221;250&#8243; sidebar=&#8221;sidebar-1&#8243;][vc_column][mk_fancy_title tag_name=&#8221;h1&#8243; size=&#8221;50&#8243; font_weight=&#8221;bold&#8221; margin_top=&#8221;70&#8243; font_family=&#8221;none&#8221;]Les pieds dans l&#8217;eau au YCB[\/mk_fancy_title][\/vc_column][\/mk_page_section][vc_row][vc_column][mk_fancy_title size=&#8221;20&#8243; font_weight=&#8221;500&#8243; margin_top=&#8221;20&#8243; font_family=&#8221;none&#8221;]Les pieds dans l&#8217;eau au YCB[\/mk_fancy_title][\/vc_column][\/vc_row][vc_row][vc_column][vc_column_text css=&#8221;.vc_custom_1644941735984{margin-bottom: 0px !important;}&#8221;]Ce programme est con\u00e7u pour enseigner les rudiments de la voile aux jeunes dans un environnement s\u00e9curitaire et festif. Dirig\u00e9 par nos instructeurs certifi\u00e9s les [&hellip;]<\/p>\n","protected":false},"author":1,"featured_media":0,"parent":6381,"menu_order":0,"comment_status":"closed","ping_status":"closed","template":"","meta":{"footnotes":""},"class_list":["post-6634","page","type-page","status-publish","hentry"],"yoast_head":"<!-- This site is optimized with the Yoast SEO plugin v27.2 - https:\/\/yoast.com\/product\/yoast-seo-wordpress\/ -->\n<title>Les pieds dans l&#039;eau | Yacht Club de Beaconsfield Yacht Club<\/title>\n<meta name=\"robots\" content=\"index, follow, max-snippet:-1, max-image-preview:large, max-video-preview:-1\" \/>\n<link rel=\"canonical\" href=\"https:\/\/byc.qc.ca\/fr\/voile\/ecole-de-voile\/pieds_dans_l_eau\/\" \/>\n<meta property=\"og:locale\" content=\"fr_FR\" \/>\n<meta property=\"og:type\" content=\"article\" \/>\n<meta property=\"og:title\" content=\"Les pieds dans l&#039;eau | Yacht Club de Beaconsfield Yacht Club\" \/>\n<meta property=\"og:description\" content=\"[mk_page_section bg_image=&#8221;https:\/\/byc.qc.ca\/wp-content\/uploads\/2022\/01\/learn-to-sail-733&#215;524-1.jpg&#8221; bg_position=&#8221;center center&#8221; bg_stretch=&#8221;true&#8221; video_color_mask=&#8221;#000000&#8243; video_opacity=&#8221;0.4&#8243; min_height=&#8221;250&#8243; sidebar=&#8221;sidebar-1&#8243;][vc_column][mk_fancy_title tag_name=&#8221;h1&#8243; size=&#8221;50&#8243; font_weight=&#8221;bold&#8221; margin_top=&#8221;70&#8243; font_family=&#8221;none&#8221;]Les pieds dans l&#8217;eau au YCB[\/mk_fancy_title][\/vc_column][\/mk_page_section][vc_row][vc_column][mk_fancy_title size=&#8221;20&#8243; font_weight=&#8221;500&#8243; margin_top=&#8221;20&#8243; font_family=&#8221;none&#8221;]Les pieds dans l&#8217;eau au YCB[\/mk_fancy_title][\/vc_column][\/vc_row][vc_row][vc_column][vc_column_text css=&#8221;.vc_custom_1644941735984{margin-bottom: 0px !important;}&#8221;]Ce programme est con\u00e7u pour enseigner les rudiments de la voile aux jeunes dans un environnement s\u00e9curitaire et festif. Dirig\u00e9 par nos instructeurs certifi\u00e9s les [&hellip;]\" \/>\n<meta property=\"og:url\" content=\"https:\/\/byc.qc.ca\/fr\/voile\/ecole-de-voile\/pieds_dans_l_eau\/\" \/>\n<meta property=\"og:site_name\" content=\"Yacht Club de Beaconsfield Yacht Club\" \/>\n<meta property=\"article:modified_time\" content=\"2026-02-02T18:35:26+00:00\" \/>\n<meta name=\"twitter:card\" content=\"summary_large_image\" \/>\n<meta name=\"twitter:label1\" content=\"Dur\u00e9e de lecture estim\u00e9e\" \/>\n\t<meta name=\"twitter:data1\" content=\"2 minutes\" \/>\n<script type=\"application\/ld+json\" class=\"yoast-schema-graph\">{\"@context\":\"https:\/\/schema.org\",\"@graph\":[{\"@type\":\"WebPage\",\"@id\":\"https:\/\/byc.qc.ca\/fr\/voile\/ecole-de-voile\/pieds_dans_l_eau\/\",\"url\":\"https:\/\/byc.qc.ca\/fr\/voile\/ecole-de-voile\/pieds_dans_l_eau\/\",\"name\":\"Les pieds dans l'eau | Yacht Club de Beaconsfield Yacht Club\",\"isPartOf\":{\"@id\":\"https:\/\/byc.qc.ca\/#website\"},\"datePublished\":\"2022-02-02T23:19:22+00:00\",\"dateModified\":\"2026-02-02T18:35:26+00:00\",\"breadcrumb\":{\"@id\":\"https:\/\/byc.qc.ca\/fr\/voile\/ecole-de-voile\/pieds_dans_l_eau\/#breadcrumb\"},\"inLanguage\":\"fr-FR\",\"potentialAction\":[{\"@type\":\"ReadAction\",\"target\":[\"https:\/\/byc.qc.ca\/fr\/voile\/ecole-de-voile\/pieds_dans_l_eau\/\"]}]},{\"@type\":\"BreadcrumbList\",\"@id\":\"https:\/\/byc.qc.ca\/fr\/voile\/ecole-de-voile\/pieds_dans_l_eau\/#breadcrumb\",\"itemListElement\":[{\"@type\":\"ListItem\",\"position\":1,\"name\":\"Home\",\"item\":\"https:\/\/byc.qc.ca\/fr\/\"},{\"@type\":\"ListItem\",\"position\":2,\"name\":\"Voile\",\"item\":\"https:\/\/byc.qc.ca\/fr\/voile\/\"},{\"@type\":\"ListItem\",\"position\":3,\"name\":\"\u00c9cole de voile\",\"item\":\"https:\/\/byc.qc.ca\/fr\/voile\/ecole-de-voile\/\"},{\"@type\":\"ListItem\",\"position\":4,\"name\":\"Les pieds dans l&#8217;eau\"}]},{\"@type\":\"WebSite\",\"@id\":\"https:\/\/byc.qc.ca\/#website\",\"url\":\"https:\/\/byc.qc.ca\/\",\"name\":\"Yacht Club de Beaconsfield Yacht Club\",\"description\":\"Beaconsfield Yacht Club - Sailing on Lake St. Louis\",\"publisher\":{\"@id\":\"https:\/\/byc.qc.ca\/#organization\"},\"potentialAction\":[{\"@type\":\"SearchAction\",\"target\":{\"@type\":\"EntryPoint\",\"urlTemplate\":\"https:\/\/byc.qc.ca\/?s={search_term_string}\"},\"query-input\":{\"@type\":\"PropertyValueSpecification\",\"valueRequired\":true,\"valueName\":\"search_term_string\"}}],\"inLanguage\":\"fr-FR\"},{\"@type\":\"Organization\",\"@id\":\"https:\/\/byc.qc.ca\/#organization\",\"name\":\"Beaconsfield Yacht Club\",\"url\":\"https:\/\/byc.qc.ca\/\",\"logo\":{\"@type\":\"ImageObject\",\"inLanguage\":\"fr-FR\",\"@id\":\"https:\/\/byc.qc.ca\/#\/schema\/logo\/image\/\",\"url\":\"https:\/\/byc.qc.ca\/wp-content\/uploads\/2022\/02\/logo-byc-300x194-1.jpg\",\"contentUrl\":\"https:\/\/byc.qc.ca\/wp-content\/uploads\/2022\/02\/logo-byc-300x194-1.jpg\",\"width\":300,\"height\":194,\"caption\":\"Beaconsfield Yacht Club\"},\"image\":{\"@id\":\"https:\/\/byc.qc.ca\/#\/schema\/logo\/image\/\"}}]}<\/script>\n<!-- \/ Yoast SEO plugin. -->","yoast_head_json":{"title":"Les pieds dans l'eau | Yacht Club de Beaconsfield Yacht Club","robots":{"index":"index","follow":"follow","max-snippet":"max-snippet:-1","max-image-preview":"max-image-preview:large","max-video-preview":"max-video-preview:-1"},"canonical":"https:\/\/byc.qc.ca\/fr\/voile\/ecole-de-voile\/pieds_dans_l_eau\/","og_locale":"fr_FR","og_type":"article","og_title":"Les pieds dans l'eau | Yacht Club de Beaconsfield Yacht Club","og_description":"[mk_page_section bg_image=&#8221;https:\/\/byc.qc.ca\/wp-content\/uploads\/2022\/01\/learn-to-sail-733&#215;524-1.jpg&#8221; bg_position=&#8221;center center&#8221; bg_stretch=&#8221;true&#8221; video_color_mask=&#8221;#000000&#8243; video_opacity=&#8221;0.4&#8243; min_height=&#8221;250&#8243; sidebar=&#8221;sidebar-1&#8243;][vc_column][mk_fancy_title tag_name=&#8221;h1&#8243; size=&#8221;50&#8243; font_weight=&#8221;bold&#8221; margin_top=&#8221;70&#8243; font_family=&#8221;none&#8221;]Les pieds dans l&#8217;eau au YCB[\/mk_fancy_title][\/vc_column][\/mk_page_section][vc_row][vc_column][mk_fancy_title size=&#8221;20&#8243; font_weight=&#8221;500&#8243; margin_top=&#8221;20&#8243; font_family=&#8221;none&#8221;]Les pieds dans l&#8217;eau au YCB[\/mk_fancy_title][\/vc_column][\/vc_row][vc_row][vc_column][vc_column_text css=&#8221;.vc_custom_1644941735984{margin-bottom: 0px !important;}&#8221;]Ce programme est con\u00e7u pour enseigner les rudiments de la voile aux jeunes dans un environnement s\u00e9curitaire et festif. Dirig\u00e9 par nos instructeurs certifi\u00e9s les [&hellip;]","og_url":"https:\/\/byc.qc.ca\/fr\/voile\/ecole-de-voile\/pieds_dans_l_eau\/","og_site_name":"Yacht Club de Beaconsfield Yacht Club","article_modified_time":"2026-02-02T18:35:26+00:00","twitter_card":"summary_large_image","twitter_misc":{"Dur\u00e9e de lecture estim\u00e9e":"2 minutes"},"schema":{"@context":"https:\/\/schema.org","@graph":[{"@type":"WebPage","@id":"https:\/\/byc.qc.ca\/fr\/voile\/ecole-de-voile\/pieds_dans_l_eau\/","url":"https:\/\/byc.qc.ca\/fr\/voile\/ecole-de-voile\/pieds_dans_l_eau\/","name":"Les pieds dans l'eau | Yacht Club de Beaconsfield Yacht Club","isPartOf":{"@id":"https:\/\/byc.qc.ca\/#website"},"datePublished":"2022-02-02T23:19:22+00:00","dateModified":"2026-02-02T18:35:26+00:00","breadcrumb":{"@id":"https:\/\/byc.qc.ca\/fr\/voile\/ecole-de-voile\/pieds_dans_l_eau\/#breadcrumb"},"inLanguage":"fr-FR","potentialAction":[{"@type":"ReadAction","target":["https:\/\/byc.qc.ca\/fr\/voile\/ecole-de-voile\/pieds_dans_l_eau\/"]}]},{"@type":"BreadcrumbList","@id":"https:\/\/byc.qc.ca\/fr\/voile\/ecole-de-voile\/pieds_dans_l_eau\/#breadcrumb","itemListElement":[{"@type":"ListItem","position":1,"name":"Home","item":"https:\/\/byc.qc.ca\/fr\/"},{"@type":"ListItem","position":2,"name":"Voile","item":"https:\/\/byc.qc.ca\/fr\/voile\/"},{"@type":"ListItem","position":3,"name":"\u00c9cole de voile","item":"https:\/\/byc.qc.ca\/fr\/voile\/ecole-de-voile\/"},{"@type":"ListItem","position":4,"name":"Les pieds dans l&#8217;eau"}]},{"@type":"WebSite","@id":"https:\/\/byc.qc.ca\/#website","url":"https:\/\/byc.qc.ca\/","name":"Yacht Club de Beaconsfield Yacht Club","description":"Beaconsfield Yacht Club - Sailing on Lake St. Louis","publisher":{"@id":"https:\/\/byc.qc.ca\/#organization"},"potentialAction":[{"@type":"SearchAction","target":{"@type":"EntryPoint","urlTemplate":"https:\/\/byc.qc.ca\/?s={search_term_string}"},"query-input":{"@type":"PropertyValueSpecification","valueRequired":true,"valueName":"search_term_string"}}],"inLanguage":"fr-FR"},{"@type":"Organization","@id":"https:\/\/byc.qc.ca\/#organization","name":"Beaconsfield Yacht Club","url":"https:\/\/byc.qc.ca\/","logo":{"@type":"ImageObject","inLanguage":"fr-FR","@id":"https:\/\/byc.qc.ca\/#\/schema\/logo\/image\/","url":"https:\/\/byc.qc.ca\/wp-content\/uploads\/2022\/02\/logo-byc-300x194-1.jpg","contentUrl":"https:\/\/byc.qc.ca\/wp-content\/uploads\/2022\/02\/logo-byc-300x194-1.jpg","width":300,"height":194,"caption":"Beaconsfield Yacht Club"},"image":{"@id":"https:\/\/byc.qc.ca\/#\/schema\/logo\/image\/"}}]}},"_links":{"self":[{"href":"https:\/\/byc.qc.ca\/fr\/wp-json\/wp\/v2\/pages\/6634","targetHints":{"allow":["GET"]}}],"collection":[{"href":"https:\/\/byc.qc.ca\/fr\/wp-json\/wp\/v2\/pages"}],"about":[{"href":"https:\/\/byc.qc.ca\/fr\/wp-json\/wp\/v2\/types\/page"}],"author":[{"embeddable":true,"href":"https:\/\/byc.qc.ca\/fr\/wp-json\/wp\/v2\/users\/1"}],"replies":[{"embeddable":true,"href":"https:\/\/byc.qc.ca\/fr\/wp-json\/wp\/v2\/comments?post=6634"}],"version-history":[{"count":34,"href":"https:\/\/byc.qc.ca\/fr\/wp-json\/wp\/v2\/pages\/6634\/revisions"}],"predecessor-version":[{"id":12146,"href":"https:\/\/byc.qc.ca\/fr\/wp-json\/wp\/v2\/pages\/6634\/revisions\/12146"}],"up":[{"embeddable":true,"href":"https:\/\/byc.qc.ca\/fr\/wp-json\/wp\/v2\/pages\/6381"}],"wp:attachment":[{"href":"https:\/\/byc.qc.ca\/fr\/wp-json\/wp\/v2\/media?parent=6634"}],"curies":[{"name":"wp","href":"https:\/\/api.w.org\/{rel}","templated":true}]}}