{"id":6644,"date":"2022-02-11T13:03:38","date_gmt":"2022-02-11T18:03:38","guid":{"rendered":"http:\/\/byc2022.com\/voile\/eole-de-voile\/cansail-1-2\/"},"modified":"2026-02-02T13:27:35","modified_gmt":"2026-02-02T18:27:35","slug":"voilecan-1-2","status":"publish","type":"page","link":"https:\/\/byc.qc.ca\/fr\/voile\/ecole-de-voile\/voilecan-1-2\/","title":{"rendered":"VoileCAN 1 &#038; 2"},"content":{"rendered":"<div class=\"wpb-content-wrapper\">[mk_page_section bg_image_portrait=&#8221;https:\/\/byc.qc.ca\/wp-content\/uploads\/2022\/01\/byc-sharks-racing-400&#215;400-1.jpg&#8221; bg_position=&#8221;center center&#8221; bg_stretch=&#8221;true&#8221; video_color_mask=&#8221;#000000&#8243; video_opacity=&#8221;0.4&#8243; min_height=&#8221;250&#8243; sidebar=&#8221;sidebar-1&#8243;][vc_column][mk_fancy_title tag_name=&#8221;h1&#8243; size=&#8221;50&#8243; font_weight=&#8221;bold&#8221; margin_top=&#8221;70&#8243; font_family=&#8221;none&#8221;]<span style=\"color: #ffffff;\">VoileCAN 1 &amp; 2 programme au YCB<\/span>[\/mk_fancy_title][\/vc_column][\/mk_page_section][vc_row][vc_column][mk_fancy_title size=&#8221;20&#8243; font_weight=&#8221;600&#8243; margin_top=&#8221;20&#8243; font_family=&#8221;none&#8221;]<span style=\"color: #005e20;\">VoileCAN 1 &amp; 2 programme au YCB<\/span>[\/mk_fancy_title][vc_column_text css=&#8221;.vc_custom_1644942779409{margin-bottom: 0px !important;}&#8221;]VoileCAN 1 &amp; 2 sont des programmes con\u00e7us pour ceux qui font leur d\u00e9buts en voile. Les cours sont disponibles en sessions de 2 ou 4 semaines. Les \u00e9l\u00e8ves navigueront sur les bateaux Squadron 13\u2032 du club et\u00a0ils y apprendront les rudiments de la pr\u00e9paration du bateau, la conduite, le maniement des voiles, la s\u00e9curit\u00e9 \u00e0 bord, les noeuds de bases, la technique et plus encore. Le cours s\u2019adresse \u00e0 des jeunes de 10 ans @ 17 ans[\/vc_column_text][vc_column_text css=&#8221;.vc_custom_1769638001068{margin-bottom: 0px !important;border-top-width: 1px !important;border-right-width: 1px !important;border-bottom-width: 1px !important;border-left-width: 1px !important;padding-top: 15px !important;padding-right: 15px !important;padding-bottom: 15px !important;padding-left: 15px !important;background-color: #EBEBEB !important;border-left-style: solid !important;border-right-style: solid !important;border-top-style: solid !important;border-bottom-style: solid !important;border-radius: 2px !important;border-color: #000000 !important;}&#8221;]<span style=\"color: #005e20;\"><strong>Dates limites et annulations<br \/>\n<\/strong><\/span>Votre inscription sera confirm\u00e9e d\u00e8s r\u00e9ception du paiement int\u00e9gral des frais et du formulaire d&#8217;inscription d\u00fbment rempli. Apr\u00e8s le 25 mai 2026, les remboursements seront soumis \u00e0 des frais administratifs de 200 $. Aucun remboursement ne sera effectu\u00e9 apr\u00e8s le 22 juin. Aucun remboursement partiel ne sera accord\u00e9 si votre enfant abandonne ou est absent pendant une partie d&#8217;une session.<\/p>\n<p class=\"font7\"><span style=\"color: #005e20;\"><strong>\u622a\u6b62\u65e5\u671f\u548c\u53d6\u6d88<br \/>\n<\/strong><\/span>2026 \u5e74 5 \u6708 25 \u65e5\u4e4b\u540e\u7533\u8bf7\u9000\u6b3e\u5c06\u6536\u53d6 <strong>200 <\/strong><strong>\u52a0\u5143<\/strong> \u7684\u884c\u653f\u8d39\u7528\u30026 \u6708 22 \u65e5\u4e4b\u540e\u6216\u8bfe\u7a0b\u5f00\u59cb\u540e\u5c06\u4e0d\u518d\u63d0\u4f9b\u4efb\u4f55\u9000\u6b3e\u3002\u5982\u5b69\u5b50\u4e2d\u9014\u9000\u8bfe\u6216\u90e8\u5206\u7f3a\u52e4\uff0c\u6055\u4e0d\u63d0\u4f9b\u90e8\u5206\u9000\u6b3e\u3002<\/p>\n[\/vc_column_text][vc_separator color=&#8221;custom&#8221; el_width=&#8221;60&#8243; accent_color=&#8221;#005e20&#8243;][vc_row_inner][vc_column_inner width=&#8221;1\/4&#8243;][vc_single_image image=&#8221;6519&#8243; img_size=&#8221;medium&#8221; alignment=&#8221;center&#8221;][\/vc_column_inner][vc_column_inner width=&#8221;1\/2&#8243;][mk_fancy_title size=&#8221;25&#8243; font_weight=&#8221;bold&#8221; margin_bottom=&#8221;0&#8243; font_family=&#8221;none&#8221;]<span style=\"color: #005e20;\">NOUVELLES 2026!<\/span>[\/mk_fancy_title][mk_fancy_title size=&#8221;20&#8243; font_weight=&#8221;600&#8243; margin_bottom=&#8221;0&#8243; font_family=&#8221;none&#8221;]Les inscription commence le 2 f\u00e9vrier, 2026 &#8211; 9h00 ![\/mk_fancy_title][vc_column_text css=&#8221;.vc_custom_1769532644287{margin-bottom: 0px !important;}&#8221;]\n<p class=\"font_7\">Programme de 2 semaines<\/p>\n<p class=\"font_7\">Programme de 4 semaines<\/p>\n<p class=\"font_7\">2 semaines:<\/p>\n<ul>\n<li class=\"font_7\">24 juin \u2013 3 juillet<\/li>\n<li class=\"font_7\">6 juillet &#8211; 17 juillet<\/li>\n<li class=\"font_7\">20 juillet &#8211; 31 juillet<\/li>\n<li class=\"font_7\">3 ao\u00fbt &#8211;\u00a0 14 ao\u00fbt<\/li>\n<\/ul>\n<p class=\"font_7\">4 semaines:<\/p>\n<ul>\n<li class=\"font_7\">24 juin &#8211; 17 juillet<\/li>\n<li class=\"font_7\">20 juillet &#8211; 14\u00a0 ao\u00fbt<\/li>\n<\/ul>\n[\/vc_column_text][\/vc_column_inner][vc_column_inner width=&#8221;1\/4&#8243;][mk_button dimension=&#8221;flat&#8221; corner_style=&#8221;rounded&#8221; url=&#8221;https:\/\/beaconsfieldyachtclub.checklick.com\/&#8221; target=&#8221;_blank&#8221; align=&#8221;center&#8221; button_custom_width=&#8221;200&#8243; bg_color=&#8221;#005e20&#8243; btn_hover_bg=&#8221;#eeee22&#8243; btn_hover_txt_color=&#8221;#000000&#8243;]Enregistrement en ligne[\/mk_button][mk_padding_divider size=&#8221;20&#8243;][vc_single_image image=&#8221;7833&#8243; img_size=&#8221;full&#8221; alignment=&#8221;center&#8221; onclick=&#8221;custom_link&#8221; img_link_target=&#8221;_blank&#8221; css=&#8221;&#8221; link=&#8221;https:\/\/byc.qc.ca\/wp-content\/uploads\/2026\/02\/squadron-2026-fr.pdf&#8221;][mk_fancy_title size=&#8221;15&#8243; font_weight=&#8221;600&#8243; margin_bottom=&#8221;0&#8243; font_family=&#8221;none&#8221; align=&#8221;center&#8221;]<span style=\"color: #005e20;\">Cliquez sur le logo .PDF ci-dessus pour t\u00e9l\u00e9charger le formulaire d&#8217;inscription.<\/span>[\/mk_fancy_title][\/vc_column_inner][\/vc_row_inner][vc_row_inner][vc_column_inner][vc_separator color=&#8221;custom&#8221; el_width=&#8221;60&#8243; accent_color=&#8221;#005e20&#8243;][mk_fancy_title size=&#8221;20&#8243; font_weight=&#8221;600&#8243; margin_top=&#8221;20&#8243; font_family=&#8221;none&#8221;]<span style=\"color: #005e20;\">VoileCAN 1 &amp; 2 OPTIMIST \u2013 Deux semaines<\/span>[\/mk_fancy_title][\/vc_column_inner][\/vc_row_inner][vc_column_text css=&#8221;.vc_custom_1673638782724{margin-bottom: 0px !important;}&#8221;]YCB est heureux d&#8217;annoncer l&#8217;expansion de notre tr\u00e8s populaire programme WETFEET\/OPTI. Avec 6 bateaux Optimist ajouter \u00e0 notre flotte, BYC est d\u00e9sormais en mesure d&#8217;offrir des programmes CanSail1 + 2 en Optimist ainsi que la possibilit\u00e9 d&#8217;une introduction aux rudiments de la course si l&#8217;exp\u00e9rience le permet. Ce nouveau programme est ouvert aux jeunes de 8 \u00e0 13 ans qui ont suivi un programme WETFEET. Un \u00e9l\u00e8ve par bateau. En raison des r\u00e8gles de classe Optimist, une limite de poids maximale de 125 lb est impos\u00e9 pour ce programme.[\/vc_column_text][vc_row_inner][vc_column_inner width=&#8221;1\/4&#8243;][vc_single_image image=&#8221;6528&#8243; img_size=&#8221;medium&#8221; alignment=&#8221;center&#8221;][\/vc_column_inner][vc_column_inner width=&#8221;1\/2&#8243;][vc_column_text css=&#8221;.vc_custom_1769532601272{margin-bottom: 0px !important;}&#8221;]\n<p class=\"font_7\">Programme de 2 semaines\u00a0 &#8211;<\/p>\n<p>2 semaines:<\/p>\n<ul>\n<li class=\"font_7\">24 juin \u2013 3 juillet<\/li>\n<li class=\"font_7\">6 juillet &#8211; 17 juillet<\/li>\n<li class=\"font_7\">20 juillet &#8211;\u00a0 \u00a031 juillet<\/li>\n<li class=\"font_7\">3 ao\u00fbt &#8211;\u00a0 14 ao\u00fbt<\/li>\n<\/ul>\n[\/vc_column_text][\/vc_column_inner][vc_column_inner width=&#8221;1\/4&#8243;][mk_button dimension=&#8221;flat&#8221; corner_style=&#8221;rounded&#8221; url=&#8221;https:\/\/beaconsfieldyachtclub.checklick.com&#8221; target=&#8221;_blank&#8221; align=&#8221;center&#8221; button_custom_width=&#8221;200&#8243; bg_color=&#8221;#005e20&#8243; btn_hover_bg=&#8221;#eeee22&#8243; btn_hover_txt_color=&#8221;#000000&#8243;]Enregistrement en ligne[\/mk_button][mk_padding_divider size=&#8221;20&#8243;][vc_single_image image=&#8221;6498&#8243; img_size=&#8221;full&#8221; alignment=&#8221;center&#8221; onclick=&#8221;custom_link&#8221; img_link_target=&#8221;_blank&#8221; css=&#8221;&#8221; link=&#8221;https:\/\/byc.qc.ca\/wp-content\/uploads\/2026\/02\/squadron-2026-fr.pdf&#8221;][mk_fancy_title size=&#8221;15&#8243; font_weight=&#8221;600&#8243; margin_bottom=&#8221;0&#8243; font_family=&#8221;none&#8221; align=&#8221;center&#8221;]<span style=\"color: #005e20;\">Cliquez sur le logo .PDF ci-dessus pour t\u00e9l\u00e9charger le formulaire d&#8217;inscription.<\/span>[\/mk_fancy_title][\/vc_column_inner][\/vc_row_inner][\/vc_column][\/vc_row]\n<\/div>","protected":false},"excerpt":{"rendered":"<p>[mk_page_section bg_image_portrait=&#8221;https:\/\/byc.qc.ca\/wp-content\/uploads\/2022\/01\/byc-sharks-racing-400&#215;400-1.jpg&#8221; bg_position=&#8221;center center&#8221; bg_stretch=&#8221;true&#8221; video_color_mask=&#8221;#000000&#8243; video_opacity=&#8221;0.4&#8243; min_height=&#8221;250&#8243; sidebar=&#8221;sidebar-1&#8243;][vc_column][mk_fancy_title tag_name=&#8221;h1&#8243; size=&#8221;50&#8243; font_weight=&#8221;bold&#8221; margin_top=&#8221;70&#8243; font_family=&#8221;none&#8221;]VoileCAN 1 &amp; 2 programme au YCB[\/mk_fancy_title][\/vc_column][\/mk_page_section][vc_row][vc_column][mk_fancy_title size=&#8221;20&#8243; font_weight=&#8221;600&#8243; margin_top=&#8221;20&#8243; font_family=&#8221;none&#8221;]VoileCAN 1 &amp; 2 programme au YCB[\/mk_fancy_title][vc_column_text css=&#8221;.vc_custom_1644942779409{margin-bottom: 0px !important;}&#8221;]VoileCAN 1 &amp; 2 sont des programmes con\u00e7us pour ceux qui font leur d\u00e9buts en voile. Les cours sont disponibles en sessions de [&hellip;]<\/p>\n","protected":false},"author":1,"featured_media":0,"parent":6381,"menu_order":0,"comment_status":"closed","ping_status":"closed","template":"","meta":{"footnotes":""},"class_list":["post-6644","page","type-page","status-publish","hentry"],"yoast_head":"<!-- This site is optimized with the Yoast SEO plugin v27.2 - https:\/\/yoast.com\/product\/yoast-seo-wordpress\/ -->\n<title>VoileCAN 1 &amp; 2 | Yacht Club de Beaconsfield Yacht Club<\/title>\n<meta name=\"robots\" content=\"index, follow, max-snippet:-1, max-image-preview:large, max-video-preview:-1\" \/>\n<link rel=\"canonical\" href=\"https:\/\/byc.qc.ca\/fr\/voile\/ecole-de-voile\/voilecan-1-2\/\" \/>\n<meta property=\"og:locale\" content=\"fr_FR\" \/>\n<meta property=\"og:type\" content=\"article\" \/>\n<meta property=\"og:title\" content=\"VoileCAN 1 &amp; 2 | Yacht Club de Beaconsfield Yacht Club\" \/>\n<meta property=\"og:description\" content=\"[mk_page_section bg_image_portrait=&#8221;https:\/\/byc.qc.ca\/wp-content\/uploads\/2022\/01\/byc-sharks-racing-400&#215;400-1.jpg&#8221; bg_position=&#8221;center center&#8221; bg_stretch=&#8221;true&#8221; video_color_mask=&#8221;#000000&#8243; video_opacity=&#8221;0.4&#8243; min_height=&#8221;250&#8243; sidebar=&#8221;sidebar-1&#8243;][vc_column][mk_fancy_title tag_name=&#8221;h1&#8243; size=&#8221;50&#8243; font_weight=&#8221;bold&#8221; margin_top=&#8221;70&#8243; font_family=&#8221;none&#8221;]VoileCAN 1 &amp; 2 programme au YCB[\/mk_fancy_title][\/vc_column][\/mk_page_section][vc_row][vc_column][mk_fancy_title size=&#8221;20&#8243; font_weight=&#8221;600&#8243; margin_top=&#8221;20&#8243; font_family=&#8221;none&#8221;]VoileCAN 1 &amp; 2 programme au YCB[\/mk_fancy_title][vc_column_text css=&#8221;.vc_custom_1644942779409{margin-bottom: 0px !important;}&#8221;]VoileCAN 1 &amp; 2 sont des programmes con\u00e7us pour ceux qui font leur d\u00e9buts en voile. Les cours sont disponibles en sessions de [&hellip;]\" \/>\n<meta property=\"og:url\" content=\"https:\/\/byc.qc.ca\/fr\/voile\/ecole-de-voile\/voilecan-1-2\/\" \/>\n<meta property=\"og:site_name\" content=\"Yacht Club de Beaconsfield Yacht Club\" \/>\n<meta property=\"article:modified_time\" content=\"2026-02-02T18:27:35+00:00\" \/>\n<meta name=\"twitter:card\" content=\"summary_large_image\" \/>\n<meta name=\"twitter:label1\" content=\"Dur\u00e9e de lecture estim\u00e9e\" \/>\n\t<meta name=\"twitter:data1\" content=\"3 minutes\" \/>\n<script type=\"application\/ld+json\" class=\"yoast-schema-graph\">{\"@context\":\"https:\/\/schema.org\",\"@graph\":[{\"@type\":\"WebPage\",\"@id\":\"https:\/\/byc.qc.ca\/fr\/voile\/ecole-de-voile\/voilecan-1-2\/\",\"url\":\"https:\/\/byc.qc.ca\/fr\/voile\/ecole-de-voile\/voilecan-1-2\/\",\"name\":\"VoileCAN 1 & 2 | Yacht Club de Beaconsfield Yacht Club\",\"isPartOf\":{\"@id\":\"https:\/\/byc.qc.ca\/#website\"},\"datePublished\":\"2022-02-11T18:03:38+00:00\",\"dateModified\":\"2026-02-02T18:27:35+00:00\",\"breadcrumb\":{\"@id\":\"https:\/\/byc.qc.ca\/fr\/voile\/ecole-de-voile\/voilecan-1-2\/#breadcrumb\"},\"inLanguage\":\"fr-FR\",\"potentialAction\":[{\"@type\":\"ReadAction\",\"target\":[\"https:\/\/byc.qc.ca\/fr\/voile\/ecole-de-voile\/voilecan-1-2\/\"]}]},{\"@type\":\"BreadcrumbList\",\"@id\":\"https:\/\/byc.qc.ca\/fr\/voile\/ecole-de-voile\/voilecan-1-2\/#breadcrumb\",\"itemListElement\":[{\"@type\":\"ListItem\",\"position\":1,\"name\":\"Home\",\"item\":\"https:\/\/byc.qc.ca\/fr\/\"},{\"@type\":\"ListItem\",\"position\":2,\"name\":\"Voile\",\"item\":\"https:\/\/byc.qc.ca\/fr\/voile\/\"},{\"@type\":\"ListItem\",\"position\":3,\"name\":\"\u00c9cole de voile\",\"item\":\"https:\/\/byc.qc.ca\/fr\/voile\/ecole-de-voile\/\"},{\"@type\":\"ListItem\",\"position\":4,\"name\":\"VoileCAN 1 &#038; 2\"}]},{\"@type\":\"WebSite\",\"@id\":\"https:\/\/byc.qc.ca\/#website\",\"url\":\"https:\/\/byc.qc.ca\/\",\"name\":\"Yacht Club de Beaconsfield Yacht Club\",\"description\":\"Beaconsfield Yacht Club - Sailing on Lake St. Louis\",\"publisher\":{\"@id\":\"https:\/\/byc.qc.ca\/#organization\"},\"potentialAction\":[{\"@type\":\"SearchAction\",\"target\":{\"@type\":\"EntryPoint\",\"urlTemplate\":\"https:\/\/byc.qc.ca\/?s={search_term_string}\"},\"query-input\":{\"@type\":\"PropertyValueSpecification\",\"valueRequired\":true,\"valueName\":\"search_term_string\"}}],\"inLanguage\":\"fr-FR\"},{\"@type\":\"Organization\",\"@id\":\"https:\/\/byc.qc.ca\/#organization\",\"name\":\"Beaconsfield Yacht Club\",\"url\":\"https:\/\/byc.qc.ca\/\",\"logo\":{\"@type\":\"ImageObject\",\"inLanguage\":\"fr-FR\",\"@id\":\"https:\/\/byc.qc.ca\/#\/schema\/logo\/image\/\",\"url\":\"https:\/\/byc.qc.ca\/wp-content\/uploads\/2022\/02\/logo-byc-300x194-1.jpg\",\"contentUrl\":\"https:\/\/byc.qc.ca\/wp-content\/uploads\/2022\/02\/logo-byc-300x194-1.jpg\",\"width\":300,\"height\":194,\"caption\":\"Beaconsfield Yacht Club\"},\"image\":{\"@id\":\"https:\/\/byc.qc.ca\/#\/schema\/logo\/image\/\"}}]}<\/script>\n<!-- \/ Yoast SEO plugin. -->","yoast_head_json":{"title":"VoileCAN 1 & 2 | Yacht Club de Beaconsfield Yacht Club","robots":{"index":"index","follow":"follow","max-snippet":"max-snippet:-1","max-image-preview":"max-image-preview:large","max-video-preview":"max-video-preview:-1"},"canonical":"https:\/\/byc.qc.ca\/fr\/voile\/ecole-de-voile\/voilecan-1-2\/","og_locale":"fr_FR","og_type":"article","og_title":"VoileCAN 1 & 2 | Yacht Club de Beaconsfield Yacht Club","og_description":"[mk_page_section bg_image_portrait=&#8221;https:\/\/byc.qc.ca\/wp-content\/uploads\/2022\/01\/byc-sharks-racing-400&#215;400-1.jpg&#8221; bg_position=&#8221;center center&#8221; bg_stretch=&#8221;true&#8221; video_color_mask=&#8221;#000000&#8243; video_opacity=&#8221;0.4&#8243; min_height=&#8221;250&#8243; sidebar=&#8221;sidebar-1&#8243;][vc_column][mk_fancy_title tag_name=&#8221;h1&#8243; size=&#8221;50&#8243; font_weight=&#8221;bold&#8221; margin_top=&#8221;70&#8243; font_family=&#8221;none&#8221;]VoileCAN 1 &amp; 2 programme au YCB[\/mk_fancy_title][\/vc_column][\/mk_page_section][vc_row][vc_column][mk_fancy_title size=&#8221;20&#8243; font_weight=&#8221;600&#8243; margin_top=&#8221;20&#8243; font_family=&#8221;none&#8221;]VoileCAN 1 &amp; 2 programme au YCB[\/mk_fancy_title][vc_column_text css=&#8221;.vc_custom_1644942779409{margin-bottom: 0px !important;}&#8221;]VoileCAN 1 &amp; 2 sont des programmes con\u00e7us pour ceux qui font leur d\u00e9buts en voile. Les cours sont disponibles en sessions de [&hellip;]","og_url":"https:\/\/byc.qc.ca\/fr\/voile\/ecole-de-voile\/voilecan-1-2\/","og_site_name":"Yacht Club de Beaconsfield Yacht Club","article_modified_time":"2026-02-02T18:27:35+00:00","twitter_card":"summary_large_image","twitter_misc":{"Dur\u00e9e de lecture estim\u00e9e":"3 minutes"},"schema":{"@context":"https:\/\/schema.org","@graph":[{"@type":"WebPage","@id":"https:\/\/byc.qc.ca\/fr\/voile\/ecole-de-voile\/voilecan-1-2\/","url":"https:\/\/byc.qc.ca\/fr\/voile\/ecole-de-voile\/voilecan-1-2\/","name":"VoileCAN 1 & 2 | Yacht Club de Beaconsfield Yacht Club","isPartOf":{"@id":"https:\/\/byc.qc.ca\/#website"},"datePublished":"2022-02-11T18:03:38+00:00","dateModified":"2026-02-02T18:27:35+00:00","breadcrumb":{"@id":"https:\/\/byc.qc.ca\/fr\/voile\/ecole-de-voile\/voilecan-1-2\/#breadcrumb"},"inLanguage":"fr-FR","potentialAction":[{"@type":"ReadAction","target":["https:\/\/byc.qc.ca\/fr\/voile\/ecole-de-voile\/voilecan-1-2\/"]}]},{"@type":"BreadcrumbList","@id":"https:\/\/byc.qc.ca\/fr\/voile\/ecole-de-voile\/voilecan-1-2\/#breadcrumb","itemListElement":[{"@type":"ListItem","position":1,"name":"Home","item":"https:\/\/byc.qc.ca\/fr\/"},{"@type":"ListItem","position":2,"name":"Voile","item":"https:\/\/byc.qc.ca\/fr\/voile\/"},{"@type":"ListItem","position":3,"name":"\u00c9cole de voile","item":"https:\/\/byc.qc.ca\/fr\/voile\/ecole-de-voile\/"},{"@type":"ListItem","position":4,"name":"VoileCAN 1 &#038; 2"}]},{"@type":"WebSite","@id":"https:\/\/byc.qc.ca\/#website","url":"https:\/\/byc.qc.ca\/","name":"Yacht Club de Beaconsfield Yacht Club","description":"Beaconsfield Yacht Club - Sailing on Lake St. Louis","publisher":{"@id":"https:\/\/byc.qc.ca\/#organization"},"potentialAction":[{"@type":"SearchAction","target":{"@type":"EntryPoint","urlTemplate":"https:\/\/byc.qc.ca\/?s={search_term_string}"},"query-input":{"@type":"PropertyValueSpecification","valueRequired":true,"valueName":"search_term_string"}}],"inLanguage":"fr-FR"},{"@type":"Organization","@id":"https:\/\/byc.qc.ca\/#organization","name":"Beaconsfield Yacht Club","url":"https:\/\/byc.qc.ca\/","logo":{"@type":"ImageObject","inLanguage":"fr-FR","@id":"https:\/\/byc.qc.ca\/#\/schema\/logo\/image\/","url":"https:\/\/byc.qc.ca\/wp-content\/uploads\/2022\/02\/logo-byc-300x194-1.jpg","contentUrl":"https:\/\/byc.qc.ca\/wp-content\/uploads\/2022\/02\/logo-byc-300x194-1.jpg","width":300,"height":194,"caption":"Beaconsfield Yacht Club"},"image":{"@id":"https:\/\/byc.qc.ca\/#\/schema\/logo\/image\/"}}]}},"_links":{"self":[{"href":"https:\/\/byc.qc.ca\/fr\/wp-json\/wp\/v2\/pages\/6644","targetHints":{"allow":["GET"]}}],"collection":[{"href":"https:\/\/byc.qc.ca\/fr\/wp-json\/wp\/v2\/pages"}],"about":[{"href":"https:\/\/byc.qc.ca\/fr\/wp-json\/wp\/v2\/types\/page"}],"author":[{"embeddable":true,"href":"https:\/\/byc.qc.ca\/fr\/wp-json\/wp\/v2\/users\/1"}],"replies":[{"embeddable":true,"href":"https:\/\/byc.qc.ca\/fr\/wp-json\/wp\/v2\/comments?post=6644"}],"version-history":[{"count":50,"href":"https:\/\/byc.qc.ca\/fr\/wp-json\/wp\/v2\/pages\/6644\/revisions"}],"predecessor-version":[{"id":12151,"href":"https:\/\/byc.qc.ca\/fr\/wp-json\/wp\/v2\/pages\/6644\/revisions\/12151"}],"up":[{"embeddable":true,"href":"https:\/\/byc.qc.ca\/fr\/wp-json\/wp\/v2\/pages\/6381"}],"wp:attachment":[{"href":"https:\/\/byc.qc.ca\/fr\/wp-json\/wp\/v2\/media?parent=6644"}],"curies":[{"name":"wp","href":"https:\/\/api.w.org\/{rel}","templated":true}]}}