{"id":6910,"date":"2022-02-28T13:38:06","date_gmt":"2022-02-28T18:38:06","guid":{"rendered":"http:\/\/byc2022.com\/voile\/ecole-de-voile\/dinghy-basics\/"},"modified":"2026-01-28T17:04:46","modified_gmt":"2026-01-28T22:04:46","slug":"bases_du_deriveur","status":"publish","type":"page","link":"https:\/\/byc.qc.ca\/fr\/voile\/ecole-de-voile\/bases_du_deriveur\/","title":{"rendered":"Bases du d\u00e9riveur"},"content":{"rendered":"<div class=\"wpb-content-wrapper\">[mk_page_section bg_image=&#8221;https:\/\/byc.qc.ca\/wp-content\/uploads\/2022\/02\/byc-sailing-school-dock-800&#215;450-1.jpg&#8221; bg_position=&#8221;center center&#8221; bg_stretch=&#8221;true&#8221; video_color_mask=&#8221;#000000&#8243; video_opacity=&#8221;0.4&#8243; min_height=&#8221;250&#8243; sidebar=&#8221;sidebar-1&#8243;][vc_column][mk_fancy_title tag_name=&#8221;h1&#8243; size=&#8221;50&#8243; font_weight=&#8221;bold&#8221; margin_top=&#8221;70&#8243; font_family=&#8221;none&#8221;]<span style=\"color: #ffffff;\">Cours pour adultes au YCB<br \/>\nVoile de base en d\u00e9riveur<br \/>\n<\/span>[\/mk_fancy_title][\/vc_column][\/mk_page_section][vc_row][vc_column][mk_fancy_title size=&#8221;20&#8243; font_weight=&#8221;500&#8243; margin_top=&#8221;20&#8243; font_family=&#8221;none&#8221;]<span style=\"color: #005e20;\">Cours pour adultes au YCB &#8211; Voile de base en d\u00e9riveur<\/span>[\/mk_fancy_title][vc_column_text css=&#8221;.vc_custom_1767800660414{margin-bottom: 0px !important;}&#8221;]\n<p class=\"font_7\">Le Club de Yacht Beaconsfield offre pour les adultes les cours de navigation suivants: Les informations sur les prix et les dates d\u2019inscription arriveront bient\u00f4t !<\/p>\n<ul>\n<li>EN FIN DE SEMAINES:<\/li>\n<\/ul>\n[\/vc_column_text][vc_row_inner][vc_column_inner][vc_separator color=&#8221;custom&#8221; border_width=&#8221;2&#8243; el_width=&#8221;80&#8243; accent_color=&#8221;#005e20&#8243;][\/vc_column_inner][\/vc_row_inner][\/vc_column][\/vc_row][vc_row][vc_column width=&#8221;3\/4&#8243;][vc_column_text css=&#8221;.vc_custom_1736286616427{margin-bottom: 0px !important;}&#8221;]\n<p class=\"font_7\"><span style=\"color: #005e20;\"><strong>Cours les\u00a0dimanches:<\/strong><\/span><br \/>\nLe but de ce cours est d\u2019enseigner les m\u00e9thodes s\u00e9curitaires pour manoeuvrer un d\u00e9riveur-voilier et est destin\u00e9 aux novices et aux personnes qui ont d\u00e9j\u00e0 particip\u00e9 comme \u00e9quipier sur un voilier et qui d\u00e9sirent augmenter leur connaissance de la voile. Les cours auront lieu pour quatre dimanches et d\u00e9buteront le mois de juillet et ao\u00fbt. Les classes auront lieu de 9h00 \u00e0 l6h00.<\/p>\n<p><span style=\"color: #005e20;\"><strong>Cours du dimanche<\/strong><\/span><br \/>\nLes classes auront lieu de 9h00 \u00e0 l6h00.[\/vc_column_text][\/vc_column][vc_column width=&#8221;1\/4&#8243;][mk_fancy_title size=&#8221;20&#8243; font_weight=&#8221;500&#8243; margin_bottom=&#8221;0&#8243; font_family=&#8221;none&#8221; align=&#8221;center&#8221;]<span style=\"color: #005e20;\"><b>D\u00e9tails a venir bientot<\/b><\/span>[\/mk_fancy_title][mk_button dimension=&#8221;flat&#8221; corner_style=&#8221;rounded&#8221; target=&#8221;_blank&#8221; align=&#8221;center&#8221; button_custom_width=&#8221;200&#8243; margin_bottom=&#8221;10&#8243; margin_right=&#8221;0&#8243; bg_color=&#8221;#005e20&#8243; btn_hover_bg=&#8221;#eeee22&#8243; btn_hover_txt_color=&#8221;#000000&#8243;]Enregistrement en ligne[\/mk_button][vc_single_image image=&#8221;6498&#8243; img_size=&#8221;full&#8221; alignment=&#8221;center&#8221; onclick=&#8221;custom_link&#8221; img_link_target=&#8221;_blank&#8221;][mk_fancy_title size=&#8221;15&#8243; margin_bottom=&#8221;0&#8243; font_family=&#8221;none&#8221; align=&#8221;center&#8221;]<span style=\"color: #005e20;\">Cliquez sur le logo .PDF ci-dessus pour t\u00e9l\u00e9charger le formulaire d&#8217;inscription.<\/span>[\/mk_fancy_title][\/vc_column][\/vc_row][vc_row][vc_column][vc_separator color=&#8221;custom&#8221; border_width=&#8221;2&#8243; el_width=&#8221;80&#8243; accent_color=&#8221;#005e20&#8243;][vc_column_text css=&#8221;.vc_custom_1767800700560{margin-bottom: 0px !important;}&#8221;]\n<p class=\"font_7\"><span style=\"color: #005e20;\"><strong>Tarification et modalit\u00e9s d\u2019inscription<\/strong><\/span><br \/>\nLes frais de ce cours (soir ou fin de semaines) sont: a venir<\/p>\n<p class=\"font_7\"><span style=\"color: #005e20;\"><strong>V\u00eatements et \u00c9quipement de S\u00e9curit\u00e9<br \/>\n<\/strong><\/span>Les participants doivent porter des chaussures \u00e0 semelles de aoutchouc et \u00eatre \u00e9quip\u00e9s d\u2019une veste de flottaison ou un v\u00eatement de flottaison individuel V.F.I. d\u2019un type approuv\u00e9 par le D\u00e9partement du Transport (D.D.T.) ou le Minist\u00e8re du Transport (M.D.T.). Les ceintures flottantes et les vestes de flottaison \u00e0 cellules d\u2019air ne sont pas accept\u00e9es. Si la veste de flottaison n\u2019est pas conforme aux \u00e9glements, le g\u00e9rant du club emp\u00e8chera la personne d\u2019aller sur l\u2019eau.<\/p>\n<p class=\"font_7\"><span style=\"color: #005e20;\"><strong>Renseignements<\/strong><\/span><br \/>\nSi vous d\u00e9sirez des renseignements, veuillez communiquer avec le bureau d\u2019administration du Yacht Club, du mardi au vendredi de 10h00 \u00e0 16h00.<\/p>\n[\/vc_column_text][\/vc_column][\/vc_row]\n<\/div>","protected":false},"excerpt":{"rendered":"<p>[mk_page_section bg_image=&#8221;https:\/\/byc.qc.ca\/wp-content\/uploads\/2022\/02\/byc-sailing-school-dock-800&#215;450-1.jpg&#8221; bg_position=&#8221;center center&#8221; bg_stretch=&#8221;true&#8221; video_color_mask=&#8221;#000000&#8243; video_opacity=&#8221;0.4&#8243; min_height=&#8221;250&#8243; sidebar=&#8221;sidebar-1&#8243;][vc_column][mk_fancy_title tag_name=&#8221;h1&#8243; size=&#8221;50&#8243; font_weight=&#8221;bold&#8221; margin_top=&#8221;70&#8243; font_family=&#8221;none&#8221;]Cours pour adultes au YCB Voile de base en d\u00e9riveur [\/mk_fancy_title][\/vc_column][\/mk_page_section][vc_row][vc_column][mk_fancy_title size=&#8221;20&#8243; font_weight=&#8221;500&#8243; margin_top=&#8221;20&#8243; font_family=&#8221;none&#8221;]Cours pour adultes au YCB &#8211; Voile de base en d\u00e9riveur[\/mk_fancy_title][vc_column_text css=&#8221;.vc_custom_1767800660414{margin-bottom: 0px !important;}&#8221;] Le Club de Yacht Beaconsfield offre pour les adultes les cours de navigation suivants: [&hellip;]<\/p>\n","protected":false},"author":1,"featured_media":0,"parent":6381,"menu_order":0,"comment_status":"closed","ping_status":"closed","template":"","meta":{"footnotes":""},"class_list":["post-6910","page","type-page","status-publish","hentry"],"yoast_head":"<!-- This site is optimized with the Yoast SEO plugin v27.2 - https:\/\/yoast.com\/product\/yoast-seo-wordpress\/ -->\n<title>Bases du d\u00e9riveur | Yacht Club de Beaconsfield Yacht Club<\/title>\n<meta name=\"robots\" content=\"index, follow, max-snippet:-1, max-image-preview:large, max-video-preview:-1\" \/>\n<link rel=\"canonical\" href=\"https:\/\/byc.qc.ca\/fr\/voile\/ecole-de-voile\/bases_du_deriveur\/\" \/>\n<meta property=\"og:locale\" content=\"fr_FR\" \/>\n<meta property=\"og:type\" content=\"article\" \/>\n<meta property=\"og:title\" content=\"Bases du d\u00e9riveur | Yacht Club de Beaconsfield Yacht Club\" \/>\n<meta property=\"og:description\" content=\"[mk_page_section bg_image=&#8221;https:\/\/byc.qc.ca\/wp-content\/uploads\/2022\/02\/byc-sailing-school-dock-800&#215;450-1.jpg&#8221; bg_position=&#8221;center center&#8221; bg_stretch=&#8221;true&#8221; video_color_mask=&#8221;#000000&#8243; video_opacity=&#8221;0.4&#8243; min_height=&#8221;250&#8243; sidebar=&#8221;sidebar-1&#8243;][vc_column][mk_fancy_title tag_name=&#8221;h1&#8243; size=&#8221;50&#8243; font_weight=&#8221;bold&#8221; margin_top=&#8221;70&#8243; font_family=&#8221;none&#8221;]Cours pour adultes au YCB Voile de base en d\u00e9riveur [\/mk_fancy_title][\/vc_column][\/mk_page_section][vc_row][vc_column][mk_fancy_title size=&#8221;20&#8243; font_weight=&#8221;500&#8243; margin_top=&#8221;20&#8243; font_family=&#8221;none&#8221;]Cours pour adultes au YCB &#8211; Voile de base en d\u00e9riveur[\/mk_fancy_title][vc_column_text css=&#8221;.vc_custom_1767800660414{margin-bottom: 0px !important;}&#8221;] Le Club de Yacht Beaconsfield offre pour les adultes les cours de navigation suivants: [&hellip;]\" \/>\n<meta property=\"og:url\" content=\"https:\/\/byc.qc.ca\/fr\/voile\/ecole-de-voile\/bases_du_deriveur\/\" \/>\n<meta property=\"og:site_name\" content=\"Yacht Club de Beaconsfield Yacht Club\" \/>\n<meta property=\"article:modified_time\" content=\"2026-01-28T22:04:46+00:00\" \/>\n<meta name=\"twitter:card\" content=\"summary_large_image\" \/>\n<meta name=\"twitter:label1\" content=\"Dur\u00e9e de lecture estim\u00e9e\" \/>\n\t<meta name=\"twitter:data1\" content=\"2 minutes\" \/>\n<script type=\"application\/ld+json\" class=\"yoast-schema-graph\">{\"@context\":\"https:\/\/schema.org\",\"@graph\":[{\"@type\":\"WebPage\",\"@id\":\"https:\/\/byc.qc.ca\/fr\/voile\/ecole-de-voile\/bases_du_deriveur\/\",\"url\":\"https:\/\/byc.qc.ca\/fr\/voile\/ecole-de-voile\/bases_du_deriveur\/\",\"name\":\"Bases du d\u00e9riveur | Yacht Club de Beaconsfield Yacht Club\",\"isPartOf\":{\"@id\":\"https:\/\/byc.qc.ca\/#website\"},\"datePublished\":\"2022-02-28T18:38:06+00:00\",\"dateModified\":\"2026-01-28T22:04:46+00:00\",\"breadcrumb\":{\"@id\":\"https:\/\/byc.qc.ca\/fr\/voile\/ecole-de-voile\/bases_du_deriveur\/#breadcrumb\"},\"inLanguage\":\"fr-FR\",\"potentialAction\":[{\"@type\":\"ReadAction\",\"target\":[\"https:\/\/byc.qc.ca\/fr\/voile\/ecole-de-voile\/bases_du_deriveur\/\"]}]},{\"@type\":\"BreadcrumbList\",\"@id\":\"https:\/\/byc.qc.ca\/fr\/voile\/ecole-de-voile\/bases_du_deriveur\/#breadcrumb\",\"itemListElement\":[{\"@type\":\"ListItem\",\"position\":1,\"name\":\"Home\",\"item\":\"https:\/\/byc.qc.ca\/fr\/\"},{\"@type\":\"ListItem\",\"position\":2,\"name\":\"Voile\",\"item\":\"https:\/\/byc.qc.ca\/fr\/voile\/\"},{\"@type\":\"ListItem\",\"position\":3,\"name\":\"\u00c9cole de voile\",\"item\":\"https:\/\/byc.qc.ca\/fr\/voile\/ecole-de-voile\/\"},{\"@type\":\"ListItem\",\"position\":4,\"name\":\"Bases du d\u00e9riveur\"}]},{\"@type\":\"WebSite\",\"@id\":\"https:\/\/byc.qc.ca\/#website\",\"url\":\"https:\/\/byc.qc.ca\/\",\"name\":\"Yacht Club de Beaconsfield Yacht Club\",\"description\":\"Beaconsfield Yacht Club - Sailing on Lake St. Louis\",\"publisher\":{\"@id\":\"https:\/\/byc.qc.ca\/#organization\"},\"potentialAction\":[{\"@type\":\"SearchAction\",\"target\":{\"@type\":\"EntryPoint\",\"urlTemplate\":\"https:\/\/byc.qc.ca\/?s={search_term_string}\"},\"query-input\":{\"@type\":\"PropertyValueSpecification\",\"valueRequired\":true,\"valueName\":\"search_term_string\"}}],\"inLanguage\":\"fr-FR\"},{\"@type\":\"Organization\",\"@id\":\"https:\/\/byc.qc.ca\/#organization\",\"name\":\"Beaconsfield Yacht Club\",\"url\":\"https:\/\/byc.qc.ca\/\",\"logo\":{\"@type\":\"ImageObject\",\"inLanguage\":\"fr-FR\",\"@id\":\"https:\/\/byc.qc.ca\/#\/schema\/logo\/image\/\",\"url\":\"https:\/\/byc.qc.ca\/wp-content\/uploads\/2022\/02\/logo-byc-300x194-1.jpg\",\"contentUrl\":\"https:\/\/byc.qc.ca\/wp-content\/uploads\/2022\/02\/logo-byc-300x194-1.jpg\",\"width\":300,\"height\":194,\"caption\":\"Beaconsfield Yacht Club\"},\"image\":{\"@id\":\"https:\/\/byc.qc.ca\/#\/schema\/logo\/image\/\"}}]}<\/script>\n<!-- \/ Yoast SEO plugin. -->","yoast_head_json":{"title":"Bases du d\u00e9riveur | Yacht Club de Beaconsfield Yacht Club","robots":{"index":"index","follow":"follow","max-snippet":"max-snippet:-1","max-image-preview":"max-image-preview:large","max-video-preview":"max-video-preview:-1"},"canonical":"https:\/\/byc.qc.ca\/fr\/voile\/ecole-de-voile\/bases_du_deriveur\/","og_locale":"fr_FR","og_type":"article","og_title":"Bases du d\u00e9riveur | Yacht Club de Beaconsfield Yacht Club","og_description":"[mk_page_section bg_image=&#8221;https:\/\/byc.qc.ca\/wp-content\/uploads\/2022\/02\/byc-sailing-school-dock-800&#215;450-1.jpg&#8221; bg_position=&#8221;center center&#8221; bg_stretch=&#8221;true&#8221; video_color_mask=&#8221;#000000&#8243; video_opacity=&#8221;0.4&#8243; min_height=&#8221;250&#8243; sidebar=&#8221;sidebar-1&#8243;][vc_column][mk_fancy_title tag_name=&#8221;h1&#8243; size=&#8221;50&#8243; font_weight=&#8221;bold&#8221; margin_top=&#8221;70&#8243; font_family=&#8221;none&#8221;]Cours pour adultes au YCB Voile de base en d\u00e9riveur [\/mk_fancy_title][\/vc_column][\/mk_page_section][vc_row][vc_column][mk_fancy_title size=&#8221;20&#8243; font_weight=&#8221;500&#8243; margin_top=&#8221;20&#8243; font_family=&#8221;none&#8221;]Cours pour adultes au YCB &#8211; Voile de base en d\u00e9riveur[\/mk_fancy_title][vc_column_text css=&#8221;.vc_custom_1767800660414{margin-bottom: 0px !important;}&#8221;] Le Club de Yacht Beaconsfield offre pour les adultes les cours de navigation suivants: [&hellip;]","og_url":"https:\/\/byc.qc.ca\/fr\/voile\/ecole-de-voile\/bases_du_deriveur\/","og_site_name":"Yacht Club de Beaconsfield Yacht Club","article_modified_time":"2026-01-28T22:04:46+00:00","twitter_card":"summary_large_image","twitter_misc":{"Dur\u00e9e de lecture estim\u00e9e":"2 minutes"},"schema":{"@context":"https:\/\/schema.org","@graph":[{"@type":"WebPage","@id":"https:\/\/byc.qc.ca\/fr\/voile\/ecole-de-voile\/bases_du_deriveur\/","url":"https:\/\/byc.qc.ca\/fr\/voile\/ecole-de-voile\/bases_du_deriveur\/","name":"Bases du d\u00e9riveur | Yacht Club de Beaconsfield Yacht Club","isPartOf":{"@id":"https:\/\/byc.qc.ca\/#website"},"datePublished":"2022-02-28T18:38:06+00:00","dateModified":"2026-01-28T22:04:46+00:00","breadcrumb":{"@id":"https:\/\/byc.qc.ca\/fr\/voile\/ecole-de-voile\/bases_du_deriveur\/#breadcrumb"},"inLanguage":"fr-FR","potentialAction":[{"@type":"ReadAction","target":["https:\/\/byc.qc.ca\/fr\/voile\/ecole-de-voile\/bases_du_deriveur\/"]}]},{"@type":"BreadcrumbList","@id":"https:\/\/byc.qc.ca\/fr\/voile\/ecole-de-voile\/bases_du_deriveur\/#breadcrumb","itemListElement":[{"@type":"ListItem","position":1,"name":"Home","item":"https:\/\/byc.qc.ca\/fr\/"},{"@type":"ListItem","position":2,"name":"Voile","item":"https:\/\/byc.qc.ca\/fr\/voile\/"},{"@type":"ListItem","position":3,"name":"\u00c9cole de voile","item":"https:\/\/byc.qc.ca\/fr\/voile\/ecole-de-voile\/"},{"@type":"ListItem","position":4,"name":"Bases du d\u00e9riveur"}]},{"@type":"WebSite","@id":"https:\/\/byc.qc.ca\/#website","url":"https:\/\/byc.qc.ca\/","name":"Yacht Club de Beaconsfield Yacht Club","description":"Beaconsfield Yacht Club - Sailing on Lake St. Louis","publisher":{"@id":"https:\/\/byc.qc.ca\/#organization"},"potentialAction":[{"@type":"SearchAction","target":{"@type":"EntryPoint","urlTemplate":"https:\/\/byc.qc.ca\/?s={search_term_string}"},"query-input":{"@type":"PropertyValueSpecification","valueRequired":true,"valueName":"search_term_string"}}],"inLanguage":"fr-FR"},{"@type":"Organization","@id":"https:\/\/byc.qc.ca\/#organization","name":"Beaconsfield Yacht Club","url":"https:\/\/byc.qc.ca\/","logo":{"@type":"ImageObject","inLanguage":"fr-FR","@id":"https:\/\/byc.qc.ca\/#\/schema\/logo\/image\/","url":"https:\/\/byc.qc.ca\/wp-content\/uploads\/2022\/02\/logo-byc-300x194-1.jpg","contentUrl":"https:\/\/byc.qc.ca\/wp-content\/uploads\/2022\/02\/logo-byc-300x194-1.jpg","width":300,"height":194,"caption":"Beaconsfield Yacht Club"},"image":{"@id":"https:\/\/byc.qc.ca\/#\/schema\/logo\/image\/"}}]}},"_links":{"self":[{"href":"https:\/\/byc.qc.ca\/fr\/wp-json\/wp\/v2\/pages\/6910","targetHints":{"allow":["GET"]}}],"collection":[{"href":"https:\/\/byc.qc.ca\/fr\/wp-json\/wp\/v2\/pages"}],"about":[{"href":"https:\/\/byc.qc.ca\/fr\/wp-json\/wp\/v2\/types\/page"}],"author":[{"embeddable":true,"href":"https:\/\/byc.qc.ca\/fr\/wp-json\/wp\/v2\/users\/1"}],"replies":[{"embeddable":true,"href":"https:\/\/byc.qc.ca\/fr\/wp-json\/wp\/v2\/comments?post=6910"}],"version-history":[{"count":31,"href":"https:\/\/byc.qc.ca\/fr\/wp-json\/wp\/v2\/pages\/6910\/revisions"}],"predecessor-version":[{"id":12117,"href":"https:\/\/byc.qc.ca\/fr\/wp-json\/wp\/v2\/pages\/6910\/revisions\/12117"}],"up":[{"embeddable":true,"href":"https:\/\/byc.qc.ca\/fr\/wp-json\/wp\/v2\/pages\/6381"}],"wp:attachment":[{"href":"https:\/\/byc.qc.ca\/fr\/wp-json\/wp\/v2\/media?parent=6910"}],"curies":[{"name":"wp","href":"https:\/\/api.w.org\/{rel}","templated":true}]}}