{"id":6949,"date":"2022-03-01T12:17:29","date_gmt":"2022-03-01T17:17:29","guid":{"rendered":"http:\/\/byc2022.com\/voile\/ecole-de-voile\/learn-to-cruise\/"},"modified":"2025-07-16T19:44:20","modified_gmt":"2025-07-16T23:44:20","slug":"croisiere_elementaire","status":"publish","type":"page","link":"https:\/\/byc.qc.ca\/fr\/voile\/ecole-de-voile\/croisiere_elementaire\/","title":{"rendered":"Croisi\u00e8re \u00e9l\u00e9mentaire"},"content":{"rendered":"<div class=\"wpb-content-wrapper\">[mk_page_section bg_image=&#8221;https:\/\/byc.qc.ca\/wp-content\/uploads\/2022\/01\/byc-cruising-400&#215;400-1.jpg&#8221; bg_position=&#8221;center center&#8221; bg_stretch=&#8221;true&#8221; video_color_mask=&#8221;#000000&#8243; video_opacity=&#8221;0.4&#8243; min_height=&#8221;250&#8243; sidebar=&#8221;sidebar-1&#8243;][vc_column][mk_fancy_title tag_name=&#8221;h1&#8243; size=&#8221;50&#8243; font_weight=&#8221;bold&#8221; margin_top=&#8221;70&#8243; font_family=&#8221;none&#8221;]<span style=\"color: #ffffff;\">Cours de voile pour adultes au YCB<\/span><br \/>\n<span style=\"color: #ffffff;\">Croisi\u00e8re \u00e9l\u00e9mentaire<\/span>[\/mk_fancy_title][\/vc_column][\/mk_page_section][vc_row][vc_column][mk_fancy_title size=&#8221;20&#8243; font_weight=&#8221;500&#8243; margin_top=&#8221;20&#8243; font_family=&#8221;none&#8221;]<span style=\"color: #005e20;\">Croisi\u00e8re \u00e9l\u00e9mentaire sur quillard pour les adultes<\/span>[\/mk_fancy_title][vc_row_inner][vc_column_inner width=&#8221;3\/4&#8243;][vc_column_text css=&#8221;.vc_custom_1752709337870{margin-bottom: 0px !important;}&#8221;]\n<p class=\"font_7\"><span style=\"color: #005e20;\"><strong>Programme Apprendre \u00e0 naviguer<br \/>\n<\/strong><\/span>Que vous soyez un d\u00e9butant qui prend des le\u00e7ons ou un marin avec de l\u2019exp\u00e9rience, le PROGRAMME D\u2019APPRENTISSAGE DE LA CROISI\u00c8RE de l\u2019ACY est parfait pour vous. Le but de ce programme est de vous permettre de naviguer en toute s\u00e9curit\u00e9, comme capitaine ou \u00e9quipier, en eaux famili\u00e8res de jour et par vent et mer mod\u00e9r\u00e9s sur un voilier de 20 \u00e0 30 pieds gr\u00e9e en sloop.<\/p>\n<p class=\"font_7\">Le programme donnera aux \u00e9tudiants une vari\u00e9t\u00e9 d\u2019exp\u00e9riences pratiques de la voile. Entre autres, vous apprendrez les manoeuvres de base d\u2019un voilier au vent et au moteur, les techniques d\u2019amarrage, le r\u00e9glage des voiles pour diff\u00e9rents vents et armures, la terminologie nautique et la s\u00e9curit\u00e9 sur l\u2019eau.<\/p>\n<p class=\"font_7\">Ce programme est offert en quatre jours pendant la semaine ou en fin de semaine. Deux jours une semaine and 2 jours la prochaine semaine.<\/p>\n<p class=\"font_7\">Des bo\u00eetes \u00e0 lunch seront requises puisque la plupart des repas du midi seront \u00e0 l\u2019ancre sur le lac.<\/p>\n[\/vc_column_text][\/vc_column_inner][vc_column_inner width=&#8221;1\/4&#8243;][mk_fancy_title size=&#8221;20&#8243; font_weight=&#8221;bold&#8221; margin_top=&#8221;20&#8243; font_family=&#8221;none&#8221; align=&#8221;center&#8221;]<span style=\"color: #005e20;\">Dates de d\u00e9but<\/span><br \/>\n<span style=\"color: #005e20;\">\u00eatre d\u00e9termin\u00e9<\/span>[\/mk_fancy_title][vc_single_image image=&#8221;6498&#8243; img_size=&#8221;full&#8221; alignment=&#8221;center&#8221; onclick=&#8221;custom_link&#8221; img_link_target=&#8221;_blank&#8221; css=&#8221;&#8221; link=&#8221;https:\/\/byc.qc.ca\/wp-content\/uploads\/2025\/07\/byc_2025_cya_basic_cruising-fr.pdf&#8221;][mk_fancy_title size=&#8221;15&#8243; font_weight=&#8221;400&#8243; margin_bottom=&#8221;0&#8243; font_family=&#8221;none&#8221; align=&#8221;center&#8221;]<span style=\"color: #005e20;\">Cliquez sur le logo .PDF ci-dessus pour t\u00e9l\u00e9charger le formulaire d\u2019inscription.<\/span>[\/mk_fancy_title][\/vc_column_inner][\/vc_row_inner][\/vc_column][\/vc_row][vc_row][vc_column][vc_separator color=&#8221;custom&#8221; border_width=&#8221;2&#8243; el_width=&#8221;80&#8243; accent_color=&#8221;#005e20&#8243;][vc_column_text css=&#8221;.vc_custom_1752709450902{margin-bottom: 0px !important;}&#8221;]<span style=\"color: #005e20;\"><strong>Tarification et modalit\u00e9s d\u2019inscription<br \/>\n<\/strong><\/span>Les co\u00fbts du programme sont les suivants:<br \/>\nDans un groupe (2 personnes ou plus): 998$+ taxes ce qui inclut un journal de bord. Cours priv\u00e9: 1600.00$ + taxes.<\/p>\n<p>Le prix du manuel du cours est 40,00$ en sus.<\/p>\n<p class=\"font_7\"><strong><span style=\"color: #005e20;\">V\u00eatements et \u00c9quipement de S\u00e9curit\u00e9<\/span><br \/>\n<\/strong>Les participants doivent porter des chaussures \u00e0 semelles souples et \u00eatre \u00e9quip\u00e9s d\u2019une veste de flottaison ou un v\u00eatement de flottaison individuel V.F.I. d\u2019un type approuv\u00e9 par le D\u00e9partement du Transport (D.D.T.) ou par le Minist\u00e8re du Transport (M.D.T.). Les ceintures flottantes et les vestes de flottaison \u00e0 cellules d\u2019air ne sont pas accept\u00e9es. <em><span style=\"color: #000000;\">Sans une veste de flottaison conforme aux r\u00e9glements, les participants ne sont pas autoris\u00e9s <span lang=\"FR-CA\" style=\"font-family: Arial, sans-serif;\">\u00e0 a<\/span><span lang=\"FR-CA\" style=\"font-family: 'Arial',sans-serif;\">ller sur l\u2019eau.<\/span><\/span><\/em><\/p>\n<p class=\"font_7\"><span style=\"color: #005e20;\"><strong>Renseignements<\/strong><\/span><br \/>\nSi vous d\u00e9sirez des renseignements, veuillez communiquer avec le bureau d\u2019administration du Yacht Club, du mardi au vendredi de 10h00 \u00e0 16h00.<\/p>\n[\/vc_column_text][\/vc_column][\/vc_row]\n<\/div>","protected":false},"excerpt":{"rendered":"<p>[mk_page_section bg_image=&#8221;https:\/\/byc.qc.ca\/wp-content\/uploads\/2022\/01\/byc-cruising-400&#215;400-1.jpg&#8221; bg_position=&#8221;center center&#8221; bg_stretch=&#8221;true&#8221; video_color_mask=&#8221;#000000&#8243; video_opacity=&#8221;0.4&#8243; min_height=&#8221;250&#8243; sidebar=&#8221;sidebar-1&#8243;][vc_column][mk_fancy_title tag_name=&#8221;h1&#8243; size=&#8221;50&#8243; font_weight=&#8221;bold&#8221; margin_top=&#8221;70&#8243; font_family=&#8221;none&#8221;]Cours de voile pour adultes au YCB Croisi\u00e8re \u00e9l\u00e9mentaire[\/mk_fancy_title][\/vc_column][\/mk_page_section][vc_row][vc_column][mk_fancy_title size=&#8221;20&#8243; font_weight=&#8221;500&#8243; margin_top=&#8221;20&#8243; font_family=&#8221;none&#8221;]Croisi\u00e8re \u00e9l\u00e9mentaire sur quillard pour les adultes[\/mk_fancy_title][vc_row_inner][vc_column_inner width=&#8221;3\/4&#8243;][vc_column_text css=&#8221;.vc_custom_1752709337870{margin-bottom: 0px !important;}&#8221;] Programme Apprendre \u00e0 naviguer Que vous soyez un d\u00e9butant qui prend des le\u00e7ons ou un marin avec de l\u2019exp\u00e9rience, [&hellip;]<\/p>\n","protected":false},"author":1,"featured_media":0,"parent":6381,"menu_order":0,"comment_status":"closed","ping_status":"closed","template":"","meta":{"footnotes":""},"class_list":["post-6949","page","type-page","status-publish","hentry"],"yoast_head":"<!-- This site is optimized with the Yoast SEO plugin v27.2 - https:\/\/yoast.com\/product\/yoast-seo-wordpress\/ -->\n<title>Croisi\u00e8re \u00e9l\u00e9mentaire | Yacht Club de Beaconsfield Yacht Club<\/title>\n<meta name=\"robots\" content=\"index, follow, max-snippet:-1, max-image-preview:large, max-video-preview:-1\" \/>\n<link rel=\"canonical\" href=\"https:\/\/byc.qc.ca\/fr\/voile\/ecole-de-voile\/croisiere_elementaire\/\" \/>\n<meta property=\"og:locale\" content=\"fr_FR\" \/>\n<meta property=\"og:type\" content=\"article\" \/>\n<meta property=\"og:title\" content=\"Croisi\u00e8re \u00e9l\u00e9mentaire | Yacht Club de Beaconsfield Yacht Club\" \/>\n<meta property=\"og:description\" content=\"[mk_page_section bg_image=&#8221;https:\/\/byc.qc.ca\/wp-content\/uploads\/2022\/01\/byc-cruising-400&#215;400-1.jpg&#8221; bg_position=&#8221;center center&#8221; bg_stretch=&#8221;true&#8221; video_color_mask=&#8221;#000000&#8243; video_opacity=&#8221;0.4&#8243; min_height=&#8221;250&#8243; sidebar=&#8221;sidebar-1&#8243;][vc_column][mk_fancy_title tag_name=&#8221;h1&#8243; size=&#8221;50&#8243; font_weight=&#8221;bold&#8221; margin_top=&#8221;70&#8243; font_family=&#8221;none&#8221;]Cours de voile pour adultes au YCB Croisi\u00e8re \u00e9l\u00e9mentaire[\/mk_fancy_title][\/vc_column][\/mk_page_section][vc_row][vc_column][mk_fancy_title size=&#8221;20&#8243; font_weight=&#8221;500&#8243; margin_top=&#8221;20&#8243; font_family=&#8221;none&#8221;]Croisi\u00e8re \u00e9l\u00e9mentaire sur quillard pour les adultes[\/mk_fancy_title][vc_row_inner][vc_column_inner width=&#8221;3\/4&#8243;][vc_column_text css=&#8221;.vc_custom_1752709337870{margin-bottom: 0px !important;}&#8221;] Programme Apprendre \u00e0 naviguer Que vous soyez un d\u00e9butant qui prend des le\u00e7ons ou un marin avec de l\u2019exp\u00e9rience, [&hellip;]\" \/>\n<meta property=\"og:url\" content=\"https:\/\/byc.qc.ca\/fr\/voile\/ecole-de-voile\/croisiere_elementaire\/\" \/>\n<meta property=\"og:site_name\" content=\"Yacht Club de Beaconsfield Yacht Club\" \/>\n<meta property=\"article:modified_time\" content=\"2025-07-16T23:44:20+00:00\" \/>\n<meta name=\"twitter:card\" content=\"summary_large_image\" \/>\n<meta name=\"twitter:label1\" content=\"Dur\u00e9e de lecture estim\u00e9e\" \/>\n\t<meta name=\"twitter:data1\" content=\"2 minutes\" \/>\n<script type=\"application\/ld+json\" class=\"yoast-schema-graph\">{\"@context\":\"https:\/\/schema.org\",\"@graph\":[{\"@type\":\"WebPage\",\"@id\":\"https:\/\/byc.qc.ca\/fr\/voile\/ecole-de-voile\/croisiere_elementaire\/\",\"url\":\"https:\/\/byc.qc.ca\/fr\/voile\/ecole-de-voile\/croisiere_elementaire\/\",\"name\":\"Croisi\u00e8re \u00e9l\u00e9mentaire | Yacht Club de Beaconsfield Yacht Club\",\"isPartOf\":{\"@id\":\"https:\/\/byc.qc.ca\/#website\"},\"datePublished\":\"2022-03-01T17:17:29+00:00\",\"dateModified\":\"2025-07-16T23:44:20+00:00\",\"breadcrumb\":{\"@id\":\"https:\/\/byc.qc.ca\/fr\/voile\/ecole-de-voile\/croisiere_elementaire\/#breadcrumb\"},\"inLanguage\":\"fr-FR\",\"potentialAction\":[{\"@type\":\"ReadAction\",\"target\":[\"https:\/\/byc.qc.ca\/fr\/voile\/ecole-de-voile\/croisiere_elementaire\/\"]}]},{\"@type\":\"BreadcrumbList\",\"@id\":\"https:\/\/byc.qc.ca\/fr\/voile\/ecole-de-voile\/croisiere_elementaire\/#breadcrumb\",\"itemListElement\":[{\"@type\":\"ListItem\",\"position\":1,\"name\":\"Home\",\"item\":\"https:\/\/byc.qc.ca\/fr\/\"},{\"@type\":\"ListItem\",\"position\":2,\"name\":\"Voile\",\"item\":\"https:\/\/byc.qc.ca\/fr\/voile\/\"},{\"@type\":\"ListItem\",\"position\":3,\"name\":\"\u00c9cole de voile\",\"item\":\"https:\/\/byc.qc.ca\/fr\/voile\/ecole-de-voile\/\"},{\"@type\":\"ListItem\",\"position\":4,\"name\":\"Croisi\u00e8re \u00e9l\u00e9mentaire\"}]},{\"@type\":\"WebSite\",\"@id\":\"https:\/\/byc.qc.ca\/#website\",\"url\":\"https:\/\/byc.qc.ca\/\",\"name\":\"Yacht Club de Beaconsfield Yacht Club\",\"description\":\"Beaconsfield Yacht Club - Sailing on Lake St. Louis\",\"publisher\":{\"@id\":\"https:\/\/byc.qc.ca\/#organization\"},\"potentialAction\":[{\"@type\":\"SearchAction\",\"target\":{\"@type\":\"EntryPoint\",\"urlTemplate\":\"https:\/\/byc.qc.ca\/?s={search_term_string}\"},\"query-input\":{\"@type\":\"PropertyValueSpecification\",\"valueRequired\":true,\"valueName\":\"search_term_string\"}}],\"inLanguage\":\"fr-FR\"},{\"@type\":\"Organization\",\"@id\":\"https:\/\/byc.qc.ca\/#organization\",\"name\":\"Beaconsfield Yacht Club\",\"url\":\"https:\/\/byc.qc.ca\/\",\"logo\":{\"@type\":\"ImageObject\",\"inLanguage\":\"fr-FR\",\"@id\":\"https:\/\/byc.qc.ca\/#\/schema\/logo\/image\/\",\"url\":\"https:\/\/byc.qc.ca\/wp-content\/uploads\/2022\/02\/logo-byc-300x194-1.jpg\",\"contentUrl\":\"https:\/\/byc.qc.ca\/wp-content\/uploads\/2022\/02\/logo-byc-300x194-1.jpg\",\"width\":300,\"height\":194,\"caption\":\"Beaconsfield Yacht Club\"},\"image\":{\"@id\":\"https:\/\/byc.qc.ca\/#\/schema\/logo\/image\/\"}}]}<\/script>\n<!-- \/ Yoast SEO plugin. -->","yoast_head_json":{"title":"Croisi\u00e8re \u00e9l\u00e9mentaire | Yacht Club de Beaconsfield Yacht Club","robots":{"index":"index","follow":"follow","max-snippet":"max-snippet:-1","max-image-preview":"max-image-preview:large","max-video-preview":"max-video-preview:-1"},"canonical":"https:\/\/byc.qc.ca\/fr\/voile\/ecole-de-voile\/croisiere_elementaire\/","og_locale":"fr_FR","og_type":"article","og_title":"Croisi\u00e8re \u00e9l\u00e9mentaire | Yacht Club de Beaconsfield Yacht Club","og_description":"[mk_page_section bg_image=&#8221;https:\/\/byc.qc.ca\/wp-content\/uploads\/2022\/01\/byc-cruising-400&#215;400-1.jpg&#8221; bg_position=&#8221;center center&#8221; bg_stretch=&#8221;true&#8221; video_color_mask=&#8221;#000000&#8243; video_opacity=&#8221;0.4&#8243; min_height=&#8221;250&#8243; sidebar=&#8221;sidebar-1&#8243;][vc_column][mk_fancy_title tag_name=&#8221;h1&#8243; size=&#8221;50&#8243; font_weight=&#8221;bold&#8221; margin_top=&#8221;70&#8243; font_family=&#8221;none&#8221;]Cours de voile pour adultes au YCB Croisi\u00e8re \u00e9l\u00e9mentaire[\/mk_fancy_title][\/vc_column][\/mk_page_section][vc_row][vc_column][mk_fancy_title size=&#8221;20&#8243; font_weight=&#8221;500&#8243; margin_top=&#8221;20&#8243; font_family=&#8221;none&#8221;]Croisi\u00e8re \u00e9l\u00e9mentaire sur quillard pour les adultes[\/mk_fancy_title][vc_row_inner][vc_column_inner width=&#8221;3\/4&#8243;][vc_column_text css=&#8221;.vc_custom_1752709337870{margin-bottom: 0px !important;}&#8221;] Programme Apprendre \u00e0 naviguer Que vous soyez un d\u00e9butant qui prend des le\u00e7ons ou un marin avec de l\u2019exp\u00e9rience, [&hellip;]","og_url":"https:\/\/byc.qc.ca\/fr\/voile\/ecole-de-voile\/croisiere_elementaire\/","og_site_name":"Yacht Club de Beaconsfield Yacht Club","article_modified_time":"2025-07-16T23:44:20+00:00","twitter_card":"summary_large_image","twitter_misc":{"Dur\u00e9e de lecture estim\u00e9e":"2 minutes"},"schema":{"@context":"https:\/\/schema.org","@graph":[{"@type":"WebPage","@id":"https:\/\/byc.qc.ca\/fr\/voile\/ecole-de-voile\/croisiere_elementaire\/","url":"https:\/\/byc.qc.ca\/fr\/voile\/ecole-de-voile\/croisiere_elementaire\/","name":"Croisi\u00e8re \u00e9l\u00e9mentaire | Yacht Club de Beaconsfield Yacht Club","isPartOf":{"@id":"https:\/\/byc.qc.ca\/#website"},"datePublished":"2022-03-01T17:17:29+00:00","dateModified":"2025-07-16T23:44:20+00:00","breadcrumb":{"@id":"https:\/\/byc.qc.ca\/fr\/voile\/ecole-de-voile\/croisiere_elementaire\/#breadcrumb"},"inLanguage":"fr-FR","potentialAction":[{"@type":"ReadAction","target":["https:\/\/byc.qc.ca\/fr\/voile\/ecole-de-voile\/croisiere_elementaire\/"]}]},{"@type":"BreadcrumbList","@id":"https:\/\/byc.qc.ca\/fr\/voile\/ecole-de-voile\/croisiere_elementaire\/#breadcrumb","itemListElement":[{"@type":"ListItem","position":1,"name":"Home","item":"https:\/\/byc.qc.ca\/fr\/"},{"@type":"ListItem","position":2,"name":"Voile","item":"https:\/\/byc.qc.ca\/fr\/voile\/"},{"@type":"ListItem","position":3,"name":"\u00c9cole de voile","item":"https:\/\/byc.qc.ca\/fr\/voile\/ecole-de-voile\/"},{"@type":"ListItem","position":4,"name":"Croisi\u00e8re \u00e9l\u00e9mentaire"}]},{"@type":"WebSite","@id":"https:\/\/byc.qc.ca\/#website","url":"https:\/\/byc.qc.ca\/","name":"Yacht Club de Beaconsfield Yacht Club","description":"Beaconsfield Yacht Club - Sailing on Lake St. Louis","publisher":{"@id":"https:\/\/byc.qc.ca\/#organization"},"potentialAction":[{"@type":"SearchAction","target":{"@type":"EntryPoint","urlTemplate":"https:\/\/byc.qc.ca\/?s={search_term_string}"},"query-input":{"@type":"PropertyValueSpecification","valueRequired":true,"valueName":"search_term_string"}}],"inLanguage":"fr-FR"},{"@type":"Organization","@id":"https:\/\/byc.qc.ca\/#organization","name":"Beaconsfield Yacht Club","url":"https:\/\/byc.qc.ca\/","logo":{"@type":"ImageObject","inLanguage":"fr-FR","@id":"https:\/\/byc.qc.ca\/#\/schema\/logo\/image\/","url":"https:\/\/byc.qc.ca\/wp-content\/uploads\/2022\/02\/logo-byc-300x194-1.jpg","contentUrl":"https:\/\/byc.qc.ca\/wp-content\/uploads\/2022\/02\/logo-byc-300x194-1.jpg","width":300,"height":194,"caption":"Beaconsfield Yacht Club"},"image":{"@id":"https:\/\/byc.qc.ca\/#\/schema\/logo\/image\/"}}]}},"_links":{"self":[{"href":"https:\/\/byc.qc.ca\/fr\/wp-json\/wp\/v2\/pages\/6949","targetHints":{"allow":["GET"]}}],"collection":[{"href":"https:\/\/byc.qc.ca\/fr\/wp-json\/wp\/v2\/pages"}],"about":[{"href":"https:\/\/byc.qc.ca\/fr\/wp-json\/wp\/v2\/types\/page"}],"author":[{"embeddable":true,"href":"https:\/\/byc.qc.ca\/fr\/wp-json\/wp\/v2\/users\/1"}],"replies":[{"embeddable":true,"href":"https:\/\/byc.qc.ca\/fr\/wp-json\/wp\/v2\/comments?post=6949"}],"version-history":[{"count":24,"href":"https:\/\/byc.qc.ca\/fr\/wp-json\/wp\/v2\/pages\/6949\/revisions"}],"predecessor-version":[{"id":11331,"href":"https:\/\/byc.qc.ca\/fr\/wp-json\/wp\/v2\/pages\/6949\/revisions\/11331"}],"up":[{"embeddable":true,"href":"https:\/\/byc.qc.ca\/fr\/wp-json\/wp\/v2\/pages\/6381"}],"wp:attachment":[{"href":"https:\/\/byc.qc.ca\/fr\/wp-json\/wp\/v2\/media?parent=6949"}],"curies":[{"name":"wp","href":"https:\/\/api.w.org\/{rel}","templated":true}]}}