{"id":7027,"date":"2022-03-03T14:14:23","date_gmt":"2022-03-03T19:14:23","guid":{"rendered":"http:\/\/byc2022.com\/eco-marina\/"},"modified":"2022-03-07T10:09:51","modified_gmt":"2022-03-07T15:09:51","slug":"eco-marina","status":"publish","type":"page","link":"https:\/\/byc.qc.ca\/fr\/eco-marina\/","title":{"rendered":"Eco Marina"},"content":{"rendered":"<div class=\"wpb-content-wrapper\">[mk_page_section bg_image=&#8221;https:\/\/byc.qc.ca\/wp-content\/uploads\/2022\/02\/byc-club-1925.jpg&#8221; bg_position=&#8221;center center&#8221; bg_stretch=&#8221;true&#8221; video_color_mask=&#8221;#000000&#8243; video_opacity=&#8221;0.3&#8243; min_height=&#8221;250&#8243; sidebar=&#8221;sidebar-1&#8243;][vc_column][mk_fancy_title tag_name=&#8221;h1&#8243; size=&#8221;50&#8243; font_weight=&#8221;bold&#8221; margin_top=&#8221;70&#8243; font_family=&#8221;none&#8221;]<span style=\"color: #ffffff;\">Initiative Eco Marina<\/span>[\/mk_fancy_title][\/vc_column][\/mk_page_section][vc_row][vc_column][mk_fancy_title size=&#8221;20&#8243; font_weight=&#8221;500&#8243; margin_top=&#8221;20&#8243; font_family=&#8221;none&#8221;]<span style=\"color: #005e20;\">Initiative Eco Marina<\/span>[\/mk_fancy_title][vc_column_text css=&#8221;.vc_custom_1646666267909{margin-bottom: 0px !important;}&#8221;]Le Yacht Club de Beaconsfield cherche \u00e0 d\u00e9velopper une approche plus \u00e9cologique \u00e0 ses activit\u00e9s de nautisme. Au cours des derni\u00e8res ann\u00e9es, nous avons fait la promotion de pratiques plus saines pour l\u2019environnement, notamment lors de la pr\u00e9paration printani\u00e8re des embarcations, le recyclage des d\u00e9chets ainsi que l\u2019utilisation de produits moins nocifs. L\u2019ann\u00e9e derni\u00e8re, nous nous sommes inscrits au programme Eco-marina lanc\u00e9 par l\u2019AMQ (Association Maritime du Qu\u00e9bec) en 2007. Ce programme de certification provincial atteste les modes de gestion respectueux de l\u2019environnement des marinas et yacht clubs. Les marinas qui y participent doivent se soumettre \u00e0 un audit de certification au terme duquel elles re\u00e7oivent\u00a0une attribution de 1 \u00e0 5 gouttes. Touchant \u00e0 toutes les facettes de nos op\u00e9rations, tel que l\u2019entretien et la r\u00e9paration des bateaux, la gestion des quais, les proc\u00e9dures d\u2019avitaillement en carburant et de pompage d\u2019eau noires, etc\u2026, il vise essentiellement la pr\u00e9servation de la qualit\u00e9 de l\u2019eau par tous les participants.<\/p>\n<p>Notre premi\u00e8re action en vue de l\u2019obtention de la certification Eco-marina fut l\u2019adoption de notre politique environnementale.\u00a0 Cette politique \u00e9tablie les principes de gestion appropri\u00e9s \u00e0 nos activit\u00e9s en accord avec les standards du programme Eco-marina. Nous invitons tous nos membres \u00e0 en prendre connaissance et se familiariser avec ceux-ci afin qu\u2019ils puissent participer pleinement \u00e0 l\u2019atteinte de nos objectifs. Suite \u00e0 notre audit de certification, nous avons obtenu l\u2019accr\u00e9ditation Eco-marina \u00e0 l\u2019automne 2016 et souhaitons am\u00e9liorer notre performance \u00e9cologique au cours des prochaines ann\u00e9es.<\/p>\n<p><span style=\"color: #005e20;\"><strong>Politique environnementale<\/strong><\/span><br \/>\nLe YCB comprend et reconna\u00eet l\u2019importance cruciale et fondamentale de disposer d\u2019un environnement naturel et sain pour le maintien de ses activit\u00e9s. Notre politique environnementale vise donc \u00e0 promouvoir la sensibilisation \u00e0 l\u2019\u00e9gard de la protection de l\u2019environnement afin de r\u00e9duire l\u2019impact \u00e9cologique de nos activit\u00e9s de plaisance.<\/p>\n<p>En accord avec les principes de gestion \u00e9cologique et les pratiques exemplaires d\u2019exploitation appropri\u00e9s \u00e0 nos activit\u00e9s, le YCB s\u2019engage, au mieux de ses capacit\u00e9s, \u00e0 atteindre les objectifs suivants :<\/p>\n<ul>\n<li>R\u00c9DUIRE L\u2019IMPACT DE L\u2019ENSEMBLE DE NOS ACTIVIT\u00c9S SUR L\u2019ENVIRONNEMENT, SURTOUT EN \u00c9GARD AVEC LA QUALIT\u00c9 DE L\u2019EAU.<\/li>\n<li>ADOPTER UNE STRAT\u00c9GIE DE R\u00c9DUCTION DES D\u00c9CHETS, PROMOUVOIR LE RECYCLAGE ET G\u00c9RER LES PRODUITS DANGEREUX.<\/li>\n<li>PROMOUVOIR L\u2019UTILISATION DE PRODUITS PLUS \u00c9COLOGIQUES ET MOINS NOCIFS POUR L\u2019ENVIRONNEMENT.<\/li>\n<li>INSTAURER UN PLAN D\u2019INTERVENTION D\u2019URGENCE PERMETTANT UNE R\u00c9PONSE RAPIDE DANS LE CAS D\u2019UN D\u00c9VERSEMENT.<\/li>\n<li>FOURNIR UNE FORMATION AU PERSONNEL ET ENCOURAGER TOUTES LES PARTIES \u00c0 ADOPTER DE BONNES PRATIQUES \u00c9COLOGIQUES.<\/li>\n<li>TRANSMETTRE LES PROC\u00c9DURES ET INFORMER LES MEMBRES AFIN QU\u2019ILS PARTICIPENT PLEINEMENT DANS L\u2019ATTEINTE DE NOS OBJECTIFS.<\/li>\n<\/ul>\n<p>Le YCB s\u2019efforcera d\u2019am\u00e9liorer continuellement sa performance environnementale et s\u2019engage \u00e0 \u00e9tablir un programme d\u2019auto-\u00e9valuation continuel.<\/p>\n[\/vc_column_text][vc_column_text css=&#8221;.vc_custom_1646335773744{margin-bottom: 0px !important;}&#8221;]\n<p class=\"font_7\"><span style=\"color: #005e20;\"><strong>Politique environnementale<\/strong><\/span><br \/>\nLe YCB comprend et reconnait l\u2019importance cruciale et fondamentale de disposer d\u2019un environnement naturel et sain pour le maintien de ses activit\u00e9s. Notre politique environnementale vise donc \u00e0 promouvoir la sensibilisation \u00e0 l\u2019\u00e9gard de la protection de l\u2019environnement afin de r\u00e9duire l\u2019impact \u00e9cologique de nos activit\u00e9s de plaisance.<\/p>\n<p class=\"font_7\">En accord avec les principes de gestion \u00e9cologique et les pratiques exemplaires d\u2019exploitation appropri\u00e9s \u00e0 nos activit\u00e9s, le YCB s\u2019engage, au mieux de ses capacit\u00e9s, \u00e0 atteindre les objectifs suivants :<\/p>\n<ul class=\"font_7\">\n<li>\n<p class=\"font_7\">R\u00c9DUIRE L\u2019IMPACT DE L\u2019ENSEMBLE DE NOS ACTIVIT\u00c9S SUR L\u2019ENVIRONNEMENT SURTOUT EN REGARD AVEC LA QUALIT\u00c9 DE L\u2019EAU.<\/p>\n<\/li>\n<li>\n<p class=\"font_7\">ADOPTER UNE STRAT\u00c9GIE DE R\u00c9DUCTION DES D\u00c9CHETS, PROMOUVOIR LE RECYCLAGE ET G\u00c9RER LES PRODUITS DANGEREUX.<\/p>\n<\/li>\n<li>\n<p class=\"font_7\">PROMOUVOIR L\u2019UTILISATION DE PRODUITS PLUS \u00c9COLOGIQUE ET MOINS NOCIF POUR L\u2019ENVIRONNEMENT.<\/p>\n<\/li>\n<li>\n<p class=\"font_7\">INSTAURER UN PLAN D\u2019INTERVENTION D\u2019URGENCE PERMETTANT UNE R\u00c9PONSE RAPIDE DANS LE CAS D\u2019UN D\u00c9VERSEMENT.<\/p>\n<\/li>\n<li>\n<p class=\"font_7\">PR\u00c9VOIR LA FORMATION DU PERSONNEL ET ENCOURAGER TOUTES LES PARTIES \u00c0 L\u2019ADOPTION DE PRATIQUES \u00c9COLOGIQUES<\/p>\n<\/li>\n<li>\n<p class=\"font_7\">TRANSMETTRE LES PROC\u00c9DURES ET INFORMER LES MEMBRES AFIN QU\u2019ILS PARTICIPENT PLEINEMENT DANS L\u2019ATTEINTE DE NOS OBJECTIFS<\/p>\n<\/li>\n<\/ul>\n<p class=\"font_7\">Le YCB s\u2019efforcera d\u2019am\u00e9liorer continuellement son rendement environnemental et s\u2019engage \u00e0 \u00e9tablir un programme d\u2019auto-\u00e9valuation annuel.<\/p>\n[\/vc_column_text][\/vc_column][\/vc_row]\n<\/div>","protected":false},"excerpt":{"rendered":"<p>[mk_page_section bg_image=&#8221;https:\/\/byc.qc.ca\/wp-content\/uploads\/2022\/02\/byc-club-1925.jpg&#8221; bg_position=&#8221;center center&#8221; bg_stretch=&#8221;true&#8221; video_color_mask=&#8221;#000000&#8243; video_opacity=&#8221;0.3&#8243; min_height=&#8221;250&#8243; sidebar=&#8221;sidebar-1&#8243;][vc_column][mk_fancy_title tag_name=&#8221;h1&#8243; size=&#8221;50&#8243; font_weight=&#8221;bold&#8221; margin_top=&#8221;70&#8243; font_family=&#8221;none&#8221;]Initiative Eco Marina[\/mk_fancy_title][\/vc_column][\/mk_page_section][vc_row][vc_column][mk_fancy_title size=&#8221;20&#8243; font_weight=&#8221;500&#8243; margin_top=&#8221;20&#8243; font_family=&#8221;none&#8221;]Initiative Eco Marina[\/mk_fancy_title][vc_column_text css=&#8221;.vc_custom_1646666267909{margin-bottom: 0px !important;}&#8221;]Le Yacht Club de Beaconsfield cherche \u00e0 d\u00e9velopper une approche plus \u00e9cologique \u00e0 ses activit\u00e9s de nautisme. Au cours des derni\u00e8res ann\u00e9es, nous avons fait la promotion de pratiques plus saines [&hellip;]<\/p>\n","protected":false},"author":1,"featured_media":0,"parent":0,"menu_order":0,"comment_status":"closed","ping_status":"closed","template":"","meta":{"footnotes":""},"class_list":["post-7027","page","type-page","status-publish","hentry"],"yoast_head":"<!-- This site is optimized with the Yoast SEO plugin v27.2 - https:\/\/yoast.com\/product\/yoast-seo-wordpress\/ -->\n<title>Eco Marina | Yacht Club de Beaconsfield Yacht Club<\/title>\n<meta name=\"robots\" content=\"index, follow, max-snippet:-1, max-image-preview:large, max-video-preview:-1\" \/>\n<link rel=\"canonical\" href=\"https:\/\/byc.qc.ca\/fr\/eco-marina\/\" \/>\n<meta property=\"og:locale\" content=\"fr_FR\" \/>\n<meta property=\"og:type\" content=\"article\" \/>\n<meta property=\"og:title\" content=\"Eco Marina | Yacht Club de Beaconsfield Yacht Club\" \/>\n<meta property=\"og:description\" content=\"[mk_page_section bg_image=&#8221;https:\/\/byc.qc.ca\/wp-content\/uploads\/2022\/02\/byc-club-1925.jpg&#8221; bg_position=&#8221;center center&#8221; bg_stretch=&#8221;true&#8221; video_color_mask=&#8221;#000000&#8243; video_opacity=&#8221;0.3&#8243; min_height=&#8221;250&#8243; sidebar=&#8221;sidebar-1&#8243;][vc_column][mk_fancy_title tag_name=&#8221;h1&#8243; size=&#8221;50&#8243; font_weight=&#8221;bold&#8221; margin_top=&#8221;70&#8243; font_family=&#8221;none&#8221;]Initiative Eco Marina[\/mk_fancy_title][\/vc_column][\/mk_page_section][vc_row][vc_column][mk_fancy_title size=&#8221;20&#8243; font_weight=&#8221;500&#8243; margin_top=&#8221;20&#8243; font_family=&#8221;none&#8221;]Initiative Eco Marina[\/mk_fancy_title][vc_column_text css=&#8221;.vc_custom_1646666267909{margin-bottom: 0px !important;}&#8221;]Le Yacht Club de Beaconsfield cherche \u00e0 d\u00e9velopper une approche plus \u00e9cologique \u00e0 ses activit\u00e9s de nautisme. Au cours des derni\u00e8res ann\u00e9es, nous avons fait la promotion de pratiques plus saines [&hellip;]\" \/>\n<meta property=\"og:url\" content=\"https:\/\/byc.qc.ca\/fr\/eco-marina\/\" \/>\n<meta property=\"og:site_name\" content=\"Yacht Club de Beaconsfield Yacht Club\" \/>\n<meta property=\"article:modified_time\" content=\"2022-03-07T15:09:51+00:00\" \/>\n<meta name=\"twitter:card\" content=\"summary_large_image\" \/>\n<meta name=\"twitter:label1\" content=\"Dur\u00e9e de lecture estim\u00e9e\" \/>\n\t<meta name=\"twitter:data1\" content=\"4 minutes\" \/>\n<script type=\"application\/ld+json\" class=\"yoast-schema-graph\">{\"@context\":\"https:\/\/schema.org\",\"@graph\":[{\"@type\":\"WebPage\",\"@id\":\"https:\/\/byc.qc.ca\/fr\/eco-marina\/\",\"url\":\"https:\/\/byc.qc.ca\/fr\/eco-marina\/\",\"name\":\"Eco Marina | Yacht Club de Beaconsfield Yacht Club\",\"isPartOf\":{\"@id\":\"https:\/\/byc.qc.ca\/#website\"},\"datePublished\":\"2022-03-03T19:14:23+00:00\",\"dateModified\":\"2022-03-07T15:09:51+00:00\",\"breadcrumb\":{\"@id\":\"https:\/\/byc.qc.ca\/fr\/eco-marina\/#breadcrumb\"},\"inLanguage\":\"fr-FR\",\"potentialAction\":[{\"@type\":\"ReadAction\",\"target\":[\"https:\/\/byc.qc.ca\/fr\/eco-marina\/\"]}]},{\"@type\":\"BreadcrumbList\",\"@id\":\"https:\/\/byc.qc.ca\/fr\/eco-marina\/#breadcrumb\",\"itemListElement\":[{\"@type\":\"ListItem\",\"position\":1,\"name\":\"Home\",\"item\":\"https:\/\/byc.qc.ca\/fr\/\"},{\"@type\":\"ListItem\",\"position\":2,\"name\":\"Eco Marina\"}]},{\"@type\":\"WebSite\",\"@id\":\"https:\/\/byc.qc.ca\/#website\",\"url\":\"https:\/\/byc.qc.ca\/\",\"name\":\"Yacht Club de Beaconsfield Yacht Club\",\"description\":\"Beaconsfield Yacht Club - Sailing on Lake St. Louis\",\"publisher\":{\"@id\":\"https:\/\/byc.qc.ca\/#organization\"},\"potentialAction\":[{\"@type\":\"SearchAction\",\"target\":{\"@type\":\"EntryPoint\",\"urlTemplate\":\"https:\/\/byc.qc.ca\/?s={search_term_string}\"},\"query-input\":{\"@type\":\"PropertyValueSpecification\",\"valueRequired\":true,\"valueName\":\"search_term_string\"}}],\"inLanguage\":\"fr-FR\"},{\"@type\":\"Organization\",\"@id\":\"https:\/\/byc.qc.ca\/#organization\",\"name\":\"Beaconsfield Yacht Club\",\"url\":\"https:\/\/byc.qc.ca\/\",\"logo\":{\"@type\":\"ImageObject\",\"inLanguage\":\"fr-FR\",\"@id\":\"https:\/\/byc.qc.ca\/#\/schema\/logo\/image\/\",\"url\":\"https:\/\/byc.qc.ca\/wp-content\/uploads\/2022\/02\/logo-byc-300x194-1.jpg\",\"contentUrl\":\"https:\/\/byc.qc.ca\/wp-content\/uploads\/2022\/02\/logo-byc-300x194-1.jpg\",\"width\":300,\"height\":194,\"caption\":\"Beaconsfield Yacht Club\"},\"image\":{\"@id\":\"https:\/\/byc.qc.ca\/#\/schema\/logo\/image\/\"}}]}<\/script>\n<!-- \/ Yoast SEO plugin. -->","yoast_head_json":{"title":"Eco Marina | Yacht Club de Beaconsfield Yacht Club","robots":{"index":"index","follow":"follow","max-snippet":"max-snippet:-1","max-image-preview":"max-image-preview:large","max-video-preview":"max-video-preview:-1"},"canonical":"https:\/\/byc.qc.ca\/fr\/eco-marina\/","og_locale":"fr_FR","og_type":"article","og_title":"Eco Marina | Yacht Club de Beaconsfield Yacht Club","og_description":"[mk_page_section bg_image=&#8221;https:\/\/byc.qc.ca\/wp-content\/uploads\/2022\/02\/byc-club-1925.jpg&#8221; bg_position=&#8221;center center&#8221; bg_stretch=&#8221;true&#8221; video_color_mask=&#8221;#000000&#8243; video_opacity=&#8221;0.3&#8243; min_height=&#8221;250&#8243; sidebar=&#8221;sidebar-1&#8243;][vc_column][mk_fancy_title tag_name=&#8221;h1&#8243; size=&#8221;50&#8243; font_weight=&#8221;bold&#8221; margin_top=&#8221;70&#8243; font_family=&#8221;none&#8221;]Initiative Eco Marina[\/mk_fancy_title][\/vc_column][\/mk_page_section][vc_row][vc_column][mk_fancy_title size=&#8221;20&#8243; font_weight=&#8221;500&#8243; margin_top=&#8221;20&#8243; font_family=&#8221;none&#8221;]Initiative Eco Marina[\/mk_fancy_title][vc_column_text css=&#8221;.vc_custom_1646666267909{margin-bottom: 0px !important;}&#8221;]Le Yacht Club de Beaconsfield cherche \u00e0 d\u00e9velopper une approche plus \u00e9cologique \u00e0 ses activit\u00e9s de nautisme. Au cours des derni\u00e8res ann\u00e9es, nous avons fait la promotion de pratiques plus saines [&hellip;]","og_url":"https:\/\/byc.qc.ca\/fr\/eco-marina\/","og_site_name":"Yacht Club de Beaconsfield Yacht Club","article_modified_time":"2022-03-07T15:09:51+00:00","twitter_card":"summary_large_image","twitter_misc":{"Dur\u00e9e de lecture estim\u00e9e":"4 minutes"},"schema":{"@context":"https:\/\/schema.org","@graph":[{"@type":"WebPage","@id":"https:\/\/byc.qc.ca\/fr\/eco-marina\/","url":"https:\/\/byc.qc.ca\/fr\/eco-marina\/","name":"Eco Marina | Yacht Club de Beaconsfield Yacht Club","isPartOf":{"@id":"https:\/\/byc.qc.ca\/#website"},"datePublished":"2022-03-03T19:14:23+00:00","dateModified":"2022-03-07T15:09:51+00:00","breadcrumb":{"@id":"https:\/\/byc.qc.ca\/fr\/eco-marina\/#breadcrumb"},"inLanguage":"fr-FR","potentialAction":[{"@type":"ReadAction","target":["https:\/\/byc.qc.ca\/fr\/eco-marina\/"]}]},{"@type":"BreadcrumbList","@id":"https:\/\/byc.qc.ca\/fr\/eco-marina\/#breadcrumb","itemListElement":[{"@type":"ListItem","position":1,"name":"Home","item":"https:\/\/byc.qc.ca\/fr\/"},{"@type":"ListItem","position":2,"name":"Eco Marina"}]},{"@type":"WebSite","@id":"https:\/\/byc.qc.ca\/#website","url":"https:\/\/byc.qc.ca\/","name":"Yacht Club de Beaconsfield Yacht Club","description":"Beaconsfield Yacht Club - Sailing on Lake St. Louis","publisher":{"@id":"https:\/\/byc.qc.ca\/#organization"},"potentialAction":[{"@type":"SearchAction","target":{"@type":"EntryPoint","urlTemplate":"https:\/\/byc.qc.ca\/?s={search_term_string}"},"query-input":{"@type":"PropertyValueSpecification","valueRequired":true,"valueName":"search_term_string"}}],"inLanguage":"fr-FR"},{"@type":"Organization","@id":"https:\/\/byc.qc.ca\/#organization","name":"Beaconsfield Yacht Club","url":"https:\/\/byc.qc.ca\/","logo":{"@type":"ImageObject","inLanguage":"fr-FR","@id":"https:\/\/byc.qc.ca\/#\/schema\/logo\/image\/","url":"https:\/\/byc.qc.ca\/wp-content\/uploads\/2022\/02\/logo-byc-300x194-1.jpg","contentUrl":"https:\/\/byc.qc.ca\/wp-content\/uploads\/2022\/02\/logo-byc-300x194-1.jpg","width":300,"height":194,"caption":"Beaconsfield Yacht Club"},"image":{"@id":"https:\/\/byc.qc.ca\/#\/schema\/logo\/image\/"}}]}},"_links":{"self":[{"href":"https:\/\/byc.qc.ca\/fr\/wp-json\/wp\/v2\/pages\/7027","targetHints":{"allow":["GET"]}}],"collection":[{"href":"https:\/\/byc.qc.ca\/fr\/wp-json\/wp\/v2\/pages"}],"about":[{"href":"https:\/\/byc.qc.ca\/fr\/wp-json\/wp\/v2\/types\/page"}],"author":[{"embeddable":true,"href":"https:\/\/byc.qc.ca\/fr\/wp-json\/wp\/v2\/users\/1"}],"replies":[{"embeddable":true,"href":"https:\/\/byc.qc.ca\/fr\/wp-json\/wp\/v2\/comments?post=7027"}],"version-history":[{"count":3,"href":"https:\/\/byc.qc.ca\/fr\/wp-json\/wp\/v2\/pages\/7027\/revisions"}],"predecessor-version":[{"id":7039,"href":"https:\/\/byc.qc.ca\/fr\/wp-json\/wp\/v2\/pages\/7027\/revisions\/7039"}],"wp:attachment":[{"href":"https:\/\/byc.qc.ca\/fr\/wp-json\/wp\/v2\/media?parent=7027"}],"curies":[{"name":"wp","href":"https:\/\/api.w.org\/{rel}","templated":true}]}}