{"id":7315,"date":"2022-04-13T14:50:34","date_gmt":"2022-04-13T18:50:34","guid":{"rendered":"https:\/\/byc.qc.ca\/voile\/courses\/ian-bruce\/"},"modified":"2025-04-30T12:52:17","modified_gmt":"2025-04-30T16:52:17","slug":"ian-bruce","status":"publish","type":"page","link":"https:\/\/byc.qc.ca\/fr\/voile\/courses\/ian-bruce\/","title":{"rendered":"Ian Bruce"},"content":{"rendered":"<div class=\"wpb-content-wrapper\">[mk_page_section bg_image=&#8221;https:\/\/byc.qc.ca\/wp-content\/uploads\/2022\/04\/lasers-1024&#215;680-1.jpg&#8221; bg_position=&#8221;center center&#8221; bg_stretch=&#8221;true&#8221; video_color_mask=&#8221;#000000&#8243; video_opacity=&#8221;0.3&#8243; min_height=&#8221;250&#8243; sidebar=&#8221;sidebar-1&#8243;][vc_column width=&#8221;3\/4&#8243;][mk_padding_divider][mk_fancy_title size=&#8221;50&#8243; font_weight=&#8221;bold&#8221; margin_bottom=&#8221;0&#8243; font_family=&#8221;none&#8221;]\n<p style=\"text-align: center;\"><span style=\"color: #ffffff;\">Regatta Memorial Ian Bruce 2025<\/span><\/p>\n[\/mk_fancy_title][mk_fancy_title size=&#8221;35&#8243; font_weight=&#8221;600&#8243; font_style=&#8221;italic&#8221; margin_bottom=&#8221;0&#8243; font_family=&#8221;none&#8221;]\n<p style=\"text-align: center;\"><span style=\"color: #ffffff;\">Open, Masters, District 2<\/span><\/p>\n[\/mk_fancy_title][mk_fancy_title size=&#8221;40&#8243; font_weight=&#8221;bold&#8221; font_style=&#8221;italic&#8221; margin_bottom=&#8221;0&#8243; font_family=&#8221;none&#8221; align=&#8221;center&#8221;]\n<p style=\"text-align: center;\"><span style=\"color: #ffffff;\">ILCA 7, ILCA 6 &amp; ILCA 4<\/span><\/p>\n[\/mk_fancy_title][mk_fancy_title size=&#8221;25&#8243; font_weight=&#8221;bold&#8221; font_family=&#8221;none&#8221;]<span style=\"color: #ffffff;\">30-31 ao\u00fbt.<\/span>[\/mk_fancy_title][\/vc_column][vc_column width=&#8221;1\/4&#8243;][\/vc_column][\/mk_page_section][vc_row][vc_column][vc_row_inner][vc_column_inner width=&#8221;3\/4&#8243;][mk_padding_divider][mk_fancy_title size=&#8221;25&#8243; font_weight=&#8221;500&#8243; margin_bottom=&#8221;0&#8243; font_family=&#8221;none&#8221;]<span style=\"color: #005e20;\">Regatta Memorial Ian Bruce <strong>2025<\/strong> au YCB.<\/span>[\/mk_fancy_title][vc_column_text css=&#8221;.vc_custom_1744209793397{margin-bottom: 0px !important;}&#8221;]Cet \u00e9v\u00e9nement a lieu au Yacht Club de Beaconsfield, situ\u00e9 \u00e0 Beaconsfield, Qu\u00e9bec, Canada, la fin de semaine du 30-31 ao\u00fbt 2025.<\/p>\n<p>Des coureurs en ILCA, \u00e2g\u00e9s de 14 \u00e0 77 ans, de partout au Canada et aux \u00c9tats-Unis, participeront \u00e0 la r\u00e9gate comm\u00e9morative Ian Bruce sur le lac Saint-Louis. Cette r\u00e9gate organis\u00e9e par le Club Nautique de Beaconsfield est un hommage \u00e0 Ian Bruce, le double olympien et l\u2019un des inventeurs du laser.[\/vc_column_text][\/vc_column_inner][vc_column_inner width=&#8221;1\/4&#8243;][mk_padding_divider][mk_button dimension=&#8221;flat&#8221; size=&#8221;medium&#8221; url=&#8221;mailto:voile@byc.qc.ca&#8221; target=&#8221;_blank&#8221; align=&#8221;center&#8221; button_custom_width=&#8221;250&#8243; bg_color=&#8221;#005e20&#8243; btn_hover_bg=&#8221;#eeee22&#8243; btn_hover_txt_color=&#8221;#000000&#8243;]SUPPORT[\/mk_button][mk_fancy_title size=&#8221;20&#8243; font_weight=&#8221;500&#8243; margin_bottom=&#8221;0&#8243; font_family=&#8221;none&#8221; align=&#8221;center&#8221;]Pour obtenir de l&#8217;aide, contacter: <span style=\"color: #005e20;\"><strong>Voile@BYC.qc.ca<\/strong><\/span>[\/mk_fancy_title][\/vc_column_inner][\/vc_row_inner][mk_padding_divider size=&#8221;10&#8243;][\/vc_column][\/vc_row][mk_page_section][vc_column width=&#8221;1\/3&#8243;][mk_button dimension=&#8221;flat&#8221; size=&#8221;large&#8221; url=&#8221;https:\/\/www.racingrulesofsailing.org\/documents\/11276\/event?name=ian-bruce-memorial-regatta-2024&#8243; target=&#8221;_blank&#8221; align=&#8221;center&#8221; bg_color=&#8221;#005e20&#8243; btn_hover_bg=&#8221;#eeee22&#8243; btn_hover_txt_color=&#8221;#000000&#8243;]TABLEAU D&#8217;AFFICHAGE OFFICIEL[\/mk_button][\/vc_column][vc_column width=&#8221;1\/3&#8243;][mk_button dimension=&#8221;flat&#8221; size=&#8221;large&#8221; url=&#8221;https:\/\/www.racingrulesofsailing.org\/competitors\/11276\/event&#8221; target=&#8221;_blank&#8221; align=&#8221;center&#8221; bg_color=&#8221;#005e20&#8243; btn_hover_bg=&#8221;#eeee22&#8243; btn_hover_txt_color=&#8221;#000000&#8243;]Liste des Inscrits[\/mk_button][mk_button dimension=&#8221;flat&#8221; size=&#8221;large&#8221; url=&#8221;https:\/\/byc.qc.ca\/wp-content\/uploads\/2023\/08\/byc_2023-formulaire-declaration-parent_fr.pdf&#8221; target=&#8221;_blank&#8221; align=&#8221;center&#8221; bg_color=&#8221;#dd3333&#8243; btn_hover_bg=&#8221;#eeee22&#8243; btn_hover_txt_color=&#8221;#000000&#8243;]Moins de 18 ans &#8211; d\u00e9claration parental &#8211; \u00e0 remettre lors du check-in[\/mk_button][\/vc_column][vc_column width=&#8221;1\/3&#8243;][mk_button dimension=&#8221;flat&#8221; size=&#8221;large&#8221; url=&#8221;https:\/\/www.racingrulesofsailing.org\/registrations?event_id=11276&#8243; target=&#8221;_blank&#8221; align=&#8221;center&#8221; button_custom_width=&#8221;300&#8243; bg_color=&#8221;#005e20&#8243; btn_hover_bg=&#8221;#eeee22&#8243; btn_hover_txt_color=&#8221;#000000&#8243;]INSCRIPTION[\/mk_button][\/vc_column][\/mk_page_section][vc_row][vc_column][mk_padding_divider size=&#8221;25&#8243;][\/vc_column][\/vc_row][mk_page_section bg_image=&#8221;https:\/\/byc.qc.ca\/wp-content\/uploads\/2022\/04\/lasers-1024&#215;680-1.jpg&#8221; bg_position=&#8221;center center&#8221; bg_stretch=&#8221;true&#8221; min_height=&#8221;400&#8243; sidebar=&#8221;sidebar-1&#8243;][vc_column width=&#8221;1\/3&#8243;][\/vc_column][vc_column width=&#8221;1\/3&#8243;][\/vc_column][vc_column width=&#8221;1\/3&#8243;][\/vc_column][\/mk_page_section][vc_row][vc_column][\/vc_column][\/vc_row]\n<\/div>","protected":false},"excerpt":{"rendered":"<p>[mk_page_section bg_image=&#8221;https:\/\/byc.qc.ca\/wp-content\/uploads\/2022\/04\/lasers-1024&#215;680-1.jpg&#8221; bg_position=&#8221;center center&#8221; bg_stretch=&#8221;true&#8221; video_color_mask=&#8221;#000000&#8243; video_opacity=&#8221;0.3&#8243; min_height=&#8221;250&#8243; sidebar=&#8221;sidebar-1&#8243;][vc_column width=&#8221;3\/4&#8243;][mk_padding_divider][mk_fancy_title size=&#8221;50&#8243; font_weight=&#8221;bold&#8221; margin_bottom=&#8221;0&#8243; font_family=&#8221;none&#8221;] Regatta Memorial Ian Bruce 2025 [\/mk_fancy_title][mk_fancy_title size=&#8221;35&#8243; font_weight=&#8221;600&#8243; font_style=&#8221;italic&#8221; margin_bottom=&#8221;0&#8243; font_family=&#8221;none&#8221;] Open, Masters, District 2 [\/mk_fancy_title][mk_fancy_title size=&#8221;40&#8243; font_weight=&#8221;bold&#8221; font_style=&#8221;italic&#8221; margin_bottom=&#8221;0&#8243; font_family=&#8221;none&#8221; align=&#8221;center&#8221;] ILCA 7, ILCA 6 &amp; ILCA 4 [\/mk_fancy_title][mk_fancy_title size=&#8221;25&#8243; font_weight=&#8221;bold&#8221; font_family=&#8221;none&#8221;]30-31 ao\u00fbt.[\/mk_fancy_title][\/vc_column][vc_column width=&#8221;1\/4&#8243;][\/vc_column][\/mk_page_section][vc_row][vc_column][vc_row_inner][vc_column_inner width=&#8221;3\/4&#8243;][mk_padding_divider][mk_fancy_title size=&#8221;25&#8243; font_weight=&#8221;500&#8243; margin_bottom=&#8221;0&#8243; font_family=&#8221;none&#8221;]Regatta Memorial [&hellip;]<\/p>\n","protected":false},"author":23,"featured_media":0,"parent":6372,"menu_order":0,"comment_status":"closed","ping_status":"closed","template":"","meta":{"footnotes":""},"class_list":["post-7315","page","type-page","status-publish","hentry"],"yoast_head":"<!-- This site is optimized with the Yoast SEO plugin v27.2 - https:\/\/yoast.com\/product\/yoast-seo-wordpress\/ -->\n<title>Ian Bruce | Yacht Club de Beaconsfield Yacht Club<\/title>\n<meta name=\"robots\" content=\"index, follow, max-snippet:-1, max-image-preview:large, max-video-preview:-1\" \/>\n<link rel=\"canonical\" href=\"https:\/\/byc.qc.ca\/fr\/voile\/courses\/ian-bruce\/\" \/>\n<meta property=\"og:locale\" content=\"fr_FR\" \/>\n<meta property=\"og:type\" content=\"article\" \/>\n<meta property=\"og:title\" content=\"Ian Bruce | Yacht Club de Beaconsfield Yacht Club\" \/>\n<meta property=\"og:description\" content=\"[mk_page_section bg_image=&#8221;https:\/\/byc.qc.ca\/wp-content\/uploads\/2022\/04\/lasers-1024&#215;680-1.jpg&#8221; bg_position=&#8221;center center&#8221; bg_stretch=&#8221;true&#8221; video_color_mask=&#8221;#000000&#8243; video_opacity=&#8221;0.3&#8243; min_height=&#8221;250&#8243; sidebar=&#8221;sidebar-1&#8243;][vc_column width=&#8221;3\/4&#8243;][mk_padding_divider][mk_fancy_title size=&#8221;50&#8243; font_weight=&#8221;bold&#8221; margin_bottom=&#8221;0&#8243; font_family=&#8221;none&#8221;] Regatta Memorial Ian Bruce 2025 [\/mk_fancy_title][mk_fancy_title size=&#8221;35&#8243; font_weight=&#8221;600&#8243; font_style=&#8221;italic&#8221; margin_bottom=&#8221;0&#8243; font_family=&#8221;none&#8221;] Open, Masters, District 2 [\/mk_fancy_title][mk_fancy_title size=&#8221;40&#8243; font_weight=&#8221;bold&#8221; font_style=&#8221;italic&#8221; margin_bottom=&#8221;0&#8243; font_family=&#8221;none&#8221; align=&#8221;center&#8221;] ILCA 7, ILCA 6 &amp; ILCA 4 [\/mk_fancy_title][mk_fancy_title size=&#8221;25&#8243; font_weight=&#8221;bold&#8221; font_family=&#8221;none&#8221;]30-31 ao\u00fbt.[\/mk_fancy_title][\/vc_column][vc_column width=&#8221;1\/4&#8243;][\/vc_column][\/mk_page_section][vc_row][vc_column][vc_row_inner][vc_column_inner width=&#8221;3\/4&#8243;][mk_padding_divider][mk_fancy_title size=&#8221;25&#8243; font_weight=&#8221;500&#8243; margin_bottom=&#8221;0&#8243; font_family=&#8221;none&#8221;]Regatta Memorial [&hellip;]\" \/>\n<meta property=\"og:url\" content=\"https:\/\/byc.qc.ca\/fr\/voile\/courses\/ian-bruce\/\" \/>\n<meta property=\"og:site_name\" content=\"Yacht Club de Beaconsfield Yacht Club\" \/>\n<meta property=\"article:modified_time\" content=\"2025-04-30T16:52:17+00:00\" \/>\n<meta name=\"twitter:card\" content=\"summary_large_image\" \/>\n<meta name=\"twitter:label1\" content=\"Dur\u00e9e de lecture estim\u00e9e\" \/>\n\t<meta name=\"twitter:data1\" content=\"1 minute\" \/>\n<script type=\"application\/ld+json\" class=\"yoast-schema-graph\">{\"@context\":\"https:\/\/schema.org\",\"@graph\":[{\"@type\":\"WebPage\",\"@id\":\"https:\/\/byc.qc.ca\/fr\/voile\/courses\/ian-bruce\/\",\"url\":\"https:\/\/byc.qc.ca\/fr\/voile\/courses\/ian-bruce\/\",\"name\":\"Ian Bruce | Yacht Club de Beaconsfield Yacht Club\",\"isPartOf\":{\"@id\":\"https:\/\/byc.qc.ca\/#website\"},\"datePublished\":\"2022-04-13T18:50:34+00:00\",\"dateModified\":\"2025-04-30T16:52:17+00:00\",\"breadcrumb\":{\"@id\":\"https:\/\/byc.qc.ca\/fr\/voile\/courses\/ian-bruce\/#breadcrumb\"},\"inLanguage\":\"fr-FR\",\"potentialAction\":[{\"@type\":\"ReadAction\",\"target\":[\"https:\/\/byc.qc.ca\/fr\/voile\/courses\/ian-bruce\/\"]}]},{\"@type\":\"BreadcrumbList\",\"@id\":\"https:\/\/byc.qc.ca\/fr\/voile\/courses\/ian-bruce\/#breadcrumb\",\"itemListElement\":[{\"@type\":\"ListItem\",\"position\":1,\"name\":\"Home\",\"item\":\"https:\/\/byc.qc.ca\/fr\/\"},{\"@type\":\"ListItem\",\"position\":2,\"name\":\"Voile\",\"item\":\"https:\/\/byc.qc.ca\/fr\/voile\/\"},{\"@type\":\"ListItem\",\"position\":3,\"name\":\"Courses\",\"item\":\"https:\/\/byc.qc.ca\/fr\/voile\/courses\/\"},{\"@type\":\"ListItem\",\"position\":4,\"name\":\"Ian Bruce\"}]},{\"@type\":\"WebSite\",\"@id\":\"https:\/\/byc.qc.ca\/#website\",\"url\":\"https:\/\/byc.qc.ca\/\",\"name\":\"Yacht Club de Beaconsfield Yacht Club\",\"description\":\"Beaconsfield Yacht Club - Sailing on Lake St. Louis\",\"publisher\":{\"@id\":\"https:\/\/byc.qc.ca\/#organization\"},\"potentialAction\":[{\"@type\":\"SearchAction\",\"target\":{\"@type\":\"EntryPoint\",\"urlTemplate\":\"https:\/\/byc.qc.ca\/?s={search_term_string}\"},\"query-input\":{\"@type\":\"PropertyValueSpecification\",\"valueRequired\":true,\"valueName\":\"search_term_string\"}}],\"inLanguage\":\"fr-FR\"},{\"@type\":\"Organization\",\"@id\":\"https:\/\/byc.qc.ca\/#organization\",\"name\":\"Beaconsfield Yacht Club\",\"url\":\"https:\/\/byc.qc.ca\/\",\"logo\":{\"@type\":\"ImageObject\",\"inLanguage\":\"fr-FR\",\"@id\":\"https:\/\/byc.qc.ca\/#\/schema\/logo\/image\/\",\"url\":\"https:\/\/byc.qc.ca\/wp-content\/uploads\/2022\/02\/logo-byc-300x194-1.jpg\",\"contentUrl\":\"https:\/\/byc.qc.ca\/wp-content\/uploads\/2022\/02\/logo-byc-300x194-1.jpg\",\"width\":300,\"height\":194,\"caption\":\"Beaconsfield Yacht Club\"},\"image\":{\"@id\":\"https:\/\/byc.qc.ca\/#\/schema\/logo\/image\/\"}}]}<\/script>\n<!-- \/ Yoast SEO plugin. -->","yoast_head_json":{"title":"Ian Bruce | Yacht Club de Beaconsfield Yacht Club","robots":{"index":"index","follow":"follow","max-snippet":"max-snippet:-1","max-image-preview":"max-image-preview:large","max-video-preview":"max-video-preview:-1"},"canonical":"https:\/\/byc.qc.ca\/fr\/voile\/courses\/ian-bruce\/","og_locale":"fr_FR","og_type":"article","og_title":"Ian Bruce | Yacht Club de Beaconsfield Yacht Club","og_description":"[mk_page_section bg_image=&#8221;https:\/\/byc.qc.ca\/wp-content\/uploads\/2022\/04\/lasers-1024&#215;680-1.jpg&#8221; bg_position=&#8221;center center&#8221; bg_stretch=&#8221;true&#8221; video_color_mask=&#8221;#000000&#8243; video_opacity=&#8221;0.3&#8243; min_height=&#8221;250&#8243; sidebar=&#8221;sidebar-1&#8243;][vc_column width=&#8221;3\/4&#8243;][mk_padding_divider][mk_fancy_title size=&#8221;50&#8243; font_weight=&#8221;bold&#8221; margin_bottom=&#8221;0&#8243; font_family=&#8221;none&#8221;] Regatta Memorial Ian Bruce 2025 [\/mk_fancy_title][mk_fancy_title size=&#8221;35&#8243; font_weight=&#8221;600&#8243; font_style=&#8221;italic&#8221; margin_bottom=&#8221;0&#8243; font_family=&#8221;none&#8221;] Open, Masters, District 2 [\/mk_fancy_title][mk_fancy_title size=&#8221;40&#8243; font_weight=&#8221;bold&#8221; font_style=&#8221;italic&#8221; margin_bottom=&#8221;0&#8243; font_family=&#8221;none&#8221; align=&#8221;center&#8221;] ILCA 7, ILCA 6 &amp; ILCA 4 [\/mk_fancy_title][mk_fancy_title size=&#8221;25&#8243; font_weight=&#8221;bold&#8221; font_family=&#8221;none&#8221;]30-31 ao\u00fbt.[\/mk_fancy_title][\/vc_column][vc_column width=&#8221;1\/4&#8243;][\/vc_column][\/mk_page_section][vc_row][vc_column][vc_row_inner][vc_column_inner width=&#8221;3\/4&#8243;][mk_padding_divider][mk_fancy_title size=&#8221;25&#8243; font_weight=&#8221;500&#8243; margin_bottom=&#8221;0&#8243; font_family=&#8221;none&#8221;]Regatta Memorial [&hellip;]","og_url":"https:\/\/byc.qc.ca\/fr\/voile\/courses\/ian-bruce\/","og_site_name":"Yacht Club de Beaconsfield Yacht Club","article_modified_time":"2025-04-30T16:52:17+00:00","twitter_card":"summary_large_image","twitter_misc":{"Dur\u00e9e de lecture estim\u00e9e":"1 minute"},"schema":{"@context":"https:\/\/schema.org","@graph":[{"@type":"WebPage","@id":"https:\/\/byc.qc.ca\/fr\/voile\/courses\/ian-bruce\/","url":"https:\/\/byc.qc.ca\/fr\/voile\/courses\/ian-bruce\/","name":"Ian Bruce | Yacht Club de Beaconsfield Yacht Club","isPartOf":{"@id":"https:\/\/byc.qc.ca\/#website"},"datePublished":"2022-04-13T18:50:34+00:00","dateModified":"2025-04-30T16:52:17+00:00","breadcrumb":{"@id":"https:\/\/byc.qc.ca\/fr\/voile\/courses\/ian-bruce\/#breadcrumb"},"inLanguage":"fr-FR","potentialAction":[{"@type":"ReadAction","target":["https:\/\/byc.qc.ca\/fr\/voile\/courses\/ian-bruce\/"]}]},{"@type":"BreadcrumbList","@id":"https:\/\/byc.qc.ca\/fr\/voile\/courses\/ian-bruce\/#breadcrumb","itemListElement":[{"@type":"ListItem","position":1,"name":"Home","item":"https:\/\/byc.qc.ca\/fr\/"},{"@type":"ListItem","position":2,"name":"Voile","item":"https:\/\/byc.qc.ca\/fr\/voile\/"},{"@type":"ListItem","position":3,"name":"Courses","item":"https:\/\/byc.qc.ca\/fr\/voile\/courses\/"},{"@type":"ListItem","position":4,"name":"Ian Bruce"}]},{"@type":"WebSite","@id":"https:\/\/byc.qc.ca\/#website","url":"https:\/\/byc.qc.ca\/","name":"Yacht Club de Beaconsfield Yacht Club","description":"Beaconsfield Yacht Club - Sailing on Lake St. Louis","publisher":{"@id":"https:\/\/byc.qc.ca\/#organization"},"potentialAction":[{"@type":"SearchAction","target":{"@type":"EntryPoint","urlTemplate":"https:\/\/byc.qc.ca\/?s={search_term_string}"},"query-input":{"@type":"PropertyValueSpecification","valueRequired":true,"valueName":"search_term_string"}}],"inLanguage":"fr-FR"},{"@type":"Organization","@id":"https:\/\/byc.qc.ca\/#organization","name":"Beaconsfield Yacht Club","url":"https:\/\/byc.qc.ca\/","logo":{"@type":"ImageObject","inLanguage":"fr-FR","@id":"https:\/\/byc.qc.ca\/#\/schema\/logo\/image\/","url":"https:\/\/byc.qc.ca\/wp-content\/uploads\/2022\/02\/logo-byc-300x194-1.jpg","contentUrl":"https:\/\/byc.qc.ca\/wp-content\/uploads\/2022\/02\/logo-byc-300x194-1.jpg","width":300,"height":194,"caption":"Beaconsfield Yacht Club"},"image":{"@id":"https:\/\/byc.qc.ca\/#\/schema\/logo\/image\/"}}]}},"_links":{"self":[{"href":"https:\/\/byc.qc.ca\/fr\/wp-json\/wp\/v2\/pages\/7315","targetHints":{"allow":["GET"]}}],"collection":[{"href":"https:\/\/byc.qc.ca\/fr\/wp-json\/wp\/v2\/pages"}],"about":[{"href":"https:\/\/byc.qc.ca\/fr\/wp-json\/wp\/v2\/types\/page"}],"author":[{"embeddable":true,"href":"https:\/\/byc.qc.ca\/fr\/wp-json\/wp\/v2\/users\/23"}],"replies":[{"embeddable":true,"href":"https:\/\/byc.qc.ca\/fr\/wp-json\/wp\/v2\/comments?post=7315"}],"version-history":[{"count":65,"href":"https:\/\/byc.qc.ca\/fr\/wp-json\/wp\/v2\/pages\/7315\/revisions"}],"predecessor-version":[{"id":10865,"href":"https:\/\/byc.qc.ca\/fr\/wp-json\/wp\/v2\/pages\/7315\/revisions\/10865"}],"up":[{"embeddable":true,"href":"https:\/\/byc.qc.ca\/fr\/wp-json\/wp\/v2\/pages\/6372"}],"wp:attachment":[{"href":"https:\/\/byc.qc.ca\/fr\/wp-json\/wp\/v2\/media?parent=7315"}],"curies":[{"name":"wp","href":"https:\/\/api.w.org\/{rel}","templated":true}]}}