{"id":7556,"date":"2022-05-02T07:58:45","date_gmt":"2022-05-02T11:58:45","guid":{"rendered":"https:\/\/byc.qc.ca\/adhesion\/zoom-update\/"},"modified":"2022-05-02T08:46:20","modified_gmt":"2022-05-02T12:46:20","slug":"zoom-update","status":"publish","type":"page","link":"https:\/\/byc.qc.ca\/fr\/adhesion\/zoom-update\/","title":{"rendered":"Restricted content"},"content":{"rendered":"<p>&nbsp;<\/p>\r\n<p style=\"text-align: center\"><span style=\"color: #005e20\"><strong>This page is restricted to logged in members - Cette page est r\u00e9serv\u00e9e aux membres connect\u00e9s<\/strong><\/span><\/p>","protected":false},"excerpt":{"rendered":"[mk_page_section bg_image=\"https:\/\/byc.qc.ca\/wp-content\/uploads\/2022\/05\/dave-zoom.jpg\" bg_position=\"center center\" bg_stretch=\"true\" min_height=\"250\" sidebar=\"sidebar-1\"][vc_column][mk_fancy_title tag_name=\"h1\" size=\"50\" font_weight=\"bold\" margin_top=\"100\" margin_bottom=\"0\" font_family=\"none\"]Zoom updates - mises \u00e0 jour de zoom[\/mk_fancy_title][\/vc_column][\/mk_page_section][vc_row][vc_column width=\"1\/2\"][mk_fancy_title size=\"25\" font_weight=\"500\" margin_top=\"20\" margin_bottom=\"0\" font_family=\"none\"]Zoom update on Wednesday May 4th at 19h00[\/mk_fancy_title][vc_column_text css=\".vc_custom_1651493088418{margin-bottom: 0px !important;}\"]Our 2022 sailing and cruising season is coming very soon ! If you want to learn more about it and [...]","protected":false},"author":23,"featured_media":0,"parent":6406,"menu_order":0,"comment_status":"closed","ping_status":"closed","template":"","meta":{"footnotes":""},"class_list":["post-7556","page","type-page","status-publish","hentry"],"yoast_head":"<!-- This site is optimized with the Yoast SEO plugin v27.2 - https:\/\/yoast.com\/product\/yoast-seo-wordpress\/ -->\n<title>Zoom update | Yacht Club de Beaconsfield Yacht Club<\/title>\n<meta name=\"description\" content=\"BYC Zoom updates\" \/>\n<meta name=\"robots\" content=\"index, follow, max-snippet:-1, max-image-preview:large, max-video-preview:-1\" \/>\n<link rel=\"canonical\" href=\"https:\/\/byc.qc.ca\/fr\/adhesion\/zoom-update\/\" \/>\n<meta property=\"og:locale\" content=\"fr_FR\" \/>\n<meta property=\"og:type\" content=\"article\" \/>\n<meta property=\"og:title\" content=\"Zoom update | Yacht Club de Beaconsfield Yacht Club\" \/>\n<meta property=\"og:description\" content=\"BYC Zoom updates\" \/>\n<meta property=\"og:url\" content=\"https:\/\/byc.qc.ca\/fr\/adhesion\/zoom-update\/\" \/>\n<meta property=\"og:site_name\" content=\"Yacht Club de Beaconsfield Yacht Club\" \/>\n<meta property=\"article:modified_time\" content=\"2022-05-02T12:46:20+00:00\" \/>\n<meta name=\"twitter:card\" content=\"summary_large_image\" \/>\n<meta name=\"twitter:label1\" content=\"Dur\u00e9e de lecture estim\u00e9e\" \/>\n\t<meta name=\"twitter:data1\" content=\"1 minute\" \/>\n<script type=\"application\/ld+json\" class=\"yoast-schema-graph\">{\"@context\":\"https:\/\/schema.org\",\"@graph\":[{\"@type\":\"WebPage\",\"@id\":\"https:\/\/byc.qc.ca\/fr\/adhesion\/zoom-update\/\",\"url\":\"https:\/\/byc.qc.ca\/fr\/adhesion\/zoom-update\/\",\"name\":\"Zoom update | Yacht Club de Beaconsfield Yacht Club\",\"isPartOf\":{\"@id\":\"https:\/\/byc.qc.ca\/#website\"},\"datePublished\":\"2022-05-02T11:58:45+00:00\",\"dateModified\":\"2022-05-02T12:46:20+00:00\",\"description\":\"BYC Zoom updates\",\"breadcrumb\":{\"@id\":\"https:\/\/byc.qc.ca\/fr\/adhesion\/zoom-update\/#breadcrumb\"},\"inLanguage\":\"fr-FR\",\"potentialAction\":[{\"@type\":\"ReadAction\",\"target\":[\"https:\/\/byc.qc.ca\/fr\/adhesion\/zoom-update\/\"]}]},{\"@type\":\"BreadcrumbList\",\"@id\":\"https:\/\/byc.qc.ca\/fr\/adhesion\/zoom-update\/#breadcrumb\",\"itemListElement\":[{\"@type\":\"ListItem\",\"position\":1,\"name\":\"Home\",\"item\":\"https:\/\/byc.qc.ca\/fr\/\"},{\"@type\":\"ListItem\",\"position\":2,\"name\":\"ADH\u00c9SION\",\"item\":\"https:\/\/byc.qc.ca\/fr\/adhesion\/\"},{\"@type\":\"ListItem\",\"position\":3,\"name\":\"Zoom update\"}]},{\"@type\":\"WebSite\",\"@id\":\"https:\/\/byc.qc.ca\/#website\",\"url\":\"https:\/\/byc.qc.ca\/\",\"name\":\"Yacht Club de Beaconsfield Yacht Club\",\"description\":\"Beaconsfield Yacht Club - Sailing on Lake St. Louis\",\"publisher\":{\"@id\":\"https:\/\/byc.qc.ca\/#organization\"},\"potentialAction\":[{\"@type\":\"SearchAction\",\"target\":{\"@type\":\"EntryPoint\",\"urlTemplate\":\"https:\/\/byc.qc.ca\/?s={search_term_string}\"},\"query-input\":{\"@type\":\"PropertyValueSpecification\",\"valueRequired\":true,\"valueName\":\"search_term_string\"}}],\"inLanguage\":\"fr-FR\"},{\"@type\":\"Organization\",\"@id\":\"https:\/\/byc.qc.ca\/#organization\",\"name\":\"Beaconsfield Yacht Club\",\"url\":\"https:\/\/byc.qc.ca\/\",\"logo\":{\"@type\":\"ImageObject\",\"inLanguage\":\"fr-FR\",\"@id\":\"https:\/\/byc.qc.ca\/#\/schema\/logo\/image\/\",\"url\":\"https:\/\/byc.qc.ca\/wp-content\/uploads\/2022\/02\/logo-byc-300x194-1.jpg\",\"contentUrl\":\"https:\/\/byc.qc.ca\/wp-content\/uploads\/2022\/02\/logo-byc-300x194-1.jpg\",\"width\":300,\"height\":194,\"caption\":\"Beaconsfield Yacht Club\"},\"image\":{\"@id\":\"https:\/\/byc.qc.ca\/#\/schema\/logo\/image\/\"}}]}<\/script>\n<!-- \/ Yoast SEO plugin. -->","yoast_head_json":{"title":"Zoom update | Yacht Club de Beaconsfield Yacht Club","description":"BYC Zoom updates","robots":{"index":"index","follow":"follow","max-snippet":"max-snippet:-1","max-image-preview":"max-image-preview:large","max-video-preview":"max-video-preview:-1"},"canonical":"https:\/\/byc.qc.ca\/fr\/adhesion\/zoom-update\/","og_locale":"fr_FR","og_type":"article","og_title":"Zoom update | Yacht Club de Beaconsfield Yacht Club","og_description":"BYC Zoom updates","og_url":"https:\/\/byc.qc.ca\/fr\/adhesion\/zoom-update\/","og_site_name":"Yacht Club de Beaconsfield Yacht Club","article_modified_time":"2022-05-02T12:46:20+00:00","twitter_card":"summary_large_image","twitter_misc":{"Dur\u00e9e de lecture estim\u00e9e":"1 minute"},"schema":{"@context":"https:\/\/schema.org","@graph":[{"@type":"WebPage","@id":"https:\/\/byc.qc.ca\/fr\/adhesion\/zoom-update\/","url":"https:\/\/byc.qc.ca\/fr\/adhesion\/zoom-update\/","name":"Zoom update | Yacht Club de Beaconsfield Yacht Club","isPartOf":{"@id":"https:\/\/byc.qc.ca\/#website"},"datePublished":"2022-05-02T11:58:45+00:00","dateModified":"2022-05-02T12:46:20+00:00","description":"BYC Zoom updates","breadcrumb":{"@id":"https:\/\/byc.qc.ca\/fr\/adhesion\/zoom-update\/#breadcrumb"},"inLanguage":"fr-FR","potentialAction":[{"@type":"ReadAction","target":["https:\/\/byc.qc.ca\/fr\/adhesion\/zoom-update\/"]}]},{"@type":"BreadcrumbList","@id":"https:\/\/byc.qc.ca\/fr\/adhesion\/zoom-update\/#breadcrumb","itemListElement":[{"@type":"ListItem","position":1,"name":"Home","item":"https:\/\/byc.qc.ca\/fr\/"},{"@type":"ListItem","position":2,"name":"ADH\u00c9SION","item":"https:\/\/byc.qc.ca\/fr\/adhesion\/"},{"@type":"ListItem","position":3,"name":"Zoom update"}]},{"@type":"WebSite","@id":"https:\/\/byc.qc.ca\/#website","url":"https:\/\/byc.qc.ca\/","name":"Yacht Club de Beaconsfield Yacht Club","description":"Beaconsfield Yacht Club - Sailing on Lake St. Louis","publisher":{"@id":"https:\/\/byc.qc.ca\/#organization"},"potentialAction":[{"@type":"SearchAction","target":{"@type":"EntryPoint","urlTemplate":"https:\/\/byc.qc.ca\/?s={search_term_string}"},"query-input":{"@type":"PropertyValueSpecification","valueRequired":true,"valueName":"search_term_string"}}],"inLanguage":"fr-FR"},{"@type":"Organization","@id":"https:\/\/byc.qc.ca\/#organization","name":"Beaconsfield Yacht Club","url":"https:\/\/byc.qc.ca\/","logo":{"@type":"ImageObject","inLanguage":"fr-FR","@id":"https:\/\/byc.qc.ca\/#\/schema\/logo\/image\/","url":"https:\/\/byc.qc.ca\/wp-content\/uploads\/2022\/02\/logo-byc-300x194-1.jpg","contentUrl":"https:\/\/byc.qc.ca\/wp-content\/uploads\/2022\/02\/logo-byc-300x194-1.jpg","width":300,"height":194,"caption":"Beaconsfield Yacht Club"},"image":{"@id":"https:\/\/byc.qc.ca\/#\/schema\/logo\/image\/"}}]}},"_links":{"self":[{"href":"https:\/\/byc.qc.ca\/fr\/wp-json\/wp\/v2\/pages\/7556","targetHints":{"allow":["GET"]}}],"collection":[{"href":"https:\/\/byc.qc.ca\/fr\/wp-json\/wp\/v2\/pages"}],"about":[{"href":"https:\/\/byc.qc.ca\/fr\/wp-json\/wp\/v2\/types\/page"}],"author":[{"embeddable":true,"href":"https:\/\/byc.qc.ca\/fr\/wp-json\/wp\/v2\/users\/23"}],"replies":[{"embeddable":true,"href":"https:\/\/byc.qc.ca\/fr\/wp-json\/wp\/v2\/comments?post=7556"}],"version-history":[{"count":1,"href":"https:\/\/byc.qc.ca\/fr\/wp-json\/wp\/v2\/pages\/7556\/revisions"}],"predecessor-version":[{"id":7557,"href":"https:\/\/byc.qc.ca\/fr\/wp-json\/wp\/v2\/pages\/7556\/revisions\/7557"}],"up":[{"embeddable":true,"href":"https:\/\/byc.qc.ca\/fr\/wp-json\/wp\/v2\/pages\/6406"}],"wp:attachment":[{"href":"https:\/\/byc.qc.ca\/fr\/wp-json\/wp\/v2\/media?parent=7556"}],"curies":[{"name":"wp","href":"https:\/\/api.w.org\/{rel}","templated":true}]}}