{"id":7559,"date":"2022-05-02T07:43:04","date_gmt":"2022-05-02T11:43:04","guid":{"rendered":"https:\/\/byc.qc.ca\/adhesion\/inscription_l_evenement\/2022-mothers-day\/"},"modified":"2022-05-02T15:32:22","modified_gmt":"2022-05-02T19:32:22","slug":"2022-mothers-day","status":"publish","type":"page","link":"https:\/\/byc.qc.ca\/fr\/adhesion\/inscription_l_evenement\/2022-mothers-day\/","title":{"rendered":"Restricted content"},"content":{"rendered":"<p>&nbsp;<\/p>\r\n<p style=\"text-align: center\"><span style=\"color: #005e20\"><strong>This page is restricted to logged in members - Cette page est r\u00e9serv\u00e9e aux membres connect\u00e9s<\/strong><\/span><\/p>","protected":false},"excerpt":{"rendered":"[mk_page_section bg_image=\"https:\/\/byc.qc.ca\/wp-content\/uploads\/2022\/04\/tulips-yellow-1600x500-1.jpg\" bg_position=\"center center\" bg_stretch=\"true\" min_height=\"250\" sidebar=\"sidebar-1\"][vc_column][mk_fancy_title tag_name=\"h1\" size=\"50\" font_weight=\"bold\" margin_top=\"100\" margin_bottom=\"0\" font_family=\"none\"]Brunch de la f\u00eate des m\u00e8res 2022 2022 Mother's Day Brunch [\/mk_fancy_title][\/vc_column][\/mk_page_section][vc_row][vc_column][mk_fancy_title size=\"25\" font_weight=\"600\" margin_top=\"20\" margin_bottom=\"0\" font_family=\"none\" align=\"center\"]Nous sommes complet pour le\u00a0\u00a0Brunch de la F\u00eate des M\u00e8res\u00a0 We are fully booked for Mother\u2019s Day Brunch!\u00a0[\/mk_fancy_title][\/vc_column][\/vc_row][vc_row][vc_column width=\"1\/2\"][mk_fancy_title size=\"25\" font_weight=\"500\" margin_top=\"20\" font_family=\"none\"]2022 Mother's Day Brunch[\/mk_fancy_title][vc_column_text [...]","protected":false},"author":23,"featured_media":0,"parent":7101,"menu_order":0,"comment_status":"closed","ping_status":"closed","template":"","meta":{"footnotes":""},"class_list":["post-7559","page","type-page","status-publish","hentry"],"yoast_head":"<!-- This site is optimized with the Yoast SEO plugin v27.2 - https:\/\/yoast.com\/product\/yoast-seo-wordpress\/ -->\n<title>2022 Mother&#039;s Day | Yacht Club de Beaconsfield Yacht Club<\/title>\n<meta name=\"description\" content=\"Mother\u2019s Day Brunch at the BYC \u2013 Sunday May 8th 2022.\" \/>\n<meta name=\"robots\" content=\"index, follow, max-snippet:-1, max-image-preview:large, max-video-preview:-1\" \/>\n<link rel=\"canonical\" href=\"https:\/\/byc.qc.ca\/fr\/adhesion\/inscription_l_evenement\/2022-mothers-day\/\" \/>\n<meta property=\"og:locale\" content=\"fr_FR\" \/>\n<meta property=\"og:type\" content=\"article\" \/>\n<meta property=\"og:title\" content=\"2022 Mother&#039;s Day | Yacht Club de Beaconsfield Yacht Club\" \/>\n<meta property=\"og:description\" content=\"Mother\u2019s Day Brunch at the BYC \u2013 Sunday May 8th 2022.\" \/>\n<meta property=\"og:url\" content=\"https:\/\/byc.qc.ca\/fr\/adhesion\/inscription_l_evenement\/2022-mothers-day\/\" \/>\n<meta property=\"og:site_name\" content=\"Yacht Club de Beaconsfield Yacht Club\" \/>\n<meta property=\"article:modified_time\" content=\"2022-05-02T19:32:22+00:00\" \/>\n<meta name=\"twitter:card\" content=\"summary_large_image\" \/>\n<meta name=\"twitter:label1\" content=\"Dur\u00e9e de lecture estim\u00e9e\" \/>\n\t<meta name=\"twitter:data1\" content=\"1 minute\" \/>\n<script type=\"application\/ld+json\" class=\"yoast-schema-graph\">{\"@context\":\"https:\/\/schema.org\",\"@graph\":[{\"@type\":\"WebPage\",\"@id\":\"https:\/\/byc.qc.ca\/fr\/adhesion\/inscription_l_evenement\/2022-mothers-day\/\",\"url\":\"https:\/\/byc.qc.ca\/fr\/adhesion\/inscription_l_evenement\/2022-mothers-day\/\",\"name\":\"2022 Mother's Day | Yacht Club de Beaconsfield Yacht Club\",\"isPartOf\":{\"@id\":\"https:\/\/byc.qc.ca\/#website\"},\"datePublished\":\"2022-05-02T11:43:04+00:00\",\"dateModified\":\"2022-05-02T19:32:22+00:00\",\"description\":\"Mother\u2019s Day Brunch at the BYC \u2013 Sunday May 8th 2022.\",\"breadcrumb\":{\"@id\":\"https:\/\/byc.qc.ca\/fr\/adhesion\/inscription_l_evenement\/2022-mothers-day\/#breadcrumb\"},\"inLanguage\":\"fr-FR\",\"potentialAction\":[{\"@type\":\"ReadAction\",\"target\":[\"https:\/\/byc.qc.ca\/fr\/adhesion\/inscription_l_evenement\/2022-mothers-day\/\"]}]},{\"@type\":\"BreadcrumbList\",\"@id\":\"https:\/\/byc.qc.ca\/fr\/adhesion\/inscription_l_evenement\/2022-mothers-day\/#breadcrumb\",\"itemListElement\":[{\"@type\":\"ListItem\",\"position\":1,\"name\":\"Home\",\"item\":\"https:\/\/byc.qc.ca\/fr\/\"},{\"@type\":\"ListItem\",\"position\":2,\"name\":\"ADH\u00c9SION\",\"item\":\"https:\/\/byc.qc.ca\/fr\/adhesion\/\"},{\"@type\":\"ListItem\",\"position\":3,\"name\":\"Inscription \u00e0 l&#8217;\u00e9v\u00e9nement\",\"item\":\"https:\/\/byc.qc.ca\/fr\/adhesion\/inscription_l_evenement\/\"},{\"@type\":\"ListItem\",\"position\":4,\"name\":\"2022 Mother&#8217;s Day\"}]},{\"@type\":\"WebSite\",\"@id\":\"https:\/\/byc.qc.ca\/#website\",\"url\":\"https:\/\/byc.qc.ca\/\",\"name\":\"Yacht Club de Beaconsfield Yacht Club\",\"description\":\"Beaconsfield Yacht Club - Sailing on Lake St. Louis\",\"publisher\":{\"@id\":\"https:\/\/byc.qc.ca\/#organization\"},\"potentialAction\":[{\"@type\":\"SearchAction\",\"target\":{\"@type\":\"EntryPoint\",\"urlTemplate\":\"https:\/\/byc.qc.ca\/?s={search_term_string}\"},\"query-input\":{\"@type\":\"PropertyValueSpecification\",\"valueRequired\":true,\"valueName\":\"search_term_string\"}}],\"inLanguage\":\"fr-FR\"},{\"@type\":\"Organization\",\"@id\":\"https:\/\/byc.qc.ca\/#organization\",\"name\":\"Beaconsfield Yacht Club\",\"url\":\"https:\/\/byc.qc.ca\/\",\"logo\":{\"@type\":\"ImageObject\",\"inLanguage\":\"fr-FR\",\"@id\":\"https:\/\/byc.qc.ca\/#\/schema\/logo\/image\/\",\"url\":\"https:\/\/byc.qc.ca\/wp-content\/uploads\/2022\/02\/logo-byc-300x194-1.jpg\",\"contentUrl\":\"https:\/\/byc.qc.ca\/wp-content\/uploads\/2022\/02\/logo-byc-300x194-1.jpg\",\"width\":300,\"height\":194,\"caption\":\"Beaconsfield Yacht Club\"},\"image\":{\"@id\":\"https:\/\/byc.qc.ca\/#\/schema\/logo\/image\/\"}}]}<\/script>\n<!-- \/ Yoast SEO plugin. -->","yoast_head_json":{"title":"2022 Mother's Day | Yacht Club de Beaconsfield Yacht Club","description":"Mother\u2019s Day Brunch at the BYC \u2013 Sunday May 8th 2022.","robots":{"index":"index","follow":"follow","max-snippet":"max-snippet:-1","max-image-preview":"max-image-preview:large","max-video-preview":"max-video-preview:-1"},"canonical":"https:\/\/byc.qc.ca\/fr\/adhesion\/inscription_l_evenement\/2022-mothers-day\/","og_locale":"fr_FR","og_type":"article","og_title":"2022 Mother's Day | Yacht Club de Beaconsfield Yacht Club","og_description":"Mother\u2019s Day Brunch at the BYC \u2013 Sunday May 8th 2022.","og_url":"https:\/\/byc.qc.ca\/fr\/adhesion\/inscription_l_evenement\/2022-mothers-day\/","og_site_name":"Yacht Club de Beaconsfield Yacht Club","article_modified_time":"2022-05-02T19:32:22+00:00","twitter_card":"summary_large_image","twitter_misc":{"Dur\u00e9e de lecture estim\u00e9e":"1 minute"},"schema":{"@context":"https:\/\/schema.org","@graph":[{"@type":"WebPage","@id":"https:\/\/byc.qc.ca\/fr\/adhesion\/inscription_l_evenement\/2022-mothers-day\/","url":"https:\/\/byc.qc.ca\/fr\/adhesion\/inscription_l_evenement\/2022-mothers-day\/","name":"2022 Mother's Day | Yacht Club de Beaconsfield Yacht Club","isPartOf":{"@id":"https:\/\/byc.qc.ca\/#website"},"datePublished":"2022-05-02T11:43:04+00:00","dateModified":"2022-05-02T19:32:22+00:00","description":"Mother\u2019s Day Brunch at the BYC \u2013 Sunday May 8th 2022.","breadcrumb":{"@id":"https:\/\/byc.qc.ca\/fr\/adhesion\/inscription_l_evenement\/2022-mothers-day\/#breadcrumb"},"inLanguage":"fr-FR","potentialAction":[{"@type":"ReadAction","target":["https:\/\/byc.qc.ca\/fr\/adhesion\/inscription_l_evenement\/2022-mothers-day\/"]}]},{"@type":"BreadcrumbList","@id":"https:\/\/byc.qc.ca\/fr\/adhesion\/inscription_l_evenement\/2022-mothers-day\/#breadcrumb","itemListElement":[{"@type":"ListItem","position":1,"name":"Home","item":"https:\/\/byc.qc.ca\/fr\/"},{"@type":"ListItem","position":2,"name":"ADH\u00c9SION","item":"https:\/\/byc.qc.ca\/fr\/adhesion\/"},{"@type":"ListItem","position":3,"name":"Inscription \u00e0 l&#8217;\u00e9v\u00e9nement","item":"https:\/\/byc.qc.ca\/fr\/adhesion\/inscription_l_evenement\/"},{"@type":"ListItem","position":4,"name":"2022 Mother&#8217;s Day"}]},{"@type":"WebSite","@id":"https:\/\/byc.qc.ca\/#website","url":"https:\/\/byc.qc.ca\/","name":"Yacht Club de Beaconsfield Yacht Club","description":"Beaconsfield Yacht Club - Sailing on Lake St. Louis","publisher":{"@id":"https:\/\/byc.qc.ca\/#organization"},"potentialAction":[{"@type":"SearchAction","target":{"@type":"EntryPoint","urlTemplate":"https:\/\/byc.qc.ca\/?s={search_term_string}"},"query-input":{"@type":"PropertyValueSpecification","valueRequired":true,"valueName":"search_term_string"}}],"inLanguage":"fr-FR"},{"@type":"Organization","@id":"https:\/\/byc.qc.ca\/#organization","name":"Beaconsfield Yacht Club","url":"https:\/\/byc.qc.ca\/","logo":{"@type":"ImageObject","inLanguage":"fr-FR","@id":"https:\/\/byc.qc.ca\/#\/schema\/logo\/image\/","url":"https:\/\/byc.qc.ca\/wp-content\/uploads\/2022\/02\/logo-byc-300x194-1.jpg","contentUrl":"https:\/\/byc.qc.ca\/wp-content\/uploads\/2022\/02\/logo-byc-300x194-1.jpg","width":300,"height":194,"caption":"Beaconsfield Yacht Club"},"image":{"@id":"https:\/\/byc.qc.ca\/#\/schema\/logo\/image\/"}}]}},"_links":{"self":[{"href":"https:\/\/byc.qc.ca\/fr\/wp-json\/wp\/v2\/pages\/7559","targetHints":{"allow":["GET"]}}],"collection":[{"href":"https:\/\/byc.qc.ca\/fr\/wp-json\/wp\/v2\/pages"}],"about":[{"href":"https:\/\/byc.qc.ca\/fr\/wp-json\/wp\/v2\/types\/page"}],"author":[{"embeddable":true,"href":"https:\/\/byc.qc.ca\/fr\/wp-json\/wp\/v2\/users\/23"}],"replies":[{"embeddable":true,"href":"https:\/\/byc.qc.ca\/fr\/wp-json\/wp\/v2\/comments?post=7559"}],"version-history":[{"count":3,"href":"https:\/\/byc.qc.ca\/fr\/wp-json\/wp\/v2\/pages\/7559\/revisions"}],"predecessor-version":[{"id":7572,"href":"https:\/\/byc.qc.ca\/fr\/wp-json\/wp\/v2\/pages\/7559\/revisions\/7572"}],"up":[{"embeddable":true,"href":"https:\/\/byc.qc.ca\/fr\/wp-json\/wp\/v2\/pages\/7101"}],"wp:attachment":[{"href":"https:\/\/byc.qc.ca\/fr\/wp-json\/wp\/v2\/media?parent=7559"}],"curies":[{"name":"wp","href":"https:\/\/api.w.org\/{rel}","templated":true}]}}