{"id":7732,"date":"2022-06-06T17:22:02","date_gmt":"2022-06-06T21:22:02","guid":{"rendered":"https:\/\/byc.qc.ca\/adhesion\/anemone\/"},"modified":"2022-06-07T08:24:59","modified_gmt":"2022-06-07T12:24:59","slug":"anemone","status":"publish","type":"page","link":"https:\/\/byc.qc.ca\/fr\/adhesion\/anemone\/","title":{"rendered":"Restricted content"},"content":{"rendered":"<p>&nbsp;<\/p>\r\n<p style=\"text-align: center\"><span style=\"color: #005e20\"><strong>This page is restricted to logged in members - Cette page est r\u00e9serv\u00e9e aux membres connect\u00e9s<\/strong><\/span><\/p>","protected":false},"excerpt":{"rendered":"[mk_page_section bg_image=\"https:\/\/byc.qc.ca\/wp-content\/uploads\/2022\/03\/byc-harbor-summer-1600x250-1.jpg\" bg_position=\"center center\" bg_stretch=\"true\" video_color_mask=\"#000000\" video_opacity=\"0.3\" min_height=\"250\" sidebar=\"sidebar-1\"][vc_column][mk_fancy_title tag_name=\"h1\" color=\"#ffffff\" size=\"50\" font_weight=\"bold\" margin_top=\"70\" font_family=\"none\"]Vous pouvez d\u00e9sormais vous connecter \u00e0 votre dossier comptable chez YCB[\/mk_fancy_title][\/vc_column][\/mk_page_section][vc_row][vc_column][mk_padding_divider size=\"20\"][vc_row_inner][vc_column_inner width=\"3\/4\"][mk_fancy_title size=\"20\" font_weight=\"500\" font_family=\"none\"]Vous pouvez d\u00e9sormais vous connecter \u00e0 votre dossier comptable chez YCB[\/mk_fancy_title][\/vc_column_inner][vc_column_inner width=\"1\/4\"][mk_button dimension=\"flat\" url=\"https:\/\/www.anemonemarina.com\/Login.aspx?PartenaireID=E6639B4A-8BFC-4A41-B4C3-60E70734994C&amp;Langue=FR\" target=\"_blank\" align=\"center\" bg_color=\"#005e20\" btn_hover_bg=\"#eeee22\" btn_hover_txt_color=\"#000000\"]ANEMONE MARINA[\/mk_button][\/vc_column_inner][\/vc_row_inner][vc_column_text css=\".vc_custom_1654605069563{margin-bottom: 0px !important;}\"]Cela vous permettra d'afficher [...]","protected":false},"author":23,"featured_media":0,"parent":6406,"menu_order":0,"comment_status":"closed","ping_status":"closed","template":"","meta":{"footnotes":""},"class_list":["post-7732","page","type-page","status-publish","hentry"],"yoast_head":"<!-- This site is optimized with the Yoast SEO plugin v27.2 - https:\/\/yoast.com\/product\/yoast-seo-wordpress\/ -->\n<title>Anemone | Yacht Club de Beaconsfield Yacht Club<\/title>\n<meta name=\"robots\" content=\"index, follow, max-snippet:-1, max-image-preview:large, max-video-preview:-1\" \/>\n<link rel=\"canonical\" href=\"https:\/\/byc.qc.ca\/fr\/adhesion\/anemone\/\" \/>\n<meta property=\"og:locale\" content=\"fr_FR\" \/>\n<meta property=\"og:type\" content=\"article\" \/>\n<meta property=\"og:title\" content=\"Anemone | Yacht Club de Beaconsfield Yacht Club\" \/>\n<meta property=\"og:url\" content=\"https:\/\/byc.qc.ca\/fr\/adhesion\/anemone\/\" \/>\n<meta property=\"og:site_name\" content=\"Yacht Club de Beaconsfield Yacht Club\" \/>\n<meta property=\"article:modified_time\" content=\"2022-06-07T12:24:59+00:00\" \/>\n<meta property=\"og:image\" content=\"https:\/\/byc.qc.ca\/wp-content\/uploads\/2022\/06\/anemone-screenshot-fr-245x300.png\" \/>\n<meta name=\"twitter:card\" content=\"summary_large_image\" \/>\n<meta name=\"twitter:label1\" content=\"Dur\u00e9e de lecture estim\u00e9e\" \/>\n\t<meta name=\"twitter:data1\" content=\"2 minutes\" \/>\n<script type=\"application\/ld+json\" class=\"yoast-schema-graph\">{\"@context\":\"https:\/\/schema.org\",\"@graph\":[{\"@type\":\"WebPage\",\"@id\":\"https:\/\/byc.qc.ca\/fr\/adhesion\/anemone\/\",\"url\":\"https:\/\/byc.qc.ca\/fr\/adhesion\/anemone\/\",\"name\":\"Anemone | Yacht Club de Beaconsfield Yacht Club\",\"isPartOf\":{\"@id\":\"https:\/\/byc.qc.ca\/#website\"},\"primaryImageOfPage\":{\"@id\":\"https:\/\/byc.qc.ca\/fr\/adhesion\/anemone\/#primaryimage\"},\"image\":{\"@id\":\"https:\/\/byc.qc.ca\/fr\/adhesion\/anemone\/#primaryimage\"},\"thumbnailUrl\":\"https:\/\/byc.qc.ca\/wp-content\/uploads\/2022\/06\/anemone-screenshot-fr-245x300.png\",\"datePublished\":\"2022-06-06T21:22:02+00:00\",\"dateModified\":\"2022-06-07T12:24:59+00:00\",\"breadcrumb\":{\"@id\":\"https:\/\/byc.qc.ca\/fr\/adhesion\/anemone\/#breadcrumb\"},\"inLanguage\":\"fr-FR\",\"potentialAction\":[{\"@type\":\"ReadAction\",\"target\":[\"https:\/\/byc.qc.ca\/fr\/adhesion\/anemone\/\"]}]},{\"@type\":\"ImageObject\",\"inLanguage\":\"fr-FR\",\"@id\":\"https:\/\/byc.qc.ca\/fr\/adhesion\/anemone\/#primaryimage\",\"url\":\"https:\/\/byc.qc.ca\/wp-content\/uploads\/2022\/06\/anemone-screenshot-fr-245x300.png\",\"contentUrl\":\"https:\/\/byc.qc.ca\/wp-content\/uploads\/2022\/06\/anemone-screenshot-fr-245x300.png\"},{\"@type\":\"BreadcrumbList\",\"@id\":\"https:\/\/byc.qc.ca\/fr\/adhesion\/anemone\/#breadcrumb\",\"itemListElement\":[{\"@type\":\"ListItem\",\"position\":1,\"name\":\"Home\",\"item\":\"https:\/\/byc.qc.ca\/fr\/\"},{\"@type\":\"ListItem\",\"position\":2,\"name\":\"ADH\u00c9SION\",\"item\":\"https:\/\/byc.qc.ca\/fr\/adhesion\/\"},{\"@type\":\"ListItem\",\"position\":3,\"name\":\"Anemone\"}]},{\"@type\":\"WebSite\",\"@id\":\"https:\/\/byc.qc.ca\/#website\",\"url\":\"https:\/\/byc.qc.ca\/\",\"name\":\"Yacht Club de Beaconsfield Yacht Club\",\"description\":\"Beaconsfield Yacht Club - Sailing on Lake St. Louis\",\"publisher\":{\"@id\":\"https:\/\/byc.qc.ca\/#organization\"},\"potentialAction\":[{\"@type\":\"SearchAction\",\"target\":{\"@type\":\"EntryPoint\",\"urlTemplate\":\"https:\/\/byc.qc.ca\/?s={search_term_string}\"},\"query-input\":{\"@type\":\"PropertyValueSpecification\",\"valueRequired\":true,\"valueName\":\"search_term_string\"}}],\"inLanguage\":\"fr-FR\"},{\"@type\":\"Organization\",\"@id\":\"https:\/\/byc.qc.ca\/#organization\",\"name\":\"Beaconsfield Yacht Club\",\"url\":\"https:\/\/byc.qc.ca\/\",\"logo\":{\"@type\":\"ImageObject\",\"inLanguage\":\"fr-FR\",\"@id\":\"https:\/\/byc.qc.ca\/#\/schema\/logo\/image\/\",\"url\":\"https:\/\/byc.qc.ca\/wp-content\/uploads\/2022\/02\/logo-byc-300x194-1.jpg\",\"contentUrl\":\"https:\/\/byc.qc.ca\/wp-content\/uploads\/2022\/02\/logo-byc-300x194-1.jpg\",\"width\":300,\"height\":194,\"caption\":\"Beaconsfield Yacht Club\"},\"image\":{\"@id\":\"https:\/\/byc.qc.ca\/#\/schema\/logo\/image\/\"}}]}<\/script>\n<!-- \/ Yoast SEO plugin. -->","yoast_head_json":{"title":"Anemone | Yacht Club de Beaconsfield Yacht Club","robots":{"index":"index","follow":"follow","max-snippet":"max-snippet:-1","max-image-preview":"max-image-preview:large","max-video-preview":"max-video-preview:-1"},"canonical":"https:\/\/byc.qc.ca\/fr\/adhesion\/anemone\/","og_locale":"fr_FR","og_type":"article","og_title":"Anemone | Yacht Club de Beaconsfield Yacht Club","og_url":"https:\/\/byc.qc.ca\/fr\/adhesion\/anemone\/","og_site_name":"Yacht Club de Beaconsfield Yacht Club","article_modified_time":"2022-06-07T12:24:59+00:00","og_image":[{"url":"https:\/\/byc.qc.ca\/wp-content\/uploads\/2022\/06\/anemone-screenshot-fr-245x300.png","type":"","width":"","height":""}],"twitter_card":"summary_large_image","twitter_misc":{"Dur\u00e9e de lecture estim\u00e9e":"2 minutes"},"schema":{"@context":"https:\/\/schema.org","@graph":[{"@type":"WebPage","@id":"https:\/\/byc.qc.ca\/fr\/adhesion\/anemone\/","url":"https:\/\/byc.qc.ca\/fr\/adhesion\/anemone\/","name":"Anemone | Yacht Club de Beaconsfield Yacht Club","isPartOf":{"@id":"https:\/\/byc.qc.ca\/#website"},"primaryImageOfPage":{"@id":"https:\/\/byc.qc.ca\/fr\/adhesion\/anemone\/#primaryimage"},"image":{"@id":"https:\/\/byc.qc.ca\/fr\/adhesion\/anemone\/#primaryimage"},"thumbnailUrl":"https:\/\/byc.qc.ca\/wp-content\/uploads\/2022\/06\/anemone-screenshot-fr-245x300.png","datePublished":"2022-06-06T21:22:02+00:00","dateModified":"2022-06-07T12:24:59+00:00","breadcrumb":{"@id":"https:\/\/byc.qc.ca\/fr\/adhesion\/anemone\/#breadcrumb"},"inLanguage":"fr-FR","potentialAction":[{"@type":"ReadAction","target":["https:\/\/byc.qc.ca\/fr\/adhesion\/anemone\/"]}]},{"@type":"ImageObject","inLanguage":"fr-FR","@id":"https:\/\/byc.qc.ca\/fr\/adhesion\/anemone\/#primaryimage","url":"https:\/\/byc.qc.ca\/wp-content\/uploads\/2022\/06\/anemone-screenshot-fr-245x300.png","contentUrl":"https:\/\/byc.qc.ca\/wp-content\/uploads\/2022\/06\/anemone-screenshot-fr-245x300.png"},{"@type":"BreadcrumbList","@id":"https:\/\/byc.qc.ca\/fr\/adhesion\/anemone\/#breadcrumb","itemListElement":[{"@type":"ListItem","position":1,"name":"Home","item":"https:\/\/byc.qc.ca\/fr\/"},{"@type":"ListItem","position":2,"name":"ADH\u00c9SION","item":"https:\/\/byc.qc.ca\/fr\/adhesion\/"},{"@type":"ListItem","position":3,"name":"Anemone"}]},{"@type":"WebSite","@id":"https:\/\/byc.qc.ca\/#website","url":"https:\/\/byc.qc.ca\/","name":"Yacht Club de Beaconsfield Yacht Club","description":"Beaconsfield Yacht Club - Sailing on Lake St. Louis","publisher":{"@id":"https:\/\/byc.qc.ca\/#organization"},"potentialAction":[{"@type":"SearchAction","target":{"@type":"EntryPoint","urlTemplate":"https:\/\/byc.qc.ca\/?s={search_term_string}"},"query-input":{"@type":"PropertyValueSpecification","valueRequired":true,"valueName":"search_term_string"}}],"inLanguage":"fr-FR"},{"@type":"Organization","@id":"https:\/\/byc.qc.ca\/#organization","name":"Beaconsfield Yacht Club","url":"https:\/\/byc.qc.ca\/","logo":{"@type":"ImageObject","inLanguage":"fr-FR","@id":"https:\/\/byc.qc.ca\/#\/schema\/logo\/image\/","url":"https:\/\/byc.qc.ca\/wp-content\/uploads\/2022\/02\/logo-byc-300x194-1.jpg","contentUrl":"https:\/\/byc.qc.ca\/wp-content\/uploads\/2022\/02\/logo-byc-300x194-1.jpg","width":300,"height":194,"caption":"Beaconsfield Yacht Club"},"image":{"@id":"https:\/\/byc.qc.ca\/#\/schema\/logo\/image\/"}}]}},"_links":{"self":[{"href":"https:\/\/byc.qc.ca\/fr\/wp-json\/wp\/v2\/pages\/7732","targetHints":{"allow":["GET"]}}],"collection":[{"href":"https:\/\/byc.qc.ca\/fr\/wp-json\/wp\/v2\/pages"}],"about":[{"href":"https:\/\/byc.qc.ca\/fr\/wp-json\/wp\/v2\/types\/page"}],"author":[{"embeddable":true,"href":"https:\/\/byc.qc.ca\/fr\/wp-json\/wp\/v2\/users\/23"}],"replies":[{"embeddable":true,"href":"https:\/\/byc.qc.ca\/fr\/wp-json\/wp\/v2\/comments?post=7732"}],"version-history":[{"count":6,"href":"https:\/\/byc.qc.ca\/fr\/wp-json\/wp\/v2\/pages\/7732\/revisions"}],"predecessor-version":[{"id":7740,"href":"https:\/\/byc.qc.ca\/fr\/wp-json\/wp\/v2\/pages\/7732\/revisions\/7740"}],"up":[{"embeddable":true,"href":"https:\/\/byc.qc.ca\/fr\/wp-json\/wp\/v2\/pages\/6406"}],"wp:attachment":[{"href":"https:\/\/byc.qc.ca\/fr\/wp-json\/wp\/v2\/media?parent=7732"}],"curies":[{"name":"wp","href":"https:\/\/api.w.org\/{rel}","templated":true}]}}