{"id":9031,"date":"2022-12-14T11:49:54","date_gmt":"2022-12-14T16:49:54","guid":{"rendered":"https:\/\/byc.qc.ca\/reciprocity\/"},"modified":"2023-08-01T12:15:42","modified_gmt":"2023-08-01T16:15:42","slug":"reciprocity","status":"publish","type":"page","link":"https:\/\/byc.qc.ca\/fr\/reciprocity\/","title":{"rendered":"Reciprocity"},"content":{"rendered":"<div class=\"wpb-content-wrapper\">[mk_page_section bg_image=&#8221;https:\/\/byc.qc.ca\/wp-content\/uploads\/2022\/12\/ycc-cannes-4-1500&#215;300-1.jpg&#8221; bg_position=&#8221;center center&#8221; bg_stretch=&#8221;true&#8221; video_color_mask=&#8221;#000000&#8243; video_opacity=&#8221;0.3&#8243; min_height=&#8221;300&#8243; sidebar=&#8221;sidebar-1&#8243;][vc_column][mk_fancy_title tag_name=&#8221;h1&#8243; size=&#8221;50&#8243; font_weight=&#8221;bold&#8221; margin_top=&#8221;75&#8243; font_family=&#8221;none&#8221;]<span style=\"color: #ffffff;\">R\u00e9ciprocit\u00e9<\/span>[\/mk_fancy_title][\/vc_column][\/mk_page_section][vc_row][vc_column][mk_fancy_title size=&#8221;25&#8243; font_weight=&#8221;bold&#8221; margin_top=&#8221;20&#8243; margin_bottom=&#8221;0&#8243; font_family=&#8221;none&#8221;]Liste des clubs r\u00e9ciproques[\/mk_fancy_title][mk_fancy_title font_family=&#8221;none&#8221;]Le Yacht Club de Beaconsfield\u00a0 a \u00e9tabli de nombreuses ententes de r\u00e9ciprocit\u00e9 avec des clubs de yacht \u00e0 travers le Canada et a r\u00e9cemment ajout\u00e9 un club en France.<\/p>\n<p>Cette page sera mise \u00e0 jour au d\u00e9but de la saison de voile en 2023.<\/p>\n<p>Cliquez sur les nombres dans le tableau ci-dessous pour visiter les clubs qui ont des accords de r\u00e9ciprocit\u00e9 avec le Yacht Club de Beaconsfield. Nous avons \u00e9galement mis \u00e0 la disposition des membres les documents d&#8217;accompagnement. Cliquez sur le logo .pdf ci-dessous pour les consulter.[\/mk_fancy_title][vc_column_text css=&#8221;.vc_custom_1690905200464{margin-top: -20px !important;margin-bottom: 0px !important;}&#8221;]\n<p style=\"text-align: center;\"><div class=\"supsystic-table-loader spinner\"style=\"background-color:#000000\"><\/div><div id=\"supsystic-table-5_92390\" class=\"supsystic-tables-wrap \" style=\" width:100%; visibility: hidden; \" data-table-width-fixed=\"100%\" data-table-width-mobile=\"100%\" ><table id=\"supsystic-table-5\" class=\"supsystic-table border lightboxImg cell-border\" data-id=\"5\" data-view-id=\"5_92390\" data-title=\"Reciprocity-ENG\" data-currency-format=\"$1,000.00\" data-percent-format=\"10.00%\" data-date-format=\"DD.MM.YYYY\" data-time-format=\"HH:mm\" data-features=\"[&quot;after_table_loaded_script&quot;]\" data-search-value=\"\" data-lightbox-img=\"\" data-head-rows-count=\"1\" data-pagination-length=\"50,100,All\" data-auto-index=\"off\" data-searching-settings=\"{&quot;columnSearchPosition&quot;:&quot;bottom&quot;,&quot;minChars&quot;:&quot;0&quot;}\" data-lang=\"default\" data-override=\"{&quot;emptyTable&quot;:&quot;&quot;,&quot;info&quot;:&quot;&quot;,&quot;infoEmpty&quot;:&quot;&quot;,&quot;infoFiltered&quot;:&quot;&quot;,&quot;lengthMenu&quot;:&quot;&quot;,&quot;search&quot;:&quot;&quot;,&quot;zeroRecords&quot;:&quot;&quot;,&quot;exportLabel&quot;:&quot;&quot;,&quot;file&quot;:&quot;default&quot;}\" data-merged=\"[]\" data-responsive-mode=\"0\" data-from-history=\"0\" ><thead><tr><th class=\"\" style=\"width:; padding: 0 !important;\"><\/th><th class=\"\" style=\"width:; padding: 0 !important;\"><\/th><th class=\"\" style=\"width:; padding: 0 !important;\"><\/th><th class=\"\" style=\"width:; padding: 0 !important;\"><\/th><th class=\"\" style=\"width:; padding: 0 !important;\"><\/th><\/tr><\/thead><tbody><tr style=\"height:px\" ><td data-cell-id=\"A1\" data-x=\"0\" data-y=\"1\" data-db-index=\"1\" class=\"bg-005e1f color-ffffff htCenter bold htMiddle\" data-cell-type=\"text\" data-original-value=\"Yacht Club\" data-order=\"Yacht Club\" style=\"min-width:23.7685%; \" >Yacht Club <\/td><td data-cell-id=\"B1\" data-x=\"1\" data-y=\"1\" data-db-index=\"1\" class=\"bg-005e1f color-ffffff bold htCenter htMiddle\" data-cell-type=\"text\" data-original-value=\"Date Confirmed\" data-order=\"Date Confirmed\" style=\"min-width:19.5813%; \" >Date Confirmed <\/td><td data-cell-id=\"C1\" data-x=\"2\" data-y=\"1\" data-db-index=\"1\" class=\"bg-005e1f color-ffffff bold htCenter htMiddle\" data-cell-type=\"text\" data-original-value=\"Eligibility\" data-order=\"Eligibility\" style=\"min-width:16.0099%; \" >Eligibility <\/td><td data-cell-id=\"D1\" data-x=\"3\" data-y=\"1\" data-db-index=\"1\" class=\"bg-005e1f color-ffffff bold htCenter htMiddle\" data-cell-type=\"text\" data-original-value=\"Burgee(Click to visit)\" data-order=\"Burgee(Click to visit)\" style=\"min-width:22.1675%; \" >Burgee(Click to visit) <\/td><td data-cell-id=\"E1\" data-x=\"4\" data-y=\"1\" data-db-index=\"1\" class=\"bg-005e1f color-ffffff bold htCenter htMiddle\" data-cell-type=\"text\" data-original-value=\"Documents\" data-order=\"Documents\" style=\"min-width:18.4729%; \" >Documents <\/td><\/tr><tr style=\"height:px\" ><td data-cell-id=\"A2\" data-x=\"0\" data-y=\"2\" data-db-index=\"2\" class=\"bold htMiddle\" data-cell-type=\"text\" data-original-value=\"Cannes Yacht Club\" data-order=\"Cannes Yacht Club\" >Cannes Yacht Club <\/td><td data-cell-id=\"B2\" data-x=\"1\" data-y=\"2\" data-db-index=\"2\" class=\"bold htMiddle\" data-cell-type=\"text\" data-original-value=\"13 September 2022\" data-order=\"13 September 2022\" >13 September 2022 <\/td><td data-cell-id=\"C2\" data-x=\"2\" data-y=\"2\" data-db-index=\"2\" class=\"htCenter htMiddle\" data-cell-type=\"text\" data-original-value=\"BYC Members\" data-order=\"BYC Members\" >BYC Members <\/td><td data-cell-id=\"D2\" data-x=\"3\" data-y=\"2\" data-db-index=\"2\" class=\"htCenter htMiddle bold color-0000ff\" data-cell-type=\"text\" data-original-value=\"&lt;a href=&quot;https:\/\/www.yachtclubdecannes.org\/&quot; target=&quot;_blank&quot;&gt;&lt;img src=&quot;https:\/\/byc.qc.ca\/wp-content\/uploads\/2022\/12\/ycc-cannes-100x100-1.jpg&quot;&gt;&lt;\/a&gt;\" data-order=\"&lt;a href=&quot;https:\/\/www.yachtclubdecannes.org\/&quot; target=&quot;_blank&quot;&gt;&lt;img src=&quot;https:\/\/byc.qc.ca\/wp-content\/uploads\/2022\/12\/ycc-cannes-100x100-1.jpg&quot;&gt;&lt;\/a&gt;\" ><a href=\"https:\/\/www.yachtclubdecannes.org\/\" target=\"_blank\"><img decoding=\"async\" src=\"https:\/\/byc.qc.ca\/wp-content\/uploads\/2022\/12\/ycc-cannes-100x100-1.jpg\"><\/a><\/td><td data-cell-id=\"E2\" data-x=\"4\" data-y=\"2\" data-db-index=\"2\" class=\"htCenter htMiddle bold\" data-cell-type=\"text\" data-original-value=\"&lt;a href=&quot;https:\/\/byc.qc.ca\/wp-content\/uploads\/2022\/12\/cannes_reciprocity_22-09-12_beaconsfield_qbc_contrat-full.pdf&quot; target=&quot;_blank&quot;&gt;&lt;img src=&quot;https:\/\/byc.qc.ca\/wp-content\/uploads\/2022\/06\/pdf-logo-100x100a.jpg&quot;&gt;&lt;\/a&gt;\" data-order=\"&lt;a href=&quot;https:\/\/byc.qc.ca\/wp-content\/uploads\/2022\/12\/cannes_reciprocity_22-09-12_beaconsfield_qbc_contrat-full.pdf&quot; target=&quot;_blank&quot;&gt;&lt;img src=&quot;https:\/\/byc.qc.ca\/wp-content\/uploads\/2022\/06\/pdf-logo-100x100a.jpg&quot;&gt;&lt;\/a&gt;\" ><a href=\"https:\/\/byc.qc.ca\/wp-content\/uploads\/2022\/12\/cannes_reciprocity_22-09-12_beaconsfield_qbc_contrat-full.pdf\" target=\"_blank\"><img decoding=\"async\" src=\"https:\/\/byc.qc.ca\/wp-content\/uploads\/2022\/06\/pdf-logo-100x100a.jpg\"><\/a><\/td><\/tr><tr style=\"height:px\" ><td data-cell-id=\"A3\" data-x=\"0\" data-y=\"3\" data-db-index=\"3\" class=\"\" data-cell-type=\"text\" data-original-value=\"\" data-order=\"\" ><\/td><td data-cell-id=\"B3\" data-x=\"1\" data-y=\"3\" data-db-index=\"3\" class=\"\" data-cell-type=\"text\" data-original-value=\"\" data-order=\"\" ><\/td><td data-cell-id=\"C3\" data-x=\"2\" data-y=\"3\" data-db-index=\"3\" class=\"\" data-cell-type=\"text\" data-original-value=\"\" data-order=\"\" ><\/td><td data-cell-id=\"D3\" data-x=\"3\" data-y=\"3\" data-db-index=\"3\" class=\"\" data-cell-type=\"text\" data-original-value=\"\" data-order=\"\" ><\/td><td data-cell-id=\"E3\" data-x=\"4\" data-y=\"3\" data-db-index=\"3\" class=\"\" data-cell-type=\"text\" data-original-value=\"\" data-order=\"\" ><\/td><\/tr><\/tbody><\/table><!-- \/#supsystic-table-5.supsystic-table --><\/div><!-- \/.supsystic-tables-wrap --><!-- Tables Generator by Supsystic --><!-- Version:1.10.48 --><!-- http:\/\/supsystic.com\/ --><a title=\"WordPress Tables\" style=\"display:none;\" href=\"https:\/\/supsystic.com\/plugins\/wordpress-data-table-plugin\/?utm_medium=love_link\" target=\"_blank\">WordPress Tables<\/a>\n[\/vc_column_text][vc_separator border_width=&#8221;3&#8243;][vc_column_text align=&#8221;center&#8221; css=&#8221;.vc_custom_1690906127624{margin-top: -20px !important;margin-bottom: 0px !important;}&#8221;]<iframe src=\"https:\/\/docs.google.com\/document\/d\/e\/2PACX-1vQM1WLqV8HvlC26ZcEoGGYu7wOkt_u74axyI4R0IVjKaqtIE3-i758I3M-dTkPr9g\/pub?embedded=true\"><\/iframe>[\/vc_column_text][vc_row_inner][vc_column_inner][\/vc_column_inner][\/vc_row_inner][\/vc_column][\/vc_row]\n<\/div>","protected":false},"excerpt":{"rendered":"<p>[mk_page_section bg_image=&#8221;https:\/\/byc.qc.ca\/wp-content\/uploads\/2022\/12\/ycc-cannes-4-1500&#215;300-1.jpg&#8221; bg_position=&#8221;center center&#8221; bg_stretch=&#8221;true&#8221; video_color_mask=&#8221;#000000&#8243; video_opacity=&#8221;0.3&#8243; min_height=&#8221;300&#8243; sidebar=&#8221;sidebar-1&#8243;][vc_column][mk_fancy_title tag_name=&#8221;h1&#8243; size=&#8221;50&#8243; font_weight=&#8221;bold&#8221; margin_top=&#8221;75&#8243; font_family=&#8221;none&#8221;]R\u00e9ciprocit\u00e9[\/mk_fancy_title][\/vc_column][\/mk_page_section][vc_row][vc_column][mk_fancy_title size=&#8221;25&#8243; font_weight=&#8221;bold&#8221; margin_top=&#8221;20&#8243; margin_bottom=&#8221;0&#8243; font_family=&#8221;none&#8221;]Liste des clubs r\u00e9ciproques[\/mk_fancy_title][mk_fancy_title font_family=&#8221;none&#8221;]Le Yacht Club de Beaconsfield\u00a0 a \u00e9tabli de nombreuses ententes de r\u00e9ciprocit\u00e9 avec des clubs de yacht \u00e0 travers le Canada et a r\u00e9cemment ajout\u00e9 un club en France. Cette page sera mise [&hellip;]<\/p>\n","protected":false},"author":23,"featured_media":0,"parent":0,"menu_order":0,"comment_status":"closed","ping_status":"closed","template":"","meta":{"footnotes":""},"class_list":["post-9031","page","type-page","status-publish","hentry"],"yoast_head":"<!-- This site is optimized with the Yoast SEO plugin v27.2 - https:\/\/yoast.com\/product\/yoast-seo-wordpress\/ -->\n<title>Reciprocity | Yacht Club de Beaconsfield Yacht Club<\/title>\n<meta name=\"robots\" content=\"index, follow, max-snippet:-1, max-image-preview:large, max-video-preview:-1\" \/>\n<link rel=\"canonical\" href=\"https:\/\/byc.qc.ca\/fr\/reciprocity\/\" \/>\n<meta property=\"og:locale\" content=\"fr_FR\" \/>\n<meta property=\"og:type\" content=\"article\" \/>\n<meta property=\"og:title\" content=\"Reciprocity | Yacht Club de Beaconsfield Yacht Club\" \/>\n<meta property=\"og:description\" content=\"[mk_page_section bg_image=&#8221;https:\/\/byc.qc.ca\/wp-content\/uploads\/2022\/12\/ycc-cannes-4-1500&#215;300-1.jpg&#8221; bg_position=&#8221;center center&#8221; bg_stretch=&#8221;true&#8221; video_color_mask=&#8221;#000000&#8243; video_opacity=&#8221;0.3&#8243; min_height=&#8221;300&#8243; sidebar=&#8221;sidebar-1&#8243;][vc_column][mk_fancy_title tag_name=&#8221;h1&#8243; size=&#8221;50&#8243; font_weight=&#8221;bold&#8221; margin_top=&#8221;75&#8243; font_family=&#8221;none&#8221;]R\u00e9ciprocit\u00e9[\/mk_fancy_title][\/vc_column][\/mk_page_section][vc_row][vc_column][mk_fancy_title size=&#8221;25&#8243; font_weight=&#8221;bold&#8221; margin_top=&#8221;20&#8243; margin_bottom=&#8221;0&#8243; font_family=&#8221;none&#8221;]Liste des clubs r\u00e9ciproques[\/mk_fancy_title][mk_fancy_title font_family=&#8221;none&#8221;]Le Yacht Club de Beaconsfield\u00a0 a \u00e9tabli de nombreuses ententes de r\u00e9ciprocit\u00e9 avec des clubs de yacht \u00e0 travers le Canada et a r\u00e9cemment ajout\u00e9 un club en France. Cette page sera mise [&hellip;]\" \/>\n<meta property=\"og:url\" content=\"https:\/\/byc.qc.ca\/fr\/reciprocity\/\" \/>\n<meta property=\"og:site_name\" content=\"Yacht Club de Beaconsfield Yacht Club\" \/>\n<meta property=\"article:modified_time\" content=\"2023-08-01T16:15:42+00:00\" \/>\n<meta name=\"twitter:card\" content=\"summary_large_image\" \/>\n<meta name=\"twitter:label1\" content=\"Dur\u00e9e de lecture estim\u00e9e\" \/>\n\t<meta name=\"twitter:data1\" content=\"1 minute\" \/>\n<script type=\"application\/ld+json\" class=\"yoast-schema-graph\">{\"@context\":\"https:\/\/schema.org\",\"@graph\":[{\"@type\":\"WebPage\",\"@id\":\"https:\/\/byc.qc.ca\/fr\/reciprocity\/\",\"url\":\"https:\/\/byc.qc.ca\/fr\/reciprocity\/\",\"name\":\"Reciprocity | Yacht Club de Beaconsfield Yacht Club\",\"isPartOf\":{\"@id\":\"https:\/\/byc.qc.ca\/#website\"},\"datePublished\":\"2022-12-14T16:49:54+00:00\",\"dateModified\":\"2023-08-01T16:15:42+00:00\",\"breadcrumb\":{\"@id\":\"https:\/\/byc.qc.ca\/fr\/reciprocity\/#breadcrumb\"},\"inLanguage\":\"fr-FR\",\"potentialAction\":[{\"@type\":\"ReadAction\",\"target\":[\"https:\/\/byc.qc.ca\/fr\/reciprocity\/\"]}]},{\"@type\":\"BreadcrumbList\",\"@id\":\"https:\/\/byc.qc.ca\/fr\/reciprocity\/#breadcrumb\",\"itemListElement\":[{\"@type\":\"ListItem\",\"position\":1,\"name\":\"Home\",\"item\":\"https:\/\/byc.qc.ca\/fr\/\"},{\"@type\":\"ListItem\",\"position\":2,\"name\":\"Reciprocity\"}]},{\"@type\":\"WebSite\",\"@id\":\"https:\/\/byc.qc.ca\/#website\",\"url\":\"https:\/\/byc.qc.ca\/\",\"name\":\"Yacht Club de Beaconsfield Yacht Club\",\"description\":\"Beaconsfield Yacht Club - Sailing on Lake St. Louis\",\"publisher\":{\"@id\":\"https:\/\/byc.qc.ca\/#organization\"},\"potentialAction\":[{\"@type\":\"SearchAction\",\"target\":{\"@type\":\"EntryPoint\",\"urlTemplate\":\"https:\/\/byc.qc.ca\/?s={search_term_string}\"},\"query-input\":{\"@type\":\"PropertyValueSpecification\",\"valueRequired\":true,\"valueName\":\"search_term_string\"}}],\"inLanguage\":\"fr-FR\"},{\"@type\":\"Organization\",\"@id\":\"https:\/\/byc.qc.ca\/#organization\",\"name\":\"Beaconsfield Yacht Club\",\"url\":\"https:\/\/byc.qc.ca\/\",\"logo\":{\"@type\":\"ImageObject\",\"inLanguage\":\"fr-FR\",\"@id\":\"https:\/\/byc.qc.ca\/#\/schema\/logo\/image\/\",\"url\":\"https:\/\/byc.qc.ca\/wp-content\/uploads\/2022\/02\/logo-byc-300x194-1.jpg\",\"contentUrl\":\"https:\/\/byc.qc.ca\/wp-content\/uploads\/2022\/02\/logo-byc-300x194-1.jpg\",\"width\":300,\"height\":194,\"caption\":\"Beaconsfield Yacht Club\"},\"image\":{\"@id\":\"https:\/\/byc.qc.ca\/#\/schema\/logo\/image\/\"}}]}<\/script>\n<!-- \/ Yoast SEO plugin. -->","yoast_head_json":{"title":"Reciprocity | Yacht Club de Beaconsfield Yacht Club","robots":{"index":"index","follow":"follow","max-snippet":"max-snippet:-1","max-image-preview":"max-image-preview:large","max-video-preview":"max-video-preview:-1"},"canonical":"https:\/\/byc.qc.ca\/fr\/reciprocity\/","og_locale":"fr_FR","og_type":"article","og_title":"Reciprocity | Yacht Club de Beaconsfield Yacht Club","og_description":"[mk_page_section bg_image=&#8221;https:\/\/byc.qc.ca\/wp-content\/uploads\/2022\/12\/ycc-cannes-4-1500&#215;300-1.jpg&#8221; bg_position=&#8221;center center&#8221; bg_stretch=&#8221;true&#8221; video_color_mask=&#8221;#000000&#8243; video_opacity=&#8221;0.3&#8243; min_height=&#8221;300&#8243; sidebar=&#8221;sidebar-1&#8243;][vc_column][mk_fancy_title tag_name=&#8221;h1&#8243; size=&#8221;50&#8243; font_weight=&#8221;bold&#8221; margin_top=&#8221;75&#8243; font_family=&#8221;none&#8221;]R\u00e9ciprocit\u00e9[\/mk_fancy_title][\/vc_column][\/mk_page_section][vc_row][vc_column][mk_fancy_title size=&#8221;25&#8243; font_weight=&#8221;bold&#8221; margin_top=&#8221;20&#8243; margin_bottom=&#8221;0&#8243; font_family=&#8221;none&#8221;]Liste des clubs r\u00e9ciproques[\/mk_fancy_title][mk_fancy_title font_family=&#8221;none&#8221;]Le Yacht Club de Beaconsfield\u00a0 a \u00e9tabli de nombreuses ententes de r\u00e9ciprocit\u00e9 avec des clubs de yacht \u00e0 travers le Canada et a r\u00e9cemment ajout\u00e9 un club en France. Cette page sera mise [&hellip;]","og_url":"https:\/\/byc.qc.ca\/fr\/reciprocity\/","og_site_name":"Yacht Club de Beaconsfield Yacht Club","article_modified_time":"2023-08-01T16:15:42+00:00","twitter_card":"summary_large_image","twitter_misc":{"Dur\u00e9e de lecture estim\u00e9e":"1 minute"},"schema":{"@context":"https:\/\/schema.org","@graph":[{"@type":"WebPage","@id":"https:\/\/byc.qc.ca\/fr\/reciprocity\/","url":"https:\/\/byc.qc.ca\/fr\/reciprocity\/","name":"Reciprocity | Yacht Club de Beaconsfield Yacht Club","isPartOf":{"@id":"https:\/\/byc.qc.ca\/#website"},"datePublished":"2022-12-14T16:49:54+00:00","dateModified":"2023-08-01T16:15:42+00:00","breadcrumb":{"@id":"https:\/\/byc.qc.ca\/fr\/reciprocity\/#breadcrumb"},"inLanguage":"fr-FR","potentialAction":[{"@type":"ReadAction","target":["https:\/\/byc.qc.ca\/fr\/reciprocity\/"]}]},{"@type":"BreadcrumbList","@id":"https:\/\/byc.qc.ca\/fr\/reciprocity\/#breadcrumb","itemListElement":[{"@type":"ListItem","position":1,"name":"Home","item":"https:\/\/byc.qc.ca\/fr\/"},{"@type":"ListItem","position":2,"name":"Reciprocity"}]},{"@type":"WebSite","@id":"https:\/\/byc.qc.ca\/#website","url":"https:\/\/byc.qc.ca\/","name":"Yacht Club de Beaconsfield Yacht Club","description":"Beaconsfield Yacht Club - Sailing on Lake St. Louis","publisher":{"@id":"https:\/\/byc.qc.ca\/#organization"},"potentialAction":[{"@type":"SearchAction","target":{"@type":"EntryPoint","urlTemplate":"https:\/\/byc.qc.ca\/?s={search_term_string}"},"query-input":{"@type":"PropertyValueSpecification","valueRequired":true,"valueName":"search_term_string"}}],"inLanguage":"fr-FR"},{"@type":"Organization","@id":"https:\/\/byc.qc.ca\/#organization","name":"Beaconsfield Yacht Club","url":"https:\/\/byc.qc.ca\/","logo":{"@type":"ImageObject","inLanguage":"fr-FR","@id":"https:\/\/byc.qc.ca\/#\/schema\/logo\/image\/","url":"https:\/\/byc.qc.ca\/wp-content\/uploads\/2022\/02\/logo-byc-300x194-1.jpg","contentUrl":"https:\/\/byc.qc.ca\/wp-content\/uploads\/2022\/02\/logo-byc-300x194-1.jpg","width":300,"height":194,"caption":"Beaconsfield Yacht Club"},"image":{"@id":"https:\/\/byc.qc.ca\/#\/schema\/logo\/image\/"}}]}},"_links":{"self":[{"href":"https:\/\/byc.qc.ca\/fr\/wp-json\/wp\/v2\/pages\/9031","targetHints":{"allow":["GET"]}}],"collection":[{"href":"https:\/\/byc.qc.ca\/fr\/wp-json\/wp\/v2\/pages"}],"about":[{"href":"https:\/\/byc.qc.ca\/fr\/wp-json\/wp\/v2\/types\/page"}],"author":[{"embeddable":true,"href":"https:\/\/byc.qc.ca\/fr\/wp-json\/wp\/v2\/users\/23"}],"replies":[{"embeddable":true,"href":"https:\/\/byc.qc.ca\/fr\/wp-json\/wp\/v2\/comments?post=9031"}],"version-history":[{"count":3,"href":"https:\/\/byc.qc.ca\/fr\/wp-json\/wp\/v2\/pages\/9031\/revisions"}],"predecessor-version":[{"id":9034,"href":"https:\/\/byc.qc.ca\/fr\/wp-json\/wp\/v2\/pages\/9031\/revisions\/9034"}],"wp:attachment":[{"href":"https:\/\/byc.qc.ca\/fr\/wp-json\/wp\/v2\/media?parent=9031"}],"curies":[{"name":"wp","href":"https:\/\/api.w.org\/{rel}","templated":true}]}}