{"id":9692,"date":"2024-05-02T09:11:43","date_gmt":"2024-05-02T13:11:43","guid":{"rendered":"https:\/\/byc.qc.ca\/crane-day\/"},"modified":"2024-05-02T09:34:28","modified_gmt":"2024-05-02T13:34:28","slug":"journee_de_la_grue","status":"publish","type":"page","link":"https:\/\/byc.qc.ca\/fr\/journee_de_la_grue\/","title":{"rendered":"CRANE DAY"},"content":{"rendered":"<div class=\"wpb-content-wrapper\">[mk_page_section bg_image=&#8221;https:\/\/byc.qc.ca\/wp-content\/uploads\/2022\/01\/byc-installations-1925&#215;1280-1.jpg&#8221; attachment=&#8221;fixed&#8221; bg_position=&#8221;center center&#8221; bg_repeat=&#8221;no-repeat&#8221; bg_stretch=&#8221;true&#8221; video_color_mask=&#8221;#000000&#8243; video_opacity=&#8221;0.4&#8243; min_height=&#8221;300&#8243; sidebar=&#8221;sidebar-1&#8243;][vc_column][mk_fancy_title size=&#8221;50&#8243; font_weight=&#8221;bold&#8221; margin_top=&#8221;100&#8243; margin_bottom=&#8221;&#8221; font_family=&#8221;none&#8221;]<span style=\"color: #ffffff;\">JOURN\u00c9E DE LA GRUE<\/span>[\/mk_fancy_title][\/vc_column][\/mk_page_section][vc_row][vc_column][mk_fancy_title size=&#8221;25&#8243; font_weight=&#8221;bold&#8221; margin_top=&#8221;29&#8243; font_family=&#8221;none&#8221;]JOURN\u00c9E DE LA GRUE 10 mai 2024[\/mk_fancy_title][vc_column_text css=&#8221;.vc_custom_1714656341871{margin-bottom: -10px !important;}&#8221;]\n<p style=\"font-weight: 400;\"><span style=\"color: #ff0000;\"><strong>Veuillez trouver ci-joint le document contenant des informations essentielles sur la fa\u00e7on de se pr\u00e9parer pour notre prochaine journ\u00e9e de mise \u00e0 l&#8217;eau et de grutage. Votre attention \u00e0 ces d\u00e9tails garantira le bon d\u00e9roulement et le succ\u00e8s de la journ\u00e9e.<\/strong><\/span><\/p>\n<p style=\"font-weight: 400;\"><span style=\"color: #ff0000;\"><strong>\u00a0<\/strong><strong>De plus, nous avons besoin de quelques volontaires pour aider lors de la journ\u00e9e de la grue. Si vous \u00eates disponible pour \u00eatre b\u00e9n\u00e9vole toute la journ\u00e9e ou une partie de la journ\u00e9e, veuillez-nous le faire savoir d\u00e8s que possible.<\/strong><\/span><\/p>\n<p style=\"font-weight: 400;\"><span style=\"color: #ff0000;\"><strong>\u00a0<\/strong><strong>Votre soutien est grandement appr\u00e9ci\u00e9 et essentiel pour le club.<\/strong><\/span><\/p>\n<p style=\"font-weight: 400;\"><span style=\"color: #ff0000;\"><strong>Merci pour votre coop\u00e9ration et votre participation.<\/strong><\/span><\/p>\n[\/vc_column_text][vc_row_inner][vc_column_inner][vc_single_image image=&#8221;9696&#8243; img_size=&#8221;full&#8221; css=&#8221;.vc_custom_1714656389639{margin-top: -50px !important;}&#8221;][\/vc_column_inner][\/vc_row_inner][\/vc_column][\/vc_row][vc_row][vc_column css=&#8221;.vc_custom_1714655846286{margin-top: -50px !important;}&#8221;][vc_column_text css=&#8221;.vc_custom_1714655610150{margin-bottom: 0px !important;}&#8221;]<script>(function(d, s, id) { var js, pjs = d.getElementsByTagName(s)[0]; if (d.getElementById(id)) return; js = d.createElement(s); js.id = id; js.src = \"\/\/www.tickcounter.com\/static\/js\/loader.js\"; pjs.parentNode.insertBefore(js, pjs); }(document, \"script\", \"tickcounter-sdk\"));<\/script><a class=\"tickcounter\" style=\"display: block; left: 0; width: 100%; height: 0; position: relative; padding-bottom: 25%; margin: 0 auto;\" title=\"Crane Day-Journ\u00e9e de la grue\" href=\"\/\/www.tickcounter.com\/\" data-type=\"countdown\" data-id=\"5177585\">Crane Day-Journ\u00e9e de la grue<\/a>[\/vc_column_text][\/vc_column][\/vc_row]\n<\/div>","protected":false},"excerpt":{"rendered":"<p>[mk_page_section bg_image=&#8221;https:\/\/byc.qc.ca\/wp-content\/uploads\/2022\/01\/byc-installations-1925&#215;1280-1.jpg&#8221; attachment=&#8221;fixed&#8221; bg_position=&#8221;center center&#8221; bg_repeat=&#8221;no-repeat&#8221; bg_stretch=&#8221;true&#8221; video_color_mask=&#8221;#000000&#8243; video_opacity=&#8221;0.4&#8243; min_height=&#8221;300&#8243; sidebar=&#8221;sidebar-1&#8243;][vc_column][mk_fancy_title size=&#8221;50&#8243; font_weight=&#8221;bold&#8221; margin_top=&#8221;100&#8243; margin_bottom=&#8221;&#8221; font_family=&#8221;none&#8221;]JOURN\u00c9E DE LA GRUE[\/mk_fancy_title][\/vc_column][\/mk_page_section][vc_row][vc_column][mk_fancy_title size=&#8221;25&#8243; font_weight=&#8221;bold&#8221; margin_top=&#8221;29&#8243; font_family=&#8221;none&#8221;]JOURN\u00c9E DE LA GRUE 10 mai 2024[\/mk_fancy_title][vc_column_text css=&#8221;.vc_custom_1714656341871{margin-bottom: -10px !important;}&#8221;] Veuillez trouver ci-joint le document contenant des informations essentielles sur la fa\u00e7on de se pr\u00e9parer pour notre prochaine journ\u00e9e de mise \u00e0 l&#8217;eau [&hellip;]<\/p>\n","protected":false},"author":23,"featured_media":0,"parent":0,"menu_order":0,"comment_status":"closed","ping_status":"closed","template":"","meta":{"footnotes":""},"class_list":["post-9692","page","type-page","status-publish","hentry"],"yoast_head":"<!-- This site is optimized with the Yoast SEO plugin v27.2 - https:\/\/yoast.com\/product\/yoast-seo-wordpress\/ -->\n<title>CRANE DAY | Yacht Club de Beaconsfield Yacht Club<\/title>\n<meta name=\"robots\" content=\"index, follow, max-snippet:-1, max-image-preview:large, max-video-preview:-1\" \/>\n<link rel=\"canonical\" href=\"https:\/\/byc.qc.ca\/fr\/journee_de_la_grue\/\" \/>\n<meta property=\"og:locale\" content=\"fr_FR\" \/>\n<meta property=\"og:type\" content=\"article\" \/>\n<meta property=\"og:title\" content=\"CRANE DAY | Yacht Club de Beaconsfield Yacht Club\" \/>\n<meta property=\"og:description\" content=\"[mk_page_section bg_image=&#8221;https:\/\/byc.qc.ca\/wp-content\/uploads\/2022\/01\/byc-installations-1925&#215;1280-1.jpg&#8221; attachment=&#8221;fixed&#8221; bg_position=&#8221;center center&#8221; bg_repeat=&#8221;no-repeat&#8221; bg_stretch=&#8221;true&#8221; video_color_mask=&#8221;#000000&#8243; video_opacity=&#8221;0.4&#8243; min_height=&#8221;300&#8243; sidebar=&#8221;sidebar-1&#8243;][vc_column][mk_fancy_title size=&#8221;50&#8243; font_weight=&#8221;bold&#8221; margin_top=&#8221;100&#8243; margin_bottom=&#8221;&#8221; font_family=&#8221;none&#8221;]JOURN\u00c9E DE LA GRUE[\/mk_fancy_title][\/vc_column][\/mk_page_section][vc_row][vc_column][mk_fancy_title size=&#8221;25&#8243; font_weight=&#8221;bold&#8221; margin_top=&#8221;29&#8243; font_family=&#8221;none&#8221;]JOURN\u00c9E DE LA GRUE 10 mai 2024[\/mk_fancy_title][vc_column_text css=&#8221;.vc_custom_1714656341871{margin-bottom: -10px !important;}&#8221;] Veuillez trouver ci-joint le document contenant des informations essentielles sur la fa\u00e7on de se pr\u00e9parer pour notre prochaine journ\u00e9e de mise \u00e0 l&#8217;eau [&hellip;]\" \/>\n<meta property=\"og:url\" content=\"https:\/\/byc.qc.ca\/fr\/journee_de_la_grue\/\" \/>\n<meta property=\"og:site_name\" content=\"Yacht Club de Beaconsfield Yacht Club\" \/>\n<meta property=\"article:modified_time\" content=\"2024-05-02T13:34:28+00:00\" \/>\n<meta name=\"twitter:card\" content=\"summary_large_image\" \/>\n<meta name=\"twitter:label1\" content=\"Dur\u00e9e de lecture estim\u00e9e\" \/>\n\t<meta name=\"twitter:data1\" content=\"1 minute\" \/>\n<script type=\"application\/ld+json\" class=\"yoast-schema-graph\">{\"@context\":\"https:\/\/schema.org\",\"@graph\":[{\"@type\":\"WebPage\",\"@id\":\"https:\/\/byc.qc.ca\/fr\/journee_de_la_grue\/\",\"url\":\"https:\/\/byc.qc.ca\/fr\/journee_de_la_grue\/\",\"name\":\"CRANE DAY | Yacht Club de Beaconsfield Yacht Club\",\"isPartOf\":{\"@id\":\"https:\/\/byc.qc.ca\/#website\"},\"datePublished\":\"2024-05-02T13:11:43+00:00\",\"dateModified\":\"2024-05-02T13:34:28+00:00\",\"breadcrumb\":{\"@id\":\"https:\/\/byc.qc.ca\/fr\/journee_de_la_grue\/#breadcrumb\"},\"inLanguage\":\"fr-FR\",\"potentialAction\":[{\"@type\":\"ReadAction\",\"target\":[\"https:\/\/byc.qc.ca\/fr\/journee_de_la_grue\/\"]}]},{\"@type\":\"BreadcrumbList\",\"@id\":\"https:\/\/byc.qc.ca\/fr\/journee_de_la_grue\/#breadcrumb\",\"itemListElement\":[{\"@type\":\"ListItem\",\"position\":1,\"name\":\"Home\",\"item\":\"https:\/\/byc.qc.ca\/fr\/\"},{\"@type\":\"ListItem\",\"position\":2,\"name\":\"CRANE DAY\"}]},{\"@type\":\"WebSite\",\"@id\":\"https:\/\/byc.qc.ca\/#website\",\"url\":\"https:\/\/byc.qc.ca\/\",\"name\":\"Yacht Club de Beaconsfield Yacht Club\",\"description\":\"Beaconsfield Yacht Club - Sailing on Lake St. Louis\",\"publisher\":{\"@id\":\"https:\/\/byc.qc.ca\/#organization\"},\"potentialAction\":[{\"@type\":\"SearchAction\",\"target\":{\"@type\":\"EntryPoint\",\"urlTemplate\":\"https:\/\/byc.qc.ca\/?s={search_term_string}\"},\"query-input\":{\"@type\":\"PropertyValueSpecification\",\"valueRequired\":true,\"valueName\":\"search_term_string\"}}],\"inLanguage\":\"fr-FR\"},{\"@type\":\"Organization\",\"@id\":\"https:\/\/byc.qc.ca\/#organization\",\"name\":\"Beaconsfield Yacht Club\",\"url\":\"https:\/\/byc.qc.ca\/\",\"logo\":{\"@type\":\"ImageObject\",\"inLanguage\":\"fr-FR\",\"@id\":\"https:\/\/byc.qc.ca\/#\/schema\/logo\/image\/\",\"url\":\"https:\/\/byc.qc.ca\/wp-content\/uploads\/2022\/02\/logo-byc-300x194-1.jpg\",\"contentUrl\":\"https:\/\/byc.qc.ca\/wp-content\/uploads\/2022\/02\/logo-byc-300x194-1.jpg\",\"width\":300,\"height\":194,\"caption\":\"Beaconsfield Yacht Club\"},\"image\":{\"@id\":\"https:\/\/byc.qc.ca\/#\/schema\/logo\/image\/\"}}]}<\/script>\n<!-- \/ Yoast SEO plugin. -->","yoast_head_json":{"title":"CRANE DAY | Yacht Club de Beaconsfield Yacht Club","robots":{"index":"index","follow":"follow","max-snippet":"max-snippet:-1","max-image-preview":"max-image-preview:large","max-video-preview":"max-video-preview:-1"},"canonical":"https:\/\/byc.qc.ca\/fr\/journee_de_la_grue\/","og_locale":"fr_FR","og_type":"article","og_title":"CRANE DAY | Yacht Club de Beaconsfield Yacht Club","og_description":"[mk_page_section bg_image=&#8221;https:\/\/byc.qc.ca\/wp-content\/uploads\/2022\/01\/byc-installations-1925&#215;1280-1.jpg&#8221; attachment=&#8221;fixed&#8221; bg_position=&#8221;center center&#8221; bg_repeat=&#8221;no-repeat&#8221; bg_stretch=&#8221;true&#8221; video_color_mask=&#8221;#000000&#8243; video_opacity=&#8221;0.4&#8243; min_height=&#8221;300&#8243; sidebar=&#8221;sidebar-1&#8243;][vc_column][mk_fancy_title size=&#8221;50&#8243; font_weight=&#8221;bold&#8221; margin_top=&#8221;100&#8243; margin_bottom=&#8221;&#8221; font_family=&#8221;none&#8221;]JOURN\u00c9E DE LA GRUE[\/mk_fancy_title][\/vc_column][\/mk_page_section][vc_row][vc_column][mk_fancy_title size=&#8221;25&#8243; font_weight=&#8221;bold&#8221; margin_top=&#8221;29&#8243; font_family=&#8221;none&#8221;]JOURN\u00c9E DE LA GRUE 10 mai 2024[\/mk_fancy_title][vc_column_text css=&#8221;.vc_custom_1714656341871{margin-bottom: -10px !important;}&#8221;] Veuillez trouver ci-joint le document contenant des informations essentielles sur la fa\u00e7on de se pr\u00e9parer pour notre prochaine journ\u00e9e de mise \u00e0 l&#8217;eau [&hellip;]","og_url":"https:\/\/byc.qc.ca\/fr\/journee_de_la_grue\/","og_site_name":"Yacht Club de Beaconsfield Yacht Club","article_modified_time":"2024-05-02T13:34:28+00:00","twitter_card":"summary_large_image","twitter_misc":{"Dur\u00e9e de lecture estim\u00e9e":"1 minute"},"schema":{"@context":"https:\/\/schema.org","@graph":[{"@type":"WebPage","@id":"https:\/\/byc.qc.ca\/fr\/journee_de_la_grue\/","url":"https:\/\/byc.qc.ca\/fr\/journee_de_la_grue\/","name":"CRANE DAY | Yacht Club de Beaconsfield Yacht Club","isPartOf":{"@id":"https:\/\/byc.qc.ca\/#website"},"datePublished":"2024-05-02T13:11:43+00:00","dateModified":"2024-05-02T13:34:28+00:00","breadcrumb":{"@id":"https:\/\/byc.qc.ca\/fr\/journee_de_la_grue\/#breadcrumb"},"inLanguage":"fr-FR","potentialAction":[{"@type":"ReadAction","target":["https:\/\/byc.qc.ca\/fr\/journee_de_la_grue\/"]}]},{"@type":"BreadcrumbList","@id":"https:\/\/byc.qc.ca\/fr\/journee_de_la_grue\/#breadcrumb","itemListElement":[{"@type":"ListItem","position":1,"name":"Home","item":"https:\/\/byc.qc.ca\/fr\/"},{"@type":"ListItem","position":2,"name":"CRANE DAY"}]},{"@type":"WebSite","@id":"https:\/\/byc.qc.ca\/#website","url":"https:\/\/byc.qc.ca\/","name":"Yacht Club de Beaconsfield Yacht Club","description":"Beaconsfield Yacht Club - Sailing on Lake St. Louis","publisher":{"@id":"https:\/\/byc.qc.ca\/#organization"},"potentialAction":[{"@type":"SearchAction","target":{"@type":"EntryPoint","urlTemplate":"https:\/\/byc.qc.ca\/?s={search_term_string}"},"query-input":{"@type":"PropertyValueSpecification","valueRequired":true,"valueName":"search_term_string"}}],"inLanguage":"fr-FR"},{"@type":"Organization","@id":"https:\/\/byc.qc.ca\/#organization","name":"Beaconsfield Yacht Club","url":"https:\/\/byc.qc.ca\/","logo":{"@type":"ImageObject","inLanguage":"fr-FR","@id":"https:\/\/byc.qc.ca\/#\/schema\/logo\/image\/","url":"https:\/\/byc.qc.ca\/wp-content\/uploads\/2022\/02\/logo-byc-300x194-1.jpg","contentUrl":"https:\/\/byc.qc.ca\/wp-content\/uploads\/2022\/02\/logo-byc-300x194-1.jpg","width":300,"height":194,"caption":"Beaconsfield Yacht Club"},"image":{"@id":"https:\/\/byc.qc.ca\/#\/schema\/logo\/image\/"}}]}},"_links":{"self":[{"href":"https:\/\/byc.qc.ca\/fr\/wp-json\/wp\/v2\/pages\/9692","targetHints":{"allow":["GET"]}}],"collection":[{"href":"https:\/\/byc.qc.ca\/fr\/wp-json\/wp\/v2\/pages"}],"about":[{"href":"https:\/\/byc.qc.ca\/fr\/wp-json\/wp\/v2\/types\/page"}],"author":[{"embeddable":true,"href":"https:\/\/byc.qc.ca\/fr\/wp-json\/wp\/v2\/users\/23"}],"replies":[{"embeddable":true,"href":"https:\/\/byc.qc.ca\/fr\/wp-json\/wp\/v2\/comments?post=9692"}],"version-history":[{"count":4,"href":"https:\/\/byc.qc.ca\/fr\/wp-json\/wp\/v2\/pages\/9692\/revisions"}],"predecessor-version":[{"id":9698,"href":"https:\/\/byc.qc.ca\/fr\/wp-json\/wp\/v2\/pages\/9692\/revisions\/9698"}],"wp:attachment":[{"href":"https:\/\/byc.qc.ca\/fr\/wp-json\/wp\/v2\/media?parent=9692"}],"curies":[{"name":"wp","href":"https:\/\/api.w.org\/{rel}","templated":true}]}}