{"id":9778,"date":"2024-05-22T16:59:37","date_gmt":"2024-05-22T20:59:37","guid":{"rendered":"https:\/\/byc.qc.ca\/voile\/ecole-de-voile\/keelboat-basics\/"},"modified":"2025-01-07T16:53:00","modified_gmt":"2025-01-07T21:53:00","slug":"base_en_quillard","status":"publish","type":"page","link":"https:\/\/byc.qc.ca\/fr\/voile\/ecole-de-voile\/base_en_quillard\/","title":{"rendered":"Base en QUILLARD"},"content":{"rendered":"<div class=\"wpb-content-wrapper\">[mk_page_section bg_image=&#8221;https:\/\/byc.qc.ca\/wp-content\/uploads\/2024\/05\/competitive-racing-1600&#215;300-1.jpg&#8221; bg_position=&#8221;center top&#8221; bg_repeat=&#8221;no-repeat&#8221; bg_stretch=&#8221;true&#8221; video_color_mask=&#8221;#000000&#8243; video_opacity=&#8221;0.4&#8243; min_height=&#8221;250&#8243; sidebar=&#8221;sidebar-1&#8243;][vc_column][mk_fancy_title size=&#8221;50&#8243; font_weight=&#8221;bold&#8221; margin_top=&#8221;70&#8243; font_family=&#8221;none&#8221;]<span style=\"color: #ffffff;\">Cours pour adultes au YCB<br \/>\nVoile de base en QUILLARD<\/span>[\/mk_fancy_title][\/vc_column][\/mk_page_section][mk_page_section][vc_column][mk_fancy_title size=&#8221;20&#8243; font_weight=&#8221;bold&#8221; font_family=&#8221;none&#8221;]<span style=\"color: #005e20;\">Cours pour adultes au YCB \u2013 Voile de base en QUILLARD<\/span>[\/mk_fancy_title][vc_column_text css=&#8221;.vc_custom_1716495968034{margin-bottom: 0px !important;}&#8221;]\n<ul>\n<li>VOILE EN SOIR\u00c9E &#8211; mercredi et jeudi &#8211; \u00e0 partir du 5 juin (3 sessions)<\/li>\n<\/ul>\n[\/vc_column_text][vc_row_inner][vc_column_inner width=&#8221;3\/4&#8243;][vc_column_text css=&#8221;.vc_custom_1736286758503{margin-bottom: 0px !important;}&#8221;]<span style=\"color: #005e20;\">DESCRIPTION DU COURS ET HORAIRE:<\/span><br \/>\nBienvenue \u00e0 bord d&#8217;une aventure passionnante en voilier avec notre cours certifi\u00e9 VOILECAN 1&amp;2, situ\u00e9 au Yacht club de Beaconsfield et le lac Saint-Louis. Apprenez les bases \u00e0 bord de notre voilier Shark de 24 pieds, guid\u00e9 par un instructeur exp\u00e9riment\u00e9.<\/p>\n<p>Con\u00e7u pour enseigner la manipulation s\u00fbre et correcte d&#8217;un voilier, ce cours d&#8217;environ 18 heures enseigne la th\u00e9orie et la technique de la voile, tir\u00e9es du programme de l&#8217;Association canadienne de voile. Une exp\u00e9rience pratique sur l&#8217;eau sera offerte aussi souvent que la m\u00e9t\u00e9o le permettra. \u00c0 la fin du cours, vous devriez \u00eatre capable de profiter du plaisir de la voile et peut-\u00eatre avoir \u00e9t\u00e9 initi\u00e9 \u00e0 la course en voilier.<\/p>\n<p>Ce cours d&#8217;initiation \u00e0 la voile se d\u00e9roule les mercredis et jeudis soir de 18h \u00e0 21h, avec un maximum de 2 participants par cours, pour une attention personnalis\u00e9e et un apprentissage pratique. D\u00e9couvrez la joie de la voile et acqu\u00e9rez les comp\u00e9tences essentielles pour naviguer en toute confiance. R\u00e9servez votre place d\u00e8s maintenant et<br \/>\nprenez le large vers un monde d&#8217;excitation !<\/p>\n<ul>\n<li>Session 1 : A venir<\/li>\n<li>Session 2 : A venir<\/li>\n<li>Session 3 : A venir<\/li>\n<\/ul>\n<p><span style=\"color: #005e20;\">CO\u00dbTS ET PROC\u00c9DURES D\u2019ADMISSION:<\/span><br \/>\nLe co\u00fbts de ce cours est de 690$ +tx\/personne (min 2 personnes)<\/p>\n<p><span style=\"color: #005e20;\">V\u00caTEMENTS ET \u00c9QUIPEMENT DE S\u00c9CURIT\u00c9:<\/span><br \/>\nLes participants doivent porter des chaussures \u00e0 semelles de caoutchouc et \u00eatre \u00e9quip\u00e9s d\u2019une veste de flottaison ou un v\u00eatement de flottaison individuel V.F.I. d\u2019un type approuv\u00e9 par le D\u00e9partement du Transport (D.D.T.) ou le Minist\u00e8re du Transport (M.D.T.). Les ceintures flottantes et les vestes de flottaison \u00e0 cellules d\u2019air ne sont pas accept\u00e9es. Si la veste de flottaison n\u2019est pas conforme aux r\u00e8glements, le g\u00e9rant du club emp\u00eachera la personne d\u2019aller sur l\u2019eau.<\/p>\n<p><span style=\"color: #005e20;\">RENSEIGNEMENTS :<\/span><br \/>\nSi vous d\u00e9sirez de plus amples renseignements, veuillez communiquer avec le bureau d\u2019administration du yacht club, du mardi au vendredi de 10h \u00e0 16h ou samedi de 10h \u00e0 a 14h.[\/vc_column_text][\/vc_column_inner][vc_column_inner width=&#8221;1\/4&#8243;][mk_fancy_title size=&#8221;20&#8243; font_weight=&#8221;500&#8243; margin_bottom=&#8221;0&#8243; font_family=&#8221;none&#8221; align=&#8221;center&#8221;]<strong><span style=\"color: #005e20;\">VOILE EN SOIR\u00c9E<\/span><\/strong><\/p>\n[\/mk_fancy_title][mk_button dimension=&#8221;flat&#8221; size=&#8221;large&#8221; target=&#8221;_blank&#8221; bg_color=&#8221;#005e20&#8243; btn_hover_bg=&#8221;#eeee22&#8243; btn_hover_txt_color=&#8221;#000000&#8243;]Inscription en ligne<br \/>\n[\/mk_button][vc_single_image image=&#8221;7832&#8243; img_size=&#8221;full&#8221; alignment=&#8221;center&#8221; onclick=&#8221;custom_link&#8221; img_link_target=&#8221;_blank&#8221; link=&#8221;https:\/\/byc.qc.ca\/wp-content\/uploads\/2024\/05\/byc_2024_learn_to_sail_shark_fr.pdf&#8221;][vc_column_text align=&#8221;center&#8221; css=&#8221;.vc_custom_1716496457882{margin-top: -20px !important;margin-bottom: 0px !important;}&#8221;]Cliquez sur le logo ci-dessus pour obtenir les d\u00e9tails et le formulaire de candidature.[\/vc_column_text][vc_single_image image=&#8221;9767&#8243; img_size=&#8221;full&#8221; alignment=&#8221;center&#8221;][\/vc_column_inner][\/vc_row_inner][\/vc_column][\/mk_page_section]\n<\/div>","protected":false},"excerpt":{"rendered":"<p>[mk_page_section bg_image=&#8221;https:\/\/byc.qc.ca\/wp-content\/uploads\/2024\/05\/competitive-racing-1600&#215;300-1.jpg&#8221; bg_position=&#8221;center top&#8221; bg_repeat=&#8221;no-repeat&#8221; bg_stretch=&#8221;true&#8221; video_color_mask=&#8221;#000000&#8243; video_opacity=&#8221;0.4&#8243; min_height=&#8221;250&#8243; sidebar=&#8221;sidebar-1&#8243;][vc_column][mk_fancy_title size=&#8221;50&#8243; font_weight=&#8221;bold&#8221; margin_top=&#8221;70&#8243; font_family=&#8221;none&#8221;]Cours pour adultes au YCB Voile de base en QUILLARD[\/mk_fancy_title][\/vc_column][\/mk_page_section][mk_page_section][vc_column][mk_fancy_title size=&#8221;20&#8243; font_weight=&#8221;bold&#8221; font_family=&#8221;none&#8221;]Cours pour adultes au YCB \u2013 Voile de base en QUILLARD[\/mk_fancy_title][vc_column_text css=&#8221;.vc_custom_1716495968034{margin-bottom: 0px !important;}&#8221;] VOILE EN SOIR\u00c9E &#8211; mercredi et jeudi &#8211; \u00e0 partir du 5 juin (3 sessions) [\/vc_column_text][vc_row_inner][vc_column_inner [&hellip;]<\/p>\n","protected":false},"author":23,"featured_media":0,"parent":6381,"menu_order":0,"comment_status":"closed","ping_status":"closed","template":"","meta":{"footnotes":""},"class_list":["post-9778","page","type-page","status-publish","hentry"],"yoast_head":"<!-- This site is optimized with the Yoast SEO plugin v27.2 - https:\/\/yoast.com\/product\/yoast-seo-wordpress\/ -->\n<title>Base en QUILLARD | Yacht Club de Beaconsfield Yacht Club<\/title>\n<meta name=\"robots\" content=\"index, follow, max-snippet:-1, max-image-preview:large, max-video-preview:-1\" \/>\n<link rel=\"canonical\" href=\"https:\/\/byc.qc.ca\/fr\/voile\/ecole-de-voile\/base_en_quillard\/\" \/>\n<meta property=\"og:locale\" content=\"fr_FR\" \/>\n<meta property=\"og:type\" content=\"article\" \/>\n<meta property=\"og:title\" content=\"Base en QUILLARD | Yacht Club de Beaconsfield Yacht Club\" \/>\n<meta property=\"og:description\" content=\"[mk_page_section bg_image=&#8221;https:\/\/byc.qc.ca\/wp-content\/uploads\/2024\/05\/competitive-racing-1600&#215;300-1.jpg&#8221; bg_position=&#8221;center top&#8221; bg_repeat=&#8221;no-repeat&#8221; bg_stretch=&#8221;true&#8221; video_color_mask=&#8221;#000000&#8243; video_opacity=&#8221;0.4&#8243; min_height=&#8221;250&#8243; sidebar=&#8221;sidebar-1&#8243;][vc_column][mk_fancy_title size=&#8221;50&#8243; font_weight=&#8221;bold&#8221; margin_top=&#8221;70&#8243; font_family=&#8221;none&#8221;]Cours pour adultes au YCB Voile de base en QUILLARD[\/mk_fancy_title][\/vc_column][\/mk_page_section][mk_page_section][vc_column][mk_fancy_title size=&#8221;20&#8243; font_weight=&#8221;bold&#8221; font_family=&#8221;none&#8221;]Cours pour adultes au YCB \u2013 Voile de base en QUILLARD[\/mk_fancy_title][vc_column_text css=&#8221;.vc_custom_1716495968034{margin-bottom: 0px !important;}&#8221;] VOILE EN SOIR\u00c9E &#8211; mercredi et jeudi &#8211; \u00e0 partir du 5 juin (3 sessions) [\/vc_column_text][vc_row_inner][vc_column_inner [&hellip;]\" \/>\n<meta property=\"og:url\" content=\"https:\/\/byc.qc.ca\/fr\/voile\/ecole-de-voile\/base_en_quillard\/\" \/>\n<meta property=\"og:site_name\" content=\"Yacht Club de Beaconsfield Yacht Club\" \/>\n<meta property=\"article:modified_time\" content=\"2025-01-07T21:53:00+00:00\" \/>\n<meta name=\"twitter:card\" content=\"summary_large_image\" \/>\n<meta name=\"twitter:label1\" content=\"Dur\u00e9e de lecture estim\u00e9e\" \/>\n\t<meta name=\"twitter:data1\" content=\"3 minutes\" \/>\n<script type=\"application\/ld+json\" class=\"yoast-schema-graph\">{\"@context\":\"https:\/\/schema.org\",\"@graph\":[{\"@type\":\"WebPage\",\"@id\":\"https:\/\/byc.qc.ca\/fr\/voile\/ecole-de-voile\/base_en_quillard\/\",\"url\":\"https:\/\/byc.qc.ca\/fr\/voile\/ecole-de-voile\/base_en_quillard\/\",\"name\":\"Base en QUILLARD | Yacht Club de Beaconsfield Yacht Club\",\"isPartOf\":{\"@id\":\"https:\/\/byc.qc.ca\/#website\"},\"datePublished\":\"2024-05-22T20:59:37+00:00\",\"dateModified\":\"2025-01-07T21:53:00+00:00\",\"breadcrumb\":{\"@id\":\"https:\/\/byc.qc.ca\/fr\/voile\/ecole-de-voile\/base_en_quillard\/#breadcrumb\"},\"inLanguage\":\"fr-FR\",\"potentialAction\":[{\"@type\":\"ReadAction\",\"target\":[\"https:\/\/byc.qc.ca\/fr\/voile\/ecole-de-voile\/base_en_quillard\/\"]}]},{\"@type\":\"BreadcrumbList\",\"@id\":\"https:\/\/byc.qc.ca\/fr\/voile\/ecole-de-voile\/base_en_quillard\/#breadcrumb\",\"itemListElement\":[{\"@type\":\"ListItem\",\"position\":1,\"name\":\"Home\",\"item\":\"https:\/\/byc.qc.ca\/fr\/\"},{\"@type\":\"ListItem\",\"position\":2,\"name\":\"Voile\",\"item\":\"https:\/\/byc.qc.ca\/fr\/voile\/\"},{\"@type\":\"ListItem\",\"position\":3,\"name\":\"\u00c9cole de voile\",\"item\":\"https:\/\/byc.qc.ca\/fr\/voile\/ecole-de-voile\/\"},{\"@type\":\"ListItem\",\"position\":4,\"name\":\"Base en QUILLARD\"}]},{\"@type\":\"WebSite\",\"@id\":\"https:\/\/byc.qc.ca\/#website\",\"url\":\"https:\/\/byc.qc.ca\/\",\"name\":\"Yacht Club de Beaconsfield Yacht Club\",\"description\":\"Beaconsfield Yacht Club - Sailing on Lake St. Louis\",\"publisher\":{\"@id\":\"https:\/\/byc.qc.ca\/#organization\"},\"potentialAction\":[{\"@type\":\"SearchAction\",\"target\":{\"@type\":\"EntryPoint\",\"urlTemplate\":\"https:\/\/byc.qc.ca\/?s={search_term_string}\"},\"query-input\":{\"@type\":\"PropertyValueSpecification\",\"valueRequired\":true,\"valueName\":\"search_term_string\"}}],\"inLanguage\":\"fr-FR\"},{\"@type\":\"Organization\",\"@id\":\"https:\/\/byc.qc.ca\/#organization\",\"name\":\"Beaconsfield Yacht Club\",\"url\":\"https:\/\/byc.qc.ca\/\",\"logo\":{\"@type\":\"ImageObject\",\"inLanguage\":\"fr-FR\",\"@id\":\"https:\/\/byc.qc.ca\/#\/schema\/logo\/image\/\",\"url\":\"https:\/\/byc.qc.ca\/wp-content\/uploads\/2022\/02\/logo-byc-300x194-1.jpg\",\"contentUrl\":\"https:\/\/byc.qc.ca\/wp-content\/uploads\/2022\/02\/logo-byc-300x194-1.jpg\",\"width\":300,\"height\":194,\"caption\":\"Beaconsfield Yacht Club\"},\"image\":{\"@id\":\"https:\/\/byc.qc.ca\/#\/schema\/logo\/image\/\"}}]}<\/script>\n<!-- \/ Yoast SEO plugin. -->","yoast_head_json":{"title":"Base en QUILLARD | Yacht Club de Beaconsfield Yacht Club","robots":{"index":"index","follow":"follow","max-snippet":"max-snippet:-1","max-image-preview":"max-image-preview:large","max-video-preview":"max-video-preview:-1"},"canonical":"https:\/\/byc.qc.ca\/fr\/voile\/ecole-de-voile\/base_en_quillard\/","og_locale":"fr_FR","og_type":"article","og_title":"Base en QUILLARD | Yacht Club de Beaconsfield Yacht Club","og_description":"[mk_page_section bg_image=&#8221;https:\/\/byc.qc.ca\/wp-content\/uploads\/2024\/05\/competitive-racing-1600&#215;300-1.jpg&#8221; bg_position=&#8221;center top&#8221; bg_repeat=&#8221;no-repeat&#8221; bg_stretch=&#8221;true&#8221; video_color_mask=&#8221;#000000&#8243; video_opacity=&#8221;0.4&#8243; min_height=&#8221;250&#8243; sidebar=&#8221;sidebar-1&#8243;][vc_column][mk_fancy_title size=&#8221;50&#8243; font_weight=&#8221;bold&#8221; margin_top=&#8221;70&#8243; font_family=&#8221;none&#8221;]Cours pour adultes au YCB Voile de base en QUILLARD[\/mk_fancy_title][\/vc_column][\/mk_page_section][mk_page_section][vc_column][mk_fancy_title size=&#8221;20&#8243; font_weight=&#8221;bold&#8221; font_family=&#8221;none&#8221;]Cours pour adultes au YCB \u2013 Voile de base en QUILLARD[\/mk_fancy_title][vc_column_text css=&#8221;.vc_custom_1716495968034{margin-bottom: 0px !important;}&#8221;] VOILE EN SOIR\u00c9E &#8211; mercredi et jeudi &#8211; \u00e0 partir du 5 juin (3 sessions) [\/vc_column_text][vc_row_inner][vc_column_inner [&hellip;]","og_url":"https:\/\/byc.qc.ca\/fr\/voile\/ecole-de-voile\/base_en_quillard\/","og_site_name":"Yacht Club de Beaconsfield Yacht Club","article_modified_time":"2025-01-07T21:53:00+00:00","twitter_card":"summary_large_image","twitter_misc":{"Dur\u00e9e de lecture estim\u00e9e":"3 minutes"},"schema":{"@context":"https:\/\/schema.org","@graph":[{"@type":"WebPage","@id":"https:\/\/byc.qc.ca\/fr\/voile\/ecole-de-voile\/base_en_quillard\/","url":"https:\/\/byc.qc.ca\/fr\/voile\/ecole-de-voile\/base_en_quillard\/","name":"Base en QUILLARD | Yacht Club de Beaconsfield Yacht Club","isPartOf":{"@id":"https:\/\/byc.qc.ca\/#website"},"datePublished":"2024-05-22T20:59:37+00:00","dateModified":"2025-01-07T21:53:00+00:00","breadcrumb":{"@id":"https:\/\/byc.qc.ca\/fr\/voile\/ecole-de-voile\/base_en_quillard\/#breadcrumb"},"inLanguage":"fr-FR","potentialAction":[{"@type":"ReadAction","target":["https:\/\/byc.qc.ca\/fr\/voile\/ecole-de-voile\/base_en_quillard\/"]}]},{"@type":"BreadcrumbList","@id":"https:\/\/byc.qc.ca\/fr\/voile\/ecole-de-voile\/base_en_quillard\/#breadcrumb","itemListElement":[{"@type":"ListItem","position":1,"name":"Home","item":"https:\/\/byc.qc.ca\/fr\/"},{"@type":"ListItem","position":2,"name":"Voile","item":"https:\/\/byc.qc.ca\/fr\/voile\/"},{"@type":"ListItem","position":3,"name":"\u00c9cole de voile","item":"https:\/\/byc.qc.ca\/fr\/voile\/ecole-de-voile\/"},{"@type":"ListItem","position":4,"name":"Base en QUILLARD"}]},{"@type":"WebSite","@id":"https:\/\/byc.qc.ca\/#website","url":"https:\/\/byc.qc.ca\/","name":"Yacht Club de Beaconsfield Yacht Club","description":"Beaconsfield Yacht Club - Sailing on Lake St. Louis","publisher":{"@id":"https:\/\/byc.qc.ca\/#organization"},"potentialAction":[{"@type":"SearchAction","target":{"@type":"EntryPoint","urlTemplate":"https:\/\/byc.qc.ca\/?s={search_term_string}"},"query-input":{"@type":"PropertyValueSpecification","valueRequired":true,"valueName":"search_term_string"}}],"inLanguage":"fr-FR"},{"@type":"Organization","@id":"https:\/\/byc.qc.ca\/#organization","name":"Beaconsfield Yacht Club","url":"https:\/\/byc.qc.ca\/","logo":{"@type":"ImageObject","inLanguage":"fr-FR","@id":"https:\/\/byc.qc.ca\/#\/schema\/logo\/image\/","url":"https:\/\/byc.qc.ca\/wp-content\/uploads\/2022\/02\/logo-byc-300x194-1.jpg","contentUrl":"https:\/\/byc.qc.ca\/wp-content\/uploads\/2022\/02\/logo-byc-300x194-1.jpg","width":300,"height":194,"caption":"Beaconsfield Yacht Club"},"image":{"@id":"https:\/\/byc.qc.ca\/#\/schema\/logo\/image\/"}}]}},"_links":{"self":[{"href":"https:\/\/byc.qc.ca\/fr\/wp-json\/wp\/v2\/pages\/9778","targetHints":{"allow":["GET"]}}],"collection":[{"href":"https:\/\/byc.qc.ca\/fr\/wp-json\/wp\/v2\/pages"}],"about":[{"href":"https:\/\/byc.qc.ca\/fr\/wp-json\/wp\/v2\/types\/page"}],"author":[{"embeddable":true,"href":"https:\/\/byc.qc.ca\/fr\/wp-json\/wp\/v2\/users\/23"}],"replies":[{"embeddable":true,"href":"https:\/\/byc.qc.ca\/fr\/wp-json\/wp\/v2\/comments?post=9778"}],"version-history":[{"count":11,"href":"https:\/\/byc.qc.ca\/fr\/wp-json\/wp\/v2\/pages\/9778\/revisions"}],"predecessor-version":[{"id":10501,"href":"https:\/\/byc.qc.ca\/fr\/wp-json\/wp\/v2\/pages\/9778\/revisions\/10501"}],"up":[{"embeddable":true,"href":"https:\/\/byc.qc.ca\/fr\/wp-json\/wp\/v2\/pages\/6381"}],"wp:attachment":[{"href":"https:\/\/byc.qc.ca\/fr\/wp-json\/wp\/v2\/media?parent=9778"}],"curies":[{"name":"wp","href":"https:\/\/api.w.org\/{rel}","templated":true}]}}