{"id":9842,"date":"2024-05-28T08:43:36","date_gmt":"2024-05-28T12:43:36","guid":{"rendered":"https:\/\/byc.qc.ca\/voile\/ecole-de-voile\/introduction-to-keelboats\/"},"modified":"2025-01-07T17:00:14","modified_gmt":"2025-01-07T22:00:14","slug":"introduction-au-quillard","status":"publish","type":"page","link":"https:\/\/byc.qc.ca\/fr\/voile\/ecole-de-voile\/introduction-au-quillard\/","title":{"rendered":"INTRODUCTION AU QUILLARD"},"content":{"rendered":"<div class=\"wpb-content-wrapper\">[mk_page_section bg_image=&#8221;https:\/\/byc.qc.ca\/wp-content\/uploads\/2022\/03\/byc-harbor-summer-1600&#215;250-1.jpg&#8221; attachment=&#8221;fixed&#8221; bg_position=&#8221;center bottom&#8221; bg_repeat=&#8221;no-repeat&#8221; bg_stretch=&#8221;true&#8221; video_color_mask=&#8221;#000000&#8243; video_opacity=&#8221;0.4&#8243; min_height=&#8221;250&#8243; sidebar=&#8221;sidebar-1&#8243;][vc_column][mk_fancy_title size=&#8221;50&#8243; font_weight=&#8221;bold&#8221; margin_top=&#8221;75&#8243; margin_bottom=&#8221;0&#8243; font_family=&#8221;none&#8221;]<span style=\"color: #ffffff;\">Cours de voile pour adultes au YCB<\/span><\/p>\n<p><span style=\"color: #ffffff;\">Introduction aux quillards<\/span>[\/mk_fancy_title][\/vc_column][\/mk_page_section][vc_row][vc_column width=&#8221;3\/4&#8243;][mk_padding_divider size=&#8221;25&#8243;][vc_column_text css=&#8221;.vc_custom_1736287131688{margin-bottom: 0px !important;}&#8221;]<span style=\"color: #005e20;\"><strong>Cours d&#8217;initiation au KEELBOATS pour adultes au BYC<\/strong><\/span><\/p>\n<p>Un des brevets de base du programme de formation de croisi\u00e8re et quillard de Voile Canada, ce brevet est le point de d\u00e9part recommand\u00e9 aux participants ayant tr\u00e8s peu d\u2019exp\u00e9rience pratique de navigation. Il permet d\u2019acqu\u00e9rir les habilet\u00e9s de base en mati\u00e8re de navigation en tant que membre d\u2019\u00e9quipage actif. Les participants qui r\u00e9ussissent ce cours seront aptes \u00e0 fonctionner en tant qu\u2019\u00e9quipiers \u00e0 bord d\u2019un quillard, le jour, dans des conditions relativement favorables. Ce brevet est recommand\u00e9 \u00e0 ceux et celles qui ont tr\u00e8s peu d\u2019exp\u00e9rience de navigation, \u00e0 moteur ou \u00e0 voile, et qui souhaitent acqu\u00e9rir certaines habilet\u00e9s sur quillard et d\u00e9velopper leurs capacit\u00e9s dans un environnement d\u00e9contract\u00e9 et \u00e0 leur propre rythme.<\/p>\n<p>Les objectifs d\u2019apprentissage devraient normalement \u00eatre atteints en 14 heures. Nous offrons ce cours sur deux samedi cons\u00e9cutive.<\/p>\n<ul>\n<li><strong>Session 1 : A venir<\/strong><br \/>\n<strong>Session 2 : A venir<\/strong><br \/>\n<strong>Session 3 : A venir<\/strong><br \/>\n<strong>Session 4 : A venir<\/strong><\/li>\n<\/ul>\n<p><strong>CO\u00dbTS ET PROC\u00c9DURES D\u2019ADMISSION:<\/strong><br \/>\nLe co\u00fbts de ce cours est de 700 +tx\/personne (min 2 personnes) Livrets d\u2019initiation \u00e0 la croisi\u00e8re inclut.[\/vc_column_text][\/vc_column][vc_column width=&#8221;1\/4&#8243;][mk_padding_divider][vc_single_image image=&#8221;9827&#8243; img_size=&#8221;full&#8221; alignment=&#8221;center&#8221; onclick=&#8221;custom_link&#8221; img_link_target=&#8221;_blank&#8221; css=&#8221;&#8221; link=&#8221;https:\/\/byc.qc.ca\/wp-content\/uploads\/2024\/07\/byc_2024_start_keelboat-fr.pdf&#8221;][mk_fancy_title size=&#8221;20&#8243; font_weight=&#8221;500&#8243; font_family=&#8221;none&#8221; align=&#8221;center&#8221;]Cliquez sur l&#8217;ic\u00f4ne .pdf ci-dessus pour t\u00e9l\u00e9charger les d\u00e9tails et le formulaire d&#8217;inscription.[\/mk_fancy_title][mk_button dimension=&#8221;flat&#8221; size=&#8221;medium&#8221; target=&#8221;_blank&#8221; align=&#8221;center&#8221; button_custom_width=&#8221;250&#8243; bg_color=&#8221;#005e20&#8243; btn_hover_bg=&#8221;#eeee22&#8243; btn_hover_txt_color=&#8221;#000000&#8243;]Inscription en ligne[\/mk_button][\/vc_column][\/vc_row]\n<\/div>","protected":false},"excerpt":{"rendered":"<p>[mk_page_section bg_image=&#8221;https:\/\/byc.qc.ca\/wp-content\/uploads\/2022\/03\/byc-harbor-summer-1600&#215;250-1.jpg&#8221; attachment=&#8221;fixed&#8221; bg_position=&#8221;center bottom&#8221; bg_repeat=&#8221;no-repeat&#8221; bg_stretch=&#8221;true&#8221; video_color_mask=&#8221;#000000&#8243; video_opacity=&#8221;0.4&#8243; min_height=&#8221;250&#8243; sidebar=&#8221;sidebar-1&#8243;][vc_column][mk_fancy_title size=&#8221;50&#8243; font_weight=&#8221;bold&#8221; margin_top=&#8221;75&#8243; margin_bottom=&#8221;0&#8243; font_family=&#8221;none&#8221;]Cours de voile pour adultes au YCB Introduction aux quillards[\/mk_fancy_title][\/vc_column][\/mk_page_section][vc_row][vc_column width=&#8221;3\/4&#8243;][mk_padding_divider size=&#8221;25&#8243;][vc_column_text css=&#8221;.vc_custom_1736287131688{margin-bottom: 0px !important;}&#8221;]Cours d&#8217;initiation au KEELBOATS pour adultes au BYC Un des brevets de base du programme de formation de croisi\u00e8re et quillard de Voile Canada, ce brevet [&hellip;]<\/p>\n","protected":false},"author":23,"featured_media":0,"parent":6381,"menu_order":0,"comment_status":"closed","ping_status":"closed","template":"","meta":{"footnotes":""},"class_list":["post-9842","page","type-page","status-publish","hentry"],"yoast_head":"<!-- This site is optimized with the Yoast SEO plugin v27.2 - https:\/\/yoast.com\/product\/yoast-seo-wordpress\/ -->\n<title>INTRODUCTION AU QUILLARD | Yacht Club de Beaconsfield Yacht Club<\/title>\n<meta name=\"robots\" content=\"index, follow, max-snippet:-1, max-image-preview:large, max-video-preview:-1\" \/>\n<link rel=\"canonical\" href=\"https:\/\/byc.qc.ca\/fr\/voile\/ecole-de-voile\/introduction-au-quillard\/\" \/>\n<meta property=\"og:locale\" content=\"fr_FR\" \/>\n<meta property=\"og:type\" content=\"article\" \/>\n<meta property=\"og:title\" content=\"INTRODUCTION AU QUILLARD | Yacht Club de Beaconsfield Yacht Club\" \/>\n<meta property=\"og:description\" content=\"[mk_page_section bg_image=&#8221;https:\/\/byc.qc.ca\/wp-content\/uploads\/2022\/03\/byc-harbor-summer-1600&#215;250-1.jpg&#8221; attachment=&#8221;fixed&#8221; bg_position=&#8221;center bottom&#8221; bg_repeat=&#8221;no-repeat&#8221; bg_stretch=&#8221;true&#8221; video_color_mask=&#8221;#000000&#8243; video_opacity=&#8221;0.4&#8243; min_height=&#8221;250&#8243; sidebar=&#8221;sidebar-1&#8243;][vc_column][mk_fancy_title size=&#8221;50&#8243; font_weight=&#8221;bold&#8221; margin_top=&#8221;75&#8243; margin_bottom=&#8221;0&#8243; font_family=&#8221;none&#8221;]Cours de voile pour adultes au YCB Introduction aux quillards[\/mk_fancy_title][\/vc_column][\/mk_page_section][vc_row][vc_column width=&#8221;3\/4&#8243;][mk_padding_divider size=&#8221;25&#8243;][vc_column_text css=&#8221;.vc_custom_1736287131688{margin-bottom: 0px !important;}&#8221;]Cours d&#8217;initiation au KEELBOATS pour adultes au BYC Un des brevets de base du programme de formation de croisi\u00e8re et quillard de Voile Canada, ce brevet [&hellip;]\" \/>\n<meta property=\"og:url\" content=\"https:\/\/byc.qc.ca\/fr\/voile\/ecole-de-voile\/introduction-au-quillard\/\" \/>\n<meta property=\"og:site_name\" content=\"Yacht Club de Beaconsfield Yacht Club\" \/>\n<meta property=\"article:modified_time\" content=\"2025-01-07T22:00:14+00:00\" \/>\n<meta name=\"twitter:card\" content=\"summary_large_image\" \/>\n<meta name=\"twitter:label1\" content=\"Dur\u00e9e de lecture estim\u00e9e\" \/>\n\t<meta name=\"twitter:data1\" content=\"2 minutes\" \/>\n<script type=\"application\/ld+json\" class=\"yoast-schema-graph\">{\"@context\":\"https:\/\/schema.org\",\"@graph\":[{\"@type\":\"WebPage\",\"@id\":\"https:\/\/byc.qc.ca\/fr\/voile\/ecole-de-voile\/introduction-au-quillard\/\",\"url\":\"https:\/\/byc.qc.ca\/fr\/voile\/ecole-de-voile\/introduction-au-quillard\/\",\"name\":\"INTRODUCTION AU QUILLARD | Yacht Club de Beaconsfield Yacht Club\",\"isPartOf\":{\"@id\":\"https:\/\/byc.qc.ca\/#website\"},\"datePublished\":\"2024-05-28T12:43:36+00:00\",\"dateModified\":\"2025-01-07T22:00:14+00:00\",\"breadcrumb\":{\"@id\":\"https:\/\/byc.qc.ca\/fr\/voile\/ecole-de-voile\/introduction-au-quillard\/#breadcrumb\"},\"inLanguage\":\"fr-FR\",\"potentialAction\":[{\"@type\":\"ReadAction\",\"target\":[\"https:\/\/byc.qc.ca\/fr\/voile\/ecole-de-voile\/introduction-au-quillard\/\"]}]},{\"@type\":\"BreadcrumbList\",\"@id\":\"https:\/\/byc.qc.ca\/fr\/voile\/ecole-de-voile\/introduction-au-quillard\/#breadcrumb\",\"itemListElement\":[{\"@type\":\"ListItem\",\"position\":1,\"name\":\"Home\",\"item\":\"https:\/\/byc.qc.ca\/fr\/\"},{\"@type\":\"ListItem\",\"position\":2,\"name\":\"Voile\",\"item\":\"https:\/\/byc.qc.ca\/fr\/voile\/\"},{\"@type\":\"ListItem\",\"position\":3,\"name\":\"\u00c9cole de voile\",\"item\":\"https:\/\/byc.qc.ca\/fr\/voile\/ecole-de-voile\/\"},{\"@type\":\"ListItem\",\"position\":4,\"name\":\"INTRODUCTION AU QUILLARD\"}]},{\"@type\":\"WebSite\",\"@id\":\"https:\/\/byc.qc.ca\/#website\",\"url\":\"https:\/\/byc.qc.ca\/\",\"name\":\"Yacht Club de Beaconsfield Yacht Club\",\"description\":\"Beaconsfield Yacht Club - Sailing on Lake St. Louis\",\"publisher\":{\"@id\":\"https:\/\/byc.qc.ca\/#organization\"},\"potentialAction\":[{\"@type\":\"SearchAction\",\"target\":{\"@type\":\"EntryPoint\",\"urlTemplate\":\"https:\/\/byc.qc.ca\/?s={search_term_string}\"},\"query-input\":{\"@type\":\"PropertyValueSpecification\",\"valueRequired\":true,\"valueName\":\"search_term_string\"}}],\"inLanguage\":\"fr-FR\"},{\"@type\":\"Organization\",\"@id\":\"https:\/\/byc.qc.ca\/#organization\",\"name\":\"Beaconsfield Yacht Club\",\"url\":\"https:\/\/byc.qc.ca\/\",\"logo\":{\"@type\":\"ImageObject\",\"inLanguage\":\"fr-FR\",\"@id\":\"https:\/\/byc.qc.ca\/#\/schema\/logo\/image\/\",\"url\":\"https:\/\/byc.qc.ca\/wp-content\/uploads\/2022\/02\/logo-byc-300x194-1.jpg\",\"contentUrl\":\"https:\/\/byc.qc.ca\/wp-content\/uploads\/2022\/02\/logo-byc-300x194-1.jpg\",\"width\":300,\"height\":194,\"caption\":\"Beaconsfield Yacht Club\"},\"image\":{\"@id\":\"https:\/\/byc.qc.ca\/#\/schema\/logo\/image\/\"}}]}<\/script>\n<!-- \/ Yoast SEO plugin. -->","yoast_head_json":{"title":"INTRODUCTION AU QUILLARD | Yacht Club de Beaconsfield Yacht Club","robots":{"index":"index","follow":"follow","max-snippet":"max-snippet:-1","max-image-preview":"max-image-preview:large","max-video-preview":"max-video-preview:-1"},"canonical":"https:\/\/byc.qc.ca\/fr\/voile\/ecole-de-voile\/introduction-au-quillard\/","og_locale":"fr_FR","og_type":"article","og_title":"INTRODUCTION AU QUILLARD | Yacht Club de Beaconsfield Yacht Club","og_description":"[mk_page_section bg_image=&#8221;https:\/\/byc.qc.ca\/wp-content\/uploads\/2022\/03\/byc-harbor-summer-1600&#215;250-1.jpg&#8221; attachment=&#8221;fixed&#8221; bg_position=&#8221;center bottom&#8221; bg_repeat=&#8221;no-repeat&#8221; bg_stretch=&#8221;true&#8221; video_color_mask=&#8221;#000000&#8243; video_opacity=&#8221;0.4&#8243; min_height=&#8221;250&#8243; sidebar=&#8221;sidebar-1&#8243;][vc_column][mk_fancy_title size=&#8221;50&#8243; font_weight=&#8221;bold&#8221; margin_top=&#8221;75&#8243; margin_bottom=&#8221;0&#8243; font_family=&#8221;none&#8221;]Cours de voile pour adultes au YCB Introduction aux quillards[\/mk_fancy_title][\/vc_column][\/mk_page_section][vc_row][vc_column width=&#8221;3\/4&#8243;][mk_padding_divider size=&#8221;25&#8243;][vc_column_text css=&#8221;.vc_custom_1736287131688{margin-bottom: 0px !important;}&#8221;]Cours d&#8217;initiation au KEELBOATS pour adultes au BYC Un des brevets de base du programme de formation de croisi\u00e8re et quillard de Voile Canada, ce brevet [&hellip;]","og_url":"https:\/\/byc.qc.ca\/fr\/voile\/ecole-de-voile\/introduction-au-quillard\/","og_site_name":"Yacht Club de Beaconsfield Yacht Club","article_modified_time":"2025-01-07T22:00:14+00:00","twitter_card":"summary_large_image","twitter_misc":{"Dur\u00e9e de lecture estim\u00e9e":"2 minutes"},"schema":{"@context":"https:\/\/schema.org","@graph":[{"@type":"WebPage","@id":"https:\/\/byc.qc.ca\/fr\/voile\/ecole-de-voile\/introduction-au-quillard\/","url":"https:\/\/byc.qc.ca\/fr\/voile\/ecole-de-voile\/introduction-au-quillard\/","name":"INTRODUCTION AU QUILLARD | Yacht Club de Beaconsfield Yacht Club","isPartOf":{"@id":"https:\/\/byc.qc.ca\/#website"},"datePublished":"2024-05-28T12:43:36+00:00","dateModified":"2025-01-07T22:00:14+00:00","breadcrumb":{"@id":"https:\/\/byc.qc.ca\/fr\/voile\/ecole-de-voile\/introduction-au-quillard\/#breadcrumb"},"inLanguage":"fr-FR","potentialAction":[{"@type":"ReadAction","target":["https:\/\/byc.qc.ca\/fr\/voile\/ecole-de-voile\/introduction-au-quillard\/"]}]},{"@type":"BreadcrumbList","@id":"https:\/\/byc.qc.ca\/fr\/voile\/ecole-de-voile\/introduction-au-quillard\/#breadcrumb","itemListElement":[{"@type":"ListItem","position":1,"name":"Home","item":"https:\/\/byc.qc.ca\/fr\/"},{"@type":"ListItem","position":2,"name":"Voile","item":"https:\/\/byc.qc.ca\/fr\/voile\/"},{"@type":"ListItem","position":3,"name":"\u00c9cole de voile","item":"https:\/\/byc.qc.ca\/fr\/voile\/ecole-de-voile\/"},{"@type":"ListItem","position":4,"name":"INTRODUCTION AU QUILLARD"}]},{"@type":"WebSite","@id":"https:\/\/byc.qc.ca\/#website","url":"https:\/\/byc.qc.ca\/","name":"Yacht Club de Beaconsfield Yacht Club","description":"Beaconsfield Yacht Club - Sailing on Lake St. Louis","publisher":{"@id":"https:\/\/byc.qc.ca\/#organization"},"potentialAction":[{"@type":"SearchAction","target":{"@type":"EntryPoint","urlTemplate":"https:\/\/byc.qc.ca\/?s={search_term_string}"},"query-input":{"@type":"PropertyValueSpecification","valueRequired":true,"valueName":"search_term_string"}}],"inLanguage":"fr-FR"},{"@type":"Organization","@id":"https:\/\/byc.qc.ca\/#organization","name":"Beaconsfield Yacht Club","url":"https:\/\/byc.qc.ca\/","logo":{"@type":"ImageObject","inLanguage":"fr-FR","@id":"https:\/\/byc.qc.ca\/#\/schema\/logo\/image\/","url":"https:\/\/byc.qc.ca\/wp-content\/uploads\/2022\/02\/logo-byc-300x194-1.jpg","contentUrl":"https:\/\/byc.qc.ca\/wp-content\/uploads\/2022\/02\/logo-byc-300x194-1.jpg","width":300,"height":194,"caption":"Beaconsfield Yacht Club"},"image":{"@id":"https:\/\/byc.qc.ca\/#\/schema\/logo\/image\/"}}]}},"_links":{"self":[{"href":"https:\/\/byc.qc.ca\/fr\/wp-json\/wp\/v2\/pages\/9842","targetHints":{"allow":["GET"]}}],"collection":[{"href":"https:\/\/byc.qc.ca\/fr\/wp-json\/wp\/v2\/pages"}],"about":[{"href":"https:\/\/byc.qc.ca\/fr\/wp-json\/wp\/v2\/types\/page"}],"author":[{"embeddable":true,"href":"https:\/\/byc.qc.ca\/fr\/wp-json\/wp\/v2\/users\/23"}],"replies":[{"embeddable":true,"href":"https:\/\/byc.qc.ca\/fr\/wp-json\/wp\/v2\/comments?post=9842"}],"version-history":[{"count":12,"href":"https:\/\/byc.qc.ca\/fr\/wp-json\/wp\/v2\/pages\/9842\/revisions"}],"predecessor-version":[{"id":10511,"href":"https:\/\/byc.qc.ca\/fr\/wp-json\/wp\/v2\/pages\/9842\/revisions\/10511"}],"up":[{"embeddable":true,"href":"https:\/\/byc.qc.ca\/fr\/wp-json\/wp\/v2\/pages\/6381"}],"wp:attachment":[{"href":"https:\/\/byc.qc.ca\/fr\/wp-json\/wp\/v2\/media?parent=9842"}],"curies":[{"name":"wp","href":"https:\/\/api.w.org\/{rel}","templated":true}]}}